{"id":377,"date":"2023-09-06T16:20:15","date_gmt":"2023-09-06T14:20:15","guid":{"rendered":"https:\/\/nutricionsexualforte.com\/?page_id=377"},"modified":"2023-09-06T16:23:04","modified_gmt":"2023-09-06T14:23:04","slug":"quienes-somos","status":"publish","type":"page","link":"https:\/\/nutricionsexualforte.com\/index.php\/quienes-somos\/","title":{"rendered":"\u00bfQui\u00e9nes Somos?"},"content":{"rendered":"\t\t<div data-elementor-type=\"wp-page\" data-elementor-id=\"377\" class=\"elementor elementor-377\" data-elementor-post-type=\"page\">\n\t\t\t\t\t\t\t\t\t<section class=\"elementor-section elementor-top-section elementor-element elementor-element-3909c00 elementor-section-boxed elementor-section-height-default elementor-section-height-default\" data-id=\"3909c00\" data-element_type=\"section\">\n\t\t\t\t\t\t<div class=\"elementor-container elementor-column-gap-default\">\n\t\t\t\t\t<div class=\"elementor-column elementor-col-100 elementor-top-column elementor-element elementor-element-612fc10\" data-id=\"612fc10\" data-element_type=\"column\">\n\t\t\t<div class=\"elementor-widget-wrap elementor-element-populated\">\n\t\t\t\t\t\t\t\t<div class=\"elementor-element elementor-element-7c60a5c elementor-widget elementor-widget-text-editor\" data-id=\"7c60a5c\" data-element_type=\"widget\" data-widget_type=\"text-editor.default\">\n\t\t\t\t<div class=\"elementor-widget-container\">\n\t\t\t<style>\/*! elementor - v3.17.0 - 01-11-2023 *\/\n.elementor-widget-text-editor.elementor-drop-cap-view-stacked .elementor-drop-cap{background-color:#69727d;color:#fff}.elementor-widget-text-editor.elementor-drop-cap-view-framed .elementor-drop-cap{color:#69727d;border:3px solid;background-color:transparent}.elementor-widget-text-editor:not(.elementor-drop-cap-view-default) .elementor-drop-cap{margin-top:8px}.elementor-widget-text-editor:not(.elementor-drop-cap-view-default) .elementor-drop-cap-letter{width:1em;height:1em}.elementor-widget-text-editor .elementor-drop-cap{float:left;text-align:center;line-height:1;font-size:50px}.elementor-widget-text-editor .elementor-drop-cap-letter{display:inline-block}<\/style>\t\t\t\t<p>Nutricion Sexual Forte es un proveedor del cuidado de la salud sexual. Sabemos que a veces realizar la visita a su doctor o al farmac\u00e9utico puede ser molesto y embarazoso, y nosotros no queremos detenerle en la b\u00fasqueda de la mejor soluci\u00f3n a su problema y pasar as\u00ed a ayudarle.<\/p><p><strong>Nuestros tratamientos<\/strong><\/p><p>Nos aseguramos de que nuestros clientes reciben el mejor consejo y la mejor informaci\u00f3n a cerca de todos nuestros productos para que puedan sacarles el mejor resultado y puedan solucionar sus problemas de la mejor manera. Adem\u00e1s disponemos de una relaci\u00f3n realmente cercana con nuestros proveedores para asegurarles a nuestros clientes el mejor producto, con la mayor eficaz y el m\u00e1s seguro del mercado.<\/p><p><strong>Nuestros servicios<\/strong><\/p><p>Nuestro equipo de atenci\u00f3n al cliente est\u00e1 dispuesto a ayudarle en todas sus consultas y ayudarle a escoger el mejor tratamiento para su problema. Si usted tiene cualquier consulta, no importa si se trata de una consulta importante o no, nuestro equipo de atenci\u00f3n al cliente est\u00e1 dispuesto a contest\u00e1rsela tanto por tel\u00e9fono como mediante un correo electr\u00f3nico. Adem\u00e1s ofrecemos entregas al d\u00eda siguiente mediante la empresa de reparto internacional UPS, o en casos especiales en los que la entrega no puede hacerse en 24 horas enviamos nuestros productos mediante Correos. Todos los env\u00edos son confidenciales y en los paquetes enviados no aparece ni el nombre del tratamiento comprado ni el nombre de la p\u00e1gina web con lo que recibir\u00e1 su producto de manera confidencial y discreta.<\/p>\t\t\t\t\t\t<\/div>\n\t\t\t\t<\/div>\n\t\t\t\t\t<\/div>\n\t\t<\/div>\n\t\t\t\t\t\t\t<\/div>\n\t\t<\/section>\n\t\t\t\t\t\t\t<\/div>\n\t\t","protected":false},"excerpt":{"rendered":"<p>Nutricion Sexual Forte es un proveedor del cuidado de la salud sexual. Sabemos que a veces realizar la visita a su doctor o al farmac\u00e9utico puede ser molesto y embarazoso, y nosotros no queremos detenerle en la b\u00fasqueda de la mejor soluci\u00f3n a su problema y pasar as\u00ed a ayudarle. Nuestros tratamientos Nos aseguramos de [&hellip;]<\/p>\n","protected":false},"author":1,"featured_media":0,"parent":0,"menu_order":0,"comment_status":"closed","ping_status":"closed","template":"","meta":{"footnotes":""},"_links":{"self":[{"href":"https:\/\/nutricionsexualforte.com\/index.php\/wp-json\/wp\/v2\/pages\/377"}],"collection":[{"href":"https:\/\/nutricionsexualforte.com\/index.php\/wp-json\/wp\/v2\/pages"}],"about":[{"href":"https:\/\/nutricionsexualforte.com\/index.php\/wp-json\/wp\/v2\/types\/page"}],"author":[{"embeddable":true,"href":"https:\/\/nutricionsexualforte.com\/index.php\/wp-json\/wp\/v2\/users\/1"}],"replies":[{"embeddable":true,"href":"https:\/\/nutricionsexualforte.com\/index.php\/wp-json\/wp\/v2\/comments?post=377"}],"version-history":[{"count":4,"href":"https:\/\/nutricionsexualforte.com\/index.php\/wp-json\/wp\/v2\/pages\/377\/revisions"}],"predecessor-version":[{"id":381,"href":"https:\/\/nutricionsexualforte.com\/index.php\/wp-json\/wp\/v2\/pages\/377\/revisions\/381"}],"wp:attachment":[{"href":"https:\/\/nutricionsexualforte.com\/index.php\/wp-json\/wp\/v2\/media?parent=377"}],"curies":[{"name":"wp","href":"https:\/\/api.w.org\/{rel}","templated":true}]}}