{"id":750,"date":"2023-09-09T22:56:38","date_gmt":"2023-09-09T20:56:38","guid":{"rendered":"https:\/\/nutricionsexualforte.com\/?page_id=750"},"modified":"2023-09-09T23:12:06","modified_gmt":"2023-09-09T21:12:06","slug":"envios","status":"publish","type":"page","link":"https:\/\/nutricionsexualforte.com\/index.php\/envios\/","title":{"rendered":"Env\u00edos"},"content":{"rendered":"\t\t<div data-elementor-type=\"wp-page\" data-elementor-id=\"750\" class=\"elementor elementor-750\" data-elementor-post-type=\"page\">\n\t\t\t\t\t\t\t\t\t<section class=\"elementor-section elementor-top-section elementor-element elementor-element-304b225 elementor-section-boxed elementor-section-height-default elementor-section-height-default\" data-id=\"304b225\" data-element_type=\"section\">\n\t\t\t\t\t\t<div class=\"elementor-container elementor-column-gap-default\">\n\t\t\t\t\t<div class=\"elementor-column elementor-col-100 elementor-top-column elementor-element elementor-element-f48fbbb\" data-id=\"f48fbbb\" data-element_type=\"column\">\n\t\t\t<div class=\"elementor-widget-wrap elementor-element-populated\">\n\t\t\t\t\t\t\t\t<div class=\"elementor-element elementor-element-2ddeb7d elementor-widget elementor-widget-text-editor\" data-id=\"2ddeb7d\" data-element_type=\"widget\" data-widget_type=\"text-editor.default\">\n\t\t\t\t<div class=\"elementor-widget-container\">\n\t\t\t<style>\/*! elementor - v3.17.0 - 01-11-2023 *\/\n.elementor-widget-text-editor.elementor-drop-cap-view-stacked .elementor-drop-cap{background-color:#69727d;color:#fff}.elementor-widget-text-editor.elementor-drop-cap-view-framed .elementor-drop-cap{color:#69727d;border:3px solid;background-color:transparent}.elementor-widget-text-editor:not(.elementor-drop-cap-view-default) .elementor-drop-cap{margin-top:8px}.elementor-widget-text-editor:not(.elementor-drop-cap-view-default) .elementor-drop-cap-letter{width:1em;height:1em}.elementor-widget-text-editor .elementor-drop-cap{float:left;text-align:center;line-height:1;font-size:50px}.elementor-widget-text-editor .elementor-drop-cap-letter{display:inline-block}<\/style>\t\t\t\t<p>\u00a1EL ENV\u00cdO ES GRATIS EN COMPRAS MAYORES A S\/. 150!<\/p>\n<p>La integridad del producto, la exactitud en el pedido y la rapidez en la entrega, son los puntos clave de nuestro \u00e9xito; por ello hemos seleccionado cuidadosamente las empresas a la cual confiamos nuestros env\u00edos.<\/p>\n<p>Nuestros proveedores nos permiten brindar a nuestros clientes la tranquilidad y garant\u00eda de que su compra estar\u00e1 en buenas manos hasta el momento de su entrega final.<\/p>\n<p>Para saber en qu\u00e9 lugar est\u00e1 tu env\u00edo, desde que sale de nuestras bodegas hasta que llega a tus manos. S\u00f3lo necesitas el c\u00f3digo de envi\u00f3 que te proporcionamos al tramitar tu pedido v\u00eda Email. O llamada telef\u00f3nica Recuerda que nos puedes llamar al 931565657 para revisar y asegurar que te lleguen todas nuestras comunicaciones.<\/p>\n<p>Nuestros tiempos de entrega al Interior del pa\u00eds son de 2 a 4 d\u00edas h\u00e1biles o&nbsp;bien, contamos tambi\u00e9n con env\u00edos express de 1 a 2 d\u00edas h\u00e1biles, con un costo de 20 soles. Los tiempos para zonas extendidas pueden variar dependiendo de la accesibilidad a la locaci\u00f3n de entrega. Si te encuentras en una zona extendida, los tiempos de entrega express est\u00e1n sujetos a las disponibilidades de las paqueter\u00edas.<\/p>\n<p>Si tu compra es inferior a S\/. 150, se deber\u00e1 de cubrir el costo de env\u00edo.<\/p>\n<p>Nuestros env\u00edos se hacen con nuestros aliados comerciales por v\u00eda terrestre o a\u00e9rea.<\/p>\n<p>Si prefieres que tu compra se entregue en alguna otra direcci\u00f3n que no sea tu domicilio, o para poder recibirla en un horario espec\u00edfico, puedes solicitar que se realice una entrega personalizada. Previa comunicaci\u00f3n al telf. 931565657 o en todo caso te bridaremos la informaci\u00f3n de tu sucursal autorizada para que puedas retirar tu paqueter\u00eda.<\/p>\n<p>Atentamente <a href=\"https:\/\/nutricionsexualforte.com\">www.nutricionsexualforte.com<\/a><\/p>\t\t\t\t\t\t<\/div>\n\t\t\t\t<\/div>\n\t\t\t\t\t<\/div>\n\t\t<\/div>\n\t\t\t\t\t\t\t<\/div>\n\t\t<\/section>\n\t\t\t\t\t\t\t<\/div>\n\t\t","protected":false},"excerpt":{"rendered":"<p>\u00a1EL ENV\u00cdO ES GRATIS EN COMPRAS MAYORES A S\/. 150! La integridad del producto, la exactitud en el pedido y la rapidez en la entrega, son los puntos clave de nuestro \u00e9xito; por ello hemos seleccionado cuidadosamente las empresas a la cual confiamos nuestros env\u00edos. Nuestros proveedores nos permiten brindar a nuestros clientes la tranquilidad [&hellip;]<\/p>\n","protected":false},"author":1,"featured_media":0,"parent":0,"menu_order":0,"comment_status":"closed","ping_status":"closed","template":"","meta":{"footnotes":""},"_links":{"self":[{"href":"https:\/\/nutricionsexualforte.com\/index.php\/wp-json\/wp\/v2\/pages\/750"}],"collection":[{"href":"https:\/\/nutricionsexualforte.com\/index.php\/wp-json\/wp\/v2\/pages"}],"about":[{"href":"https:\/\/nutricionsexualforte.com\/index.php\/wp-json\/wp\/v2\/types\/page"}],"author":[{"embeddable":true,"href":"https:\/\/nutricionsexualforte.com\/index.php\/wp-json\/wp\/v2\/users\/1"}],"replies":[{"embeddable":true,"href":"https:\/\/nutricionsexualforte.com\/index.php\/wp-json\/wp\/v2\/comments?post=750"}],"version-history":[{"count":8,"href":"https:\/\/nutricionsexualforte.com\/index.php\/wp-json\/wp\/v2\/pages\/750\/revisions"}],"predecessor-version":[{"id":759,"href":"https:\/\/nutricionsexualforte.com\/index.php\/wp-json\/wp\/v2\/pages\/750\/revisions\/759"}],"wp:attachment":[{"href":"https:\/\/nutricionsexualforte.com\/index.php\/wp-json\/wp\/v2\/media?parent=750"}],"curies":[{"name":"wp","href":"https:\/\/api.w.org\/{rel}","templated":true}]}}