{"id":1000,"date":"2023-11-16T18:53:28","date_gmt":"2023-11-16T17:53:28","guid":{"rendered":"https:\/\/nutricionsexualforte.com\/?post_type=product&#038;p=1000"},"modified":"2026-02-11T05:06:20","modified_gmt":"2026-02-11T04:06:20","slug":"tongkat-ali-1200-mg-120-capsulas-suplemento-extreme","status":"publish","type":"product","link":"https:\/\/nutricionsexualforte.com\/index.php\/producto\/tongkat-ali-1200-mg-120-capsulas-suplemento-extreme\/","title":{"rendered":"Tongkat Ali 1200 mg 120 C\u00e1psulas Suplemento Extreme"},"content":{"rendered":"<p>\u00bfQu\u00e9 es Tongkat Ali?<\/p>\n<p>Tongkat Ali Longjack, 1200 mg (por porci\u00f3n), 120 c\u00e1psulas de liberaci\u00f3n r\u00e1pida<\/p>\n<p>y el aumento de la testosterona fortalece la masa muscular, rejuvenece.<\/p>\n<p>Tongkat Ali es el producto que por la capacidad de sus componentes aumenta de tama\u00f1o los cuerpos cavernosos del miembro viril donde Ud. estar\u00e1 ganando un incremento del tama\u00f1o del pene entre 7 cent\u00edmetros de largo por 3 cent\u00edmetros de groso\u00a0 fortaleciendo dr\u00e1sticamente en sus erecciones prolongando la duraci\u00f3n con facilitando repetir el acto las veces que quiera sin complicaciones y libre de efectos secundarios producto recomendado para personas diab\u00e9ticas\u00a0 hipertensas y con problemas de impotencia sexual este famoso producto lo pueden consumir desde los 18 a\u00f1os hasta los 90 a\u00f1os.<\/p>\n<p>Pruebas m\u00e9dicas y varios estudios han demostrado que esta hierba poderosa puede aumentar sustancialmente la producci\u00f3n testosterona en los hombres. para ganar mayor resistencia f\u00edsica y sexual logrando mejores erecciones evita el problema de la eyaculaci\u00f3n precoz e impotencia cumple la funci\u00f3n de desinflamar las v\u00edas urinarias pr\u00f3stata y prostatitis.<\/p>\n<p>La testosterona es la hormona responsable del desarrollo de caracter\u00edsticas sexuales masculinas y mantenimiento de la masa muscular, densidad \u00f3sea y niveles de gl\u00f3bulos rojos. Los niveles de testosterona tienen su pico en la adolescencia y la edad adulta temprana, luego comienza a disminuir con la edad, normalmente a una velocidad de 1-2 % por a\u00f1o despu\u00e9s de los 30 a\u00f1os.<\/p>\n<p>Los niveles de testosterona influyen f\u00edsica y emocionalmente, adem\u00e1s produce un mayor bienestar sexual. Al elevar los niveles de testosterona, Tongkat ali realmente hace a los hombres m\u00e1s j\u00f3venes en ciertos aspectos. Es por eso que esta hierba se utiliza ahora en todo el mundo como un suplemento mejora de sexo masculino.<\/p>\n<p>Mayor rendimiento f\u00edsico y masa muscular<\/p>\n<p>Mayor cantidad de testosterona generalmente tiene un efecto favorable en la actitud y el rendimiento Aquellos que deseen construir m\u00fasculo r\u00e1pidamente, como los culturistas, se pueden beneficiar de los suplementos de Tongkat ali. La revista British Journal of Sports Medicine inform\u00f3 sobre un estudio con esta hierba. Durante un estudio los sujeros se dividieron en dos grupos, a un grupo de hombres se les dio la hierba y a otro grupo un placebo.<\/p>\n<p>Los hombres que tomaron la hierba mostraron un aumento del 5% en la masa muscular en comparaci\u00f3n con ning\u00fan aumento para los hombres que tomaron el placebo. \u00bfLa raz\u00f3n? Un aumento en los niveles de testosterona.<\/p>\n<p>Mayor sensaci\u00f3n de bienestar<\/p>\n<p>Tongkat Ali tiene tambi\u00e9n otras ventajas. El aumento de testosterona que produce esta hierba tambi\u00e9n act\u00faa como una especie de anti-depresivos, lo que aumenta la sensaci\u00f3n de bienestar.<\/p>\n<p>INGREDIENTES:<\/p>\n<p><b>Extracto de ra\u00edz de Tongkat Ali (Eurycima longifolio) (2% Euricomanona por HPTLC) y Excipiente<\/b>.<\/p>\n","protected":false},"excerpt":{"rendered":"<p>SKU: Tongkat Ali 1200mg<\/p>\n<div id=\"featurebullets_feature_div\" class=\"celwidget\" data-feature-name=\"featurebullets\" data-csa-c-type=\"widget\" data-csa-c-content-id=\"featurebullets\" data-csa-c-slot-id=\"featurebullets_feature_div\" data-csa-c-asin=\"B0B7P31WJP\" data-csa-c-is-in-initial-active-row=\"false\" data-csa-c-id=\"c23m4k-2su8lg-rfecu0-k9qmo3\" data-cel-widget=\"featurebullets_feature_div\">\n<div id=\"feature-bullets\" class=\"a-section a-spacing-medium a-spacing-top-small\">\n<ul class=\"a-unordered-list a-vertical a-spacing-mini\">\n<li class=\"a-spacing-mini\"><span class=\"a-list-item\">Contiene el equivalente a 1,200 mg de ra\u00edz de Longjack por porci\u00f3n en c\u00e1psulas diarias<\/span><\/li>\n<li class=\"a-spacing-mini\"><span class=\"a-list-item\">Tambi\u00e9n conocida como &#8220;Tongkat Ali&#8221;, esta hierba ex\u00f3tica es ampliamente venerada por la nutrici\u00f3n de los hombres<\/span><\/li>\n<li class=\"a-spacing-mini\"><span class=\"a-list-item\">\u00a1Dedicado a la pureza, la potencia y la seguridad!<\/span><\/li>\n<li class=\"a-spacing-mini\"><span class=\"a-list-item\">Sin OMG y sin gluten<\/span><\/li>\n<li class=\"a-spacing-mini\"><span class=\"a-list-item\">Dise\u00f1ado para apoyar tus objetivos de estilo de vida saludable<\/span><\/li>\n<\/ul>\n<\/div>\n<\/div>\n<div id=\"provenanceCertifications_feature_div\" class=\"celwidget\" data-feature-name=\"provenanceCertifications\" data-csa-c-type=\"widget\" data-csa-c-content-id=\"provenanceCertifications\" data-csa-c-slot-id=\"provenanceCertifications_feature_div\" data-csa-c-asin=\"B0B7P31WJP\" data-csa-c-is-in-initial-active-row=\"false\" data-csa-c-id=\"amizvh-6p44i-5xv1wm-9tug0k\" data-cel-widget=\"provenanceCertifications_feature_div\">\n<div id=\"provenance-certifications\" class=\"a-section a-spacing-medium a-spacing-top-micro\"><\/div>\n<\/div>\n<p>&nbsp;<\/p>\n","protected":false},"featured_media":1003,"comment_status":"open","ping_status":"closed","template":"","meta":[],"product_cat":[20,18,22,19],"product_tag":[],"_links":{"self":[{"href":"https:\/\/nutricionsexualforte.com\/index.php\/wp-json\/wp\/v2\/product\/1000"}],"collection":[{"href":"https:\/\/nutricionsexualforte.com\/index.php\/wp-json\/wp\/v2\/product"}],"about":[{"href":"https:\/\/nutricionsexualforte.com\/index.php\/wp-json\/wp\/v2\/types\/product"}],"replies":[{"embeddable":true,"href":"https:\/\/nutricionsexualforte.com\/index.php\/wp-json\/wp\/v2\/comments?post=1000"}],"wp:featuredmedia":[{"embeddable":true,"href":"https:\/\/nutricionsexualforte.com\/index.php\/wp-json\/wp\/v2\/media\/1003"}],"wp:attachment":[{"href":"https:\/\/nutricionsexualforte.com\/index.php\/wp-json\/wp\/v2\/media?parent=1000"}],"wp:term":[{"taxonomy":"product_cat","embeddable":true,"href":"https:\/\/nutricionsexualforte.com\/index.php\/wp-json\/wp\/v2\/product_cat?post=1000"},{"taxonomy":"product_tag","embeddable":true,"href":"https:\/\/nutricionsexualforte.com\/index.php\/wp-json\/wp\/v2\/product_tag?post=1000"}],"curies":[{"name":"wp","href":"https:\/\/api.w.org\/{rel}","templated":true}]}}