{"id":1031,"date":"2023-11-18T17:15:29","date_gmt":"2023-11-18T16:15:29","guid":{"rendered":"https:\/\/nutricionsexualforte.com\/?post_type=product&#038;p=1031"},"modified":"2024-05-12T06:04:47","modified_gmt":"2024-05-12T04:04:47","slug":"bio-prost-20-pastillas","status":"publish","type":"product","link":"https:\/\/nutricionsexualforte.com\/index.php\/producto\/bio-prost-20-pastillas\/","title":{"rendered":"Bio Prost 20 Pastillas"},"content":{"rendered":"<div id=\"shopify-section-template--14524995698747__1644842859c6caa1d3\" class=\"shopify-section index-section\">\n<div class=\"container-indent nomargin\">\n<div class=\"container\">\n<div class=\"product-first-description\">\n<div class=\"product-fd-title\"><\/div>\n<div class=\"product-fd-item01\">\n<div id=\"shopify-section-template--14524995698747__1644842859c6caa1d3\" class=\"shopify-section index-section\">\n<div class=\"container-indent nomargin\">\n<div class=\"container\">\n<div class=\"product-first-description\">\n<div class=\"product-fd-item01\">\n<p>BIOPROST es un suplemento 100% natural, no contiene ning\u00fan componente qu\u00edmico. Por lo tanto no produce alergia, no tiene ninguna contraindicaci\u00f3n y tampoco provoca efectos secundarios en el organismo. Si usted estuviera sufriendo de alg\u00fan trastorno urinario, prost\u00e1tico,\u00a0 eyaculaci\u00f3n precoz, impotencia sexual. Bioprost es el tratamiento ideal para la soluci\u00f3n, a todos estos problemas que aquejan a miles de hombres en el mundo. Bioprost\u00a0 adicionalmente, rejuvenece y fortalece la masa muscular. Bioprost, ayuda a aumentar la testosterona este famoso producto mejora en el \u00e1mbito f\u00edsico y sexual brindando un incremento de tama\u00f1o en el miembro viril entre 6 cent\u00edmetros de largo y 3 cent\u00edmetros de grosor producto exclusivamente dise\u00f1ado para hombres de todas las edades sin producir efectos colaterales.<\/p>\n<p>\u2705 Se restaura la potencia sexual y se aumenta la duraci\u00f3n de las relaciones sexuales.<\/p>\n<p>\u2705 Fortalece la inmunidad y aumenta la resistencia del cuerpo al estr\u00e9s, mejora el bienestar general y se previene la patolog\u00eda del desarrollo de la enfermedad.<\/p>\n<p>\u2705 Normaliza la micci\u00f3n y la micro circulaci\u00f3n de sangre en la pr\u00f3stata, se regula la producci\u00f3n de testosterona y se previene la eyaculaci\u00f3n precoz.<\/p>\n<\/div>\n<div class=\"product-fd-item02\">\n<p>\u2705 La necesidad de ir al ba\u00f1o disminuye, los dolores al orinar desaparecen, la circulaci\u00f3n sangu\u00ednea mejora y la inflamaci\u00f3n disminuye.<\/p>\n<p>\u2705 Tiene un efecto positivo sobre el libido, se restaura la potencia sexual, por lo que la duracion de las relaciones sexuales aumentara notablemente.<\/p>\n<p>\u2705 Asegura la restauraci\u00f3n de la funci\u00f3n de la pr\u00f3stata y el adenoma de pr\u00f3stata.<\/p>\n<p>Los beneficios de la composici\u00f3n se pueden enumerar infinitamente, ya que el suplemento contiene muchos elementos que restauran y mejoran la salud del hombre. Por ello recomendamos a nuestros clientes llevar el tratamiento con Bioprost para que puedan observar como la salud va mejorando d\u00eda a d\u00eda, desaparecen los s\u00edntomas desagradables y elimina los problemas del sistema sexual.<\/p>\n<\/div>\n<\/div>\n<\/div>\n<\/div>\n<\/div>\n<div id=\"shopify-section-template--14524995698747__1644843132529d692f\" class=\"shopify-section index-section\">\n<div class=\"container-indent nomargin\">\n<div class=\"container\">\n<div class=\"product-first-description\">\n<div class=\"product-fd-title\">CONTRAINDICACIONES<\/div>\n<div class=\"product-fd-item01\">\n<p>El producto est\u00e1 destinado a personas mayores de 14 a\u00f1os. No se recomienda el producto para ni\u00f1os menores de 4 a\u00f1os.<\/p>\n<p>Todos los componentes del producto son naturales y no son al\u00e9rgenos, no se necesita consejo m\u00e9dico antes de su uso.<\/p>\n<\/div>\n<div class=\"product-fd-item02\">El producto est\u00e1 prohibido para mujeres embarazadas y lactantes, ya que durante este periodo el cuerpo puede dar un reacci\u00f3n negativa a nuevos componentes.<\/div>\n<\/div>\n<\/div>\n<\/div>\n<\/div>\n<div id=\"shopify-section-template--14524995698747__16449361159f4cee8c\" class=\"shopify-section index-section\">\n<div class=\"container-indent nomargin\">\n<div class=\"container\">\n<div class=\"product-first-description\">\n<div class=\"product-fd-title\">COMPONENTES<\/div>\n<div class=\"product-fd-item01\">\n<p><strong>Achiote o Annato (Bixa Orellana)<\/strong>\u00a0&#8211; Es el componente principal del producto es el extracto de achiote, una planta tropical que ayuda a aliviar la inflamaci\u00f3n y restaurar las funciones urogenitales del cuerpo masculino.<\/p>\n<p><strong>U\u00f1a de Gato (Uncaria Tomentosa)\u00a0<\/strong>&#8211; Tiene una acci\u00f3n antioxidante y anti-tumoral, proporcionando una protecci\u00f3n confiable contra la prostatitis y el adenoma de la pr\u00f3stata.<\/p>\n<p><strong>Chanca Piedra (Phyllanthus Niruri)<\/strong>\u00a0&#8211; Conocida por su capacidad excepcional para aflojar cualquier formaci\u00f3n de piedra en el sistema urinario, lo que garantiza la salud no solo de los genitales, sino tambi\u00e9n de los ri\u00f1ones.<\/p>\n<p><strong>Licopeno<\/strong>\u00a0&#8211; Se encuentra en los tomates y otras frutas y verduras de color rojo, estudios realizados revelan que su consumo reduce hasta en 45% las posibilidades de desarrollar cancer de pr\u00f3stata.<\/p>\n<\/div>\n<div class=\"product-fd-item02\">\n<p><strong>Semillas de calabaza<\/strong>\u00a0&#8211; Tiene un efecto beneficioso para la salud de la pr\u00f3stata, es eficaz como tratamiento complementario contra la hiperplasia benigna de pr\u00f3stata.<\/p>\n<p><strong>Cola de caballo\u00a0<\/strong>&#8211; Al ser una planta diur\u00e9tica se utiliza sobre todo en personas con problemas de vejiga y pr\u00f3stata. Es una planta depurativa, por lo que ayuda a bajar la inflamaci\u00f3n de la pr\u00f3stata.<\/p>\n<p><strong>Graviola\u00a0<\/strong>&#8211; Resulta ser un complemento extremadamente eficaz para prevenir el c\u00e1ncer de pr\u00f3stata.<\/p>\n<\/div>\n<\/div>\n<\/div>\n<\/div>\n<\/div>\n<\/div>\n<\/div>\n<\/div>\n<\/div>\n<\/div>\n","protected":false},"excerpt":{"rendered":"<p>SKU: BIO PROST 20<\/p>\n<ul>\n<li>Proporciona alivio del dolor fuerte.<\/li>\n<li>Regulariza la micci\u00f3n.<\/li>\n<li>Incrementa la potencia y rendimiento.<\/li>\n<li>Reduce la inflamaci\u00f3n.<\/li>\n<li>Su f\u00f3rmula es de ingredientes naturales.<\/li>\n<li>\u00a0No provoca dependencia.<\/li>\n<li>Desintoxica los ri\u00f1ones y mejora su funcionamiento.<\/li>\n<li>\u00a0Refuerza el deseo sexual.<\/li>\n<li>\u00a0Combate la prostatitis.<\/li>\n<\/ul>\n<p>&nbsp;<\/p>\n","protected":false},"featured_media":1114,"comment_status":"open","ping_status":"closed","template":"","meta":[],"product_cat":[17,20,18,21,19],"product_tag":[],"_links":{"self":[{"href":"https:\/\/nutricionsexualforte.com\/index.php\/wp-json\/wp\/v2\/product\/1031"}],"collection":[{"href":"https:\/\/nutricionsexualforte.com\/index.php\/wp-json\/wp\/v2\/product"}],"about":[{"href":"https:\/\/nutricionsexualforte.com\/index.php\/wp-json\/wp\/v2\/types\/product"}],"replies":[{"embeddable":true,"href":"https:\/\/nutricionsexualforte.com\/index.php\/wp-json\/wp\/v2\/comments?post=1031"}],"wp:featuredmedia":[{"embeddable":true,"href":"https:\/\/nutricionsexualforte.com\/index.php\/wp-json\/wp\/v2\/media\/1114"}],"wp:attachment":[{"href":"https:\/\/nutricionsexualforte.com\/index.php\/wp-json\/wp\/v2\/media?parent=1031"}],"wp:term":[{"taxonomy":"product_cat","embeddable":true,"href":"https:\/\/nutricionsexualforte.com\/index.php\/wp-json\/wp\/v2\/product_cat?post=1031"},{"taxonomy":"product_tag","embeddable":true,"href":"https:\/\/nutricionsexualforte.com\/index.php\/wp-json\/wp\/v2\/product_tag?post=1031"}],"curies":[{"name":"wp","href":"https:\/\/api.w.org\/{rel}","templated":true}]}}