{"id":109,"date":"2023-09-01T18:26:02","date_gmt":"2023-09-01T16:26:02","guid":{"rendered":"https:\/\/nutricionsexualforte.com\/?post_type=product&#038;p=109"},"modified":"2023-09-01T18:26:02","modified_gmt":"2023-09-01T16:26:02","slug":"bathmate-hercules","status":"publish","type":"product","link":"https:\/\/nutricionsexualforte.com\/index.php\/producto\/bathmate-hercules\/","title":{"rendered":"Bathmate Hercules \u2122"},"content":{"rendered":"<h2>\u00bfQu\u00e9 es Bathmate H\u00e9rcules?<\/h2>\n<p>La bomba de vac\u00edo Bathmate usa la fuerza del agua para generar un efecto de vac\u00edo. Introduciendo el pene dentro del aparato al usarlo el agua genera mayor movimiento sangu\u00edneo y permite una mayor atracci\u00f3n de los cuerpos cavernosos del pene y de ese modo se puede conseguir un mayor tama\u00f1o del miembro tanto en grosor como en longitud. diferencia de la mayor parte de alargadores del mercado, el dispositivo Bathmate Hercules est\u00e1 dise\u00f1ado para incrementar el tama\u00f1o de tu pene al tiempo que mejora la potencia de las erecciones. Los consumidores consiguen una mayor duraci\u00f3n en la cama gracias a este alargador de pene. La tasa de \u00e9xito de Bathmate H\u00e9rcules es de un 95% de entre nuestros clientes.<\/p>\n<h2>\u00bfC\u00f3mo funciona Bathmate Hercules?<\/h2>\n<p>Bathmate Hercules es una bomba de vac\u00edo dise\u00f1ada teniendo en cuenta la m\u00e1xima seguridad para su zona \u00edntima. Este dispositivo se debe llenar de agua y ejercer peque\u00f1os empujones durante 15 minutos para conseguir un efecto de vac\u00edo alrededor del pene lo que va a provocar un aumento de la presi\u00f3n.<\/p>\n<p>Para entender como funciona la bomba de vac\u00edo Bathmate Hercules, primero hay que saber que el pene est\u00e1 dividido en por tres c\u00e1maras, dos llamadas cuerpos cavernosos y un m\u00e1s peque\u00f1a conocida como cuerpo esponjoso. Cuando un hombre tiene una erecci\u00f3n, los cuerpos cavernosos se llenan de sangre es por eso que el pene crece debido a la cantidad de sangre que llega al miembro. El nivel m\u00e1ximo de sangre que llega a los vasos sangu\u00edneos del pene depende del tama\u00f1o, es por eso que al someterse a un tratamiento en el cual se consigue desarrollar los cuerpos cavernosos, podr\u00e1 llegar una cantidad m\u00e1s grande de sangre consiguiendo una erecci\u00f3n mayor y un tama\u00f1o m\u00e1s grande.<\/p>\n<p>La bomba de vac\u00edo Bathmate trabaja con su fuerza de vac\u00edo para aumentar la capacidad de los vasos del pene y as\u00ed conseguir estimular la actividad sexual del hombre.<\/p>\n<h2>\u00bfC\u00f3mo se usa la bomba de vac\u00edo Bathmate Hercules?<\/h2>\n<ul class=\"bluetick\">\n<li>Relajarse en una ducha de agua caliente.<\/li>\n<li>Llenar la bomba de agua por completo e introducir el pene hasta que se forme un sello herm\u00e9tico entre la bomba y el cuerpo.<\/li>\n<li>Empezar a presionar de forma repetida y continuada la bomba creando un efecto de vac\u00edo.<\/li>\n<li>Mientras se practica este ejercicio, empezar\u00e1 a salir el agua a trav\u00e9s de la v\u00e1lvula cre\u00e1ndose presi\u00f3n en la bomba.<\/li>\n<li>Bombee hasta crear el m\u00e1ximo vac\u00edo ser\u00e1 cuando notar\u00e1 el crecimiento de su pene.<\/li>\n<li>Recomendamos bombear durante 15 minutos, puede descansar 5 minutos si lo cree conveniente durante la sesi\u00f3n de bombeo.<\/li>\n<li>Si siente mucha presi\u00f3n, deber\u00eda presionar la v\u00e1lvula para reducir la presi\u00f3n.<\/li>\n<li>Una vez haya acabado, liberar totalmente la presi\u00f3n antes de sacar la bomba.<\/li>\n<li>Usar un m\u00e1ximo de 1 vez al d\u00eda o un m\u00ednimo de tres veces a la semana<\/li>\n<\/ul>\n<div align=\"center\"><img decoding=\"async\" loading=\"lazy\" src=\"https:\/\/www.potenciasexualforte.com\/uploads\/images\/sexualidadmasculina-bathmate-infogrpah.jpg\" alt=\"\" width=\"1140\" height=\"796\" \/><\/div>\n<h2>\u00bfCu\u00e1ndo podr\u00e1s ver los resultados<\/h2>\n<p>Con la bomba de vac\u00edo Bathmate Hercules no debe esperar resultados inmediatos, podr\u00e1 empezar a notar un crecimiento a partir de las 6 semanas de uso, en el caso de que se use de forma diaria. Los beneficios \u00f3ptimos los podr\u00e1 experimentar entre 6 y 12 meses de uso de la bomba de vac\u00edo, ser\u00e1 cuento podr\u00e1 apreciar de forma considerable un aumento del pene en longitud y grosor, adem\u00e1s de conseguir unas mejores erecciones.<\/p>\n<h2>\u00bfTiene alg\u00fan efectos secundario el uso de Bathmate Hercules<\/h2>\n<p>Bathmate es un producto f\u00e1cil de usar y elaborado con materiales seguros. Deber\u00e1 seguir las instrucciones de forma rigurosa para evitar posibles da\u00f1os. Si en el proceso de usar la bomba de vac\u00edo nota mucho dolor, recomendamos que la deje de usar y consulte con su m\u00e9dico. No recomendamos el uso de este producto en personas que hayan sufrido alg\u00fan problema u operaci\u00f3n en su pene.<\/p>\n<div align=\"center\"><img decoding=\"async\" loading=\"lazy\" src=\"https:\/\/www.potenciasexualforte.com\/uploads\/images\/shyes-jes-extender-infograph.jpg\" alt=\"\" width=\"891\" height=\"453\" \/><\/div>\n<div align=\"center\"><img decoding=\"async\" loading=\"lazy\" src=\"https:\/\/www.potenciasexualforte.com\/uploads\/images\/Bathmate-Hercules-content.jpg\" alt=\"\" width=\"923\" height=\"804\" \/><\/div>\n<div align=\"center\"><\/div>\n","protected":false},"excerpt":{"rendered":"<p><strong>Bathmate Hercules<\/strong>\u00a0es una bomba de vac\u00edo utilizada para alargar el pene llevando a cabo un simple ejercicio diario. Es un dispositivo que funciona creando una fuerza de vac\u00edo en la zona del miembro con lo cual se consigue atraer una mayor cantidad de sangre y llenar los cuerpos cavernosos del pene para alargar el tama\u00f1o y conseguir unas erecciones m\u00e1s potentes.<\/p>\n<ul class=\"bluetick\">\n<li>Ayuda a aumentar el tama\u00f1o del pene<\/li>\n<li>Estimula el placer sexual y los orgasmos<\/li>\n<li>Ayuda a superar el problema de disfunci\u00f3n er\u00e9ctil<\/li>\n<li>F\u00e1cil y c\u00f3modo de usar<\/li>\n<li>Utiliza la tecnolog\u00eda hidr\u00e1ulica para crear la presi\u00f3n<\/li>\n<li>Puede ser usada por todo el mundo<\/li>\n<li>Patentado por el Doctor James Barada<\/li>\n<li>Utilizar entre 15-20 minutos al d\u00eda<\/li>\n<\/ul>\n<p>Puedes utilizar este revolucionario alargador de pene\u00a0<strong>Bathmate Hercules<\/strong>\u00a0en la discreci\u00f3n de tu ducha diaria durante 15 minutos para obtener los resultados deseados. Tambi\u00e9n se puede utilizar sin agua.<\/p>\n<p>&nbsp;<\/p>\n","protected":false},"featured_media":113,"comment_status":"open","ping_status":"closed","template":"","meta":[],"product_cat":[17],"product_tag":[],"_links":{"self":[{"href":"https:\/\/nutricionsexualforte.com\/index.php\/wp-json\/wp\/v2\/product\/109"}],"collection":[{"href":"https:\/\/nutricionsexualforte.com\/index.php\/wp-json\/wp\/v2\/product"}],"about":[{"href":"https:\/\/nutricionsexualforte.com\/index.php\/wp-json\/wp\/v2\/types\/product"}],"replies":[{"embeddable":true,"href":"https:\/\/nutricionsexualforte.com\/index.php\/wp-json\/wp\/v2\/comments?post=109"}],"wp:featuredmedia":[{"embeddable":true,"href":"https:\/\/nutricionsexualforte.com\/index.php\/wp-json\/wp\/v2\/media\/113"}],"wp:attachment":[{"href":"https:\/\/nutricionsexualforte.com\/index.php\/wp-json\/wp\/v2\/media?parent=109"}],"wp:term":[{"taxonomy":"product_cat","embeddable":true,"href":"https:\/\/nutricionsexualforte.com\/index.php\/wp-json\/wp\/v2\/product_cat?post=109"},{"taxonomy":"product_tag","embeddable":true,"href":"https:\/\/nutricionsexualforte.com\/index.php\/wp-json\/wp\/v2\/product_tag?post=109"}],"curies":[{"name":"wp","href":"https:\/\/api.w.org\/{rel}","templated":true}]}}