{"id":1139,"date":"2025-03-22T00:44:18","date_gmt":"2025-03-21T23:44:18","guid":{"rendered":"https:\/\/nutricionsexualforte.com\/?post_type=product&#038;p=1139"},"modified":"2026-02-11T03:01:29","modified_gmt":"2026-02-11T02:01:29","slug":"shilajit-15000mg","status":"publish","type":"product","link":"https:\/\/nutricionsexualforte.com\/index.php\/producto\/shilajit-15000mg\/","title":{"rendered":"Shilajit 15000mg"},"content":{"rendered":"<div class=\"Y3BBE\" data-sfc-cp=\"\" data-hveid=\"CAEQAA\" data-processed=\"true\">\n<p>El shilajit de 1500mg se utiliza principalmente como un suplemento natural para potenciar la energ\u00eda, la resistencia f\u00edsica y la salud cognitiva.\u00a0Rico en \u00e1cido f\u00falvico y m\u00e1s de 85 minerales traza, act\u00faa como un adapt\u00f3geno para mejorar el rendimiento deportivo, reducir la fatiga y apoyar el sistema inmunol\u00f3gico.<span class=\"uJ19be notranslate\" data-wiz-uids=\"U9Tk0c_d,U9Tk0c_e\" data-processed=\"true\"><span class=\"vKEkVd\" data-animation-atomic=\"\" data-wiz-attrbind=\"class=U9Tk0c_c\/TKHnVd\" data-processed=\"true\"><span aria-hidden=\"true\" data-processed=\"true\">\u00a0<\/span><\/span><\/span><\/p>\n<div class=\"Fwa2Od\" data-animation-skip=\"\" data-signal-inputs=\"scS1X=U9Tk0c_c\/scS1X\" data-ved=\"2ahUKEwizhtLvmNCSAxUoqJUCHUMhDMgQ3s0SegQIARAE\" data-processed=\"true\"><\/div>\n<\/div>\n<div class=\"Y3BBE\" data-sfc-cp=\"\" data-hveid=\"CAIQAA\" data-processed=\"true\"><strong class=\"Yjhzub\" data-processed=\"true\">Principales usos y beneficios:<\/strong><\/div>\n<ul class=\"KsbFXc U6u95\" data-processed=\"true\">\n<li data-hveid=\"CAQQAA\" data-processed=\"true\"><span class=\"T286Pc\" data-sfc-cp=\"\" data-processed=\"true\"><strong class=\"Yjhzub\" data-processed=\"true\">Aumento de energ\u00eda y vitalidad:<\/strong>\u00a0Ayuda a reducir la fatiga y mejora la resistencia f\u00edsica.<\/span><\/li>\n<li data-hveid=\"CAQQAQ\" data-processed=\"true\"><span class=\"T286Pc\" data-sfc-cp=\"\" data-processed=\"true\"><strong class=\"Yjhzub\" data-processed=\"true\">Apoyo Cognitivo:<\/strong>\u00a0Mejora la memoria, la concentraci\u00f3n y la claridad mental.<\/span><\/li>\n<li data-hveid=\"CAQQAg\" data-processed=\"true\"><span class=\"T286Pc\" data-sfc-cp=\"\" data-processed=\"true\"><strong class=\"Yjhzub\" data-processed=\"true\">Salud Sexual y Hormonal:<\/strong> Puede favorecer los niveles de testosterona y la fertilidad, adem\u00e1s de equilibrar el estr\u00e9s y la ansiedad, <span class=\"uJ19be notranslate\" data-wiz-uids=\"U9Tk0c_1u,U9Tk0c_1v\" data-processed=\"true\"><span class=\"vKEkVd\" data-animation-atomic=\"\" data-wiz-attrbind=\"class=U9Tk0c_1t\/TKHnVd\" data-processed=\"true\"><span aria-hidden=\"true\" data-processed=\"true\">mejora drasticamente la ereccion previene eyaculacion precoz e impotencia, desinflama las vias urinarias prostata y la prostatitis.<\/span><\/span><\/span><\/span><\/li>\n<li data-hveid=\"CAQQAw\" data-processed=\"true\"><span class=\"T286Pc\" data-sfc-cp=\"\" data-processed=\"true\"><strong class=\"Yjhzub\" data-processed=\"true\">Propiedades Antioxidantes:<\/strong>\u00a0Combate el estr\u00e9s oxidativo y fortalece el sistema inmunol\u00f3gico.<\/span><\/li>\n<li data-hveid=\"CAQQBA\" data-processed=\"true\"><span class=\"T286Pc\" data-sfc-cp=\"\" data-processed=\"true\"><strong class=\"Yjhzub\" data-processed=\"true\">F\u00edsica:<\/strong>\u00a0Apoya la fuerza muscular y la recuperaci\u00f3n despu\u00e9s del entrenamiento.<\/span><\/li>\n<\/ul>\n<div class=\"Y3BBE\" data-sfc-cp=\"\" data-hveid=\"CAUQAA\" data-processed=\"true\"><strong class=\"Yjhzub\" data-processed=\"true\">Informaci\u00f3n importante sobre la dosificaci\u00f3n:<\/strong><br data-serialized-params=\"[]\" data-processed=\"true\" \/>Aunque algunas c\u00e1psulas en el mercado ofrecen 1500 mg, se recomienda verificar si la cantidad es de\u00a0<em class=\"eujQNb\" data-processed=\"true\">extracto<\/em>\u00a0de shilajit o de\u00a0<em class=\"eujQNb\" data-processed=\"true\">shilajit crudo<\/em>. Las dosis de uso diario suelen oscilar entre 250 y 500 mg para mejorar la salud general. Se aconseja tomarlo con alimentos y consultar con un profesional de la salud, especialmente en casos de condiciones cr\u00f3nicas.<span class=\"uJ19be notranslate\" data-wiz-uids=\"U9Tk0c_2b,U9Tk0c_2c\" data-processed=\"true\"><span class=\"vKEkVd\" data-animation-atomic=\"\" data-wiz-attrbind=\"class=U9Tk0c_2a\/TKHnVd\" data-processed=\"true\"><span aria-hidden=\"true\" data-processed=\"true\">\u00a0<\/span><\/span><\/span><\/div>\n","protected":false},"excerpt":{"rendered":"<ul class=\"KsbFXc U6u95\" data-processed=\"true\">\n<li data-hveid=\"CAYQAA\" data-processed=\"true\"><span class=\"T286Pc\" data-sfc-cp=\"\" data-processed=\"true\"><strong class=\"Yjhzub\" data-processed=\"true\">Energ\u00eda y vitalidad:<\/strong>\u00a0Ayuda a combatir la fatiga cr\u00f3nica y aumenta la resistencia f\u00edsica al mejorar la producci\u00f3n de ATP en las c\u00e9lulas.<\/span><\/li>\n<li data-hveid=\"CAYQAQ\" data-processed=\"true\"><span class=\"T286Pc\" data-sfc-cp=\"\" data-processed=\"true\"><strong class=\"Yjhzub\" data-processed=\"true\">Salud Cognitiva:<\/strong>\u00a0Seg\u00fan estudios citados por\u00a0<em class=\"eujQNb\" data-processed=\"true\">PMC<\/em>, tiene potencial para mejorar la memoria y podr\u00eda ayudar en la prevenci\u00f3n del Alzheimer.<\/span><\/li>\n<li data-hveid=\"CAYQAg\" data-processed=\"true\"><span class=\"T286Pc\" data-sfc-cp=\"\" data-processed=\"true\"><strong class=\"Yjhzub\" data-processed=\"true\">Vitalidad Masculina:<\/strong>\u00a0Se utiliza para equilibrar niveles hormonales, mejorar la libido y la fertilidad.<\/span><\/li>\n<li data-hveid=\"CAYQAw\" data-processed=\"true\"><span class=\"T286Pc\" data-sfc-cp=\"\" data-processed=\"true\"><strong class=\"Yjhzub\" data-processed=\"true\">Antioxidante y Antiinflamatorio:<\/strong>\u00a0Ayuda a reducir el da\u00f1o celular y la inflamaci\u00f3n en los m\u00fasculos y huesos.<\/span><\/li>\n<li data-hveid=\"CAYQBA\" data-processed=\"true\"><span class=\"T286Pc\" data-sfc-cp=\"\" data-processed=\"true\"><strong class=\"Yjhzub\" data-processed=\"true\">Salud Digestiva:<\/strong>\u00a0El \u00e1cido f\u00falvico puede actuar como un calmante para problemas digestivos y favorecer la flora intestinal.<\/span><\/li>\n<\/ul>\n","protected":false},"featured_media":1149,"comment_status":"open","ping_status":"closed","template":"","meta":[],"product_cat":[17,18,22,19],"product_tag":[],"_links":{"self":[{"href":"https:\/\/nutricionsexualforte.com\/index.php\/wp-json\/wp\/v2\/product\/1139"}],"collection":[{"href":"https:\/\/nutricionsexualforte.com\/index.php\/wp-json\/wp\/v2\/product"}],"about":[{"href":"https:\/\/nutricionsexualforte.com\/index.php\/wp-json\/wp\/v2\/types\/product"}],"replies":[{"embeddable":true,"href":"https:\/\/nutricionsexualforte.com\/index.php\/wp-json\/wp\/v2\/comments?post=1139"}],"wp:featuredmedia":[{"embeddable":true,"href":"https:\/\/nutricionsexualforte.com\/index.php\/wp-json\/wp\/v2\/media\/1149"}],"wp:attachment":[{"href":"https:\/\/nutricionsexualforte.com\/index.php\/wp-json\/wp\/v2\/media?parent=1139"}],"wp:term":[{"taxonomy":"product_cat","embeddable":true,"href":"https:\/\/nutricionsexualforte.com\/index.php\/wp-json\/wp\/v2\/product_cat?post=1139"},{"taxonomy":"product_tag","embeddable":true,"href":"https:\/\/nutricionsexualforte.com\/index.php\/wp-json\/wp\/v2\/product_tag?post=1139"}],"curies":[{"name":"wp","href":"https:\/\/api.w.org\/{rel}","templated":true}]}}