{"id":1152,"date":"2025-05-20T02:34:55","date_gmt":"2025-05-20T00:34:55","guid":{"rendered":"https:\/\/nutricionsexualforte.com\/?post_type=product&#038;p=1152"},"modified":"2026-02-11T04:59:01","modified_gmt":"2026-02-11T03:59:01","slug":"nad-con-resveratrol-1500","status":"publish","type":"product","link":"https:\/\/nutricionsexualforte.com\/index.php\/producto\/nad-con-resveratrol-1500\/","title":{"rendered":"NAD+ CON RESVERATROL 1500"},"content":{"rendered":"<ul class=\"a-unordered-list a-vertical a-spacing-mini\">\n<li class=\"a-spacing-mini\"><span class=\"a-list-item\"><span class=\"a-list-item\"><span class=\"a-list-item\">AUMENTO CELULAR: Desbloquea el potencial de tus c\u00e9lulas con c\u00e1psulas NAD+, una potente dosis de 1500 mg de NAD+ por porci\u00f3n, proporcionando un apoyo esencial para tu salud celular y bienestar general. Con 90 c\u00e1psulas por botella, disfrutar\u00e1s de un suministro de 45 d\u00edas de este potente suplemento nads.<\/span><\/span><\/span><\/li>\n<li><\/li>\n<li class=\"a-spacing-mini\"><span class=\"a-list-item\"><span class=\"a-list-item\">ENVEJECIMIENTO SALUDABLE: NAD+ es una coenzima vital involucrada en numerosos procesos biol\u00f3gicos, incluyendo la reparaci\u00f3n del ADN, la producci\u00f3n de energ\u00eda y el metabolismo celular. A medida que envejecemos, los niveles de NAD+ disminuyen naturalmente, lo que lleva a una disminuci\u00f3n de la energ\u00eda, la funci\u00f3n cognitiva y la vitalidad general. Estas c\u00e1psulas NAD+ est\u00e1n dise\u00f1adas para ayudar a aumentar los niveles nad+, ayud\u00e1ndote a apoyar una funci\u00f3n celular \u00f3ptima.<\/span><\/span><\/li>\n<li class=\"a-spacing-mini\"><\/li>\n<li class=\"a-spacing-mini\"><span class=\"a-list-item\"><span class=\"a-list-item\"><span class=\"a-list-item\">REVIVALO DE ENERG\u00cdA: Dos c\u00e1psulas diarias pueden ayudarlo a experimentar los beneficios de una energ\u00eda mejorada y una vitalidad juvenil. Siente la diferencia ya que esta f\u00f3rmula respaldada por la ciencia rejuvenece tus c\u00e9lulas y un metabolismo saludable. Redescubre la energ\u00eda y la claridad mental que necesita para prosperar en su vida diaria.<\/span><\/span><\/span><\/li>\n<li><\/li>\n<li class=\"a-spacing-mini\"><span class=\"a-list-item\"><span class=\"a-list-item\">TRANSFORM\u00d3N: Descubre el potencial transformador de NAD+ y aprovecha la oportunidad para desbloquear la verdadera vitalidad de tu cuerpo. Emb\u00e1rcate en una vida llena de nad+ liposomal para obtener energ\u00eda renovada, resiliencia y bienestar<\/span><\/span> .<\/li>\n<li><\/li>\n<li class=\"a-spacing-mini\"><span class=\"a-list-item\">VITALIDAD DESATADA: WellnessLabsRx le ofrece productos de alta calidad a precios asequibles. Fabricado en Estados Unidos, certificado GMP, totalmente natural, sin OMG, sin gluten, y no contiene productos qu\u00edmicos nocivos, probado por terceros.<\/span><\/li>\n<\/ul>\n","protected":false},"excerpt":{"rendered":"<p>WELLNESS LABSRX Suplemento liposomal NAD, 1500 mg \u2013 Hecho en Estados Unidos.<\/p>\n<p>suplemento de resveratrol NAD para mujeres y hombres.<\/p>\n<p>NAD+ apoya la salud celular, energ\u00eda y antienvejecimiento.<\/p>\n<p>-60 unidades.<\/p>\n","protected":false},"featured_media":1153,"comment_status":"open","ping_status":"closed","template":"","meta":[],"product_cat":[20,18,22,19],"product_tag":[],"_links":{"self":[{"href":"https:\/\/nutricionsexualforte.com\/index.php\/wp-json\/wp\/v2\/product\/1152"}],"collection":[{"href":"https:\/\/nutricionsexualforte.com\/index.php\/wp-json\/wp\/v2\/product"}],"about":[{"href":"https:\/\/nutricionsexualforte.com\/index.php\/wp-json\/wp\/v2\/types\/product"}],"replies":[{"embeddable":true,"href":"https:\/\/nutricionsexualforte.com\/index.php\/wp-json\/wp\/v2\/comments?post=1152"}],"wp:featuredmedia":[{"embeddable":true,"href":"https:\/\/nutricionsexualforte.com\/index.php\/wp-json\/wp\/v2\/media\/1153"}],"wp:attachment":[{"href":"https:\/\/nutricionsexualforte.com\/index.php\/wp-json\/wp\/v2\/media?parent=1152"}],"wp:term":[{"taxonomy":"product_cat","embeddable":true,"href":"https:\/\/nutricionsexualforte.com\/index.php\/wp-json\/wp\/v2\/product_cat?post=1152"},{"taxonomy":"product_tag","embeddable":true,"href":"https:\/\/nutricionsexualforte.com\/index.php\/wp-json\/wp\/v2\/product_tag?post=1152"}],"curies":[{"name":"wp","href":"https:\/\/api.w.org\/{rel}","templated":true}]}}