{"id":120,"date":"2023-09-01T18:30:56","date_gmt":"2023-09-01T16:30:56","guid":{"rendered":"https:\/\/nutricionsexualforte.com\/?post_type=product&#038;p=120"},"modified":"2024-03-18T07:53:44","modified_gmt":"2024-03-18T06:53:44","slug":"bathmate-hydromax-x30","status":"publish","type":"product","link":"https:\/\/nutricionsexualforte.com\/index.php\/producto\/bathmate-hydromax-x30\/","title":{"rendered":"Bathmate HYDROMAX X30 \u2122"},"content":{"rendered":"<h2>\u00bfQu\u00e9 es Bathmate Hydromax X30?<\/h2>\n<p>El Hydromax es una nueva bomba de pene que combina agua y aire durante el proceso de succi\u00f3n, consigue un aumento del flujo de sangre y, por tanto, erecciones firmes acompa\u00f1adas de un aumento de tama\u00f1o del pene.<\/p>\n<p>Este nuevo Hydromax es la evoluci\u00f3n tecnol\u00f3gica de su predecesora exitosa bomba de pene Bathmate Hercules. Tegnol\u00f3gicamente este nuevo aparato, incorpora 50 nuevas caracter\u00edsticas para que sea m\u00e1s fuerte, c\u00f3modo y f\u00e1cil de usar.<\/p>\n<h2>\u00bfC\u00f3mo funciona Bathmate Hydromax X30?<\/h2>\n<p>Lo puedes usar mientras te das un relajante ba\u00f1o o ducha. Es sencillo y f\u00e1cil de utilizar, son s\u00f3lo tres pasos: primero debes llenar el cilindro de agua, segundo introduces el pene y por \u00faltimo comienzas a bombear el agua hacia fuera hasta que se crea un vac\u00edo en el cilindro. Este moderno dise\u00f1o incorpora unos tirantes con los que no necesitaras las manos para sujetar el cilindro.<\/p>\n<p>Con este m\u00e9todo y su continua utilizaci\u00f3n conseguir\u00e1s generar nuevas c\u00e9lulas en tu pene que a largo plazo provocar\u00e1n un aumento de su tama\u00f1o de forma permanente.<\/p>\n<h2>\u00bfQu\u00e9 novedades presenta Bathmate Hydromax X30?<\/h2>\n<p>M\u00e1s de 50 nuevas caracter\u00edsticas respecto del modelo anterior. Las principales novedades son:<\/p>\n<ul class=\"bluetick\">\n<li>Nuevos fuelles giratorios a trav\u00e9s de los que ver\u00e1s el medidor y tu erecci\u00f3n.<\/li>\n<li>Cierre inteligente, solo necesitas un dedo al ajustarlo.<\/li>\n<li>Tirantes para que cuelgues el dispositivo de tu cuerpo y tengas libres las manos.<\/li>\n<li>El nuevo dise\u00f1o no solo trabaja en el tama\u00f1o de tu pene. Adem\u00e1s ayuda con los problemas de erecci\u00f3n y de eyaculaci\u00f3n precoz.<\/li>\n<\/ul>\n<h2>\u00bfCu\u00e1nto tiempo necesito para obtener resultados?<\/h2>\n<p>El cuerpo humano no es una ciencia exacta el tiempo puede variar de unas personas a otras. Podr\u00e1s percibir mejor\u00eda en tus erecciones durante las primeras semanas de uso. Tendr\u00e1n que pasar unos meses antes de que tu pene sea m\u00e1s grande.<\/p>\n<p>En cualquier caso, usa Bathmate Hydromax X30 durante 15 minutos para conseguir los mejores resultados.<\/p>\n<h2>\u00bfEfectos secundarios?<\/h2>\n<p>Puedes estar tranquilo, la bomba de agua Bathmate Hydromax X30 est\u00e1 fabricada con materiales de alta calidad y ha pasado todos los controles de seguridad que exige la uni\u00f3n europea.<\/p>\n<p>Antes de usar este producto debes consultar con tu m\u00e9dico si padeces alguna de las siguientes enfermedades: epilepsia, trastornos convulsivos, apoplej\u00eda, tensi\u00f3n arterial alta, enfermedades card\u00edacas o pulmonares, trastornos genitourinarios, drepanocitosis, trastornos hemorr\u00e1gicos o leucemia.<\/p>\n<div align=\"center\"><img decoding=\"async\" loading=\"lazy\" src=\"https:\/\/www.potenciasexualforte.com\/uploads\/images\/bathmate-hydromax-red.jpg\" alt=\"\" width=\"985\" height=\"543\" \/><\/div>\n<div align=\"center\"><img decoding=\"async\" loading=\"lazy\" src=\"https:\/\/www.potenciasexualforte.com\/uploads\/images\/Bathmate-Hercules-content.jpg\" alt=\"\" width=\"923\" height=\"804\" \/><\/div>\n","protected":false},"excerpt":{"rendered":"<p>Bathmate Hydromax X30 es una nueva bomba de agua con la que podr\u00e1s aumentar el tama\u00f1o del pene y mejorar\u00e1s tu rendimiento sexual. Dise\u00f1ada con una nueva tecnolog\u00eda que la hace m\u00e1s efectiva que su antecesora, por lo que esta bomba es la soluci\u00f3n definitiva para aumentar el tama\u00f1o de tu pene.<\/p>\n<ul class=\"bluetick\">\n<li>Ha sido un \u00e9xito tras su salida al mercado<\/li>\n<li>C\u00f3modo y f\u00e1cil de usar durante tu ducha o ba\u00f1o<\/li>\n<li>Nueva tecnolog\u00eda un 35% m\u00e1s potente<\/li>\n<li>Puedes usarlo sin manos<\/li>\n<li>Combate la disfunci\u00f3n er\u00e9ctil<\/li>\n<li>Fabricado con materiales de alta calidad y seguros<\/li>\n<li>Recomendado por ur\u00f3logos<\/li>\n<\/ul>\n<p>Ahora con el nuevo Hydromax X30 conseguir\u00e1s aumentar la talla y rendimiento de tu pene gracias al poder del agua y aire.<\/p>\n<p>&nbsp;<\/p>\n","protected":false},"featured_media":121,"comment_status":"open","ping_status":"closed","template":"","meta":[],"product_cat":[17],"product_tag":[],"_links":{"self":[{"href":"https:\/\/nutricionsexualforte.com\/index.php\/wp-json\/wp\/v2\/product\/120"}],"collection":[{"href":"https:\/\/nutricionsexualforte.com\/index.php\/wp-json\/wp\/v2\/product"}],"about":[{"href":"https:\/\/nutricionsexualforte.com\/index.php\/wp-json\/wp\/v2\/types\/product"}],"replies":[{"embeddable":true,"href":"https:\/\/nutricionsexualforte.com\/index.php\/wp-json\/wp\/v2\/comments?post=120"}],"wp:featuredmedia":[{"embeddable":true,"href":"https:\/\/nutricionsexualforte.com\/index.php\/wp-json\/wp\/v2\/media\/121"}],"wp:attachment":[{"href":"https:\/\/nutricionsexualforte.com\/index.php\/wp-json\/wp\/v2\/media?parent=120"}],"wp:term":[{"taxonomy":"product_cat","embeddable":true,"href":"https:\/\/nutricionsexualforte.com\/index.php\/wp-json\/wp\/v2\/product_cat?post=120"},{"taxonomy":"product_tag","embeddable":true,"href":"https:\/\/nutricionsexualforte.com\/index.php\/wp-json\/wp\/v2\/product_tag?post=120"}],"curies":[{"name":"wp","href":"https:\/\/api.w.org\/{rel}","templated":true}]}}