{"id":124,"date":"2023-09-01T18:33:23","date_gmt":"2023-09-01T16:33:23","guid":{"rendered":"https:\/\/nutricionsexualforte.com\/?post_type=product&#038;p=124"},"modified":"2023-09-01T18:33:23","modified_gmt":"2023-09-01T16:33:23","slug":"bathmate-hydromax-x40-aqua-blue","status":"publish","type":"product","link":"https:\/\/nutricionsexualforte.com\/index.php\/producto\/bathmate-hydromax-x40-aqua-blue\/","title":{"rendered":"Bathmate Hydromax X40 Aqua Blue"},"content":{"rendered":"<h2>\u00bfQu\u00e9 es Bathmate Hydromax X40 Aqua Blue exactamente y c\u00f3mo funciona?<\/h2>\n<p>M\u00e1s grande y mejor que nunca \u00a1As\u00ed se sentir\u00e1 con su pene! Hydromax X40 es un hidrobomba de tecnolog\u00eda avanzada que utiliza el poder del agua y el aire para crear vac\u00edo y lograr as\u00ed el alargamiento de pene deseado. El nuevo y mejorado dise\u00f1o cuenta hasta con un 35% m\u00e1s de potencia. Adem\u00e1s cuenta con una Tambi\u00e9n cuenta con una mejorada v\u00e1lvula de cierre, una almohadilla de descanso y un fuelle giratorio para una eficiencia incomparable. Al igual que otras bombas Bathmate , este dispositivo tambi\u00e9n ayuda a incrementar el volumen de sangre en el pene y, de ese modo, generar m\u00e1s c\u00e9lulas sangu\u00edneas que beneficien la ampliaci\u00f3n del sexo masculino.<\/p>\n<h2>Caracter\u00edsticas:<\/h2>\n<ul class=\"bluetick\">\n<li>\u00a0Tama\u00f1o m\u00e1s grande (Un 15% mayor que el Hydromax X30) pero m\u00e1s peque\u00f1o que el Goliat<\/li>\n<li>\u00a0De posici\u00f3n giratoria &#8211; Para un mejor agarre y control<\/li>\n<li>\u00a0Ultra suavidad y conforte al insertar el miembro dentro de la bomba- Adem\u00e1s de un sello de cierre m\u00e1s c\u00f3modo contra la pelvis<\/li>\n<li>\u00a0Genera 35% de potencia de succi\u00f3n<\/li>\n<li>\u00a0Gracias a su v\u00e1lvula, permite ser usado con una sola mano<\/li>\n<li>\u00a0360 grados giratorio \u2013 Ofrece una visualizaci\u00f3n completa<\/li>\n<p>Nueva escala para el progreso de la medida que se obtiene del pene<\/ul>\n<h2>\u00bfQu\u00e9 resultados ofrece Hydromax X40?<\/h2>\n<p>Bombas Bathmate son conocidas por su eficacia y poder. Se puede ver un crecimiento significativo del tama\u00f1o de tu sexo \u00a1Incluso desde la primera vez que se usa! Aunque la ganancia no es permanente si no se utiliza bomba de un modo regular \u00a1\u00dasalo cotidianamente y nota sus resultados! Acost\u00fambrate a utilizarlo a diario y participa del resto de hombres que disfrutan de sus beneficios y son capaces de ver notoriedad del incremento de su pene \u00a1En tan s\u00f3lo 6 semanas! Tambi\u00e9n hay que tener en cuenta que el alargamiento de pene y de su respectiva circunferencia var\u00edan dependiendo de la persona y de c\u00f3mo \u00e9sta lo utilice. Encima, con un uso regular de Hydromax X40 Aqua Blue mejorar\u00e1 en general la salud de tu pene y tu satisfacci\u00f3n sexual.<\/p>\n<h2>Directrices de uso:<\/h2>\n<ul class=\"bluetick\">\n<li>\u00a0Paso 1 : Prepara la bomba empujando hacia abajo el pestillo en la posici\u00f3n central y la fijaci\u00f3n de la almohadilla de confort adecu\u00e1ndola en la c\u00e1mara baja .<\/li>\n<li>\u00a0Paso 2 : Rel\u00e1jate durante 5 minutos dentro del agua caliente o tibia para aflojar el pene y los test\u00edculos . tras esos minutos, llena la bomba con agua e inserta tu pene en ella. Forma un sello herm\u00e9tico con la bomba y tu cuerpo.<\/li>\n<li>\u00a0Paso 3 : La bomba crear\u00e1 un vac\u00edo y expulsar\u00e1 el agua del cilindro. Despu\u00e9s de que se alcance el vac\u00edo \u00f3ptimo , puede dejar la bomba durante 15 minutos o continuar el bombeo para mantener la presi\u00f3n.<\/li>\n<li>\u00a0Paso 4 : Una vez terminado el bombeo , retira el dispositivo mediante la compresi\u00f3n de la v\u00e1lvula y libera la presi\u00f3n.<\/li>\n<\/ul>\n<h2>\u00bfEs un m\u00e9todo seguro?<\/h2>\n<p>S\u00ed, lo es. Bathmate Hydromax X40 Aqua Blue se ha dise\u00f1ado usando la los mejores materiales para alcanzar una calidad suprema. Con una piel de goma segura combinada con pl\u00e1stico Lexan, hacen de \u00e9ste, un producto completamente seguro. Aunque el dispositivo puede ser utilizado por cualquier hombre , que simplemente desee aumentar su pene , siempre se aconseja que se sigan las pautas establecidas en la gu\u00eda de consejos \u00a1Que para eso est\u00e1! Para leerla y seguir sus recomendaciones\u2026 As\u00ed evitar\u00e1s cualquier tipo de molestia o complicaci\u00f3n . S\u00ed has pasado recientemente por cualquier intervenci\u00f3n quir\u00fargica relativa al \u00e1rea de tu sexo, por favor, evita la utilizaci\u00f3n de esta bomba. Y si, por alg\u00fan casual experimentas molestias o incluso dolor durante el uso del dispositivo, para de inmediato y comienza de nuevo tras esperar un tiempo.<\/p>\n<h2>\u00bfC\u00f3mo realizo mi pedido?<\/h2>\n<p>\u00a1Puedes adquirirlo ahora de un modo facil\u00edsimo! S\u00f3lo tienes que clicar en \u2018A\u00f1adir a la cesta\u2019 y proceder a la forma de pago que m\u00e1s te convenga. \u00a1Compra ya tu X40 Aqua Blue! De forma f\u00e1cil, segura y sobre todo, discreta. Tu privacidad es muy importante para nosotros, y por lo tanto, todas nuestras entregas vienen en un paquete sencillo sin ning\u00fan tipo de etiqueta.<\/p>\n<p><img decoding=\"async\" loading=\"lazy\" src=\"https:\/\/www.potenciasexualforte.com\/uploads\/images\/Bathmate-Hercules-content.jpg\" alt=\"\" width=\"923\" height=\"804\" \/><\/p>\n","protected":false},"excerpt":{"rendered":"<p>Bathmate Hydromax X40 Aqua Blue es una bomba de agua que utiliza una innovadora tecnolog\u00eda para aumentar el tama\u00f1o tanto de la circunferencia del pene como la longitud de \u00e9ste. Este producto est\u00e1 dise\u00f1ado para el uso y disfrute de todo tipo de hombres los cuales est\u00e9n interesados en que agradar su pene. La hidrobomba tiene como objetivo incrementar el tama\u00f1o del pene a trav\u00e9s del agua, la presi\u00f3n y el aire y la combinaci\u00f3n de estos tres elementos proporciona una mayor calidad y eficiencia que otros productos de esta gama. \u00bfQu\u00e9 caracteriza a Bathmate Hydromax X40 Aqua Blue del resto?<\/p>\n<ul class=\"bluetick\">\n<li>\u00a0Ejerce una potencia incre\u00edble<\/li>\n<li>\u00a015 minutos son suficientes<\/li>\n<li>\u00a0Incluye una pera de dise\u00f1o renovado para extraer el agua con m\u00e1s comodidad<\/li>\n<li>\u00a0F\u00e1cil de integrar en tu rutina de higiene diaria<\/li>\n<li>\u00a0Alcanza un nivel de presi\u00f3n \u00f3ptima<\/li>\n<li>\u00a0Mecanismo totalmente seguro para la salud del hombre<\/li>\n<li>\u00a0Presenta una escala de medici\u00f3n del tama\u00f1o del pene<\/li>\n<li>\u00a0Largo m\u00e1ximo: 19,1 cent\u00edmetros. Ancho m\u00e1ximo: 17,3 cent\u00edmetros<\/li>\n<li>\u00a0Acompa\u00f1ado de un neceser para guardarlo y un conjunto de accesorios<\/li>\n<li>\u00a0Ideal para disfrutar de mayor satisfacci\u00f3n y relaciones sexuales m\u00e1s intensas<\/li>\n<li>Con dos a\u00f1os de garant\u00eda de compra<\/li>\n<\/ul>\n<p>Esta bomba es 250 veces m\u00e1s potente que el resto de bombas de aire est\u00e1ndar. \u00bfQu\u00e9 permite? Ofrece resultados de forma mejorada y r\u00e1pida (en tan s\u00f3lo 15 minutos). Hydromax X40 Aqua Blue sometida y testada cl\u00ednicamente es a\u00fan m\u00e1s segura y con un 0,55 bares de presi\u00f3n est\u00e1 recomendada por la FDA . Por su alta calidad, est\u00e1 constituida de materiales duraderos. El dispositivo adem\u00e1s de seguro es muy c\u00f3modo de usar. \u00a1A qu\u00e9 esperas! \u00a1Solicite ya su Hydromax X40 Aqua Blue!<\/p>\n<p>&nbsp;<\/p>\n","protected":false},"featured_media":125,"comment_status":"open","ping_status":"closed","template":"","meta":[],"product_cat":[17],"product_tag":[],"_links":{"self":[{"href":"https:\/\/nutricionsexualforte.com\/index.php\/wp-json\/wp\/v2\/product\/124"}],"collection":[{"href":"https:\/\/nutricionsexualforte.com\/index.php\/wp-json\/wp\/v2\/product"}],"about":[{"href":"https:\/\/nutricionsexualforte.com\/index.php\/wp-json\/wp\/v2\/types\/product"}],"replies":[{"embeddable":true,"href":"https:\/\/nutricionsexualforte.com\/index.php\/wp-json\/wp\/v2\/comments?post=124"}],"wp:featuredmedia":[{"embeddable":true,"href":"https:\/\/nutricionsexualforte.com\/index.php\/wp-json\/wp\/v2\/media\/125"}],"wp:attachment":[{"href":"https:\/\/nutricionsexualforte.com\/index.php\/wp-json\/wp\/v2\/media?parent=124"}],"wp:term":[{"taxonomy":"product_cat","embeddable":true,"href":"https:\/\/nutricionsexualforte.com\/index.php\/wp-json\/wp\/v2\/product_cat?post=124"},{"taxonomy":"product_tag","embeddable":true,"href":"https:\/\/nutricionsexualforte.com\/index.php\/wp-json\/wp\/v2\/product_tag?post=124"}],"curies":[{"name":"wp","href":"https:\/\/api.w.org\/{rel}","templated":true}]}}