{"id":128,"date":"2023-09-01T18:36:50","date_gmt":"2023-09-01T16:36:50","guid":{"rendered":"https:\/\/nutricionsexualforte.com\/?post_type=product&#038;p=128"},"modified":"2023-09-01T18:36:51","modified_gmt":"2023-09-01T16:36:51","slug":"bathmate-hydromax-xtreme-x30","status":"publish","type":"product","link":"https:\/\/nutricionsexualforte.com\/index.php\/producto\/bathmate-hydromax-xtreme-x30\/","title":{"rendered":"Bathmate Hydromax Xtreme X30"},"content":{"rendered":"<h2>\u00bfQu\u00e9 es exactamente Bathmate Hydromax Xtreme X30?<\/h2>\n<p>El nuevo Xtreme X30 es la manera de optimizar tus objetivos de forma efectiva para aquellos que deseen alargar su pene. 250 % m\u00e1s eficiente que otras bombas de aire y 10 veces m\u00e1s fuerte que el Hydromax X30 com\u00fan. Esta bomba es la m\u00e1s adecuada para los usuarios experimentados que deseen acelerar el crecimiento de \u00e9ste. Btahmate Hydromax Xtreme es una bomba de uso manual que gracias a su novedoso dise\u00f1o permite expulsar el agua con facilidad y crear m\u00e1s vac\u00edo. Est\u00e1 hecha con material de m\u00e1xima calidad y el dispositivo garantiza la comodidad y la seguridad completa para cualquier tipo de usuario siguiendo las sencillas instrucciones de uso.<\/p>\n<h2>\u00bfC\u00f3mo funciona?<\/h2>\n<p>Hydromax Xtreme X30 es la bomba hidr\u00e1ulica que a trav\u00e9s del agua consigue crear una fuerza de vac\u00edo alrededor del pene. Este vac\u00edo tiene potencia la eficacia en comparaci\u00f3n con el vac\u00edo que se realiza con aire. Adem\u00e1s, te permite relajarte durante la ducha o ba\u00f1o diario simplemente colocando la bomba alrededor del pene. Durante la sesi\u00f3n de bombeo, la c\u00e1mara de pene se hace m\u00e1s grande y m\u00e1s fuerte debido a que se incrementa el bombeo de sangre en \u00e9l. Esto aumenta el tama\u00f1o del pene (tanto la circunferencia y la longitud ) es decir, ayuda al usuario en su objetivo de lograr una erecci\u00f3n \u00a1Dura como una roca!<\/p>\n<h2>\u00bfAccesorios?<\/h2>\n<ul class=\"bluetick\">\n<li>\u00a0Bomba de pene modelo Bathmate Hydromax Xtreme X30<\/li>\n<li>\u00a0Pera de mano con extensi\u00f3n de tubo<\/li>\n<li>\u00a0Una funda tipo neceser con cierre seguro<\/li>\n<li>\u00a0Indicador de medici\u00f3n<\/li>\n<li>\u00a0Esponja de limpieza<\/li>\n<li>\u00a0Almohadilla de descanso<\/li>\n<li>\u00a0Arn\u00e9s para la ducha<\/li>\n<li>\u00a0Toalla de algod\u00f3n Hydromax<\/li>\n<li>\u00a0Lubricante<\/li>\n<p>Manual de instrucciones<\/ul>\n<h2>\u00bfC\u00f3mo se usa?<\/h2>\n<p>Al igual que todos los dispositivos Bathmate , esta bomba tambi\u00e9n es f\u00e1cil de usar . La mejor manera de utilizar la bomba es durante la ducha o d\u00e1ndote un ba\u00f1o. Recuerda que debes esperar a que tu pene y test\u00edculos se aflojen y relajen y utiliza el agua caliente de la ducha o envuelve el miembro en una toalla antes de comenzar el bombeo. Una vez hecho esto, llena la bomba de agua por completo e introduce tu pene en ella. Empujando el dispositivo contra tu pelvis lograr\u00e1s un sello herm\u00e9tico y con la almohadilla de confort junto a la bomba conseguir.as que ese cierre tenga mayor eficiencia y de ese modo, lo m\u00e1s importante, es que no sentir\u00e1s molestia alguna. Usa la bomba manualmente y haz vac\u00edo en el interior. Los principiantes deben retirar la bomba cada 5 minutos y masajear el pene durante 30 segundos. Por otro lado , los usuarios experimentados pueden continuar el bombeo hasta lograr los resultados deseados.<\/p>\n<h2>Beneficios que Xtreme X30 aporta:<\/h2>\n<ul>\n<li>Ayuda al aumento de la circunferencia y longitud del pene<\/li>\n<li>Genera un 35% m\u00e1s de succi\u00f3n con resultados m\u00e1s r\u00e1pidos y mejorados<\/li>\n<li>Un notable aumento del sexo masculino incluso desde la primera vez<\/li>\n<li>Uso habitual para garantizar un incremento contin\u00fao.<\/li>\n<li>Mejora tus erecciones: m\u00e1s firmes y m\u00e1s duras<\/li>\n<li>Ayuda a superar la disfunci\u00f3n er\u00e9ctil y la eyaculaci\u00f3n precoz<\/li>\n<p>Endereza la curva en el pene<\/ul>\n<h2>\u00bfEs seguro de usar?<\/h2>\n<p>Bathmate Hydromax Xtreme X30 cl\u00ednicamente probado, resulta completamente seguro de usar. Se recomienda, eso siempre, que se lean detenidamente las instrucciones antes de utilizar el dispositivo. \u00bfEs tu primera vez? Entonces, es importante que sepas que Xtreme X30 no debe ser utilizado durante m\u00e1s de 15 o 20 minutos . Tambi\u00e9n se sugiere que se tomen descansos cada 5 minutos y se masajee el miembro. Si experimenta molestia o dolor durante el bombeo , deje de usar la bomba de inmediato y rel\u00e1jate durante un rato y prosigue utiliz\u00e1ndolo de nuevo con precauci\u00f3n.<\/p>\n<h2>\u00bfC\u00f3mo solicito mi producto Bathmate Hydromax X30?<\/h2>\n<p>Haga Click en &#8220;A\u00f1adir a la cesta &#8216; y ya podr\u00e1 proceder a encargar su pedido Xtreme X30 y as\u00ed de manera sencilla dispondr\u00e1 de distintas formas de pago para su mayor comodidad. Sobre todo tenemos en cuenta la discreci\u00f3n a la hora de entregar el producto, por lo que recibir\u00e1 nuestro paquete sin ning\u00fan tipo de etiqueta que nombre el producto o el sitio web en el que ha sido obtenido.<\/p>\n<p><img decoding=\"async\" loading=\"lazy\" src=\"https:\/\/www.potenciasexualforte.com\/uploads\/images\/Bathmate-Hercules-content.jpg\" alt=\"\" width=\"923\" height=\"804\" \/><\/p>\n","protected":false},"excerpt":{"rendered":"<p>Para lograr un fant\u00e1stico crecimiento de tu pene, prueba el revolucionario Bathmate Hydromax Xtreme X30! Su potencia alcanza 10 veces m\u00e1s fuerza que Hydromax X30 b\u00e1sico. Esta bomba de agua est\u00e1 especialmente hecha para aquellos que quieran dar un mayor potencial a la longitud de su pene. A diferencia de los modelos anteriores, Hydromax Xtreme X30 te permitir\u00e1 crear una mayor succi\u00f3n alrededor de tu pene de una forma m\u00e1s r\u00e1pida y f\u00e1cil.<\/p>\n<ul class=\"bluetick\">\n<li>\u00a035 % m\u00e1s potente que el bathmate H\u00e9rcules o Goliat<\/li>\n<li>\u00a0Nuevo dise\u00f1o mejorado para una m\u00e1xima seguridad y comodidad<\/li>\n<li>\u00a0Longitud m\u00e1xima &#8211; 7,5 pulgadas , la circunferencia m\u00e1xima &#8211; 6,8 pulgadas<\/li>\n<li>\u00a0M\u00e1xima aspiraci\u00f3n con una bomba nueva de uso manual<\/li>\n<li>\u00a0Incluye un juego completo de accesorios<\/li>\n<li>\u00a0Incluye un estuche con cierre de seguridad<\/li>\n<li>\u00a0Incorpora un medidor para controlar el progreso<\/li>\n<li>\u00a0Aumenta el flujo sangu\u00edneo del pene para un aumento del tama\u00f1o y la fuerza<\/li>\n<li>\u00a0Garant\u00eda de 2 a\u00f1os<\/li>\n<\/ul>\n<p>Hydromax Xtreme X30 f\u00e1cilmente amoldable a su rutina. Esta novedad, en su versi\u00f3n mejorada ,ha sido dise\u00f1ada con el prop\u00f3sito de ayudar a los hombres que deseen agrandar su pene de forma segura. Con el uso regular de este dispositivo, no s\u00f3lo se obtienen erecciones m\u00e1s grandes y firmes, si no que tambi\u00e9n se disfruta de una mayor satisfacci\u00f3n y mejora en el rendimiento sexual.<\/p>\n<p>&nbsp;<\/p>\n","protected":false},"featured_media":130,"comment_status":"open","ping_status":"closed","template":"","meta":[],"product_cat":[17],"product_tag":[],"_links":{"self":[{"href":"https:\/\/nutricionsexualforte.com\/index.php\/wp-json\/wp\/v2\/product\/128"}],"collection":[{"href":"https:\/\/nutricionsexualforte.com\/index.php\/wp-json\/wp\/v2\/product"}],"about":[{"href":"https:\/\/nutricionsexualforte.com\/index.php\/wp-json\/wp\/v2\/types\/product"}],"replies":[{"embeddable":true,"href":"https:\/\/nutricionsexualforte.com\/index.php\/wp-json\/wp\/v2\/comments?post=128"}],"wp:featuredmedia":[{"embeddable":true,"href":"https:\/\/nutricionsexualforte.com\/index.php\/wp-json\/wp\/v2\/media\/130"}],"wp:attachment":[{"href":"https:\/\/nutricionsexualforte.com\/index.php\/wp-json\/wp\/v2\/media?parent=128"}],"wp:term":[{"taxonomy":"product_cat","embeddable":true,"href":"https:\/\/nutricionsexualforte.com\/index.php\/wp-json\/wp\/v2\/product_cat?post=128"},{"taxonomy":"product_tag","embeddable":true,"href":"https:\/\/nutricionsexualforte.com\/index.php\/wp-json\/wp\/v2\/product_tag?post=128"}],"curies":[{"name":"wp","href":"https:\/\/api.w.org\/{rel}","templated":true}]}}