{"id":133,"date":"2023-09-01T18:39:27","date_gmt":"2023-09-01T16:39:27","guid":{"rendered":"https:\/\/nutricionsexualforte.com\/?post_type=product&#038;p=133"},"modified":"2023-09-01T18:39:27","modified_gmt":"2023-09-01T16:39:27","slug":"bathmate-hydromax-xtreme-x40","status":"publish","type":"product","link":"https:\/\/nutricionsexualforte.com\/index.php\/producto\/bathmate-hydromax-xtreme-x40\/","title":{"rendered":"Bathmate Hydromax Xtreme X40"},"content":{"rendered":"<h2>\u00bfQu\u00e9 es Bathmate Hydromax Xtrema X40?<\/h2>\n<p>Se trata de uno de los m\u00e1s potentes empujones en la gama de Bathmate Hydromax range. En concreto, X40 proviene de la misma patente global, pero en su versi\u00f3n mejorada por sus muchos y novedosos factores que lo hacen m\u00e1s potente, eficiente y c\u00f3modo en el uso. Esta bomba de mano da la sensaci\u00f3n de un bombeo m\u00e1s extremo m\u00e1s la manguera que conecta tal bomba con la v\u00e1lvula de liberaci\u00f3n, es decir, da una mayor facilidad a la hora de controlar la potencia de vac\u00edo. Aumenta la confianza en ti mismo. Coge la rutina y util\u00edzalo diariamente \u00a1Y alcanza una mayor medida de forma sencilla y eficiente!<\/p>\n<h2>\u00bfC\u00f3mo funciona?<\/h2>\n<p>Como cualquier otro dispositivo Bathmate, Xtreme X40 cuenta tambi\u00e9n con la tecnolog\u00eda hidro-bomba que utiliza b\u00e1sicamente el agua para crear vac\u00edo. Este vac\u00edo que se crea alrededor de tu pene, lo rodea de modo que potencia un mayor flujo de sangre y precipita este a la c\u00e1mara del pene. Esto se traduce en una mayor firmeza, alargamiento y dureza en tus erecciones . El uso continuo de esta bomba de agua aumenta el tama\u00f1o del buque , debido al aumento del flujo de sangre , que a su vez desencadena la formaci\u00f3n de nuevas c\u00e9lulas que conduce a la ampliaci\u00f3n del pene.<\/p>\n<h2>\u00bfC\u00f3mo utilizo Hydromax Xtreme X40?<\/h2>\n<p>Es muy f\u00e1cil de usar en la ducha y la ba\u00f1era. B\u00e1sicamente, llenando la ba\u00f1era de agua ( caliente o tibia ) s\u00f3lo tienes que relajarte y dejar un tiempo de al menos 5 minutos para permitir que el pene y los test\u00edculos se aflojen. Simplemente sumerja la bomba de agua y ll\u00e9nela por completo, y una vez est\u00e9 llena de agua inserte el pene en ella y ci\u00e9rrela herm\u00e9ticamente contra la pelvis. De ese modo, creas un vac\u00edo, y s\u00f3lo tienes que retirar Hydromax Xtreme X40 cada 5 minutos y masajear el miembro durante 30 segundos, y as\u00ed hasta llegar a los 1 minutos , que es el tiempo ideal para diariamente se convierta en rutina y obtengas los resultados deseados.<\/p>\n<h2>\u00bfQu\u00e9 incluye Bathmathe Hydromax Xtreme X40?<\/h2>\n<ul class=\"bluetick\">\n<li>\u00a0Bomba de agua para el pene Bathmate Hydromax Xtreme X40<\/li>\n<li>\u00a0Pera de mano y tubo<\/li>\n<li>\u00a0Amplia funda con cierre de seguridad<\/li>\n<li>\u00a0Escala de medici\u00f3n<\/li>\n<li>\u00a0Esponja de limpieza<\/li>\n<li>\u00a0Almohadilla para un m\u00e1ximo confort<\/li>\n<li>\u00a0Arn\u00e9s para el ba\u00f1o<\/li>\n<li>\u00a0Toalla Hydromax de algod\u00f3n<\/li>\n<li>\u00a0Lubricante<\/li>\n<li>\u00a0Instrucciones de uso<\/li>\n<\/ul>\n<h2>\u00bfQu\u00e9 resultados se obtienen con Bathmate Hydromax Xtreme X40?<\/h2>\n<p>Sentir\u00e1s un notable aumento del tama\u00f1o de tu pene, incluso \u00e9ste puede notarse tras usarlo por primera vez . Sin embargo , la ganancia es temporal . Para un incremento permanente de la longitud y circunferencia del pene debe iniciar una rutina regular y permanente, entonces, si que con el uso diario de Xtreme X40 , comprobar\u00e1 un aumento significativo en la longitud de su pene en una media de 6 semanas, El crecimiento de la circunferencia se da en un plazo algo m\u00e1s largo, de resultados obtenibles entre 1 y 3 meses.<\/p>\n<h2>\u00a1Un mecanismo sencillo y seguro!<\/h2>\n<p>Hydromax Xtreme X40 es completamente seguro y puede ser utilizado por cualquiera que simplemente desee incrementar el tama\u00f1o de su pene. Para lograr la m\u00e1xima garant\u00eda y seguridad , simplemente se aconseja que se sigan las pautas de seguridad establecidas en el manual de instrucciones . Ahora s\u00ed, por favor , abst\u00e9ngase del uso de \u00e9sta ha pasado por alguna intervenci\u00f3n quir\u00fargica de pr\u00f3stata o relativa al sexo masculino recientemente. Tambi\u00e9n es importante se\u00f1alar que la bomba , si se utiliza correctamente, no causa ning\u00fan tipo de dolor o malestar. Por lo tanto, si experimentas cualquier tipo de molestia durante su uso, mejor para y comienza de nuevo despu\u00e9s de un rato . Si tiene alguna duda acerca de su estado de salud , se recomienda que antes de utilizar Hydromax Xtreme X40, lo consultes con tu m\u00e9dico.<\/p>\n<h2>\u00bfC\u00f3mo solicito mi Xtreme X40?<\/h2>\n<p>\u00a1Muy f\u00e1cil! Obt\u00e9n tu Hydromax Xtreme X40 de forma segura y muy discreta. S\u00f3lo tienes que clicar en \u2018A\u00f1adir a la cesta\u2019 e ir\u00e1s directamente a la web de pago. Adem\u00e1s dispones de distintos m\u00e9todos de pago para que te sea m\u00e1s c\u00f3modo efectuar tu compra. Somos conscientes de la discreci\u00f3n de estos nuestros productos y por eso entregamos nuestros pedidos en paquetes sencillos y sin ning\u00fan tipo de etiqueta que nombre el producto o el sitio web en el que ha sido obtenido.<\/p>\n<p><img decoding=\"async\" loading=\"lazy\" src=\"https:\/\/www.potenciasexualforte.com\/uploads\/images\/Bathmate-Hercules-content.jpg\" alt=\"\" width=\"923\" height=\"804\" \/><\/p>\n","protected":false},"excerpt":{"rendered":"<p>\u00bfBuscas una mayor fuerza en tus erecciones y una mayor longitud de tu pene? \u00a1Est\u00e1s en el sitio indicado! Ya que si has o\u00eddo hablar de Bathmate Hydromax Xtreme X40 se debe a que conoces que, gracias a esta herramienta revolucionaria y popular muchos sujetos est\u00e1n consiguiendo sus prop\u00f3sitos sin tener que acudir a un centro de operaciones quir\u00fargicas. Bathmate Hydromax Xtreme est\u00e1 dise\u00f1ado para prolongar el tama\u00f1o de tu pene y sobre todo, pensado para responder a los objetivos placenteros y agradables para ti y tu pareja. Los efectos de un pene bien dotado ser\u00e1n equilibrados al tama\u00f1o del mismo, sin efectos secundarios. Y te preguntar\u00e1s, \u00bfCu\u00e1l es el secreto del de este alargador de pene? La respuesta est\u00e1 en los siguientes puntos:<\/p>\n<ul class=\"bluetick\">\n<li>\u00a0Posee un nuevo dise\u00f1o que lo hace m\u00e1s eficaz<\/li>\n<li>\u00a0Potencia mejorada<\/li>\n<li>\u00a0Con un 15% m\u00e1s largo que Bathmate Hydromax Xtreme X30<\/li>\n<li>\u00a0Perfecta para aquellos hombres que est\u00e9n bien dotados<\/li>\n<li>\u00a0Incorpora una pera de mano que har\u00e1 que notes una mayor presi\u00f3n<\/li>\n<li>\u00a0Ideal para utilizarlo a diario como parte de la rutina higi\u00e9nica<\/li>\n<li>\u00a0Incluye una escala de medici\u00f3n para que puedas hacer el seguimiento del proceso<\/li>\n<li>\u00a0Acompa\u00f1ado de un neceser para guardarlo de forma c\u00f3moda y segura<\/li>\n<li>\u00a0Incluye un conjunto de accesorios concebidos para potenciar el efecto alargador<\/li>\n<li>\u00a0Con capacidad m\u00e1xima para una erecci\u00f3n de hasta 4,3 cent\u00edmetros de largo y 3 cent\u00edmetros de grosor<\/li>\n<li>\u00a0Especialmente dise\u00f1ado para aumentar el rendimiento sexual y el tama\u00f1o del pene<\/li>\n<li>Con garant\u00eda de compra de 2 a\u00f1os y entrega en cuesti\u00f3n de d\u00edas<\/li>\n<\/ul>\n<p>Este producto, estudiado para posibilitar un alargamiento del pene de forma segura y eficaz, lo logra no s\u00f3lo a trav\u00e9s de su dise\u00f1o si no de los accesorios que lo componen. Por ello, Bathmate Hydromax Xtreme X40Y combina la diferenciaci\u00f3n de marca con su estilo y se distingue de ello de las dem\u00e1s bombas de agua. La novedosa versi\u00f3n de Bathmate Hydromax incorpora incluso un 15% m\u00e1s de alargamiento que la Xtreme X30, poni\u00e9ndose a un paso por delante del resto de alargadores de pene proporcionando \u00a1palpables resultados!<\/p>\n<p>&nbsp;<\/p>\n","protected":false},"featured_media":170,"comment_status":"open","ping_status":"closed","template":"","meta":[],"product_cat":[17],"product_tag":[],"_links":{"self":[{"href":"https:\/\/nutricionsexualforte.com\/index.php\/wp-json\/wp\/v2\/product\/133"}],"collection":[{"href":"https:\/\/nutricionsexualforte.com\/index.php\/wp-json\/wp\/v2\/product"}],"about":[{"href":"https:\/\/nutricionsexualforte.com\/index.php\/wp-json\/wp\/v2\/types\/product"}],"replies":[{"embeddable":true,"href":"https:\/\/nutricionsexualforte.com\/index.php\/wp-json\/wp\/v2\/comments?post=133"}],"wp:featuredmedia":[{"embeddable":true,"href":"https:\/\/nutricionsexualforte.com\/index.php\/wp-json\/wp\/v2\/media\/170"}],"wp:attachment":[{"href":"https:\/\/nutricionsexualforte.com\/index.php\/wp-json\/wp\/v2\/media?parent=133"}],"wp:term":[{"taxonomy":"product_cat","embeddable":true,"href":"https:\/\/nutricionsexualforte.com\/index.php\/wp-json\/wp\/v2\/product_cat?post=133"},{"taxonomy":"product_tag","embeddable":true,"href":"https:\/\/nutricionsexualforte.com\/index.php\/wp-json\/wp\/v2\/product_tag?post=133"}],"curies":[{"name":"wp","href":"https:\/\/api.w.org\/{rel}","templated":true}]}}