{"id":173,"date":"2023-09-01T18:41:57","date_gmt":"2023-09-01T16:41:57","guid":{"rendered":"https:\/\/nutricionsexualforte.com\/?post_type=product&#038;p=173"},"modified":"2023-09-01T18:41:57","modified_gmt":"2023-09-01T16:41:57","slug":"male-edge","status":"publish","type":"product","link":"https:\/\/nutricionsexualforte.com\/index.php\/producto\/male-edge\/","title":{"rendered":"Male Edge"},"content":{"rendered":"<h2>\u00bfC\u00f3mo funciona Male Edge?<\/h2>\n<p>Este dispositivo ha sido cl\u00ednicamente dise\u00f1ado para el tama\u00f1o de tu pene en un 28%. Esto es posible porque se aplica el principio f\u00edsico de la tracci\u00f3n. Cuando aplicas la tracci\u00f3n a una parte de tu cuerpo, lo que est\u00e1s haciendo es estirar de forma constante y duradera las c\u00e9lulas que componen el tejido de esa parte de tu cuerpo. Despu\u00e9s de un tiempo esas c\u00e9lulas estiradas acaban generando m\u00e1s c\u00e9lulas, as\u00ed sucesivamente. Por eso cada vez tienes m\u00e1s tejido en esa parte tu cuerpo. Es la manera en la que consigues agrandar tu pene.<\/p>\n<h2>F\u00e1cil de usar<\/h2>\n<p>Este extensor es de f\u00e1cil funcionamiento y lo m\u00e1s importante no produce dolor. Por eso, solo tendr\u00e1s que pon\u00e9rtelo y podr\u00e1s llevarlo para ir a trabajar, para salir o si te es m\u00e1s c\u00f3modo \u00fasalo en casa y por la noche. Como prefieras.<\/p>\n<ul class=\"bluetick\">\n<li>Colocar el pene dentro del anillo para que quede alrededor de la base del pene.<\/li>\n<li>Disp\u00f3n las tiras de goma detr\u00e1s del glande del pene.<\/li>\n<li>Cuando sientas que est\u00e1s c\u00f3modo, ajusta las barras laterales al tama\u00f1o del pene girando las barras hasta llegar a la longitud deseada.<\/li>\n<li>Levantar las barras hacia arriba y fijar la pieza frontal firmemente hasta escuchar un clic.<\/li>\n<li>Puede aumentar la presi\u00f3n tirando de las barras con tu dedos con especial cuidado y el dispositivo ya estar\u00e1 listo.<\/li>\n<\/ul>\n<h2>\u00bfCu\u00e1nto debo esperar para tener resultados?<\/h2>\n<p>Ser\u00e1 un proceso evolutivo, normalmente estos son los resultados aproximados que podr\u00e1s obtener:<\/p>\n<ul class=\"bluetick\">\n<li>Aumento del 9% en 2 meses<\/li>\n<li>Aumento del 15% en 3 meses<\/li>\n<li>Aumento del 21% en 5 meses<\/li>\n<li>Aumento del 28% en 6 meses<\/li>\n<\/ul>\n<h2>\u00bfCu\u00e1ndo usar Male Edge?<\/h2>\n<p>Al ser indoloro podr\u00e1s usarlo cuando prefieras, no tienes que estar en casa para llevarlo puesto. Puedes salir a la calle con normalidad, nadie notar\u00e1 nada. Debido a su tecnolog\u00eda avanzada no es necesario usarlo durante muchas horas seguidas para conseguir buenos resultados.<\/p>\n<h2>\u00bfPuedo sufrir efectos secundarios?<\/h2>\n<p>El extensor de pene Male Edge es completamente seguro. Ha superado todas las pruebas y test de calidad. Adem\u00e1s puedes usarlo cualquiera que sea el tama\u00f1o de tu pene.<\/p>\n<p>No tendr\u00e1s efectos secundarios y los cent\u00edmetros de m\u00e1s en tu pene ser\u00e1n permanentes.<\/p>\n","protected":false},"excerpt":{"rendered":"<p><strong>Male Edge<\/strong>\u00a0es un dispositivo extensor de pene innovador con el que podr\u00e1s aumentar la longitud y el grosor de tu pene. Us\u00e1ndose por largos periodos de tiempo har\u00e1 que sus resultados sean mejores. Male Edge est\u00e1 dise\u00f1ado para ayudar a todos aquellos que quieran tener un pene m\u00e1s grande sin pasar por el quir\u00f3fano, sin dolor y sin molestias.<\/p>\n<ul class=\"bluetick\">\n<li>Dise\u00f1ado pensando en la comodidad<\/li>\n<li>Ayuda a obtener un mayor tama\u00f1o<\/li>\n<li>C\u00f3modo y discreto de llevar debajo de la ropa<\/li>\n<li>Puede ser usado por largos periodos de tiempo<\/li>\n<li>Cl\u00ednicamente probado<\/li>\n<li>No causa dolor ni molestias<\/li>\n<li>Resultados permanentes<\/li>\n<li>Ayuda a conseguir erecciones m\u00e1s potentes<\/li>\n<li>Es una cura a la enfermedad de Peyronie<\/li>\n<\/ul>\n<p>&nbsp;<\/p>\n","protected":false},"featured_media":174,"comment_status":"open","ping_status":"closed","template":"","meta":[],"product_cat":[17],"product_tag":[],"_links":{"self":[{"href":"https:\/\/nutricionsexualforte.com\/index.php\/wp-json\/wp\/v2\/product\/173"}],"collection":[{"href":"https:\/\/nutricionsexualforte.com\/index.php\/wp-json\/wp\/v2\/product"}],"about":[{"href":"https:\/\/nutricionsexualforte.com\/index.php\/wp-json\/wp\/v2\/types\/product"}],"replies":[{"embeddable":true,"href":"https:\/\/nutricionsexualforte.com\/index.php\/wp-json\/wp\/v2\/comments?post=173"}],"wp:featuredmedia":[{"embeddable":true,"href":"https:\/\/nutricionsexualforte.com\/index.php\/wp-json\/wp\/v2\/media\/174"}],"wp:attachment":[{"href":"https:\/\/nutricionsexualforte.com\/index.php\/wp-json\/wp\/v2\/media?parent=173"}],"wp:term":[{"taxonomy":"product_cat","embeddable":true,"href":"https:\/\/nutricionsexualforte.com\/index.php\/wp-json\/wp\/v2\/product_cat?post=173"},{"taxonomy":"product_tag","embeddable":true,"href":"https:\/\/nutricionsexualforte.com\/index.php\/wp-json\/wp\/v2\/product_tag?post=173"}],"curies":[{"name":"wp","href":"https:\/\/api.w.org\/{rel}","templated":true}]}}