{"id":204,"date":"2023-09-01T19:07:02","date_gmt":"2023-09-01T17:07:02","guid":{"rendered":"https:\/\/nutricionsexualforte.com\/?post_type=product&#038;p=204"},"modified":"2024-03-18T04:47:03","modified_gmt":"2024-03-18T03:47:03","slug":"herberex","status":"publish","type":"product","link":"https:\/\/nutricionsexualforte.com\/index.php\/producto\/herberex\/","title":{"rendered":"Herberex"},"content":{"rendered":"<p>HERBEREX son c\u00e1psulas 100% naturales\u00a0que no necesitan receta m\u00e9dica,\u00a0obtendr\u00e1:<\/p>\n<ul>\n<li>Sexo seguro.<\/li>\n<li>Saludable.<\/li>\n<li>Eficaz.<\/li>\n<\/ul>\n<p>Herberex es un suplemento a base de hierbas que mejora el sexo masculino y femenino formulado para restaurar la salud er\u00e9ctil. Herberex funciona como un afrodis\u00edaco natural que aumenta la excitaci\u00f3n y est\u00e1 dise\u00f1ado para ayudar a los hombres a experimentar estimulaci\u00f3n er\u00e9ctil. Esta f\u00f3rmula herbal permite a hombres y mujeres a disfrutar el aumento de la libido, la resistencia, y el funcionamiento sexual en curso, sin efectos secundarios negativos.<\/p>\n<p>Herberex no requiere receta m\u00e9dica y no repercuta negativamente en otros suplementos t\u00edpicamente consumidos por los culturistas y deportistas. HerberexcontieneTongkat Ali, CordycepsSinensis, Asia Panax Ginseng Root, y brevicornumEpimedium.Herberex aumenta el flujo sangu\u00edneo, la estimulaci\u00f3n del nervio, relajaci\u00f3n muscular, aumento de \u00f3xido n\u00edtrico y la producci\u00f3n de testosterona. Para garantizar la seguridad y la calidad, Herberex se fabrica en una planta certificada GMP.<\/p>\n<p>El programa de certificaci\u00f3n GMP se basa en inspecciones y auditor\u00edas de terceros integral. Este programa asegura que el proceso de formulaci\u00f3n es revisada por la seguridad y la calidad durante la fabricaci\u00f3n ..Herberex ha sido ampliamente probado y negativo para todos los an\u00e1logos, incluyendo la PDE-5 pruebas.<br \/>\nHerberex es verdaderamente una alternativa natural de la salud consciente para la disfunci\u00f3n er\u00e9ctil impotencia tradicional y los productos farmac\u00e9uticos.<\/p>\n<p>Esto no es una estafa, al igual que algunos de los productos prohibidos por la FDA que encuentre flotando alrededor de la Internet! Sin trucos, sin facturaci\u00f3n recurrente, NO env\u00edo autom\u00e1tico de spam, NO,.Herberex mantiene toda su informaci\u00f3n confidencial y no distribuir su direcci\u00f3n de env\u00edo o informaci\u00f3n de facturaci\u00f3n a ninguna otra organizaci\u00f3n. Honramos a todos nuestros clientes necesitan para la privacidad.<\/p>\n<p>&#8220;Herberex est\u00e1 dise\u00f1ado para durar potencialmente hasta 72 horas, pero lo suficientemente suave como para tener al d\u00eda. Como suplemento a base de hierbas, Herberex est\u00e1 disponible sin receta m\u00e9dica.<\/p>\n<p>Beneficios de herberex<\/p>\n<ul>\n<li>Funci\u00f3n Er\u00e9ctil en curso<\/li>\n<li>Aumento de la libido<\/li>\n<li>Peak Performance Sexual<\/li>\n<li>Resistencia mejorada y longevidad<\/li>\n<li>La creencia en aumento de la producci\u00f3n de testosterona<\/li>\n<li>La creencia en el recuento mejorada de espermatozoides, Salud y Movilidad<\/li>\n<li>Una sensaci\u00f3n de escalada autoestima, confianza y coraje<\/li>\n<li>Un sentido de la reducci\u00f3n del estr\u00e9s *<\/li>\n<\/ul>\n<h2>Recomendada para personas que padecen de hipertensi\u00f3n<\/h2>\n<p>Con Herberex puedes disfrutar de todos los beneficios posibles sin los efectos secundarios negativos. Herberex est\u00e1 formulado para durar hasta 72 horas, pero lo suficientemente suave como para tener al d\u00eda.<\/p>\n<p>La mayor\u00eda de los usuarios no experimentan los efectos previstos de Herberex hasta participar en la actividad sexual.<br \/>\nHerberex por ser un producto natural, tambien puede ser ser consumida por personas que sufren de hipertensi\u00f3n.<\/p>\n<h2>Ingredientes<\/h2>\n<p>Herberex est\u00e1 seleccionado con ingredientes de alta calidad de los proveedores l\u00edderes a nivel mundial. Lo que separa a los ingredientes de la competencia son t\u00e9cnicas patentadas, las tecnolog\u00edas innovadoras de extracci\u00f3n, la normalizaci\u00f3n y la cosecha que producen una mayor biodisponibilidad y consistencia en cada lote.<\/p>\n","protected":false},"excerpt":{"rendered":"<p>Herberex es una p\u00edldora segura, eficaz, cient\u00edficamente formulada, natural que suple los nutrientes sexuales beneficiosos que usted no encuentra en su dieta diaria. Formulado especialmente para hipertensos.<\/p>\n","protected":false},"featured_media":205,"comment_status":"open","ping_status":"closed","template":"","meta":[],"product_cat":[18],"product_tag":[],"_links":{"self":[{"href":"https:\/\/nutricionsexualforte.com\/index.php\/wp-json\/wp\/v2\/product\/204"}],"collection":[{"href":"https:\/\/nutricionsexualforte.com\/index.php\/wp-json\/wp\/v2\/product"}],"about":[{"href":"https:\/\/nutricionsexualforte.com\/index.php\/wp-json\/wp\/v2\/types\/product"}],"replies":[{"embeddable":true,"href":"https:\/\/nutricionsexualforte.com\/index.php\/wp-json\/wp\/v2\/comments?post=204"}],"wp:featuredmedia":[{"embeddable":true,"href":"https:\/\/nutricionsexualforte.com\/index.php\/wp-json\/wp\/v2\/media\/205"}],"wp:attachment":[{"href":"https:\/\/nutricionsexualforte.com\/index.php\/wp-json\/wp\/v2\/media?parent=204"}],"wp:term":[{"taxonomy":"product_cat","embeddable":true,"href":"https:\/\/nutricionsexualforte.com\/index.php\/wp-json\/wp\/v2\/product_cat?post=204"},{"taxonomy":"product_tag","embeddable":true,"href":"https:\/\/nutricionsexualforte.com\/index.php\/wp-json\/wp\/v2\/product_tag?post=204"}],"curies":[{"name":"wp","href":"https:\/\/api.w.org\/{rel}","templated":true}]}}