{"id":208,"date":"2023-09-01T19:09:54","date_gmt":"2023-09-01T17:09:54","guid":{"rendered":"https:\/\/nutricionsexualforte.com\/?post_type=product&#038;p=208"},"modified":"2023-09-01T19:09:54","modified_gmt":"2023-09-01T17:09:54","slug":"vigaplus","status":"publish","type":"product","link":"https:\/\/nutricionsexualforte.com\/index.php\/producto\/vigaplus\/","title":{"rendered":"VigaPlus\u2122"},"content":{"rendered":"<h2 class=\"bluebold3\" align=\"justify\">\u00bfC\u00f3mo funciona VigaPlus\u2122?<\/h2>\n<p class=\"bodytext\" align=\"justify\">VigaPlus\u2122 trabaja con el mismo principio que la VIAGRA, CIALISIS y la LEVITRA.<\/p>\n<p class=\"bodytext\" align=\"justify\">Trabaja, aumentando el nivel de \u00f3xido N\u00edtrico en el plasma sangu\u00edneo, que hace que los m\u00fasculos se relajen llevando a la vasodilataci\u00f3n de la arterias del pene y por lo tanto, a la erecci\u00f3n.<\/p>\n<h2 class=\"bodytext\" align=\"justify\">Explicaci\u00f3n Cient\u00edfica:<\/h2>\n<p class=\"bodytext\" align=\"justify\">El NO es producido por el amino\u00e1cido L-arginina mediante la acci\u00f3n enzim\u00e1tica de la \u00f3xido n\u00edtrico sintasa (NOS). Existen 2 formas endoteliales de NOS: Nos constitutivo (cNOS; tipo III) y NOS inducible (iNOS; tipo II). Bajo unas condiciones basales normales en los vasos sangu\u00edneos, el NO es continuamente producido por el cNos. Cuando se forma el NO, tiene una vida media de unos pocos segundos, en gran medida ya que el ani\u00f3n super\u00f3xido tiene una alta afinidad por el NO (ambas mol\u00e9culas tienen un electr\u00f3n separado haci\u00e9ndolos realmente radiactivos). Por lo tanto, el ani\u00f3n super\u00f3xido reduce la biodisponibilidad del NO. El NO tambi\u00e9n se somete a la fricci\u00f3n de la hemoglobina (en las c\u00e9lulas sangu\u00edneas rojas) y a la fricci\u00f3n de la enzima guanylyl cyclase, que se encuentra las c\u00e9lulas del m\u00fasculo liso vascular y en la mayor\u00eda de las otras c\u00e9lulas del cuerpo. Por lo tanto, cuando se forma el NO, se difumina r\u00e1pidamente en la sangre donde se mezcla con la hemoglobina y posteriormente se descompone. Tambi\u00e9n se difumina las c\u00e9lulas del m\u00fasculo vascular liso adyacentes al endotelio (endothelium) donde se combina y activa la enzima guanylyl cyclase. Esta enzima cataliza la defosforilaci\u00f3n del GTP a la GMPc, que sirve como segundo mensajero para muchas funciones celulares importantes, particularmente para la se\u00f1alizar la relajaci\u00f3n del m\u00fasculo liso.<\/p>\n<p class=\"bodytext\" align=\"justify\">El GMP C\u00edclico (Guanos\u00edn monofosfato C\u00edclico) induce la relajaci\u00f3n del m\u00fasculo liso mediante m\u00faltiples mecanismos incluyendo:<\/p>\n<table class=\"bodytext\" border=\"0\" cellspacing=\"0\" cellpadding=\"7\" align=\"center\">\n<tbody>\n<tr>\n<td bgcolor=\"#f5f5f5\"><strong>1.\u00a0<\/strong>Aumento intracelular de la GMPc, que inhibe la entrada de calcio en la c\u00e9lula, y disminuye las concentraciones intracelulares<br \/>\n<strong>2.<\/strong>\u00a0Activa los canales K+, lo que lleva a la hiperpolarizaci\u00f3n y relajaci\u00f3n<br \/>\n<strong>3.<\/strong>\u00a0Estimula una prote\u00edna quinase dependiente de la GMPc que activa la fosfata de miosina de cadena ligera, la enzima que defosforila la miosina de cadena ligera, que permite al m\u00fasculo liso la relajaci\u00f3n.<\/td>\n<\/tr>\n<\/tbody>\n<\/table>\n<p class=\"bodytext\" align=\"justify\">\nDebido al papel central de la GMPc en la vasodilataci\u00f3n mediada por el NO, en los medicamentos (como la ViagraViagra\u00ae , VigaPlus\u2122) que inhiba la descomposici\u00f3n de la GMPc(inhibidores de fosfodiesterasa dependiente de NO) son usados para incrementar la vasodilataci\u00f3n mediada por el NO, particularmente en el tema penil er\u00e9ctil en el tratamiento de la disfunci\u00f3n er\u00e9ctil.<\/p>\n<p class=\"bodytext\" align=\"justify\">Para ayudarte a entender esto mejor, por favor ay\u00fadate de los siguientes diagramas que nos ayudar\u00e1n a explicarlo mejor.<\/p>\n<p>El pene consta de dos cilindros emparejados llamados la Corpora Cavernosa, que al excitarse, se expande y se llena de sangre creando la dureza de la erecci\u00f3n.<\/p>\n<p>En los hombres impotentes la capacidad er\u00e9ctil de la Corpora Cavernosa disminuye o llega a cero debido a una variedad de razones tales como la vasoconstricci\u00f3n de las arterias para proporcionarle sangre, la inhibici\u00f3n de GMPc causando que los m\u00fasculos lisos de alrededor de las arterias se mantengan constantemente contra\u00eddos o el fallo sistem\u00e1tico del hipot\u00e1lamo o la liberaci\u00f3n de se\u00f1ales parasint\u00e9ticas del centro de placer del cerebro. VigaPlus\u2122 contrarresta esto a trav\u00e9s del uso de sus ingredientes clave, la L-Arginina y la Maca que activan la producci\u00f3n de NO en el plasma sangu\u00edneo y restringen cualquier inhibici\u00f3n de GMPc, causando la vasodilataci\u00f3n en las arterias del peniles y la relajaci\u00f3n muscular de los m\u00fasculos lisos, provocando un flujo sangu\u00edneo sencillo en la Corpora Cavernosa, que una vez completa de sangre causa una erecci\u00f3n instant\u00e1nea.<\/p>\n","protected":false},"excerpt":{"rendered":"<p>Durante diez a\u00f1os VigaPlus\u2122 ha cambiado la vida sexual de millones de hombres en el mundo entero, y los beneficios son claros:<\/p>\n<h2>Benef\u00edcios:<\/h2>\n<ul>\n<li>estimula la funci\u00f3n er\u00e9ctil del pene con unas ereciones m\u00e1s firmes y duraderas.<\/li>\n<li>intensifica el placer asi como el apetito sexual y el l\u00edbido<\/li>\n<li>aumenta la resistencia sexual<\/li>\n<\/ul>\n<p>&nbsp;<\/p>\n","protected":false},"featured_media":209,"comment_status":"open","ping_status":"closed","template":"","meta":[],"product_cat":[18],"product_tag":[],"_links":{"self":[{"href":"https:\/\/nutricionsexualforte.com\/index.php\/wp-json\/wp\/v2\/product\/208"}],"collection":[{"href":"https:\/\/nutricionsexualforte.com\/index.php\/wp-json\/wp\/v2\/product"}],"about":[{"href":"https:\/\/nutricionsexualforte.com\/index.php\/wp-json\/wp\/v2\/types\/product"}],"replies":[{"embeddable":true,"href":"https:\/\/nutricionsexualforte.com\/index.php\/wp-json\/wp\/v2\/comments?post=208"}],"wp:featuredmedia":[{"embeddable":true,"href":"https:\/\/nutricionsexualforte.com\/index.php\/wp-json\/wp\/v2\/media\/209"}],"wp:attachment":[{"href":"https:\/\/nutricionsexualforte.com\/index.php\/wp-json\/wp\/v2\/media?parent=208"}],"wp:term":[{"taxonomy":"product_cat","embeddable":true,"href":"https:\/\/nutricionsexualforte.com\/index.php\/wp-json\/wp\/v2\/product_cat?post=208"},{"taxonomy":"product_tag","embeddable":true,"href":"https:\/\/nutricionsexualforte.com\/index.php\/wp-json\/wp\/v2\/product_tag?post=208"}],"curies":[{"name":"wp","href":"https:\/\/api.w.org\/{rel}","templated":true}]}}