{"id":217,"date":"2023-09-01T19:20:24","date_gmt":"2023-09-01T17:20:24","guid":{"rendered":"https:\/\/nutricionsexualforte.com\/?post_type=product&#038;p=217"},"modified":"2023-11-03T21:06:05","modified_gmt":"2023-11-03T20:06:05","slug":"peso-block-lipo-slim","status":"publish","type":"product","link":"https:\/\/nutricionsexualforte.com\/index.php\/producto\/peso-block-lipo-slim\/","title":{"rendered":"Peso Block\u00ae Lipo Slim"},"content":{"rendered":"<div class=\"cell\">\n<div class=\"long-description__two-columns grid-x grid-margin-x\" data-equalizer=\"3psvnu-equalizer\" data-equalize-on=\"medium\" data-resize=\"eijcnh-eq\" data-mutate=\"859sfw-eq\">\n<div class=\"cell medium-6\">\n<div data-equalizer-watch=\"\">\n<h1 class=\"single-product__title\">PESO BLOCK LIPO SLIM<\/h1>\n<div class=\"single-product__description\">\n<p><strong>Peso Block\u00ae Lipo Slim: quema grasa para adelgazar<\/strong>\u00a0espec\u00edficamente equilibrado para aumentar tu eficiencia en la transformaci\u00f3n de la grasa en energ\u00eda + prevenci\u00f3n del crecimiento de c\u00e9lulas grasas.<\/p>\n<p><strong>Resultados conseguidos<\/strong>:<\/p>\n<ul>\n<li>m\u00e1s del 87% de los clientes entrevistados confirma que ha podido \u00abadelgazar m\u00e1s r\u00e1pido gracias a Lipo Slim\u00bb<\/li>\n<li>m\u00e1s del 82% que nota \u00abmenos hambre y come menos\u00bb<\/li>\n<li>mas de 70% que \u00abquema grasas mejor y m\u00e1s que antes\u00bb<\/li>\n<\/ul>\n<p><strong>Se\u00f1ales: grasa acumulada en zonas dif\u00edciles<\/strong>\u00a0de adelgazar, ralentizaci\u00f3n del metabolismo de las grasas, celulitis, hinchaz\u00f3n, dificultad para reducir la cantidad de comida ingerida.<\/p>\n<\/div>\n<p class=\"single-product__section-1-lead\">120 c\u00e1psulas &#8211; suficiente para 2 meses de uso<\/p>\n<\/div>\n<div class=\"long-description__column\" data-equalizer-watch=\"\"><img decoding=\"async\" loading=\"lazy\" class=\"long-description__image\" title=\"\" src=\"https:\/\/kinier-organics.es\/wp-content\/uploads\/2020\/12\/quemagrasas-eficaz-pastillas.jpg\" alt=\"\" width=\"650\" height=\"680\" \/><\/div>\n<\/div>\n<div class=\"cell medium-6\">\n<div class=\"long-description__column\" data-equalizer-watch=\"\">\n<div class=\"long-description__text\">\n<h2><strong>QUEMAGRASAS N\u00b01\u00a0<\/strong><\/h2>\n<p><strong>QUEMAR &amp; ADELGAZAR:<\/strong>\u00a0todos los estudiosos coinciden en que una variable fundamental cuando el objetivo es adelgazar es la eficiencia de nuestro organismo en descomponer las mol\u00e9culas de grasa y utilizarlas como fuente de energ\u00eda.\u00a0\u00a1LIPO SLIM acelera el metabolismo de las grasas y su conversi\u00f3n en energ\u00eda=te hace adelgazar!<\/p>\n<p><strong>GENERAR MENOS CALOR\u00cdAS:<\/strong>\u00a0los alimentos ingeridos vienen asimilados y utilizados para producir color\u00edas.\u00a0 Nuestro adelgazante est\u00e1 equilibrado para\u00a0reducir el hambre y asimilar menos = perder\u00e1s a\u00fan m\u00e1s peso!<\/p>\n<p><strong>EXPULSAR L\u00cdQUIDOS Y TOXINAS:<\/strong>\u00a0acci\u00f3n drenante significa combatir la retenci\u00f3n de l\u00edquidos y promover la expulsi\u00f3n de toxinas, responsables de celulitis y sensaci\u00f3n de pesadez en las piernas.\u00a0Con LIPO SLIM te ver\u00e1s en forma y expulsar\u00e1s sustancias nocivas de tu cuerpo.<\/p>\n<p><strong>PERDER PESO SIN EFECTO YO-YO:<\/strong>\u00a0el nuestro es un suplemento seguro, cuya composici\u00f3n se basa en los resultados de investigaciones cient\u00edficas relevantes. Te ayudar\u00e1 a\u00a0alcanzar el peso deseado y a mantenerlo sin sufrir el efecto yo yo\u00a0que hace in\u00fatiles tus sacrificios a largo plazo.<\/p>\n<\/div>\n<\/div>\n<\/div>\n<\/div>\n<\/div>\n<div class=\"cell\">\n<div class=\"long-description__column long-description__one-column\">\n<div class=\"long-description__text\">\n<p>* Peso Block es un complemento alimenticio recomendado en combinaci\u00f3n con dieta y movimiento para una p\u00e9rdida de peso real, progresiva y sostenible.<\/p>\n<div class=\"cell large-6\">\n<ul class=\"single-product__reasons-list\">\n<li>Mayor eficiencia en quemar grasas y para convertir los mismos en energ\u00eda<\/li>\n<li>Ayuda a descomponer los dep\u00f3sitos de l\u00edpidos en las zonas m\u00e1s dif\u00edciles como el vientre, el abdomen, las nalgas y los muslos<\/li>\n<li>Reduce la absorci\u00f3n de nutrientes, lo que le permite asimilar menos de los alimentos y producir menos calor\u00edas<\/li>\n<li>Ayuda a reducir el apetito, a sentir menos la necesidad de comer y por tanto a seguir tu dieta con menos dificultad<\/li>\n<li>No contiene sustancias farmacol\u00f3gicas y est\u00e1 formulado con ingredientes seguros, utilizados y estudiados internacionalmente<\/li>\n<li>Acelera los resultados de la dieta y el movimiento al facilitar la p\u00e9rdida de peso, ayuda a adelgazar<\/li>\n<li>Producido, empaquetado y controlado en Europa por los laboratorios Bio e Iso22000 para total seguridad<\/li>\n<li>Excepcional para adelgazar y mantener un nivel de energ\u00eda constante y correcto<\/li>\n<li>Siempre elegimos para ti solo la m\u00e1s alta calidad, los mejores ingredientes y los procesos de producci\u00f3n m\u00e1s seguros<\/li>\n<li>Formulado y producido en Europa, sin\u00f3nimo de innovaci\u00f3n, seguridad, eficacia. \u00a1Conf\u00eda en la experiencia!<\/li>\n<\/ul>\n<div class=\"grid-x align-middle show-for-large\">\n<div class=\"cell large-7 xxlarge-6\">\n<div class=\"text-certificate\">\n<p>NOTIFICADO EN ESPA\u00d1A COMO SUPLEMENTO EN AECOSAN<\/p>\n<p>FORMULADO ESPEC\u00cdFICAMENTE PARA LA REDUCCI\u00d3N Y EL CONTROL DEL PESO CORPORAL<\/p>\n<\/div>\n<\/div>\n<div class=\"cell large-5 xlarge-4 xlarge-offset-1 xxlarge-offset-1\"><img decoding=\"async\" class=\"wp-image ministerio-image\" src=\"https:\/\/kinier-organics.es\/wp-content\/uploads\/2020\/12\/aecosan.jpg\" alt=\"complemento alimenticio aecosan\" \/><\/div>\n<\/div>\n<\/div>\n<div class=\"cell large-6\"><img decoding=\"async\" loading=\"lazy\" class=\"attachment-full size-full\" title=\"\" src=\"https:\/\/kinier-organics.es\/wp-content\/uploads\/2021\/01\/fondo-700x700psd.jpg\" alt=\"\" width=\"700\" height=\"700\" \/><\/div>\n<div>\n<h1 class=\"single-product__title\">PESO BLOCK LIPO SLIM<\/h1>\n<div class=\"single-product__description\"><\/div>\n<p class=\"single-product__section-1-lead\">\n<\/div>\n<\/div>\n<\/div>\n<\/div>\n","protected":false},"excerpt":{"rendered":"<p>SKU: Peso Black Lipo Slim<\/p>\n<ul>\n<li>m\u00e1s del 87% de los clientes entrevistados confirma que ha podido \u00abadelgazar m\u00e1s r\u00e1pido gracias a Lipo Slim\u00bb<\/li>\n<li>m\u00e1s del 82% que nota \u00abmenos hambre y come menos\u00bb<\/li>\n<li>mas de 70% que \u00abquema grasas mejor y m\u00e1s que antes\u00bb<\/li>\n<li>120 c\u00e1psulas &#8211; suficiente para 2 meses de uso<\/li>\n<\/ul>\n","protected":false},"featured_media":872,"comment_status":"open","ping_status":"closed","template":"","meta":[],"product_cat":[22],"product_tag":[],"_links":{"self":[{"href":"https:\/\/nutricionsexualforte.com\/index.php\/wp-json\/wp\/v2\/product\/217"}],"collection":[{"href":"https:\/\/nutricionsexualforte.com\/index.php\/wp-json\/wp\/v2\/product"}],"about":[{"href":"https:\/\/nutricionsexualforte.com\/index.php\/wp-json\/wp\/v2\/types\/product"}],"replies":[{"embeddable":true,"href":"https:\/\/nutricionsexualforte.com\/index.php\/wp-json\/wp\/v2\/comments?post=217"}],"wp:featuredmedia":[{"embeddable":true,"href":"https:\/\/nutricionsexualforte.com\/index.php\/wp-json\/wp\/v2\/media\/872"}],"wp:attachment":[{"href":"https:\/\/nutricionsexualforte.com\/index.php\/wp-json\/wp\/v2\/media?parent=217"}],"wp:term":[{"taxonomy":"product_cat","embeddable":true,"href":"https:\/\/nutricionsexualforte.com\/index.php\/wp-json\/wp\/v2\/product_cat?post=217"},{"taxonomy":"product_tag","embeddable":true,"href":"https:\/\/nutricionsexualforte.com\/index.php\/wp-json\/wp\/v2\/product_tag?post=217"}],"curies":[{"name":"wp","href":"https:\/\/api.w.org\/{rel}","templated":true}]}}