{"id":221,"date":"2023-09-01T19:22:11","date_gmt":"2023-09-01T17:22:11","guid":{"rendered":"https:\/\/nutricionsexualforte.com\/?post_type=product&#038;p=221"},"modified":"2024-03-18T05:03:46","modified_gmt":"2024-03-18T04:03:46","slug":"semenax-90-cpls","status":"publish","type":"product","link":"https:\/\/nutricionsexualforte.com\/index.php\/producto\/semenax-90-cpls\/","title":{"rendered":"Semenax 90 cpls"},"content":{"rendered":"<h2>\u00bfQu\u00e9 es Semenax?<\/h2>\n<p>Semenax son unas pastillas creadas y recomendadas por doctores compuestas por una combinaci\u00f3n de amino\u00e1cidos que aumentan el volumen y la calidad del semen. Llegar\u00e1s a eyacular hasta un 500% m\u00e1s de semen.<\/p>\n<p>Pero Semenax tambi\u00e9n aumentar\u00e1 la motilidad de tus espermatozoides, \u00e9stos ser\u00e1n m\u00e1s activos y se mover\u00e1n m\u00e1s. Ser\u00e1 m\u00e1s f\u00e1cil que consigan fecundar el \u00f3vulo. Por esta raz\u00f3n Semenax est\u00e1 recomendado para aquellos hombres que quieran mejorar su fertilidad y para todos aquellos que quieran aumentar el volumen de su esperma.<\/p>\n<h2>\u00bfPor qu\u00e9 tendr\u00e9 mejores orgasmos?<\/h2>\n<p>En la mayor\u00eda de los casos, en el hombre, eyaculaci\u00f3n y orgasmo son consecuencia el uno del otro. Cuando se produce el orgasmo la reacci\u00f3n del cuerpo es eyacular, y esto lo consiguen los m\u00fasculos del pene contray\u00e9ndose en peque\u00f1os espasmos hasta que todo el semen se ha expulsado. Si tenemos m\u00e1s semen la cantidad de contracciones de los m\u00fasculos ser\u00e1 mayor y por tanto los orgasmos tambi\u00e9n ser\u00e1n m\u00e1s largos.<\/p>\n<h2>\u00bfPor qu\u00e9 ser\u00e9 m\u00e1s f\u00e9rtil?<\/h2>\n<p>Porque Semenax no s\u00f3lo aumenta el volumen de semen, tambi\u00e9n ayuda con la calidad. Semenax mejora la motilidad del esperma y la cantidad de espermatozoides ser\u00e1 mayor. Por eso est\u00e1 recomendado para aquellas parejas que est\u00e9n buscando un embarazo.<\/p>\n<h2>\u00bfTiene alg\u00fan efecto secundario?<\/h2>\n<p>No. Semenax est\u00e1 formulado con ingredientes totalmente naturales. No s\u00f3lo no tendr\u00e1s ning\u00fan efecto negativo sino que los amino\u00e1cidos que lo componen ayudan a mejorar la circulaci\u00f3n sangu\u00ednea en el aparato reproductor.<\/p>\n<h2>\u00bfQu\u00e9 dosis es la m\u00e1s efectiva?<\/h2>\n<p>El fabricante recomienda 4 pastillas al d\u00eda, durante las comidas. No es necesario aumentar la dosis ya que no aumentar\u00eda su eficacia.<\/p>\n<p>Los primeros efectos se pueden sentir durante las primeras semanas de tratamiento, pero con el uso prolongado de Semenax ser\u00e1 cuando el incremento del volumen del semen y su calidad sea mejor. Adem\u00e1s mejorar\u00e1n tus orgasmos y potencia sexual.<\/p>\n<h2>Ingredientes de Semenax<\/h2>\n<p>Vitamina E (como acetato de dl-tocoferol) 60IU, Zinc Aspartato (30 mg), Ra\u00edz Butea Superba (500 mg), L-Carnitina (500mg), Ra\u00edz Maca (400 mg), Extracto de corteza de pino (300 mg), L-Arginina HCI (250mg) , L-Lisina (250 mg), Catuaba (200mg), Hoja Epimedium sagittatum (150 mg), Muira Puama (100mg), Hawthorne (50 mg), Tribulus Terrestris (50mg), Extracto de Avena Sativa (50mg), Zarzaparrilla (50 mg), Flor sueca (50 mg), Semilla de calabaza (30mg), Celulosa, Gelatina, Estearato vegetal y Di\u00f3xido de silicona.<\/p>\n","protected":false},"excerpt":{"rendered":"<p>SKU: Semenax<\/p>\n<p>El complemento Semenax es un eficaz producto para aumentar el volumen de tu semen. Si buscas m\u00e1s cantidad de semen y mayor fertilidad Semenax es tu producto.<\/p>\n<ul class=\"bluetick\">\n<li>Aumenta el volumen del semen<\/li>\n<li>Aumenta la motilidad de tus espermatozoides<\/li>\n<li>Obtendr\u00e1s orgasmos m\u00e1s largos e intensos<\/li>\n<li>Mejora la salud cardiovascular<\/li>\n<li>Mejora la circulaci\u00f3n de la pr\u00f3stata<\/li>\n<li>Recomendado por m\u00e9dicos<\/li>\n<\/ul>\n<p>Comienza a utilizar Semenax hoy mismo y disfruta de una mejor vida sexual con mejores orgasmos, mayor volumen de semen y m\u00e1s espermatozoides que te har\u00e1n m\u00e1s f\u00e9rtil.<\/p>\n<p>&nbsp;<\/p>\n","protected":false},"featured_media":833,"comment_status":"open","ping_status":"closed","template":"","meta":[],"product_cat":[20,18,21],"product_tag":[],"_links":{"self":[{"href":"https:\/\/nutricionsexualforte.com\/index.php\/wp-json\/wp\/v2\/product\/221"}],"collection":[{"href":"https:\/\/nutricionsexualforte.com\/index.php\/wp-json\/wp\/v2\/product"}],"about":[{"href":"https:\/\/nutricionsexualforte.com\/index.php\/wp-json\/wp\/v2\/types\/product"}],"replies":[{"embeddable":true,"href":"https:\/\/nutricionsexualforte.com\/index.php\/wp-json\/wp\/v2\/comments?post=221"}],"wp:featuredmedia":[{"embeddable":true,"href":"https:\/\/nutricionsexualforte.com\/index.php\/wp-json\/wp\/v2\/media\/833"}],"wp:attachment":[{"href":"https:\/\/nutricionsexualforte.com\/index.php\/wp-json\/wp\/v2\/media?parent=221"}],"wp:term":[{"taxonomy":"product_cat","embeddable":true,"href":"https:\/\/nutricionsexualforte.com\/index.php\/wp-json\/wp\/v2\/product_cat?post=221"},{"taxonomy":"product_tag","embeddable":true,"href":"https:\/\/nutricionsexualforte.com\/index.php\/wp-json\/wp\/v2\/product_tag?post=221"}],"curies":[{"name":"wp","href":"https:\/\/api.w.org\/{rel}","templated":true}]}}