{"id":225,"date":"2023-09-01T19:25:31","date_gmt":"2023-09-01T17:25:31","guid":{"rendered":"https:\/\/nutricionsexualforte.com\/?post_type=product&#038;p=225"},"modified":"2023-11-18T00:03:55","modified_gmt":"2023-11-17T23:03:55","slug":"stud-100-spray-retardante","status":"publish","type":"product","link":"https:\/\/nutricionsexualforte.com\/index.php\/producto\/stud-100-spray-retardante\/","title":{"rendered":"STUD 100 \u2122 Spray Retardante"},"content":{"rendered":"<p><img decoding=\"async\" loading=\"lazy\" src=\"https:\/\/www.potenciasexualforte.com\/uploads\/images\/sexualidadmasculina_stud_100_banner.jpg\" alt=\"\" width=\"940\" height=\"300\" \/><\/p>\n<h2>\u00bfQu\u00e9 es el Spray retardante Stud 100?<\/h2>\n<p>El Spray STUD 100 ayuda a prolongar tu eyaculaci\u00f3n. Aplicando s\u00f3lo de 3 a 5 vaporizaciones se podr\u00e1 disfrutar de relaciones \u00edntimas por m\u00e1s tiempo. El producto Stud 100 ha sido sometido a pruebas cl\u00ednicas y sus resultados han sido aprobados por la FDA como producto de calidad para ayudar a retrasar la eyaculaci\u00f3n masculina. Simplemente vaporice el spray en el pene entre 5 y 15 minutos antes de mantener relaciones para disfrutar del acto por m\u00e1s tiempo. El Spray retardante STUD 100 es compatible con el sexo oral. El spray est\u00e1 dise\u00f1ado para 120 vaporizaciones.<\/p>\n<h2>\u00bfCu\u00e1ndo empezar\u00e9 a sentir los resultados?<\/h2>\n<p><img decoding=\"async\" src=\"\/Users\/adler\/Downloads\/copy-nutri\/copy-nutri\/www.sexualidadmasculina.com.es\/siteimages\/stud100-infograph-updatedinsize.jpg\" alt=\"\" \/><\/p>\n<p>Una vez que utilice STUD 100, comenzar\u00e1 a notar los resultados casi inmediatamente despu\u00e9s de su aplicaci\u00f3n. Debe aplicar el producto 5-10 minutos antes de comenzar a mantener relaciones sexuales para garantizar mejores resultados. No se aconseja que aplique m\u00e1s de 24 pulverizaciones diarias. Para comenzar, debe aplicar una cantidad de spray directamente sobre el pene y los test\u00edculos y dejar que el producto se absorba. STUD 100 act\u00faa creando un efecto refrescante y desensibilizador, por lo que contrarresta la hipersensibilidad en el \u00e1rea genital. Despu\u00e9s de mantener relaciones sexuales debe retirar el producto lavando la zona genital con abundante agua. Cada vez que utilice STUD 100 notar\u00e1 un posible aumento en su resistencia sexual, ayud\u00e1ndole a disfrutar m\u00e1s de las relaciones sexuales y de unas erecciones m\u00e1s largas y duraderas.<\/p>\n<h2>\u00bfC\u00f3mo funciona STUD 100?<\/h2>\n<p>El spray contiene 12 gr de producto, suficiente para unas 120 vaporizaciones aproximadamente. Aplicando de 3 a 8 vaporizaciones sobre su pene, STUD 100 le puede ayudar a disfrutar de relaciones sexuales m\u00e1s duraderas y placenteras. Es recomendable aplicar el producto 5-10 minutos antes de mantener relaciones sexuales. No se aconseja aplicar m\u00e1s de 24 pulverizaciones al d\u00eda, tampoco se debe utilizar el producto durante m\u00e1s de 3 meses seguidos.<\/p>\n<p>Otra de las ventajas de utilizar STUD 100 es que es totalmente compatible con el sexo y con el uso de condones. Su principal ingrediente activo es la Lidoca\u00edna, sustancia que pertenece a una clase de f\u00e1rmacos conocidos como anest\u00e9sicos locales, que ayudan a retardar la eyaculaci\u00f3n, ya que producen un efecto desensibilizador en el pene, alargando as\u00ed la erecci\u00f3n y, por lo tanto, el coito.<\/p>\n<h2>\u00bfQu\u00e9 efectos secundarios puede producir STUD 100?<\/h2>\n<p>Si usted o su pareja son sensibles a los anest\u00e9sicos locales o a cualquier otro componente de este producto, puede sufrir reacciones al\u00e9rgicas. Si tiene la piel irritada o agrietada, no debe utilizar el producto, ya que puede causar efectos secundarios no deseados. No utilice el producto si su mujer est\u00e1 embarazada o si usted padece problemas renales o hep\u00e1ticos. No debe pulverizar el producto en la nariz o los ojos. Si ha sufrido alguna de las afecciones citadas anteriormente en el pasado o est\u00e1 tomando alg\u00fan medicamento adicional y quiere utilizar STUD 100, antes de hacerlo debe consultarlo con su m\u00e9dico. No olvide que no debe utilizar el producto durante m\u00e1s de 3 meses sin consultar previamente a su m\u00e9dico.<\/p>\n<h2>\u00bfQu\u00e9 ingredientes componen STUD 100?<\/h2>\n<p>El principal componente activo de STUD 100 es la Lidoca\u00edna, anest\u00e9sico local utilizado para reducir la sensibilidad en el pene gracias a su efecto desensibilizador, ayudando as\u00ed a retrasar la eyaculaci\u00f3n en casos de eyaculaci\u00f3n precoz. Si usted o su pareja sufren alergia a alguno de los ingredientes de STUD 100 o a la Lidoca\u00edna, no utilice este producto.<\/p>\n<ul class=\"bluetick\">\n<li>Lidoca\u00edna<\/li>\n<li>Perfume 120<\/li>\n<li>\u00c1cido Este\u00e1rico<\/li>\n<li>Isopropil Myristate<\/li>\n<\/ul>\n","protected":false},"excerpt":{"rendered":"<div class=\"iright\">\n<div class=\"itemsummary\">\n<p><strong>STUD 100<\/strong>\u00a0es una alternativa natural a los problemas de eyaculaci\u00f3n precoz. Es un spray elaborado especialmente para retardar la eyaculaci\u00f3n, ayud\u00e1ndole a disfrutar de sus relaciones sexuales durante m\u00e1s tiempo e intensificando los orgasmos.<\/p>\n<ul class=\"bluetick\">\n<li>\u00a0Resultados positivos aprobados por la FDA<\/li>\n<li>\u00a0Ayuda a solucionar los problemas de eyaculaci\u00f3n precoz<\/li>\n<li>\u00a0Erecciones m\u00e1s duraderas y retrasa el orgasmo<\/li>\n<li>\u00a0Ayuda a disfrutar durante m\u00e1s tiempo de las relaciones sexuales<\/li>\n<li>\u00a0Hace efecto despu\u00e9s de 5- 15 minutos despu\u00e9s de la aplicaci\u00f3n<\/li>\n<li>\u00a0Compatible con el uso de condones<\/li>\n<li>\u00a0Producto natural sin efectos secundarios<\/li>\n<li>\u00a0El spray Stud 100 es discreto y c\u00f3modo de llevar<\/li>\n<\/ul>\n<p>La composici\u00f3n de\u00a0<strong>STUD 100\u00a0<\/strong>es de ingredientes 100% naturales y el ingrediente activo es lidoca\u00edna. Es un producto efectivo, ya que ha sido sometido a varios estudios e investigaciones cl\u00ednicas, dando resultados muy positivos aprobados por la FDA (Administraci\u00f3n de Medicamentos y Alimentos \/ Food and Drug Administration).<\/p>\n<\/div>\n<\/div>\n<div id=\"tabs-container\" class=\"tabscont\">\n<p>&nbsp;<\/p>\n<\/div>\n","protected":false},"featured_media":226,"comment_status":"open","ping_status":"closed","template":"","meta":[],"product_cat":[20],"product_tag":[],"_links":{"self":[{"href":"https:\/\/nutricionsexualforte.com\/index.php\/wp-json\/wp\/v2\/product\/225"}],"collection":[{"href":"https:\/\/nutricionsexualforte.com\/index.php\/wp-json\/wp\/v2\/product"}],"about":[{"href":"https:\/\/nutricionsexualforte.com\/index.php\/wp-json\/wp\/v2\/types\/product"}],"replies":[{"embeddable":true,"href":"https:\/\/nutricionsexualforte.com\/index.php\/wp-json\/wp\/v2\/comments?post=225"}],"wp:featuredmedia":[{"embeddable":true,"href":"https:\/\/nutricionsexualforte.com\/index.php\/wp-json\/wp\/v2\/media\/226"}],"wp:attachment":[{"href":"https:\/\/nutricionsexualforte.com\/index.php\/wp-json\/wp\/v2\/media?parent=225"}],"wp:term":[{"taxonomy":"product_cat","embeddable":true,"href":"https:\/\/nutricionsexualforte.com\/index.php\/wp-json\/wp\/v2\/product_cat?post=225"},{"taxonomy":"product_tag","embeddable":true,"href":"https:\/\/nutricionsexualforte.com\/index.php\/wp-json\/wp\/v2\/product_tag?post=225"}],"curies":[{"name":"wp","href":"https:\/\/api.w.org\/{rel}","templated":true}]}}