{"id":231,"date":"2023-09-01T19:29:55","date_gmt":"2023-09-01T17:29:55","guid":{"rendered":"https:\/\/nutricionsexualforte.com\/?post_type=product&#038;p=231"},"modified":"2023-12-04T19:33:02","modified_gmt":"2023-12-04T18:33:02","slug":"testo-360-testosterone-60-caps","status":"publish","type":"product","link":"https:\/\/nutricionsexualforte.com\/index.php\/producto\/testo-360-testosterone-60-caps\/","title":{"rendered":"Testo 360 Testosterone 60 Caps"},"content":{"rendered":"<section class=\"banner___2qFA6KL_kl\">\n<div class=\"container___3QwOzER-_1\">\n<h2 class=\"banner_h2___22gxgBAuzu\">ERECCIONES FUERTES Y DE LARGA DURACI\u00d3N<b>PLACER SEXUAL AL M\u00c1XIMO<\/b><\/h2>\n<h3 class=\"banner_h3___2kVexrDrVY\">Testo360 revolucionar\u00e1 su vida sexual. desarrolla el tama\u00f1o de tu pene y mejora tus Erecciones \u00a1obtendr\u00e1s erecciones mas duraderas y m\u00e1s placenteras! Disfrute al m\u00e1ximo su vida sexual!<\/h3>\n<ul class=\"banner_ul___394hjP0pIa\">\n<li class=\"banner_li1___2cQAopkbZA banner_list___3o-7CEEf9v\">Aumente la potencia y la duraci\u00f3n de sus erecciones<\/li>\n<li class=\"banner_li2___6aOzH1a6Dw banner_list___3o-7CEEf9v\">Tenga un mayor apetito sexual<\/li>\n<li class=\"banner_li3___3pzM3WrCi3 banner_list___3o-7CEEf9v\">M\u00e1s energ\u00eda para seguir toda la noche<\/li>\n<li class=\"banner_li4___2zCzMManip banner_list___3o-7CEEf9v\">Orgasmos m\u00e1s intensos y potentes<\/li>\n<li class=\"banner_li5___2FGgeWu1-v banner_list___3o-7CEEf9v\">Sorprenda a las mujeres \u00a1con su virilidad y el tama\u00f1o de su pene!<\/li>\n<\/ul>\n<p><a><button class=\"btn_try___150We0Tjvs order_now\">\u00a1PRUEBE Testo360 HOY!<small>\u00a1Satisfacci\u00f3n garantizada!<\/small><\/button><\/a><\/p>\n<\/div>\n<\/section>\n<section class=\"sec1___3d3B_kgyWf\">\n<div class=\"container___3QwOzER-_1\">\n<h2 class=\"sec1_h2___2y4E81f81R main_title___2JwPx5u0J6\">SEA UN AMANTE INVENCIBLE CON Testo360<\/h2>\n<h3 class=\"sec1_h3___25_4sf2siV main_subtitle___-xtwELOSzn\">Con Testo360, cada hombre podr\u00e1 tener el rendimiento sexual y la resistencia que vuelve locas a las mujeres.<\/h3>\n<p class=\"sec1_p1___1P_z5KHy-v main_p___16zGRbKc48\">Testo360 es la \u00fanica p\u00edldora 100% natural, segura y efectiva que puede proporcionar la soluci\u00f3n completa a los desaf\u00edos de la vida sexual de un hombre. S\u00f3lo Testo360 puede prometer m\u00e1s virilidad, fuerza y placer sin riesgos para la salud y sin receta m\u00e9dica. Esto se debe a que Testo360 combina ingredientes naturales con eficacia probada en la concentraci\u00f3n que usted necesita para obtener los m\u00e1ximos resultados en su libido.<\/p>\n<p class=\"sec1_p2___n17kmKn0Ad main_p___16zGRbKc48\">Imagine las incre\u00edbles noches de placer va a ser capaz de tener un pene m\u00e1s r\u00edgido durante horas. Imagine la cara de sorpresa de ella cuando vea el tama\u00f1o de su pene erecto gracias a Testo360. Imagine la vida sexual que siempre quiso, el estado de \u00e1nimo, la salud \u00a1y la seguridad en s\u00ed mismo!<\/p>\n<p class=\"sec1_p3___1eZSI3p3R5 main_p___16zGRbKc48\">Deje de imaginar: Obtenga Testo360 y tenga a las mujeres a sus pies, pidiendo m\u00e1s!<\/p>\n<p><a><button class=\"btn_try___150We0Tjvs order_now\">\u00a1PRUEBE Testo360 HOY!<small>\u00a1Satisfacci\u00f3n garantizada!<\/small><\/button><\/a><\/p>\n<\/div>\n<\/section>\n<section class=\"sec2___1n1gqMOKya\">\n<div class=\"container___3QwOzER-_1\">\n<h2 class=\"sec2_h2___2YJ4QCKMNf main_title___2JwPx5u0J6\">Testo360 LE PERMITE A UN HOMBRE MEJORAR SU RENDIMIENTO SEXUAL<\/h2>\n<h3 class=\"sec2_h3___11wWymcV93 main_subtitle___-xtwELOSzn\">Al tomar Testo360 siguiendo las indicaciones, usted sentir\u00e1 estos efectos:<\/h3>\n<ul class=\"sec2_ul___1KkEHoQ6Yt\">\n<li class=\"sec2_li1___22dz25-AKw sec2_list___24KG6tZs8X\"><strong>ENERG\u00cdA SEXUAL DE LARGA DURACI\u00d3N<\/strong><small>Adem\u00e1s de tener un mayor apetito sexual y aumento del placer, Testo360 lo deja lleno de energ\u00eda para disfrutar toda la noche sin parar. Aproveche su nueva potencia sexual.<\/small><\/li>\n<li class=\"sec2_li2___3CTgoaMqyG sec2_list___24KG6tZs8X\"><strong>MAYOR VIRILIDAD<\/strong><small>Con solo una capsula al d\u00eda, usted sentir\u00e1 los efectos sobre su deseo sexual, potencia y la duraci\u00f3n de sus erecciones en la primera semana. \u00a1M\u00e1s placer y una mejor sexualidad!<\/small><\/li>\n<li class=\"sec2_li3___3oX2-dHeiK sec2_list___24KG6tZs8X\"><strong>M\u00c1XIMO PLACER<\/strong><small>Orgasmos m\u00e1s intensos y potentes, elevan su disfrute a un nivel que ni siquiera usted sab\u00eda que fuera posible. Usted y su pareja \u00a1se sorprender\u00e1n!<\/small><\/li>\n<\/ul>\n<\/div>\n<\/section>\n<section class=\"sec3___1WTidrzLZD\">\n<div class=\"container___3QwOzER-_1\">\n<h2 class=\"sec3_h2___3vIp9C5fcY main_title___2JwPx5u0J6\">ENTIENDA POR QU\u00c9 Testo360 FUNCIONA<\/h2>\n<h3 class=\"sec3_h3___1TClpI5PG8 main_subtitle___-xtwELOSzn\">Conozca la acci\u00f3n integrada de las p\u00edldoras y los ejercicios que le ayudar\u00e1n a mejorar su vida sexual<\/h3>\n<figure class=\"sec3_img___SQtLC9efEv\"><\/figure>\n<p class=\"sec3_p1___g_-a3Jcbht main_p___16zGRbKc48\">Dentro del pene, existen los cuerpos cavernosos, que son como c\u00e1maras que se llenan de sangre. Cuando estas c\u00e1maras est\u00e1n completamente llenas de sangre, se hinchan y producen una erecci\u00f3n.<\/p>\n<p class=\"sec3_p2___2Rhd-hs6UJ main_p___16zGRbKc48\">Mientras mayor sea la cantidad de sangre que los cuerpos cavernosos pueden almacenar, m\u00e1s potente ser\u00e1 su erecci\u00f3n. Pero para que esto suceda se necesita un cuerpo cavernoso sano, junto con un gran flujo de sangre y un equilibrio hormonal para producir un apetito sexual.<\/p>\n<p class=\"sec3_p3___2fZOHL3NXS main_p___16zGRbKc48\">Y ah\u00ed es donde aparecen las p\u00edldoras Testo360. Estas trabajan en cuatro frentes que determinan la calidad del sexo y el poder de sus erecciones.<\/p>\n<figure class=\"chart_mobile___3WJ_gMGjm7\"><b class=\"sec3_chart_b1___2D-o1fFV3M sec3_chart_b___Wv6O3N3cpM\">CUERPOS CAVERNOSOS<\/b><b class=\"sec3_chart_b2___1EBqENdZy_ sec3_chart_b___Wv6O3N3cpM\">ARTERIA CAVERNOSA<\/b><\/figure>\n<ol class=\"sec3_ol___1jpbDYY_3l\">\n<li class=\"sec3_li1___3Cw2RA1ZMF sec3_list___3l5yy6guCM\"><strong><b>1<\/b><em>La salud de los cuerpos cavernosos<\/em><\/strong><small>Las p\u00edldoras aumentan el flujo de sangre hacia los cuerpos cavernosos, lo que permite mayor flujo sangu\u00edneo que irrigue al pene y produzca erecciones m\u00e1s intensas y m\u00e1s duraderas.<\/small><small>Esta sangre adicional en los cuerpos cavernosos causa una m\u00e1xima expansi\u00f3n de los tejidos del pene, lo que ayuda a aumentar la sensibilidad de los tejidos, aumentando el placer y la intensidad de los orgasmos.<\/small><\/li>\n<li class=\"sec3_li2___3sDg66P2MI sec3_list___3l5yy6guCM\"><strong><b>2<\/b><em>Equilibrio Hormonal<\/em><\/strong><small>Las p\u00edldoras tambi\u00e9n aumentan la concentraci\u00f3n de la hormona testosterona, la principal responsable de la conducta sexual masculina y tienen gran influencia en la potencia de las erecciones y la calidad de los orgasmos.<\/small><\/li>\n<li class=\"sec3_li3___1ecHs68HZH sec3_list___3l5yy6guCM\"><strong><b>3<\/b><em>Regeneraci\u00f3n Celular<\/em><\/strong><small>Para maximizar la expansi\u00f3n de los cuerpos cavernosos y generar erecciones impresionantes, su cuerpo deber\u00e1 producir nuevas c\u00e9lulas m\u00e1s r\u00e1pido. Testo360 es rico en antioxidantes, comprobados en la ayuda a la formaci\u00f3n de nuevo tejido.<\/small><\/li>\n<li class=\"sec3_li4___qLFzr08wpP sec3_list___3l5yy6guCM\"><strong><b>4<\/b><em>Energ\u00eda y disposici\u00f3n<\/em><\/strong><small>Por otra parte, las p\u00edldoras son ricas en sustancias que proporcionan energ\u00eda extra para que pueda disfrutar de su nueva potencia y de virilidad durante toda la noche.<\/small><\/li>\n<\/ol>\n<p><a><button class=\"btn_try___150We0Tjvs order_now\">\u00a1Pruebe Testo360!<\/button><\/a><\/p>\n<\/div>\n<\/section>\n","protected":false},"excerpt":{"rendered":"<p>SKU: TESTO360<\/p>\n<ul class=\"banner_ul___394hjP0pIa\">\n<li class=\"banner_li1___2cQAopkbZA banner_list___3o-7CEEf9v\">Aumente la potencia y la duraci\u00f3n de sus erecciones<\/li>\n<li class=\"banner_li2___6aOzH1a6Dw banner_list___3o-7CEEf9v\">Tenga un mayor apetito sexual<\/li>\n<li class=\"banner_li3___3pzM3WrCi3 banner_list___3o-7CEEf9v\">M\u00e1s energ\u00eda para seguir toda la noche<\/li>\n<li class=\"banner_li4___2zCzMManip banner_list___3o-7CEEf9v\">Orgasmos m\u00e1s intensos y potentes<\/li>\n<li class=\"banner_li5___2FGgeWu1-v banner_list___3o-7CEEf9v\">Sorprenda a las mujeres \u00a1con su virilidad!<\/li>\n<\/ul>\n","protected":false},"featured_media":1048,"comment_status":"open","ping_status":"closed","template":"","meta":[],"product_cat":[17,20,18,21,22,19],"product_tag":[],"_links":{"self":[{"href":"https:\/\/nutricionsexualforte.com\/index.php\/wp-json\/wp\/v2\/product\/231"}],"collection":[{"href":"https:\/\/nutricionsexualforte.com\/index.php\/wp-json\/wp\/v2\/product"}],"about":[{"href":"https:\/\/nutricionsexualforte.com\/index.php\/wp-json\/wp\/v2\/types\/product"}],"replies":[{"embeddable":true,"href":"https:\/\/nutricionsexualforte.com\/index.php\/wp-json\/wp\/v2\/comments?post=231"}],"wp:featuredmedia":[{"embeddable":true,"href":"https:\/\/nutricionsexualforte.com\/index.php\/wp-json\/wp\/v2\/media\/1048"}],"wp:attachment":[{"href":"https:\/\/nutricionsexualforte.com\/index.php\/wp-json\/wp\/v2\/media?parent=231"}],"wp:term":[{"taxonomy":"product_cat","embeddable":true,"href":"https:\/\/nutricionsexualforte.com\/index.php\/wp-json\/wp\/v2\/product_cat?post=231"},{"taxonomy":"product_tag","embeddable":true,"href":"https:\/\/nutricionsexualforte.com\/index.php\/wp-json\/wp\/v2\/product_tag?post=231"}],"curies":[{"name":"wp","href":"https:\/\/api.w.org\/{rel}","templated":true}]}}