{"id":234,"date":"2023-09-01T19:31:23","date_gmt":"2023-09-01T17:31:23","guid":{"rendered":"https:\/\/nutricionsexualforte.com\/?post_type=product&#038;p=234"},"modified":"2024-03-18T04:05:20","modified_gmt":"2024-03-18T03:05:20","slug":"gel-retardante-viaman","status":"publish","type":"product","link":"https:\/\/nutricionsexualforte.com\/index.php\/producto\/gel-retardante-viaman\/","title":{"rendered":"Spray retardante Viaman"},"content":{"rendered":"<h2>\u00bfPor qu\u00e9 usar el Spray Retardante Viaman?<\/h2>\n<p>El spray Retardante Viaman se presenta como una alternativa a las c\u00e1psulas, toallitas o spray retardante que comercializa esta marca inglesa. Su formato es muy discreto y compacto, se comercializa en un frasco con un dise\u00f1o moderno, sofisticado y elegante que podr\u00e1s llevar contigo a cualquier parte. Presenta una textura agradable y apta para todo tipo de pieles. Est\u00e1 elaborado a base de ingredientes seleccionados, de origen natural y con reconocidas propiedades para el aumento de la libido y la prolongaci\u00f3n de la excitaci\u00f3n sexual. Por eso, el spray Retardante Viaman te ayudar\u00e1 a durar m\u00e1s tiempo en la cama, sin necesidad de recurrir a procedimientos m\u00e9dicos o medicamentos. Act\u00faa provocando el adormecimiento del pene, reduciendo su sensibilidad a la hora de responder al impulso eyaculador. De esa forma, podr\u00e1s mantener tu erecci\u00f3n sin llegar al orgasmo de inmediato. La discreci\u00f3n de \u00e9ste es una de las claves de su \u00e9xito. \u00a1\u00dasalo all\u00ed donde desees! Si\u00e9ntete libre y seguro de ti mismo y recupera la seguridad la frescura y la espontaneidad con tu pareja.<\/p>\n<h2>\u00bfC\u00f3mo consigue el spray Viaman retrasar la eyaculaci\u00f3n<\/h2>\n<p>El sexo debe ser una experiencia placentera, si no es as\u00ed, \u00a1Tranquilo! Nosotros te ayudamos a combatir el problema. Y es que en ocasiones sufrimos complicaciones que nos impiden disfrutar plenamente de nuestra intimidad. Tal es el caso, por ejemplo, cuando se mantienen relaciones sexuales despu\u00e9s de un tiempo de inactividad prolongado, en la primera vez o en momentos especialmente estresantes. \u00bfEjemplo m\u00e1s frecuente? Esta provoca que la erecci\u00f3n se precipite y llegue el orgasmo en apenas unos minutos de haber iniciado la penetraci\u00f3n. La frustraci\u00f3n e incomodidad son muy dados en esta situaci\u00f3n y pueden convertirse en todo un escollo para tu pareja. Afortunadamente, el Gel Retardante Viaman te ayudar\u00e1 a controlar tu eyaculaci\u00f3n. Gracias a este producto, recuperar\u00e1s las buenas sensaciones y volver\u00e1s a experimentar el placer del sexo sin tener que preocuparte de nada m\u00e1s. Ganar\u00e1s en confianza y ver\u00e1s c\u00f3mo la intimidad mejora desde el primer momento que lo apliques.<\/p>\n<h2>\u00bfC\u00f3mo uso el este Spray?<\/h2>\n<p>\u00a1Aplicarlo es muy f\u00e1cil! Para que el Gel Retardante Viaman sea efectivo es importante solo necesitas respetar sus sencillas instrucciones. \u00danicamente debe aplicarse cuando sea necesario, es decir, justo antes de que se haya previsto un encuentro \u00edntimo. Su exclusiva f\u00f3rmula hace que con apenas unas gotas de este gel, suficiente para cubrir la cabeza y el cuerpo del pene, entre en funcionamiento. Extiende una fina capa a lo largo del miembro y masajea suavemente para repartirlo de forma homog\u00e9nea, igual que si estuvieses aplicando un lubricante.<\/p>\n<h2>Sin efectos secundarios<\/h2>\n<p>Adem\u00e1s de ser muy efectivo a la hora de combatir la eyaculaci\u00f3n precoz, el Spray Retardante Viaman destaca por ser inocuo para la salud del hombre. Gracias a su composici\u00f3n natural, este producto no suele tener efectos secundarios. No se han descrito reacciones adversas a su uso, por lo que es apto para todos aquellos que deseen prolongar sus relaciones sexuales y retrasar la eyaculaci\u00f3n. De todas formas, es importante que compruebes que en la lista de sus ingredientes no aparece ning\u00fan elemento al que seas al\u00e9rgico o hipersensible. Para mayor seguridad, aplica una peque\u00f1a cantidad de este gel para hombres en tu antebrazo. D\u00e9jalo actuar durante unos segundos y mira si se produce alguna reacci\u00f3n cut\u00e1nea.<\/p>\n<h2>Ingredientes<\/h2>\n<p>El Spray Retardante Viaman est\u00e1 formulado con extractos de elementos totalmente naturales. Sus propiedades para retrasar la eyaculaci\u00f3n dependen en gran medida de ingredientes como: agua, glicerina, Laureth-9, extracto de avena sativa, extracto de hierba de San Juan, lactato de mentilo, glicol caprilil, polisorbato 20 y alcohol desnaturalizado.<\/p>\n<h2>\u00bfC\u00f3mo comprar el Spray Retardante Viaman?<\/h2>\n<p>Si la eyaculaci\u00f3n precoz se est\u00e1 interponiendo entre t\u00fa y tu pareja o si simplemente deseas disfrutar del placer durante m\u00e1s tiempo, prueba hoy mismo el Gel Retardante Viaman. Sexualidad Masculina lo pone a tu disposici\u00f3n, siendo distribuidor en exclusiva de la gama de productos Viaman. Para comprar tu producto y retrasar la eyaculaci\u00f3n tan solo tendr\u00e1s que seleccionarlo en esta misma web, decidiendo qu\u00e9 cantidad necesitas y el sistema de pago que m\u00e1s se adapte a ti. \u00a1Et Viola! En unos d\u00edas recibir\u00e1s el env\u00edo en la direcci\u00f3n que nos indiques \u00a1Y recupera el control de tu vida sexual!<\/p>\n","protected":false},"excerpt":{"rendered":"<p>Este gel retardante para eyaculaci\u00f3n de Viaman destinado a incrementar el rendimiento sexual masculino, \u00a1Prolonga el placer antes de llegar al orgasmo! \u00a1Eyaculaci\u00f3n precoz? \u00a1Olv\u00eddate de eso! Gracias a las propiedades que contiene este gel aumentar\u00e1s la duraci\u00f3n de tus relaciones sexuales disfrutando mucho m\u00e1s de tu pareja y prolongando el acto el orgasmo de ambos. Recupera la magia de la intimidad y disfruta de muchos momentos con el Gel Retardante de Viaman que adem\u00e1s de garantizarte un bienestar en la cama con tu c\u00f3nyuge te dar\u00e1 la seguridad de evitar inc\u00f3modas situaciones que pueden arruinar tu noche.<\/p>\n<ul class=\"bluetick\">\n<li style=\"list-style-type: none\">\n<ul class=\"bluetick\">\n<li>\u00a0Sofisticado formato de presentaci\u00f3n<\/li>\n<li>\u00a0Agradable textura, sencilla aplicaci\u00f3n<\/li>\n<li>\u00a0Discreto y seguro<\/li>\n<li>\u00a0Efectivo en tan solo unos minutos<\/li>\n<li>\u00a0Ayuda a mejorar la calidad del sexo<\/li>\n<li>\u00a0Incluye una Toallita Retardante Viaman de prueba<\/li>\n<li>\u00a0Compatible con preservativos<\/li>\n<li>\u00a0No arruina el momento &#8211; discreto y f\u00e1cil de usar<\/li>\n<\/ul>\n<\/li>\n<\/ul>\n<p>Env\u00edos 24 horas en pr\u00e1cticamente toda Espa\u00f1a<\/p>\n<p>El Gel Retardante Viaman es un complemento ideal a la hora de experimentar un sexo m\u00e1s placentero y con una mayor duraci\u00f3n. Sus componentes de origen natural y su f\u00f3rmula exclusiva hacen de \u00e9l uno de los productos estrella de la gama Viaman. Te ayudar\u00e1 a superar los s\u00edntomas del eyaculador precoz, d\u00e1ndole un nuevo impulso a tu intimidad. Miles de hombres en toda Europa conocen ya los excelentes resultados del Gel Retardante Viaman.<\/p>\n<p>&nbsp;<\/p>\n","protected":false},"featured_media":830,"comment_status":"open","ping_status":"closed","template":"","meta":[],"product_cat":[20],"product_tag":[],"_links":{"self":[{"href":"https:\/\/nutricionsexualforte.com\/index.php\/wp-json\/wp\/v2\/product\/234"}],"collection":[{"href":"https:\/\/nutricionsexualforte.com\/index.php\/wp-json\/wp\/v2\/product"}],"about":[{"href":"https:\/\/nutricionsexualforte.com\/index.php\/wp-json\/wp\/v2\/types\/product"}],"replies":[{"embeddable":true,"href":"https:\/\/nutricionsexualforte.com\/index.php\/wp-json\/wp\/v2\/comments?post=234"}],"wp:featuredmedia":[{"embeddable":true,"href":"https:\/\/nutricionsexualforte.com\/index.php\/wp-json\/wp\/v2\/media\/830"}],"wp:attachment":[{"href":"https:\/\/nutricionsexualforte.com\/index.php\/wp-json\/wp\/v2\/media?parent=234"}],"wp:term":[{"taxonomy":"product_cat","embeddable":true,"href":"https:\/\/nutricionsexualforte.com\/index.php\/wp-json\/wp\/v2\/product_cat?post=234"},{"taxonomy":"product_tag","embeddable":true,"href":"https:\/\/nutricionsexualforte.com\/index.php\/wp-json\/wp\/v2\/product_tag?post=234"}],"curies":[{"name":"wp","href":"https:\/\/api.w.org\/{rel}","templated":true}]}}