{"id":236,"date":"2023-09-01T19:38:18","date_gmt":"2023-09-01T17:38:18","guid":{"rendered":"https:\/\/nutricionsexualforte.com\/?post_type=product&#038;p=236"},"modified":"2024-03-24T17:27:16","modified_gmt":"2024-03-24T16:27:16","slug":"testo-ultra-potenciador-de-testosterona","status":"publish","type":"product","link":"https:\/\/nutricionsexualforte.com\/index.php\/producto\/testo-ultra-potenciador-de-testosterona\/","title":{"rendered":"Testo Ultra Potenciador de Testosterona"},"content":{"rendered":"<p>TestoUltra es la \u00fanica p\u00edldora 100% natural, segura y eficaz que puede ofrecer la soluci\u00f3n completa a los desaf\u00edos de la vida sexual de un hombre. S\u00f3lo TestoUltra puede prometer m\u00e1s virilidad, potencia y placer sin riesgos para la salud y sin receta. TestoUltra utiliza componentes clave para aumentar sus niveles de testosterona y aumentar su apetito sexual.<\/p>\n<p>testo ultra es la formula perfecta para hombres con bajos niveles de testosterona y con problemas impotencia sexual este famoso producto a medida que se va consumiendo genera resultados asombrosos en campo del aumento del tama\u00f1o del pene en largo y grosor previene la eyaculaci\u00f3n precoz e impotencia, ayuda a la vitalidad y el rejuvenecimiento proporciona la desinflamaci\u00f3n generalizada de las v\u00edas urinarias pr\u00f3stata y la prostatitis sin restricciones. producto elaborado para hombres de hasta los 90 a\u00f1os.<\/p>\n<p>\u2022 Mayor virilidad<\/p>\n<p>\u2022Erecciones fuertes como una roca<\/p>\n<p>\u2022 Orgasmos m\u00e1s intensos y potentes<\/p>\n<p>\u2022 Energ\u00eda sexual duradera<\/p>\n<p>\u2022 Apoyo hormonal<\/p>\n<h3>Datos complementarios<\/h3>\n<div>\n<p><em>Ingredientes<\/em>\u00a0: 742 mg por c\u00e1psula<\/p>\n<p>\u2022 Extracto de ra\u00edz de \u00f1ame silvestre<\/p>\n<p>\u2022 Extracto de ra\u00edz de zarzaparrilla<\/p>\n<p>\u2022 Extracto de ra\u00edz de Tongkat Ali (Eurycoma Longifolia)<\/p>\n<p>\u2022 Extracto de fruto de palma enana americana<\/p>\n<p>\u2022 Extracto de ra\u00edz de ortiga<\/p>\n<p>\u2022 Extracto de hierba de cabra en celo (Epimedium grandifora)<\/p>\n<p>\u2022 Quelato de amino\u00e1cido de boro<\/p>\n<p><em>Otros ingredientes<\/em> : Cubierta de la pastilla: Hidroxipropilmetilcelulosa, estearato de magnesio y carbonato de calcio<\/p>\n<p><em>Uso sugerido<\/em>\u00a0: Tomar una [1] c\u00e1psula por la ma\u00f1ana y una [1] c\u00e1psula antes de la actividad f\u00edsica.<\/p>\n<\/div>\n","protected":false},"excerpt":{"rendered":"<p>SKU: Testo Ultra<\/p>\n<p>&nbsp;<\/p>\n<ul class=\"a-unordered-list a-vertical a-spacing-mini\">\n<li class=\"a-spacing-mini\"><span class=\"a-list-item\">Maximizar la construcci\u00f3n muscular y aumentar el nivel de energ\u00eda.<\/span><\/li>\n<li class=\"a-spacing-mini\"><span class=\"a-list-item\">Aumenta el rendimiento del entrenamiento y mejora la resistencia.<\/span><\/li>\n<li class=\"a-spacing-mini\"><span class=\"a-list-item\">Aumenta el deseo y la duraci\u00f3n con su pareja.<\/span><\/li>\n<\/ul>\n<p>\u2022 Mayor virilidad<\/p>\n<p>\u2022 Energ\u00eda sexual duradera<\/p>\n<p>\u2022 Orgasmos m\u00e1s intensos y potentes<\/p>\n<p>\u2022 Apoyo hormonal<\/p>\n","protected":false},"featured_media":812,"comment_status":"open","ping_status":"closed","template":"","meta":[],"product_cat":[18,19],"product_tag":[],"_links":{"self":[{"href":"https:\/\/nutricionsexualforte.com\/index.php\/wp-json\/wp\/v2\/product\/236"}],"collection":[{"href":"https:\/\/nutricionsexualforte.com\/index.php\/wp-json\/wp\/v2\/product"}],"about":[{"href":"https:\/\/nutricionsexualforte.com\/index.php\/wp-json\/wp\/v2\/types\/product"}],"replies":[{"embeddable":true,"href":"https:\/\/nutricionsexualforte.com\/index.php\/wp-json\/wp\/v2\/comments?post=236"}],"wp:featuredmedia":[{"embeddable":true,"href":"https:\/\/nutricionsexualforte.com\/index.php\/wp-json\/wp\/v2\/media\/812"}],"wp:attachment":[{"href":"https:\/\/nutricionsexualforte.com\/index.php\/wp-json\/wp\/v2\/media?parent=236"}],"wp:term":[{"taxonomy":"product_cat","embeddable":true,"href":"https:\/\/nutricionsexualforte.com\/index.php\/wp-json\/wp\/v2\/product_cat?post=236"},{"taxonomy":"product_tag","embeddable":true,"href":"https:\/\/nutricionsexualforte.com\/index.php\/wp-json\/wp\/v2\/product_tag?post=236"}],"curies":[{"name":"wp","href":"https:\/\/api.w.org\/{rel}","templated":true}]}}