{"id":238,"date":"2023-09-01T19:40:16","date_gmt":"2023-09-01T17:40:16","guid":{"rendered":"https:\/\/nutricionsexualforte.com\/?post_type=product&#038;p=238"},"modified":"2024-03-18T03:55:44","modified_gmt":"2024-03-18T02:55:44","slug":"toallitas-retardantes-peineili","status":"publish","type":"product","link":"https:\/\/nutricionsexualforte.com\/index.php\/producto\/toallitas-retardantes-peineili\/","title":{"rendered":"Toallitas Retardantes Peineili"},"content":{"rendered":"<h2>\u00bfQu\u00e9 son?<\/h2>\n<p>Las Toallitas Retardantes PEINEILI son un pr\u00e1ctico recurso a la hora de retrasar la eyaculaci\u00f3n de manera r\u00e1pida, efectiva y, sobre todo, segura para tu salud. Gracias a sus propiedades naturales para reducir la sensibilidad del pene, prolongan la duraci\u00f3n del coito, conclusi\u00f3n: El placer se alarga, obteniendo una mayor satisfacci\u00f3n en tus relaciones \u00edntimas. Las toallitas en un paquete de 12 unidades individuales son las ideales para las noches del fin de semana o breves escapadas.<\/p>\n<h2>\u00bfPor qu\u00e9 debo usarlas?<\/h2>\n<ul class=\"bluetick\">\n<li>\u00a01. El primer paso para ayudarte con tus problemas de eyaculaci\u00f3n precoz es buscar el tratamiento que mejor se adapta a tu estilo de vida y necesidades. PEINILI es ya el l\u00edder del mercado en productos retardantes que te ayudan a prolongar tus relaciones sexuales de forma natural. Si quieres probar la efectividad de PEINEILI, estas toallitas son una excelente opci\u00f3n. Y es la alternativa perfecta al gel o al spray gracias a su formato reducido.<\/li>\n<li>\u00a02. Al tratarse de un producto desechable y de un solo uso, te permitir\u00e1 aplicar el retardante de forma higi\u00e9nica.<\/li>\n<li>\u00a03. Cada toallita contiene la dosis exacta de PEINEILI que necesitas para disfrutar m\u00e1s de tus relaciones sexuales. Gracias a ello, no correr\u00e1s el riesgo de aplicar demasiada cantidad o de quedarte corto. Tendr\u00e1s siempre la seguridad de estar usando la medida justa en cada caso.<\/li>\n<li>4. El tama\u00f1o de las toallitas hace que puedas disimularlas en el bolsillo, aplic\u00e1ndolas discretamente antes de que vayas a practicar sexo. De ese modo evitar\u00e1s dar explicaciones sobre tus trucos para durar m\u00e1s.<\/li>\n<\/ul>\n<h2>\u00bfC\u00f3mo utilizar las toallitas retardantes PEINEILI?<\/h2>\n<p>Basta con utilizar la palma de la mano para frotar la toallita PEINEILI a lo largo y la cabeza de pene poco antes del sexo para disfrutar de un encuentro sexual m\u00e1s duradero.<\/p>\n<h2>Ingredientes clave<\/h2>\n<p>La gama PEINEILI est\u00e1 formulada con ingredientes de extracci\u00f3n natural, por lo que ofrecen una mayor garant\u00eda de seguridad para la seguridad del hombre sin renunciar a la m\u00e1xima efectividad. Entre los principales componentes de las Toallitas Retardantes PEINEILI destacan el extracto de avena sativa, la glicerina, el lactato de mentilo o la hierba de San Juan. \u00bfQu\u00e9 propiedades tienes estos elementos?<\/p>\n<ul class=\"bluetick\">\n<li>\u00a0Avena Sativa: este derivado de la avena salvaje es conocido por ayudar a mejorar el rendimiento sexual, gracias sobre todo a su alto contenido en diversas vitaminas y minerales esenciales.<\/li>\n<li>\u00a0Extracto de hierba de San Juan: ayudar a relajar la tensi\u00f3n muscular, por lo que retrasa el impulso eyaculador y favorece una experiencia sexual m\u00e1s prolongada.<\/li>\n<li>\u00a0Lactato de mentilo: conocido por enfriar la piel y provocar una sensaci\u00f3n de hormigueo que puede resultar muy estimulante en los momentos \u00edntimos.<\/li>\n<li>\u00a0Glicerina: ideal para aumentar la lubricaci\u00f3n de la zona \u00edntima en las relaciones sexuales.<\/li>\n<\/ul>\n<p>Adem\u00e1s de los anteriores, las Toallitas Retardantes PEINEILI contienen: agua, Laureth -9, glicol capriril, polisorbato 20 y alcohol desnaturalizado.<\/p>\n<h2>Sin riesgo de efectos secundarios<\/h2>\n<p>Al estar formuladas con elementos naturales, estas toallitas retardantes no tienen efectos secundarios conocidos. Las pruebas de laboratorio han concluido que este producto es totalmente seguro e inocuo para la salud del hombre. A pesar de ello, es recomendable que hagas una r\u00e1pida prueba de alergia antes de aplicarlo en el pene. As\u00ed, no olvides aplicar una toallita en tu antebrazo, comprobando que no se da ninguna reacci\u00f3n en tu piel. Revisa tambi\u00e9n la lista de los ingredientes para asegurarte de que PEINEILI no incluye ning\u00fan componente que pueda provocarte alergia o al que seas hipersensible.<\/p>\n<h2>\u00bfC\u00f3mo comprar las toallitas retardantes PEINEILI?<\/h2>\n<p>Ahora es posible comprar las Toallitas Retardantes PEINEILI de una forma muy discreta y sencilla a trav\u00e9s de esta misma web de NUTRICIONSEXUALFORTE . Simplemente obt\u00e9n tu producto en casa en tan solo unos d\u00edas. Para eso, haz clic en el bot\u00f3n de compra y selecciona la cantidad deseada y el m\u00e9todo de pago que prefieras. Una vez recibamos la confirmaci\u00f3n del mismo, realizaremos el env\u00edo del producto. Nuestros embalajes son seguros y neutros, sin ning\u00fan tipo de distintivo que permita identificar el contenido. No esperes m\u00e1s y consigue ya el producto que te har\u00e1 redescubrir el placer del sexo.<\/p>\n","protected":false},"excerpt":{"rendered":"<p>SKU: Toallas Retardantes<\/p>\n<p>&nbsp;<\/p>\n<p>Un producto nuevo para la eyaculaci\u00f3n precoz! Las Toallitas Retardantes Peineili puestas a la venta para que a trav\u00e9s de esta web nutricionsexualforte, compruebes como su compacto formato es \u00a1El secreto de su \u00e9xito! Un pr\u00e1ctico instrumento para tus noches de fiesta o tus veladas \u00edntimas, siempre con una amplia sonrisa tras el resultado Olv\u00eddate de los s\u00edntomas del eyaculador precoz, dale un nuevo impulso a tu vida sexual con estas toallitas y \u00a1Vuelve a sentirte libre y seguro en tus relacciones sexuales!<\/p>\n<ul class=\"bluetick\">\n<li style=\"list-style-type: none\">\n<ul class=\"bluetick\">\n<li>\u00a0Formato de bolsillo, c\u00f3modo de transportar<\/li>\n<li>\u00a0Testado en laboratorio, seguro y eficaz<\/li>\n<li>\u00a0R\u00e1pida actuaci\u00f3n<\/li>\n<li>\u00a0Desechables y con la dosis de producto necesario para un solo uso<\/li>\n<li>\u00a0Absolutamente discreto, sin residuos ni manchas<\/li>\n<\/ul>\n<\/li>\n<\/ul>\n<p>Permite una mayor espontaneidad<\/p>\n<p>Uno de los factores que determinan el placer sexual es, sin duda, la duraci\u00f3n del coito. Por eso, la precipitaci\u00f3n a la hora de alcanzar el orgasmo puede convertirse en todo un problema. Si te cuesta controlar la excitaci\u00f3n y tu erecci\u00f3n termina en una eyaculaci\u00f3n precoz demasiado a menudo, puede que necesites de las Toallitas Retardantes Peineili. F\u00e1ciles de usar y con la cantidad justa de producto, tendr\u00e1s en tu bolsillo al mejor aliado en tus noches de pasi\u00f3n.<\/p>\n<p>&nbsp;<\/p>\n","protected":false},"featured_media":826,"comment_status":"open","ping_status":"closed","template":"","meta":[],"product_cat":[20],"product_tag":[],"_links":{"self":[{"href":"https:\/\/nutricionsexualforte.com\/index.php\/wp-json\/wp\/v2\/product\/238"}],"collection":[{"href":"https:\/\/nutricionsexualforte.com\/index.php\/wp-json\/wp\/v2\/product"}],"about":[{"href":"https:\/\/nutricionsexualforte.com\/index.php\/wp-json\/wp\/v2\/types\/product"}],"replies":[{"embeddable":true,"href":"https:\/\/nutricionsexualforte.com\/index.php\/wp-json\/wp\/v2\/comments?post=238"}],"wp:featuredmedia":[{"embeddable":true,"href":"https:\/\/nutricionsexualforte.com\/index.php\/wp-json\/wp\/v2\/media\/826"}],"wp:attachment":[{"href":"https:\/\/nutricionsexualforte.com\/index.php\/wp-json\/wp\/v2\/media?parent=238"}],"wp:term":[{"taxonomy":"product_cat","embeddable":true,"href":"https:\/\/nutricionsexualforte.com\/index.php\/wp-json\/wp\/v2\/product_cat?post=238"},{"taxonomy":"product_tag","embeddable":true,"href":"https:\/\/nutricionsexualforte.com\/index.php\/wp-json\/wp\/v2\/product_tag?post=238"}],"curies":[{"name":"wp","href":"https:\/\/api.w.org\/{rel}","templated":true}]}}