{"id":241,"date":"2023-09-01T19:41:30","date_gmt":"2023-09-01T17:41:30","guid":{"rendered":"https:\/\/nutricionsexualforte.com\/?post_type=product&#038;p=241"},"modified":"2024-03-23T16:49:40","modified_gmt":"2024-03-23T15:49:40","slug":"retardante-brocha-china","status":"publish","type":"product","link":"https:\/\/nutricionsexualforte.com\/index.php\/producto\/retardante-brocha-china\/","title":{"rendered":"Retardante Brocha china"},"content":{"rendered":"<h2>Caracteristicas Principales<\/h2>\n<p>100% Natural! y sin efectos secundarios.<\/p>\n<p>Se aplica un solo brochazo antes de la relacion sexual en la parte inferior del Glande (frenillo) para disfrutar de al menos una hora de relaciones sin eyaculaci\u00f3n. Su pareja quedar\u00e1 sumamente satisfecha con su desempe\u00f1o sexual. Ud. ser\u00e1 verdaderamente inolvidable. Indetectable durante el Sexo Oral, Vaginal o Anal . No contiene ingredientes quimicos.<\/p>\n<h2>Modo de Empleo<\/h2>\n<p>Aplique un solo brochazo antes de la relacion sexual en la parte inferior del Glande (frenillo) para disfrutar de al menos una hora de relaciones sin eyaculaci\u00f3n. \u00a0Debe aplicarse sobre la cabeza del pene, se deja actuar durante dos horas, luego se lava y esta usted listo para tener relaciones sexuales duraderas y placenteras.<\/p>\n","protected":false},"excerpt":{"rendered":"<p>SKU: BROCHA CHINA<\/p>\n<ul>\n<li>Esta mezcla oriental de hierbas aromaticas, la cual se aplica a la parte inferior del glande en el pene prolonga f\u00e1cilmente la duraci\u00f3n del acto sexual.<\/li>\n<\/ul>\n","protected":false},"featured_media":242,"comment_status":"open","ping_status":"closed","template":"","meta":[],"product_cat":[20,18],"product_tag":[],"_links":{"self":[{"href":"https:\/\/nutricionsexualforte.com\/index.php\/wp-json\/wp\/v2\/product\/241"}],"collection":[{"href":"https:\/\/nutricionsexualforte.com\/index.php\/wp-json\/wp\/v2\/product"}],"about":[{"href":"https:\/\/nutricionsexualforte.com\/index.php\/wp-json\/wp\/v2\/types\/product"}],"replies":[{"embeddable":true,"href":"https:\/\/nutricionsexualforte.com\/index.php\/wp-json\/wp\/v2\/comments?post=241"}],"wp:featuredmedia":[{"embeddable":true,"href":"https:\/\/nutricionsexualforte.com\/index.php\/wp-json\/wp\/v2\/media\/242"}],"wp:attachment":[{"href":"https:\/\/nutricionsexualforte.com\/index.php\/wp-json\/wp\/v2\/media?parent=241"}],"wp:term":[{"taxonomy":"product_cat","embeddable":true,"href":"https:\/\/nutricionsexualforte.com\/index.php\/wp-json\/wp\/v2\/product_cat?post=241"},{"taxonomy":"product_tag","embeddable":true,"href":"https:\/\/nutricionsexualforte.com\/index.php\/wp-json\/wp\/v2\/product_tag?post=241"}],"curies":[{"name":"wp","href":"https:\/\/api.w.org\/{rel}","templated":true}]}}