{"id":243,"date":"2023-09-01T19:44:15","date_gmt":"2023-09-01T17:44:15","guid":{"rendered":"https:\/\/nutricionsexualforte.com\/?post_type=product&#038;p=243"},"modified":"2024-03-24T00:57:54","modified_gmt":"2024-03-23T23:57:54","slug":"tongkat-ali-with-tribulus-terrestris-extract","status":"publish","type":"product","link":"https:\/\/nutricionsexualforte.com\/index.php\/producto\/tongkat-ali-with-tribulus-terrestris-extract\/","title":{"rendered":"Tongkat Ali With Tribulus Terrestris Extract"},"content":{"rendered":"<div class=\"title-bar\">\n<div class=\"row\">\n<div class=\"col-xs-24 section-title\">\n<h2><strong style=\"font-size: 16px\">Descripci\u00f3n<\/strong><\/h2>\n<\/div>\n<\/div>\n<\/div>\n<div class=\"inner-content\">\n<div class=\"item-row\">\n<div class=\"row\">\n<div class=\"col-xs-24 col-md-14\">\n<div class=\"row item-row\">\n<div class=\"col-xs-24\">\n<div>\n<ul>\n<li>Extracto 200: 1<\/li>\n<li>Con extracto de Tribulus terrestris y extracto de pimienta negra BioPerine\u00ae<\/li>\n<li>1000 mg de tongkat ali por porci\u00f3n<\/li>\n<li>30\u00a0porciones.<\/li>\n<li>Suplemento alimentario.<\/li>\n<li>Calidad garantizada de Nutricost\u00ae<\/li>\n<li>Producto vegano sin animales<\/li>\n<li>Instalaciones que cumplen con las Buenas Pr\u00e1cticas de Manufactura<\/li>\n<li>Non-GMO Product: producto sin OGM.<\/li>\n<li>Producto probado por terceros.<\/li>\n<li>Sin gluten.<\/li>\n<\/ul>\n<p>Tongkat ali es un potenciador natural de la testosterona. A medida que los hombres envejecen, sus niveles de testosterona comienzan a disminuir, lo que provoca una reducci\u00f3n de la libido. Tongkat ali contrarresta esta disminuci\u00f3n, aumentando la testosterona y restaurando la libido. Tongkat ali incluso puede funcionar para tratar la disfunci\u00f3n er\u00e9ctil.<\/p>\n<\/div>\n<\/div>\n<\/div>\n<div class=\"row item-row\">\n<div class=\"col-xs-24\">\n<h3><strong>Uso Sugerido<\/strong><\/h3>\n<div class=\"prodOverviewDetail\">\n<p>Como suplemento alimentario, tome 2 c\u00e1psulas por d\u00eda con 8-12 oz de agua o seg\u00fan las indicaciones de un profesional de la salud.<\/p>\n<\/div>\n<\/div>\n<\/div>\n<div class=\"row item-row\">\n<div class=\"col-xs-24\">\n<h3><strong>Otros Ingredientes<\/strong><\/h3>\n<div class=\"prodOverviewIngred\">\n<p>Harina de arroz, c\u00e1psula de hipromelosa (celulosa), fosfato dic\u00e1lcico, celulosa microcristalina, estearato de magnesio (de origen vegetal), s\u00edlice.<\/p>\n<\/div>\n<\/div>\n<\/div>\n<div class=\"row item-row\">\n<div class=\"col-xs-24\">\n<h3><strong>Advertencias<\/strong><\/h3>\n<div class=\"prodOverviewDetail\">\n<p>Para personas sanas de 18 a\u00f1os en adelante. Consulte con un profesional de la salud antes de usar este producto si est\u00e1 embarazada o lactando, toma medicamentos o tiene una afecci\u00f3n m\u00e9dica. Mantenga fuera del alcance de los ni\u00f1os. No use el producto si falta el sello de seguridad o este est\u00e1 roto.<\/p>\n<p>Aviso: Almacene en un lugar fresco y seco.<\/p>\n<\/div>\n<\/div>\n<\/div>\n<div class=\"row item-row\">\n<div class=\"col-xs-24\">\n<h3><strong>Descargo de responsabilidad<\/strong><\/h3>\n<div id=\"disclaimer\" class=\"prodOverviewDetail\">\n<p>Aunque en iHerb, nos esforzamos por garantizar la exactitud de las im\u00e1genes e informaci\u00f3n de nuestros productos, es posible que algunos cambios de presentaci\u00f3n y\/o ingredientes de los mismos est\u00e9n pendientes de actualizaci\u00f3n en nuestro sitio web. Sin embargo, la frescura de los productos siempre est\u00e1 garantizada. Le recomendamos que lea las etiquetas, advertencias e instrucciones de todos los productos antes de usarlos y que no conf\u00ede \u00fanicamente en la informaci\u00f3n proporcionada por iHerb. Tenga en consideraci\u00f3n que el contenido de algunos de nuestros productos pudo haber sido traducido autom\u00e1ticamente. Esto se ha hecho \u00fanicamente para su comodiad. El contenido ser\u00e1 sustituido por una traducci\u00f3n profesional en breve.<\/p>\n<\/div>\n<\/div>\n<\/div>\n<\/div>\n<\/div>\n<\/div>\n<\/div>\n","protected":false},"excerpt":{"rendered":"<p>SKU: Tongkat Ali With Tribulus Terrestris Extract<\/p>\n<ul class=\"a-unordered-list a-vertical a-spacing-mini\">\n<li class=\"a-spacing-mini\"><span class=\"a-list-item\">F\u00f3rmula potente: contiene 500 mg de Tongkat Ali por c\u00e1psula<\/span><\/li>\n<li class=\"a-spacing-mini\"><span class=\"a-list-item\">F\u00e1cil de llevar, c\u00e1psulas vegetarianas<\/span><\/li>\n<li class=\"a-spacing-mini\"><span class=\"a-list-item\">Extracto 200:1<\/span><\/li>\n<li class=\"a-spacing-mini\"><span class=\"a-list-item\">60 porciones de 500 mg por botella<\/span><\/li>\n<li class=\"a-spacing-mini\"><span class=\"a-list-item\">Sin OMG, sin gluten y fabricado en una instalaci\u00f3n compatible con GM<\/span><\/li>\n<li><span class=\"Y2IQFc\" lang=\"es\">Proporciona un aumento significativo de la libido.<\/span><\/li>\n<li><span class=\"Y2IQFc\" lang=\"es\">Aumenta la energ\u00eda y la concentraci\u00f3n <\/span>\n<pre id=\"tw-target-text\" class=\"tw-data-text tw-text-large tw-ta\" dir=\"ltr\" data-placeholder=\"Traducci\u00f3n\" data-ved=\"2ahUKEwie45f-kaiCAxWippUCHdbSC_0Q3ewLegQIBhAQ\"><\/pre>\n<pre id=\"tw-target-text\" class=\"tw-data-text tw-text-large tw-ta\" dir=\"ltr\" data-placeholder=\"Traducci\u00f3n\" data-ved=\"2ahUKEwie45f-kaiCAxWippUCHdbSC_0Q3ewLegQIBhAQ\"><\/pre>\n<\/li>\n<\/ul>\n","protected":false},"featured_media":993,"comment_status":"open","ping_status":"closed","template":"","meta":[],"product_cat":[20,18,21,19],"product_tag":[],"_links":{"self":[{"href":"https:\/\/nutricionsexualforte.com\/index.php\/wp-json\/wp\/v2\/product\/243"}],"collection":[{"href":"https:\/\/nutricionsexualforte.com\/index.php\/wp-json\/wp\/v2\/product"}],"about":[{"href":"https:\/\/nutricionsexualforte.com\/index.php\/wp-json\/wp\/v2\/types\/product"}],"replies":[{"embeddable":true,"href":"https:\/\/nutricionsexualforte.com\/index.php\/wp-json\/wp\/v2\/comments?post=243"}],"wp:featuredmedia":[{"embeddable":true,"href":"https:\/\/nutricionsexualforte.com\/index.php\/wp-json\/wp\/v2\/media\/993"}],"wp:attachment":[{"href":"https:\/\/nutricionsexualforte.com\/index.php\/wp-json\/wp\/v2\/media?parent=243"}],"wp:term":[{"taxonomy":"product_cat","embeddable":true,"href":"https:\/\/nutricionsexualforte.com\/index.php\/wp-json\/wp\/v2\/product_cat?post=243"},{"taxonomy":"product_tag","embeddable":true,"href":"https:\/\/nutricionsexualforte.com\/index.php\/wp-json\/wp\/v2\/product_tag?post=243"}],"curies":[{"name":"wp","href":"https:\/\/api.w.org\/{rel}","templated":true}]}}