{"id":253,"date":"2023-09-01T19:50:10","date_gmt":"2023-09-01T17:50:10","guid":{"rendered":"https:\/\/nutricionsexualforte.com\/?post_type=product&#038;p=253"},"modified":"2026-02-11T06:21:28","modified_gmt":"2026-02-11T05:21:28","slug":"anabolico-rx24","status":"publish","type":"product","link":"https:\/\/nutricionsexualforte.com\/index.php\/producto\/anabolico-rx24\/","title":{"rendered":"Anab\u00f3lico Rx24"},"content":{"rendered":"<div class=\"Y3BBE\" data-sfc-cp=\"\" data-hveid=\"CAIQAA\" data-complete=\"true\" data-processed=\"true\">\n<div class=\"otQkpb\" role=\"heading\" data-animation-nesting=\"\" data-sfc-cp=\"\" data-processed=\"true\">\u00bfQu\u00e9 es Anabolic RX24?<\/div>\n<div class=\"Y3BBE\" data-sfc-cp=\"\" data-hveid=\"CAYQAA\" data-processed=\"true\">Anabolic RX24 es un\u00a0<strong class=\"Yjhzub\">potenciador natural de testosterona<\/strong>\u00a0formulado para hombres que buscan contrarrestar el declive hormonal asociado con la edad o mejorar su desempe\u00f1o f\u00edsico y sexual. A diferencia de los esteroides sint\u00e9ticos, este producto utiliza extractos de plantas y micronutrientes para estimular la producci\u00f3n propia del organismo.<span class=\"uJ19be notranslate\" data-wiz-uids=\"KTMgNb_1c,KTMgNb_1d\"><span class=\"vKEkVd\" data-animation-atomic=\"\" data-wiz-attrbind=\"class=KTMgNb_1b\/TKHnVd\"><span aria-hidden=\"true\">\u00a0<\/span><\/span><\/span><\/div>\n<div class=\"Fsg96\" data-sfc-cp=\"\" data-processed=\"true\"><\/div>\n<\/div>\n<div class=\"otQkpb\" role=\"heading\" data-animation-nesting=\"\" data-sfc-cp=\"\" data-complete=\"true\" data-processed=\"true\" data-sae=\"\">Beneficios Promocionados<\/div>\n<div class=\"Y3BBE\" data-sfc-cp=\"\" data-hveid=\"CAQQAA\" data-complete=\"true\" data-processed=\"true\">Seg\u00fan los fabricantes y distribuidores como\u00a0<strong class=\"Yjhzub\" data-complete=\"true\" data-processed=\"true\">Eco Farmacias<\/strong>, el suplemento ofrece m\u00faltiples beneficios para el rendimiento masculino:<\/div>\n<ul class=\"KsbFXc U6u95\" data-complete=\"true\" data-processed=\"true\">\n<li data-hveid=\"CAUQAA\" data-complete=\"true\" data-sae=\"\"><span class=\"T286Pc\" data-sfc-cp=\"\" data-complete=\"true\"><strong class=\"Yjhzub\" data-complete=\"true\">Masa Muscular:<\/strong>\u00a0Estimula el crecimiento de tejido muscular magro y aumenta la fuerza durante el entrenamiento.<\/span><\/li>\n<li data-hveid=\"CAUQAA\" data-complete=\"true\" data-sae=\"\"><\/li>\n<li data-hveid=\"CAUQAQ\" data-complete=\"true\" data-sae=\"\"><span class=\"T286Pc\" data-sfc-cp=\"\" data-complete=\"true\"><strong class=\"Yjhzub\" data-complete=\"true\">Salud Sexual:<\/strong> Favorece el deseo sexual (libido) y mejora el desempe\u00f1o en actividades \u00edntimas ,incrementa el tama\u00f1o del mienbroviril entre 3 cm de largo por 7 cm de largo sin efectos secundarios.<\/span><\/li>\n<li data-hveid=\"CAUQAg\" data-complete=\"true\" data-sae=\"\"><span class=\"T286Pc\" data-sfc-cp=\"\" data-complete=\"true\"><strong class=\"Yjhzub\" data-complete=\"true\">Energ\u00eda y Vitalidad:<\/strong>\u00a0Incrementa los niveles de energ\u00eda diaria y ayuda a retrasar los efectos del envejecimiento.<\/span><\/li>\n<li data-hveid=\"CAUQAg\" data-complete=\"true\" data-sae=\"\"><\/li>\n<li data-hveid=\"CAUQAw\" data-complete=\"true\" data-sae=\"\"><span class=\"T286Pc\" data-sfc-cp=\"\" data-complete=\"true\"><strong class=\"Yjhzub\" data-complete=\"true\">Rendimiento Cognitivo:<\/strong>\u00a0Se asocia con una mejor atenci\u00f3n y agilidad mental.<\/span><span class=\"uJ19be notranslate\" data-wiz-uids=\"Y2qd2c_18,Y2qd2c_19\" data-complete=\"true\"><span class=\"vKEkVd\" data-animation-atomic=\"\" data-wiz-attrbind=\"class=Y2qd2c_17\/TKHnVd\" data-sae=\"\"><span aria-hidden=\"true\">\u00a0<\/span><\/span><\/span><\/li>\n<\/ul>\n<div class=\"Fsg96\" data-sfc-cp=\"\" data-complete=\"true\" data-processed=\"true\"><\/div>\n<div class=\"otQkpb\" role=\"heading\" data-animation-nesting=\"\" data-sfc-cp=\"\" data-complete=\"true\" data-processed=\"true\" data-sae=\"\">Composici\u00f3n e Ingredientes<\/div>\n<div class=\"Y3BBE\" data-sfc-cp=\"\" data-hveid=\"CAcQAA\" data-complete=\"true\" data-processed=\"true\">De acuerdo con la informaci\u00f3n de producto en\u00a0<strong class=\"Yjhzub\" data-complete=\"true\" data-processed=\"true\">ecofarmacias.cl<\/strong>, una c\u00e1psula suele contener:<\/div>\n<div data-sfc-cp=\"\" data-hveid=\"CAcQAA\" data-complete=\"true\" data-processed=\"true\"><\/div>\n<div data-sfc-cp=\"\" data-hveid=\"CAcQAA\" data-complete=\"true\" data-processed=\"true\">\n<ul class=\"list1\">\n<li><strong>La Tribulus Terristris<\/strong>\u00a0es usada en medicinas tradicionales para tratar las disfunciones sexuales, la baja en libido y la impotencia. Esta aumenta los niveles de testosterona que ayudan a crear una masa muscular magra.<\/li>\n<\/ul>\n<\/div>\n<ul class=\"KsbFXc U6u95\" data-complete=\"true\" data-processed=\"true\">\n<li data-hveid=\"CAgQAA\" data-complete=\"true\" data-sae=\"\"><span class=\"T286Pc\" data-sfc-cp=\"\" data-complete=\"true\"><strong class=\"Yjhzub\" data-complete=\"true\">L-Arginina (300 mg):<\/strong>\u00a0Amino\u00e1cido que ayuda a la vasodilataci\u00f3n y el flujo sangu\u00edneo.<\/span><\/li>\n<li data-hveid=\"CAgQAA\" data-complete=\"true\" data-sae=\"\"><\/li>\n<li data-hveid=\"CAgQAQ\" data-complete=\"true\" data-sae=\"\"><span class=\"T286Pc\" data-sfc-cp=\"\" data-complete=\"true\"><strong class=\"Yjhzub\" data-complete=\"true\">Tongkat Ali (150 mg):<\/strong>\u00a0Planta utilizada tradicionalmente para apoyar la virilidad masculina.<\/span><\/li>\n<li data-hveid=\"CAgQAQ\" data-complete=\"true\" data-sae=\"\"><\/li>\n<li data-hveid=\"CAgQAg\" data-complete=\"true\" data-sae=\"\"><span class=\"T286Pc\" data-sfc-cp=\"\" data-complete=\"true\"><strong class=\"Yjhzub\" data-complete=\"true\">Diindolimetano (DIM) (150 mg) y Chrysin (100 mg):<\/strong>\u00a0Compuestos utilizados para intentar equilibrar los niveles hormonales.<\/span><\/li>\n<li data-hveid=\"CAgQAg\" data-complete=\"true\" data-sae=\"\"><\/li>\n<li data-hveid=\"CAgQAw\" data-complete=\"true\" data-sae=\"\"><span class=\"T286Pc\" data-sfc-cp=\"\" data-complete=\"true\"><strong class=\"Yjhzub\" data-complete=\"true\">Zinc (15 mg) y Vitamina B6 (15 mg):<\/strong>\u00a0Micronutrientes esenciales para la producci\u00f3n end\u00f3gena de hormonas.<\/span><\/li>\n<li data-hveid=\"CAgQAw\" data-complete=\"true\" data-sae=\"\"><\/li>\n<li data-hveid=\"CAgQBA\" data-complete=\"true\" data-sae=\"\"><span class=\"T286Pc\" data-sfc-cp=\"\" data-complete=\"true\"><strong class=\"Yjhzub\" data-complete=\"true\">Otros:<\/strong>\u00a0Contiene\u00a0<strong class=\"Yjhzub\" data-complete=\"true\">Bioperine<\/strong>\u00a0(40 mg) para mejorar la absorci\u00f3n y\u00a0<strong class=\"Yjhzub\" data-complete=\"true\">Damiana<\/strong>\u00a0(30 mg).<\/span><span class=\"uJ19be notranslate\" data-wiz-uids=\"Y2qd2c_25,Y2qd2c_26\" data-complete=\"true\"><span class=\"vKEkVd\" data-animation-atomic=\"\" data-wiz-attrbind=\"class=Y2qd2c_24\/TKHnVd\" data-sae=\"\"><span aria-hidden=\"true\">\u00a0<\/span><\/span><\/span><\/li>\n<\/ul>\n<div class=\"Fsg96\" data-sfc-cp=\"\" data-complete=\"true\" data-processed=\"true\"><\/div>\n<div class=\"otQkpb\" role=\"heading\" data-animation-nesting=\"\" data-sfc-cp=\"\" data-complete=\"true\" data-processed=\"true\" data-sae=\"\">Advertencias y Riesgos<\/div>\n<div class=\"Y3BBE\" data-sfc-cp=\"\" data-hveid=\"CAoQAA\" data-complete=\"true\" data-processed=\"true\">A pesar de su origen natural, las autoridades de salud y expertos m\u00e9dicos se\u00f1alan precauciones importantes:<\/div>\n<ul class=\"KsbFXc U6u95\" data-complete=\"true\" data-processed=\"true\">\n<li data-hveid=\"CAsQAg\" data-complete=\"true\" data-sae=\"\"><span class=\"T286Pc\" data-sfc-cp=\"\" data-complete=\"true\"><strong class=\"Yjhzub\" data-complete=\"true\">Restricciones:<\/strong>\u00a0No est\u00e1 indicado para menores de 15 o 17 a\u00f1os (seg\u00fan la variante) ni para personas con condiciones m\u00e9dicas preexistentes sin supervisi\u00f3n profesional.<\/span><span class=\"uJ19be notranslate\" data-wiz-uids=\"Y2qd2c_2t,Y2qd2c_2u\" data-complete=\"true\"><span class=\"vKEkVd\" data-animation-atomic=\"\" data-wiz-attrbind=\"class=Y2qd2c_2s\/TKHnVd\" data-sae=\"\"><span aria-hidden=\"true\">\u00a0<\/span><\/span><\/span><\/li>\n<\/ul>\n","protected":false},"excerpt":{"rendered":"<p>SKU: AnablicRX24<\/p>\n<ul>\n<li>Aumenta los niveles de testosterona.<\/li>\n<li>Aumneta la masa muscular.<\/li>\n<li>Aumneto de la energia fisica y la potencia intima.<\/li>\n<li>Aumenta la densidad mineral \u00f3sea.<\/li>\n<li>Mejora la funci\u00f3n cognitiva.<\/li>\n<li>Retarda los efectos del envejecimiento.<\/li>\n<\/ul>\n","protected":false},"featured_media":820,"comment_status":"open","ping_status":"closed","template":"","meta":[],"product_cat":[17,22,19],"product_tag":[],"_links":{"self":[{"href":"https:\/\/nutricionsexualforte.com\/index.php\/wp-json\/wp\/v2\/product\/253"}],"collection":[{"href":"https:\/\/nutricionsexualforte.com\/index.php\/wp-json\/wp\/v2\/product"}],"about":[{"href":"https:\/\/nutricionsexualforte.com\/index.php\/wp-json\/wp\/v2\/types\/product"}],"replies":[{"embeddable":true,"href":"https:\/\/nutricionsexualforte.com\/index.php\/wp-json\/wp\/v2\/comments?post=253"}],"wp:featuredmedia":[{"embeddable":true,"href":"https:\/\/nutricionsexualforte.com\/index.php\/wp-json\/wp\/v2\/media\/820"}],"wp:attachment":[{"href":"https:\/\/nutricionsexualforte.com\/index.php\/wp-json\/wp\/v2\/media?parent=253"}],"wp:term":[{"taxonomy":"product_cat","embeddable":true,"href":"https:\/\/nutricionsexualforte.com\/index.php\/wp-json\/wp\/v2\/product_cat?post=253"},{"taxonomy":"product_tag","embeddable":true,"href":"https:\/\/nutricionsexualforte.com\/index.php\/wp-json\/wp\/v2\/product_tag?post=253"}],"curies":[{"name":"wp","href":"https:\/\/api.w.org\/{rel}","templated":true}]}}