{"id":257,"date":"2023-09-01T19:52:30","date_gmt":"2023-09-01T17:52:30","guid":{"rendered":"https:\/\/nutricionsexualforte.com\/?post_type=product&#038;p=257"},"modified":"2023-11-17T23:42:36","modified_gmt":"2023-11-17T22:42:36","slug":"double-wood-tongkat-ali-complex-x-120-caps","status":"publish","type":"product","link":"https:\/\/nutricionsexualforte.com\/index.php\/producto\/double-wood-tongkat-ali-complex-x-120-caps\/","title":{"rendered":"Double Wood Tongkat Ali Complex X 120 C\u00e1ps"},"content":{"rendered":"<h2><\/h2>\n<p><img decoding=\"async\" loading=\"lazy\" src=\"https:\/\/www.potenciasexualforte.com\/uploads\/images\/prod-259619213.jpg\" alt=\"\" width=\"320\" height=\"213\" \/><\/p>\n<p>Tongkat Ali, tambi\u00e9n conocido como Eurycoma Longifolia Jack, Ginseng malasio o Longjack, es una hierba que se ha descubierto que apoya niveles saludables de libido y cortisol.\u00a0Nuestro producto es un extracto de eurycomamonas, que es el compuesto qu\u00edmico responsable de los efectos del Tongkat.\u00a0Esto permite que sea necesaria una dosis mucho menor que si uno intentara obtener la misma euricomamona ingiriendo la hierba misma.\u00a0Dosis recomendada: La dosis recomendada de nuestro extracto de Tongkat Ali es de dos c\u00e1psulas de 500 mg por d\u00eda, tomadas con o sin alimentos. No se recomienda tomar m\u00e1s de 2000 mg de nuestro extracto de Tongkat Ali al d\u00eda.<img decoding=\"async\" loading=\"lazy\" src=\"https:\/\/www.potenciasexualforte.com\/uploads\/images\/prod-148068482.jpg\" alt=\"\" width=\"320\" height=\"368\" \/><\/p>\n<p>Double Wood Tongkat Ali x 120 c\u00e1ps, tambi\u00e9n conocido como Longkack, es un suplemento de hierbas que ha sido ampliamente utilizado en los pa\u00edses del sudeste asi\u00e1tico durante siglos. Los beneficios provienen de las diversas partes de la planta. La parte m\u00e1s utilizada es la ra\u00edz que contiene compuestos llamados quasinoides y alcaloides.<\/p>\n","protected":false},"excerpt":{"rendered":"<p>SKU: Tongkat Ali Complex 120 capls<\/p>\n<ul class=\"styles__BulletList-sc-6aebpn-1 ddyaWM h-display-flex h-margin-t-x2 h-margin-b-default\">\n<li class=\"styles__Bullet-sc-6aebpn-0 dKfJvU h-padding-t-x2 h-padding-r-tight h-text-md\">\n<div>\n<div>Apoya niveles saludables de testosterona.<\/div>\n<\/div>\n<\/li>\n<li class=\"styles__Bullet-sc-6aebpn-0 dKfJvU h-padding-t-x2 h-padding-r-tight h-text-md\">\n<div>\n<div>Apoya los resultados del entrenamiento de resistencia.<\/div>\n<\/div>\n<\/li>\n<li class=\"styles__Bullet-sc-6aebpn-0 dKfJvU h-padding-t-x2 h-padding-r-tight h-text-md\">\n<div>\n<div>Sin soja, sin gluten, sin OGM, vegano<\/div>\n<\/div>\n<\/li>\n<li class=\"styles__Bullet-sc-6aebpn-0 dKfJvU h-padding-t-x2 h-padding-r-tight h-text-md\">\n<div>\n<div>Fabricado en EE.UU.<\/div>\n<\/div>\n<\/li>\n<li class=\"styles__Bullet-sc-6aebpn-0 dKfJvU h-padding-t-x2 h-padding-r-tight h-text-md\">\n<div>\n<div>Certificado de an\u00e1lisis y pruebas de terceros disponibles<\/div>\n<\/div>\n<\/li>\n<li class=\"styles__Bullet-sc-6aebpn-0 dKfJvU h-padding-t-x2 h-padding-r-tight h-text-md\">\n<div>\n<div>Suministro para dos meses en la dosis recomendada.<\/div>\n<\/div>\n<\/li>\n<\/ul>\n","protected":false},"featured_media":978,"comment_status":"open","ping_status":"closed","template":"","meta":[],"product_cat":[20,18,19],"product_tag":[],"_links":{"self":[{"href":"https:\/\/nutricionsexualforte.com\/index.php\/wp-json\/wp\/v2\/product\/257"}],"collection":[{"href":"https:\/\/nutricionsexualforte.com\/index.php\/wp-json\/wp\/v2\/product"}],"about":[{"href":"https:\/\/nutricionsexualforte.com\/index.php\/wp-json\/wp\/v2\/types\/product"}],"replies":[{"embeddable":true,"href":"https:\/\/nutricionsexualforte.com\/index.php\/wp-json\/wp\/v2\/comments?post=257"}],"wp:featuredmedia":[{"embeddable":true,"href":"https:\/\/nutricionsexualforte.com\/index.php\/wp-json\/wp\/v2\/media\/978"}],"wp:attachment":[{"href":"https:\/\/nutricionsexualforte.com\/index.php\/wp-json\/wp\/v2\/media?parent=257"}],"wp:term":[{"taxonomy":"product_cat","embeddable":true,"href":"https:\/\/nutricionsexualforte.com\/index.php\/wp-json\/wp\/v2\/product_cat?post=257"},{"taxonomy":"product_tag","embeddable":true,"href":"https:\/\/nutricionsexualforte.com\/index.php\/wp-json\/wp\/v2\/product_tag?post=257"}],"curies":[{"name":"wp","href":"https:\/\/api.w.org\/{rel}","templated":true}]}}