{"id":43,"date":"2023-09-01T17:27:34","date_gmt":"2023-09-01T15:27:34","guid":{"rendered":"https:\/\/nutricionsexualforte.com\/?post_type=product&#038;p=43"},"modified":"2024-03-18T02:10:59","modified_gmt":"2024-03-18T01:10:59","slug":"vigrx-plus","status":"publish","type":"product","link":"https:\/\/nutricionsexualforte.com\/index.php\/producto\/vigrx-plus\/","title":{"rendered":"VigRX Plus \u2122"},"content":{"rendered":"<h2>\u00bfC\u00f3mo funciona VigRX Plus?<\/h2>\n<p>La composici\u00f3n de VigRX Plus act\u00faa aumentando el flujo sangu\u00edneo de las venas y las arterias del pene sin llegar a incrementar la presi\u00f3n arterial. Esto se traduce en que cuando la erecci\u00f3n se produce, la sangre fluye con m\u00e1s facilidad por el pene, aumentando la capacidad de los cuerpos cavernosos del pene. Esto da lugar a que se produzcan mayores erecciones. Los componentes de VigRX Plus relajan el sistema nervioso, por lo que no es un producto perjudicial para la salud.<\/p>\n<p>Para evaluar la eficacia y seguridad de VigRX Plus en el tratamiento de la disfunci\u00f3n er\u00e9ctil, se ha llevado a cabo un ensayo cl\u00ednico en base a los principios de la funci\u00f3n er\u00e9ctil del \u00cdndice Internacional de Disfunci\u00f3n Er\u00e9ctil, IIEF. La prueba con VigRX Plus se ha llevado a cabo en hombres entre 20 y 50 a\u00f1os de edad con el m\u00e9todo conocido como \u201cdoble ciego\u201d, en el cual se consideran las declaraciones de los pacientes y de sus parejas con el objetivo de verificar la satisfacci\u00f3n por ambas partes al usar VigRX Plus. Estos estudios cl\u00ednicos, probados durante un per\u00edodo de 12 semanas, muestran que VigRX Plus le ayuda a mejorar la calidad de sus erecciones, as\u00ed como a aumentar el deseo y la satisfacci\u00f3n sexual en la pareja.<\/p>\n<h2>\u00bfCu\u00e1ndo se empiezan a ver los resultados de VigRX Plus?<\/h2>\n<p>Los resultados de VigRX Plus no son inmediatos. Despu\u00e9s de los 3 primeros meses de tomar el suplemento podr\u00e1 comenzar a experimentar unos resultados m\u00e1s notables. Durante el primer mes es probable que note un aumento en su deseo sexual, en los niveles de estamina y en la libido. Como consecuencia es probable que sus erecciones sean mejores y de mayor duraci\u00f3n. Entre la cuarta y la octava semana de tomar VigRX Plus, es decir, en el segundo mes, puede notar cambios en el tama\u00f1o y longitud del pene, adem\u00e1s de un aumento de la potencia sexual. Pasados los 3 primeros meses puede notar un aumento del pene m\u00e1s apreciable, adem\u00e1s de su libido y su deseo sexual.<\/p>\n<p>Hay muchos hombres que esperan un resultado inmediato. Si usted decide tomar VigRX Plus, debe ser paciente, ya que al tratarse de un producto natural los resultados pueden tardar m\u00e1s tiempo en manifestarse que si se tratase de un medicamento. Para conseguir unos resultados efectivos debe ser constante con el tratamiento, sino ser\u00e1 m\u00e1s dif\u00edcil alcanzar los resultados deseados. La combinaci\u00f3n de los ingredientes son conocidos por ayudar a estimular las relaciones sexuales, a tener erecciones m\u00e1s firmes y duraderas y a aumentar el placer durante la actividad sexual.<\/p>\n<h2>\u00bfQu\u00e9 efectos secundarios tiene VigRX Plus?<\/h2>\n<p>VigRX Plus es un producto elaborado a base de ingredientes naturales, por lo que no se conocen efectos secundarios ni es da\u00f1ino para su cuerpo. A\u00fan as\u00ed, antes de comenzar el tratamiento debe fijarse en sus componentes a fin de evitar cualquier reacci\u00f3n alergia. Si usted es al\u00e9rgico a alguno de sus ingredientes, no utilice este producto. Los resultados obtenidos con VigRX Plus ser\u00e1n efectivos siempre que sea constante. La dosis diaria es de 2 comprimidos antes de cada comida, tomando uno por la ma\u00f1ana en el desayuno y otro por la noche en la cena. Durante el primer mes es posible que sienta un aumento de la libido, unido a erecciones m\u00e1s fuertes y m\u00e1s duraderas. A partir del segundo mes es cuando puede comenzar a notar un ligero aumento de su pene, siendo a partir del tercer mes cuando pueda notar un pene m\u00e1s grande con una mejora en la calidad de sus erecciones.<\/p>\n<h2>Ingredientes componen este producto<\/h2>\n<p>VigRX Plus est\u00e1 compuesto por una selecci\u00f3n de ingredientes 100% naturales. El ingrediente activo es la Bioperina, considerada como uno de los componentes naturales m\u00e1s revolucionarios en el campo de la sexualidad. Es un nutriente termog\u00e9nico que trabaja actuando sobre el flujo sangu\u00edneo, los niveles hormonales masculinos y las c\u00e9lulas sensibles que contiene el pene. La mezcla de todos sus ingredientes pueden ayudarle a aumentar el deseo y el placer sexual, la libido y, lo m\u00e1s importante, el tama\u00f1o de su pene. Contiene ra\u00edz de Ginseng Asi\u00e1tico, Epimedium, extracto de Semillas Cuscuta, hoja de Ginkgo Bilboa, bayas de Serenoa, extracto de Corteza de Muira Pauma, extracto de Corteza de Catuaba y frutos de Crataegus, pero los ingredientes principales de esta nueva f\u00f3rmula son la Bioperina, la Damiana y Tribulus Terrestris.<\/p>\n<ul class=\"bluetick\">\n<li>Bioperina (Piper Nigruml)<\/li>\n<li>Damiana<\/li>\n<li>Tribulus Terrestris<\/li>\n<\/ul>\n","protected":false},"excerpt":{"rendered":"<p>VigRX Plus es un suplemento formulado a base de productos naturales. Su principal funci\u00f3n es ayudarle a aumentar la virilidad del hombre. Adem\u00e1s, gracias a sus ingredientes, que tienen propiedades conocidas por aumentar los niveles de estamina ayud\u00e1ndole a tener un mayor deseo sexual y una libido m\u00e1s alta. VigRX Plus es la versi\u00f3n mejorada de VigRX. Est\u00e1 compuesto por 3 ingredientes nuevos, los cuales juegan un papel muy importante en la efectividad del producto. Algunos de sus ingredientes activos como Bioperine y antiguas hierbas chinas, son beneficiosos ya que tienen propiedades que ayudan a aumentar el flujo de sangre del pene.<\/p>\n<ul class=\"bluetick\">\n<li>Suplemento con ingredientes naturales<\/li>\n<li>Puede ayudar a aumentar las erecciones<\/li>\n<li>Ayuda a aumentar el riego sangu\u00edneo del pene<\/li>\n<li>Puede potenciar la cantidad de orgasmos<\/li>\n<li>Aumento en la confianza del hombre<\/li>\n<li>Aumento en la satisfacci\u00f3n sexual en general<\/li>\n<li>Puede ser una alternativa a la cirug\u00eda<\/li>\n<li>No tiene efectos secundarios conocidos<\/li>\n<\/ul>\n","protected":false},"featured_media":50,"comment_status":"open","ping_status":"closed","template":"","meta":[],"product_cat":[17],"product_tag":[],"_links":{"self":[{"href":"https:\/\/nutricionsexualforte.com\/index.php\/wp-json\/wp\/v2\/product\/43"}],"collection":[{"href":"https:\/\/nutricionsexualforte.com\/index.php\/wp-json\/wp\/v2\/product"}],"about":[{"href":"https:\/\/nutricionsexualforte.com\/index.php\/wp-json\/wp\/v2\/types\/product"}],"replies":[{"embeddable":true,"href":"https:\/\/nutricionsexualforte.com\/index.php\/wp-json\/wp\/v2\/comments?post=43"}],"wp:featuredmedia":[{"embeddable":true,"href":"https:\/\/nutricionsexualforte.com\/index.php\/wp-json\/wp\/v2\/media\/50"}],"wp:attachment":[{"href":"https:\/\/nutricionsexualforte.com\/index.php\/wp-json\/wp\/v2\/media?parent=43"}],"wp:term":[{"taxonomy":"product_cat","embeddable":true,"href":"https:\/\/nutricionsexualforte.com\/index.php\/wp-json\/wp\/v2\/product_cat?post=43"},{"taxonomy":"product_tag","embeddable":true,"href":"https:\/\/nutricionsexualforte.com\/index.php\/wp-json\/wp\/v2\/product_tag?post=43"}],"curies":[{"name":"wp","href":"https:\/\/api.w.org\/{rel}","templated":true}]}}