{"id":53,"date":"2023-09-01T17:44:59","date_gmt":"2023-09-01T15:44:59","guid":{"rendered":"https:\/\/nutricionsexualforte.com\/?post_type=product&#038;p=53"},"modified":"2023-10-05T04:43:47","modified_gmt":"2023-10-05T02:43:47","slug":"vigrx","status":"publish","type":"product","link":"https:\/\/nutricionsexualforte.com\/index.php\/producto\/vigrx\/","title":{"rendered":"VigRX \u2122"},"content":{"rendered":"<h2>\u00bfQu\u00e9 es VigRX?<\/h2>\n<p>El suplemento natural VigRX est\u00e1 elaborado a partir de 8 hierbas org\u00e1nicas que con m\u00e1s de 10 a\u00f1os de experiencia su eficacia ayuda aquellos hombres que desean impulsar su virilidad e aumentar el placer sexual. El complemento masculino VigRX es, sin duda, uno de los mejores productos de entre su gama disponibles en el mercado, la mayor parte de los consumidores est\u00e1n satisfechos con los magn\u00edficos resultados.<\/p>\n<h2>\u00bfC\u00f3mo debo tomar VigRX?<\/h2>\n<p>El pene est\u00e1 compuesto por los cuerpos cavernosos, los cuales constituyen un par de columnas formadas por tejido er\u00e9ctil. Est\u00e1n situadas en la parte superior del pene, y durante la erecci\u00f3n se llenan de sangre. Las hierbas naturales que componen VigRX se unen formando una mezcla que puede ayudar a agrandar los cuerpos cavernosos. Esto conlleva a un aumento en el flujo sangu\u00edneo del pene, ayud\u00e1ndole a tener una mayor virilidad. La selecci\u00f3n de ingredientes herb\u00e1ceos que componen VigRX contienen propiedades conocidas por sus efectos para tratar problemas de disfunci\u00f3n sexual, por lo que est\u00e1n considerados como ingredientes que pueden ayudar a la estimulaci\u00f3n de la actividad sexual.<\/p>\n<p>Antes de comenzar a tomar VigRX debe saber que es necesario que sea constante con su seguimiento, ya que es la forma m\u00e1s segura para conseguir los mejores resultados. Se recomienda tomar 2 c\u00e1psulas de VigRX al d\u00eda justo antes de las comidas. La primera deber\u00e1 tomarla por la ma\u00f1ana en el desayuno, y la siguiente por la noche, antes de cenar. Cada bote est\u00e1 compuesto por 60 c\u00e1psulas, siendo \u00e9sta la base para un mes de tratamiento.<\/p>\n<h2>\u00bfQu\u00e9 efectos secundarios puede producir VigRX?<\/h2>\n<p>Hasta el momento no se ha descrito ning\u00fan tipo de efecto secundario por el uso de VigRX. Es un producto elaborado de ingredientes 100% naturales, por lo que no requiere de receta m\u00e9dica. A\u00fan as\u00ed, si est\u00e1 tomando alg\u00fan tipo de medicaci\u00f3n o tiene problemas de coraz\u00f3n o presi\u00f3n arterial alta, es aconsejable que consulte con su m\u00e9dico antes de empezar a tomar VigRX. Si es al\u00e9rgico a alguno de los ingredientes que componen el producto, no lo utilice.<\/p>\n<h2>\u00bfCu\u00e1nto tiempo debo esperar para ver los resultados?<\/h2>\n<p>Como cualquier tratamiento natural, los resultados deseados se ir\u00e1n notando progresivamente, no de forma inmediata despu\u00e9s de haber comenzado a utilizarlos. Los resultados m\u00e1s notables se pueden apreciar a partir del tercer mes. Para que VigRX sea efectivo, debe ser constante. Los s\u00edntomas m\u00e1s inmediatos se suelen producir durante las 4 primeras semanas de uso del producto.<\/p>\n<p><img decoding=\"async\" loading=\"lazy\" src=\"https:\/\/www.potenciasexualforte.com\/uploads\/images\/vigrxcont.jpg\" alt=\"\" width=\"1140\" height=\"508\" \/><\/p>\n<p>Es probable que durante el primer pueda notar un ligero aumento en el grosor de su pene. Adem\u00e1s, VigRX le puede ayudar a disfrutar de erecciones de mayor duraci\u00f3n. De la cuarta a la octava semana es cuando podr\u00e1 comenzar a percibir un mayor tama\u00f1o de su pene, pero para mejores resultados debe prolongar el tratamiento al menos hasta 3 meses. Es a partir de la novena semana cuando podr\u00e1 comenzar a sentir los efectos de VigRX con m\u00e1s intensidad, pudiendo tener un pene m\u00e1s largo, fuerte y firme. Antes de analizar cualquier resultado, se recomienda que utilice el producto de manera constante durante un m\u00ednimo de 3 meses.<\/p>\n<h2>\u00bfCu\u00e1les son los ingredientes de VigRX?<\/h2>\n<p>VigRX est\u00e1 compuesto por una selecci\u00f3n de productos 100% naturales:<\/p>\n<ul class=\"bluetick\">\n<li><strong>Ra\u00edz Asi\u00e1tica de Ginseng<\/strong>, puede ayudar a incrementar el deseo sexual y la libido.<\/li>\n<li><strong>Fruto de Serenoa<\/strong>, conocido por prevenir el agrandamiento de la pr\u00f3stata.<\/li>\n<li><strong>Fruto de Hawthorne<\/strong>, ayuda a dilatar los vasos sangu\u00edneos permitiendo el aumento del tama\u00f1o del pene.<\/li>\n<li><strong>Hija de Ginkgo Biloba<\/strong>, ayuda a mejorar la circulaci\u00f3n y oxigenaci\u00f3n incrementando el flujo sangu\u00edneo.<\/li>\n<li><strong>Extracto de corteza de Muira Pauma<\/strong>, mejora la virilidad masculina.<\/li>\n<li><strong>Extracto de corteza de Catuaba<\/strong>, propiedades usadas para combatir problemas de impotencia.<\/li>\n<li><strong>Extracto de semilla de Cuscuta<\/strong>, utilizado para tratar la eyaculaci\u00f3n y fortalecer la funci\u00f3n urogenital.<\/li>\n<li><strong>Extracto de hoja de Epimedium<\/strong>.<\/li>\n<\/ul>\n","protected":false},"excerpt":{"rendered":"<p><strong>VigRX<\/strong>\u00a0es un producto elaborado con extractos de hierbas naturales conocidas por sus propiedades beneficiosas en el campo de la actividad sexual. Estos extractos son famosos por su capacidad para mejorar la virilidad masculina. Las pastillas VigRX tambi\u00e9n pueden ayudar a mejorar la circulaci\u00f3n sangu\u00ednea de la zona genital para permitirle disfrutar de erecciones m\u00e1s duraderas y mejorar el tama\u00f1o del pene.<\/p>\n<ul class=\"bluetick\">\n<li>Con un 95% de clientes satisfechos<\/li>\n<li>L\u00edder mundial del mercado internacional<\/li>\n<li>Ayuda a mejorar el tama\u00f1o del pene<\/li>\n<li>Ingredientes naturales<\/li>\n<li>Ayuda a tener erecciones m\u00e1s fuertes y duraderas<\/li>\n<li>Mejora el flujo sangu\u00edneo<\/li>\n<li>Aumenta la resistencia y el deseo sexual<\/li>\n<li>No tiene efectos secundarios<\/li>\n<li>Cada bote contiene 60 c\u00e1psulas<\/li>\n<\/ul>\n<p>Como cualquier suplemento,<strong>VigRX<\/strong>\u00a0es el producto indicado siempre y cuando el consumidor sea constante y paciente en su lucha personal por lograr \u00a1Los efectos deseados!\u00a0<strong>Vi\u00a1gRx<\/strong>\u00a0como mejor aliado y compa\u00f1ero \u00edntimo. M\u00e1s r\u00e1pido y eficaz de lo que te des cuenta.<\/p>\n","protected":false},"featured_media":55,"comment_status":"open","ping_status":"closed","template":"","meta":[],"product_cat":[17],"product_tag":[],"_links":{"self":[{"href":"https:\/\/nutricionsexualforte.com\/index.php\/wp-json\/wp\/v2\/product\/53"}],"collection":[{"href":"https:\/\/nutricionsexualforte.com\/index.php\/wp-json\/wp\/v2\/product"}],"about":[{"href":"https:\/\/nutricionsexualforte.com\/index.php\/wp-json\/wp\/v2\/types\/product"}],"replies":[{"embeddable":true,"href":"https:\/\/nutricionsexualforte.com\/index.php\/wp-json\/wp\/v2\/comments?post=53"}],"wp:featuredmedia":[{"embeddable":true,"href":"https:\/\/nutricionsexualforte.com\/index.php\/wp-json\/wp\/v2\/media\/55"}],"wp:attachment":[{"href":"https:\/\/nutricionsexualforte.com\/index.php\/wp-json\/wp\/v2\/media?parent=53"}],"wp:term":[{"taxonomy":"product_cat","embeddable":true,"href":"https:\/\/nutricionsexualforte.com\/index.php\/wp-json\/wp\/v2\/product_cat?post=53"},{"taxonomy":"product_tag","embeddable":true,"href":"https:\/\/nutricionsexualforte.com\/index.php\/wp-json\/wp\/v2\/product_tag?post=53"}],"curies":[{"name":"wp","href":"https:\/\/api.w.org\/{rel}","templated":true}]}}