{"id":56,"date":"2023-09-01T17:46:56","date_gmt":"2023-09-01T15:46:56","guid":{"rendered":"https:\/\/nutricionsexualforte.com\/?post_type=product&#038;p=56"},"modified":"2023-09-01T17:46:56","modified_gmt":"2023-09-01T15:46:56","slug":"vimax","status":"publish","type":"product","link":"https:\/\/nutricionsexualforte.com\/index.php\/producto\/vimax\/","title":{"rendered":"Vimax"},"content":{"rendered":"<h2>\u00bfQu\u00e9 es Vimax y c\u00f3mo funciona?<\/h2>\n<p>Vimax es un producto formulado con ingredientes naturales conocidos por actuar estimulando el flujo de sangre en los cuerpos cavernosos del pene, los cuales son la parte principal del miembro masculino y cuya funci\u00f3n es la de mantener la erecci\u00f3n cuando estos se llenan de sangre. Los 9 extractos herbales que combinados forman Vimax pastillas son seguros y conocidos por sus propiedades para estimular la virilidad del hombre.<\/p>\n<p>Podr\u00e1 empezar a notar los beneficios de Vimax pastillas a corto plazo de deseo sexual y potencia, aunque ser\u00e1 a partir del primer mes cuando empiece a experimentar la mejora en el deseo sexual y el tama\u00f1o del pene.<\/p>\n<h2>\u00bfC\u00f3mo tomar Vimax?<\/h2>\n<p>Para conseguir los mejores resultados que pueda proporcionar Vimax, hay que ser constante y tomar 1 pastilla al d\u00eda despu\u00e9s de la comida principal a la misma hora si esto es posible. Cada bote contiene 30 pastillas para seguir un tratamiento de 1 mes. Aunque recomendamos seguir un tratamiento m\u00ednimo de 3 meses que ser\u00e1 cuando pueda experimentar unos resultados m\u00e1s notables y visibles.<\/p>\n<p>&nbsp;<\/p>\n<h2>\u00bfCu\u00e1ndo puede empezar a ver resultados?<\/h2>\n<p>Con Vimax podr\u00e1 empezar a ver resultados en poco tiempo, como un aumento de la libido y la resistencia sexual, no obstante los efectos de mejora de las erecciones y el tama\u00f1o no son tan inmediatos, por lo que ser\u00e1 a partir del primer mes cuando empezar\u00e1 a notar una mayor potencia en las erecciones para sacar el mayor partido de tus encuentros sexuales.<\/p>\n<p>&nbsp;<\/p>\n<h2>Ingredientes naturales<\/h2>\n<p>Vimax pastillas est\u00e1 formulado por una combinaci\u00f3n de ingredientes naturales de gran calidad y reconocidos por sus propiedades para estimular la virilidad masculina. La mezcla de todos los ingredientes no produce efectos secundarios aunque recomendamos comprobar los ingredientes antes de empezar a tomar Vimax para evitar posibles reacciones al\u00e9rgicas.<\/p>\n<ul class=\"bluetick\">\n<li>Vitamina E<\/li>\n<li>Saw Palmetto (80 mg)<\/li>\n<li>Ginkgo Biloba (100 mg)<\/li>\n<li>Fruto de Cayenne (20 mg)<\/li>\n<li>Ginseng (50 mg)<\/li>\n<li>Extracto de Bayas de Espino (17 mg)<\/li>\n<li>Extracto de Avena (4 mg)<\/li>\n<li>Tribulus (5 mg)<\/li>\n<\/ul>\n","protected":false},"excerpt":{"rendered":"<p>Vimax es un producto elaborado a base de ingredientes naturales para ayudar a mejorar la sexualidad del hombre. Este suplemento cuenta con una tasa de \u00e9xito del 95% lo que lo convierte en uno de los mejores productos naturales elaborados para mejorar el rendimiento sexual. Gracias a sus ingredientes activos, podr\u00e1 disfrutar de una vida sexual m\u00e1s satisfactoria, ya que estos act\u00faan aumentando el flujo sangu\u00edneo en los cuerpo cavernosos del pene.<\/p>\n<ul class=\"bluetick\">\n<li>Creado para aumentar la fuerza de las erecciones<\/li>\n<li>Puede aumentar el deseo sexual<\/li>\n<li>Creado para mejorar el tama\u00f1o del pene<\/li>\n<li>Mejora el rendimiento sexual en general<\/li>\n<li>Producto elaborado con ingredientes naturales<\/li>\n<li>Tomar 1 pastilla al d\u00eda<\/li>\n<\/ul>\n","protected":false},"featured_media":57,"comment_status":"open","ping_status":"closed","template":"","meta":[],"product_cat":[17],"product_tag":[],"_links":{"self":[{"href":"https:\/\/nutricionsexualforte.com\/index.php\/wp-json\/wp\/v2\/product\/56"}],"collection":[{"href":"https:\/\/nutricionsexualforte.com\/index.php\/wp-json\/wp\/v2\/product"}],"about":[{"href":"https:\/\/nutricionsexualforte.com\/index.php\/wp-json\/wp\/v2\/types\/product"}],"replies":[{"embeddable":true,"href":"https:\/\/nutricionsexualforte.com\/index.php\/wp-json\/wp\/v2\/comments?post=56"}],"wp:featuredmedia":[{"embeddable":true,"href":"https:\/\/nutricionsexualforte.com\/index.php\/wp-json\/wp\/v2\/media\/57"}],"wp:attachment":[{"href":"https:\/\/nutricionsexualforte.com\/index.php\/wp-json\/wp\/v2\/media?parent=56"}],"wp:term":[{"taxonomy":"product_cat","embeddable":true,"href":"https:\/\/nutricionsexualforte.com\/index.php\/wp-json\/wp\/v2\/product_cat?post=56"},{"taxonomy":"product_tag","embeddable":true,"href":"https:\/\/nutricionsexualforte.com\/index.php\/wp-json\/wp\/v2\/product_tag?post=56"}],"curies":[{"name":"wp","href":"https:\/\/api.w.org\/{rel}","templated":true}]}}