{"id":58,"date":"2023-09-01T17:49:21","date_gmt":"2023-09-01T15:49:21","guid":{"rendered":"https:\/\/nutricionsexualforte.com\/?post_type=product&#038;p=58"},"modified":"2023-09-01T17:49:21","modified_gmt":"2023-09-01T15:49:21","slug":"viaman","status":"publish","type":"product","link":"https:\/\/nutricionsexualforte.com\/index.php\/producto\/viaman\/","title":{"rendered":"Viaman"},"content":{"rendered":"<h2>\u00bfQu\u00e9 son las c\u00e0psulas Viaman?<\/h2>\n<p>Viaman es un suplemento alimenticio que combina los mejores ingredientes naturales conocidos por sus propiedades para el aumento de la libido y el alargamiento del pene. Su f\u00f3rmula exclusiva est\u00e1 especialmente pensada para ofrecer r\u00e1pidos resultados con tan solo la toma de una c\u00e1psula al d\u00eda. Entre sus ingredientes naturales se encuentran extractos de L-caritina y L-arginina, considerados dos elementos clave con propiedades para mejorar la potencia sexual, ayud\u00e1ndote as\u00ed a conseguir erecciones m\u00e1s firmes y duraderas para disfrutar de un sexo m\u00e1s placentero.<\/p>\n<h2>\u00bfCu\u00e1ndo empezar\u00e9 a ver los resultados?<\/h2>\n<p>Gracias a su composici\u00f3n, el tratamiento con Viaman te aporta beneficios a largo plazo. En un primer momento podr\u00e1s experimentar una mejora sustancial de la libido, por lo que ver\u00e1s aumentado tu deseo sexual. En apenas unas semanas de tratamiento, podr\u00e1s notar adem\u00e1s un incremento de la fuerza de tu erecci\u00f3n y del rendimiento sexual. Sin embargo, hay que puntualizar que los resultados obtenidos pueden variar ligeramente en cada persona. Recuerda que es esencial respetar la dosis recomendada de una c\u00e1psula al d\u00eda.<\/p>\n<h2>\u00bfTiene efectos secundarios?<\/h2>\n<p>Al estar compuesto a base de elementos de origen natural, la toma de Viaman no conlleva en general ning\u00fan riesgo de sufrir efectos secundarios. A pesar de ello, es recomendable que leas el listado de ingredientes que componen este suplemento para asegurarte de que no eres al\u00e9rgico a ninguno de ellos. En caso de que te est\u00e9s siguiendo un tratamiento m\u00e9dico o hayas sufrido complicaciones coronarias recientemente, no dudes en consultar a tu doctor antes de empezar a tomar este suplemento o cualquier otro.<\/p>\n<h2>Ingredientes naturales<\/h2>\n<p>Cada uno de los ingredientes naturales presentes en la f\u00f3rmula de Viaman ha sido especialmente seleccionado por sus propiedades para la mejora del rendimiento sexual del hombre.<\/p>\n<ul class=\"bluetick\">\n<li>\u00a0L- carnitina: Un amino\u00e1cido natural. Al igual que la L\u2013 arginina, la L-carnitina es es conocida como potenciador del deseo sexual. Se considera que mejora la circulaci\u00f3n, por lo que el pene registra una mayor firmeza en el momento de la erecci\u00f3n.<\/li>\n<li>\u00a0Extracto de fenogreco: Considerado como otro potente elemento natural capaz de aumentar el rendimiento sexual. Un estudio publicado por Phytotherapy Research Journal en 2012 confirmaba que en un proyecto de investigaci\u00f3n llevado a cabo con hombres a tratamiento con fenogreco, estos hab\u00edan aumentado su deseo sexual en hasta un 81%. Tambi\u00e9n su rendimiento sexual experiment\u00f3 una notable mejora de hasta un 63%. Pero eso no es todo, pues el fenogreco reduce adem\u00e1s el tiempo de recuperaci\u00f3n. De ese modo, te permitir\u00e1 realizar un nuevo coito poco despu\u00e9s de haber alcanzado un orgasmo.<\/li>\n<li>\u00a0Otros ingredientes: Viaman tambi\u00e9n contiene: extracto de ra\u00edz de maca, zinc, L-citrulina, L-lisina y celulosa.<\/li>\n<\/ul>\n<h2>\u00bfC\u00f3mo puedo comprar Viaman?<\/h2>\n<p>Pedido muy sencillo y seguro. Distribuidor en exclusiva de esta marca. Compromiso con la seguridad y el bienestar de nuestros clientes, por lo que nos comprometemos a entregar nuestros productos de forma discreta. El embalaje en el que recibir\u00e1s tu Viaman no contendr\u00e1 ning\u00fan tipo de marca o referencia que permita identificar el contenido. No lo dudes; \u00fanete a los miles de hombres que han conseguido mejorar su rendimiento sexual y disfrutan de un sexo m\u00e1s placentero gracias a Sexualidad Masculina. Para hacerlo, solo tienes que clicar ahora en el producto, elegir la cantidad deseada y seleccionar la opci\u00f3n de compra que m\u00e1s te convenga.<\/p>\n","protected":false},"excerpt":{"rendered":"<p>Las c\u00e1psulas para el pene Viaman son una de las m\u00e1s revolucionarias f\u00f3rmulas actuales, por su rico contenido en hierbas. Son pastillas 100% naturales que estimulan la l\u00edbido permitiendo al pene aguantar durante m\u00e1s tiempo recto durante el acto del coito. Estas incre\u00edbles c\u00e1psulas son realmente discretas, puesto que el dise\u00f1o de su bote est\u00e1 hecho para que nadie sospeche que las tomas<\/p>\n<ul class=\"bluetick\">\n<li>F\u00f3rmula natural para prolongar la longitud del pene y la fuerza durante las erecciones<\/li>\n<li>Nominado el producto del a\u00f1o en 2013 por el PRP Awards<\/li>\n<li>Adecuado y secillo de tomar adem\u00e1s de discreto<\/li>\n<li>\u00a0Stamina y dem\u00e1s sustancias sexuales beneficiosas<\/li>\n<li>Contiene ra\u00edces de extracto de fruta, hierro y una mezcla de extractos efectiva para potenciar la motivaci\u00f3n sexual del sexo masculino<\/li>\n<\/ul>\n<p>Los ingredientes de Viaman han sido especialmente seleccionados por sus propiedades conocidas para combatir la desfunci\u00f3n sexual. \u00a1Realizando tu pedido ahora podr\u00e1s disfrutar ma\u00f1ana mismo de sus beneficios y tu pareja te lo agradecer\u00e1.<\/p>\n","protected":false},"featured_media":60,"comment_status":"open","ping_status":"closed","template":"","meta":[],"product_cat":[17],"product_tag":[],"_links":{"self":[{"href":"https:\/\/nutricionsexualforte.com\/index.php\/wp-json\/wp\/v2\/product\/58"}],"collection":[{"href":"https:\/\/nutricionsexualforte.com\/index.php\/wp-json\/wp\/v2\/product"}],"about":[{"href":"https:\/\/nutricionsexualforte.com\/index.php\/wp-json\/wp\/v2\/types\/product"}],"replies":[{"embeddable":true,"href":"https:\/\/nutricionsexualforte.com\/index.php\/wp-json\/wp\/v2\/comments?post=58"}],"wp:featuredmedia":[{"embeddable":true,"href":"https:\/\/nutricionsexualforte.com\/index.php\/wp-json\/wp\/v2\/media\/60"}],"wp:attachment":[{"href":"https:\/\/nutricionsexualforte.com\/index.php\/wp-json\/wp\/v2\/media?parent=58"}],"wp:term":[{"taxonomy":"product_cat","embeddable":true,"href":"https:\/\/nutricionsexualforte.com\/index.php\/wp-json\/wp\/v2\/product_cat?post=58"},{"taxonomy":"product_tag","embeddable":true,"href":"https:\/\/nutricionsexualforte.com\/index.php\/wp-json\/wp\/v2\/product_tag?post=58"}],"curies":[{"name":"wp","href":"https:\/\/api.w.org\/{rel}","templated":true}]}}