{"id":68,"date":"2023-09-01T17:55:38","date_gmt":"2023-09-01T15:55:38","guid":{"rendered":"https:\/\/nutricionsexualforte.com\/?post_type=product&#038;p=68"},"modified":"2024-03-18T08:22:03","modified_gmt":"2024-03-18T07:22:03","slug":"bomba-de-succion-automatica","status":"publish","type":"product","link":"https:\/\/nutricionsexualforte.com\/index.php\/producto\/bomba-de-succion-automatica\/","title":{"rendered":"Bomba de Succi\u00f3n Autom\u00e1tica"},"content":{"rendered":"<p>Esta bomba para el pene consta de un tubo de pl\u00e1stico acr\u00edlico donde se inserta el pene, una banda circular, la base del pene y la bomba propia, esta funciona de manera el\u00e9ctrica solo debe ponerse a cargar y listo.<\/p>\n<p>Las bombas de vac\u00edo permiten que aumente el flujo sangu\u00edneo en el pene as\u00ed como la presi\u00f3n en sus venas, provocando una potente erecci\u00f3n e hinchaz\u00f3n del miembro, que te permitir\u00e1 observar como se ve m\u00e1s grande una vez este se saque del tubo.<\/p>\n<p><strong>Dise\u00f1o recargable por USB:<\/strong>\u00a0nunca necesita pilas m\u00e1s silenciosas que la mayor\u00eda de las bombas con potencia, c\u00f3moda rosquilla de silicona para un sello herm\u00e9tico, a\u00f1ada un poco de lubricante a base de agua a una dona para facilitar la inserci\u00f3n y extracci\u00f3n.<\/p>\n<p><strong>\u00bfC\u00f3mo usar?<\/strong><\/p>\n<ol>\n<li><span data-spm-anchor-id=\"a2g0o.detail.1000023.i1.7136d98fE4JxEp\">Aseg\u00farese de que todas las piezas est\u00e1n bien conectadas.<\/span><\/li>\n<li>Aplica un poco de lubricante alrededor del anillo de silicona o TPR para reducir la fricci\u00f3n.<\/li>\n<li>Insertar suavemente el pene al interior del tubo<\/li>\n<li>F\u00edjate que el sello (herm\u00e9tico) quede bien puesto en la base pene<\/li>\n<li>Pulsa el bot\u00f3n \u201c+\u201d una vez para encender la bomba, una luz azul parpadear\u00e1 una vez que est\u00e9 encendido. Pulse el \u201c+\u201d poco a poco para aumentar la presi\u00f3n, si sientes alg\u00fan dolor a alta presi\u00f3n, pulsa el bot\u00f3n \u201c-\u201d para reducir la presi\u00f3n.<\/li>\n<li>Para liberar toda la presi\u00f3n del aire, pulsa el bot\u00f3n \u201cv\u00e1lvula\u201d.<\/li>\n<li>Cuando est\u00e9s satisfecho con el resultado, elimina la presi\u00f3n y estar\u00e1s listo para la acci\u00f3n.<\/li>\n<\/ol>\n<p><strong>Recomendaciones:<\/strong><\/p>\n<ul>\n<li>1. Lavar antes y despu\u00e9s de cada uso<\/li>\n<li>2. Utilizar esta bomba con un lubricante sexual, selecciona siempre la presi\u00f3n adecuada para evitar da\u00f1ar tu pene<\/li>\n<\/ul>\n","protected":false},"excerpt":{"rendered":"<p>SKU: XS-ID110628<\/p>\n<ul>\n<li>Ampliaci\u00f3n autom\u00e1tica del pene de vac\u00edo el\u00e9ctrico<\/li>\n<li>5 Intensidades de succi\u00f3n<\/li>\n<li>Materia: Silicona + ABS<\/li>\n<li>Tama\u00f1o: 28.98 cm x 6,8 cm<\/li>\n<li>Incluye cable USB<\/li>\n<\/ul>\n","protected":false},"featured_media":1029,"comment_status":"open","ping_status":"closed","template":"","meta":[],"product_cat":[17,18],"product_tag":[],"_links":{"self":[{"href":"https:\/\/nutricionsexualforte.com\/index.php\/wp-json\/wp\/v2\/product\/68"}],"collection":[{"href":"https:\/\/nutricionsexualforte.com\/index.php\/wp-json\/wp\/v2\/product"}],"about":[{"href":"https:\/\/nutricionsexualforte.com\/index.php\/wp-json\/wp\/v2\/types\/product"}],"replies":[{"embeddable":true,"href":"https:\/\/nutricionsexualforte.com\/index.php\/wp-json\/wp\/v2\/comments?post=68"}],"wp:featuredmedia":[{"embeddable":true,"href":"https:\/\/nutricionsexualforte.com\/index.php\/wp-json\/wp\/v2\/media\/1029"}],"wp:attachment":[{"href":"https:\/\/nutricionsexualforte.com\/index.php\/wp-json\/wp\/v2\/media?parent=68"}],"wp:term":[{"taxonomy":"product_cat","embeddable":true,"href":"https:\/\/nutricionsexualforte.com\/index.php\/wp-json\/wp\/v2\/product_cat?post=68"},{"taxonomy":"product_tag","embeddable":true,"href":"https:\/\/nutricionsexualforte.com\/index.php\/wp-json\/wp\/v2\/product_tag?post=68"}],"curies":[{"name":"wp","href":"https:\/\/api.w.org\/{rel}","templated":true}]}}