{"id":74,"date":"2023-09-01T17:57:41","date_gmt":"2023-09-01T15:57:41","guid":{"rendered":"https:\/\/nutricionsexualforte.com\/?post_type=product&#038;p=74"},"modified":"2023-11-08T00:06:52","modified_gmt":"2023-11-07T23:06:52","slug":"titan-gel-gold","status":"publish","type":"product","link":"https:\/\/nutricionsexualforte.com\/index.php\/producto\/titan-gel-gold\/","title":{"rendered":"Titan Gel Gold"},"content":{"rendered":"<p><span class=\"a-list-item\">\u00a1Convi\u00e9rtete en un Titan! con este gel \u00edntimo, con su f\u00f3rmula mejorada tendr\u00e1s un efecto m\u00e1s r\u00e1pido.<\/span><span class=\"a-list-item\">\u00a0Titan Gel &#8220;Gold&#8221; te har\u00e1 sentir m\u00e1s como el hombre que eres.\u00a0<\/span>Este gel \u00edntimo posee ingredientes completamente naturales que incentivan y estimulan el crecimiento de la zona \u00edntima masculina de un modo natural, tanto en su longitud como en su grosor; tambi\u00e9n potencia la capacidad sexual de los hombres que decidan utilizarlo.<\/p>\n<div class=\"oSioSc\">\n<div id=\"tw-target\" class=\"\">\n<div id=\"kAz1tf\" class=\"g9WsWb\">\n<div id=\"tw-target-text-container\" class=\"tw-ta-container F0azHf tw-nfl\">\n<p>Tit\u00e1n Gel no solo incrementa el tama\u00f1o de la zona \u00edntima masculina, sino tambi\u00e9n, brinda a sus usuarios seguridad para resolver muchos de sus problemas con un m\u00e9todo natural, sin riesgos o efectos secundarios peligrosos, pues todos sus elementos son naturales y se encuentran certificados. Ayuda al miembro masculino a combatir la eyaculaci\u00f3n precoz, esto es posible gracias a que durante el proceso de crecimiento la circulaci\u00f3n de la zona se estimula, por tanto las erecciones pueden mantenerse intactas por m\u00e1s tiempo del usual.<\/p>\n<p><em><strong>Caracter\u00edsticas:<\/strong><\/em><\/p>\n<p><span class=\"a-list-item\">Producto inofensivo y seguro para la piel<\/span><\/p>\n<p><span class=\"Y2IQFc\" lang=\"es\">Posee capacidades hidratantes<\/span><\/p>\n<p><strong>Producto soluble en agua<\/strong><\/p>\n<p>Presentaci\u00f3n Crema con textura y apariencia de gel<\/p>\n<p>Contenido 50ml<\/p>\n<p>Sabor No<\/p>\n<p>Olor No<\/p>\n<p>&nbsp;<\/p>\n<p><em><strong>Indicaciones:<\/strong><\/em><\/p>\n<p>Producto de manejo delicado<\/p>\n<p>Forma de aplicaci\u00f3n T\u00f3pica<\/p>\n<p>Puede usarse con preservativo<\/p>\n<p>Lavarse adecuadamente la zona genital despu\u00e9s del uso<\/p>\n<p>Lavar el \u00e1rea con agua tibia si hay alguna molestia despu\u00e9s de limpiar el producto, si las molestias contin\u00faan consulte a su m\u00e9dico<\/p>\n<p>Mantener el envase del producto en buen estado y limpio<\/p>\n<p>Guardar el producto en un lugar fresco y seco, libre de suciedad, libre de polvo, libre de bacterias<\/p>\n<p>No dejar al alcance de ni\u00f1os o mascotas<\/p>\n<p>No usar si tu pareja est\u00e1 embarazada<\/p>\n<p>Evitar el contacto de este producto con los ojos<\/p>\n<p>Evitar el uso del producto en piel con ronchas, heridas, pieles al\u00e9rgicas<\/p>\n<p>En caso de presentar irritaci\u00f3n, alergia o cualquier otro s\u00edntoma de molestia, suspender el uso<\/p>\n<p>&nbsp;<\/p>\n<p><em><strong>Modo de uso:<\/strong><\/em><\/p>\n<p>Es recomendable darse una buena ducha antes de aplicar Tit\u00e1n Gel, pues al encontrarse el cuerpo limpio la absorci\u00f3n del gel ser\u00e1 a\u00fan mayor.<\/p>\n<p>Aplicar el gel en el \u00e1rea genital externa minutos antes del momento \u00edntimo, la cantidad debe ser considerable pero no excedente, aplicar el producto con suaves masajes similares a los de la masturbaci\u00f3n para estimular el efecto &#8220;Titan Gel Gold&#8221;, y esperar hasta que el producto sea absorbido de forma natural. Durante esta espera se recomienda no colocarse ninguna prenda de vestir, pues la misma podr\u00eda quitar gran parte del producto afectando los resultados.<\/p>\n<p>Para obtener resultados satisfactorios es necesario tener paciencia y sobre todo constancia, del mismo modo que realizar los pasos que se indican al momento de adquirir un producto, con el uso constante se puede lograr una experiencia perfecta.<\/p>\n<\/div>\n<\/div>\n<\/div>\n<\/div>\n","protected":false},"excerpt":{"rendered":"<p>SKU: Titan Gel Gold<\/p>\n<ul>\n<li>Que el tama\u00f1o si importe!<\/li>\n<li>Vive el momento con las m\u00e1s grandes expectativas.<\/li>\n<\/ul>\n","protected":false},"featured_media":876,"comment_status":"open","ping_status":"closed","template":"","meta":[],"product_cat":[17,20],"product_tag":[],"_links":{"self":[{"href":"https:\/\/nutricionsexualforte.com\/index.php\/wp-json\/wp\/v2\/product\/74"}],"collection":[{"href":"https:\/\/nutricionsexualforte.com\/index.php\/wp-json\/wp\/v2\/product"}],"about":[{"href":"https:\/\/nutricionsexualforte.com\/index.php\/wp-json\/wp\/v2\/types\/product"}],"replies":[{"embeddable":true,"href":"https:\/\/nutricionsexualforte.com\/index.php\/wp-json\/wp\/v2\/comments?post=74"}],"wp:featuredmedia":[{"embeddable":true,"href":"https:\/\/nutricionsexualforte.com\/index.php\/wp-json\/wp\/v2\/media\/876"}],"wp:attachment":[{"href":"https:\/\/nutricionsexualforte.com\/index.php\/wp-json\/wp\/v2\/media?parent=74"}],"wp:term":[{"taxonomy":"product_cat","embeddable":true,"href":"https:\/\/nutricionsexualforte.com\/index.php\/wp-json\/wp\/v2\/product_cat?post=74"},{"taxonomy":"product_tag","embeddable":true,"href":"https:\/\/nutricionsexualforte.com\/index.php\/wp-json\/wp\/v2\/product_tag?post=74"}],"curies":[{"name":"wp","href":"https:\/\/api.w.org\/{rel}","templated":true}]}}