{"id":78,"date":"2023-09-01T17:59:36","date_gmt":"2023-09-01T15:59:36","guid":{"rendered":"https:\/\/nutricionsexualforte.com\/?post_type=product&#038;p=78"},"modified":"2024-03-18T07:58:12","modified_gmt":"2024-03-18T06:58:12","slug":"golden-man","status":"publish","type":"product","link":"https:\/\/nutricionsexualforte.com\/index.php\/producto\/golden-man\/","title":{"rendered":"Golden Man"},"content":{"rendered":"<h2>Golden Man contribuye a mejorar tu rendimiento sexual de la siguiente manera<\/h2>\n<ul>\n<li>Aumento dr\u00e1stico en el tama\u00f1o del pene, hay alargamiento y engrosamiento del pene.<\/li>\n<li>El grande (cabeza del pene) tambi\u00e9n se desarrolla, logrando superar el grosor del pene.<\/li>\n<li>Aumenta el tama\u00f1o de las venas del pene, causando mejor est\u00e9tica y mayor placer al sexo o puesto.<\/li>\n<li>Desarrollo de test\u00edculos, m\u00e1s grandes y notorios.<\/li>\n<li>Erecciones m\u00e1s firmes y duraderas.<\/li>\n<li>Evita la eyaculaci\u00f3n precoz y mejora la calidad de su vida sexual.<\/li>\n<li>Resultados permanentes, solo debes consumir el producto hasta lograr el tama\u00f1o deseado.<\/li>\n<li>Aumenta hasta 3 veces la producci\u00f3n de semen, d\u00e1ndote eyaculaciones m\u00e1s abundantes y placenteras.<\/li>\n<li>Recuperaci\u00f3n r\u00e1pida luego de una eyaculaci\u00f3n para m\u00e1s sexo.<\/li>\n<li>Mejora su confianza, la autoestima y el deseo por sexo.<\/li>\n<li>Las mujeres se asombrar\u00e1n cuando vean el tama\u00f1o de su pene, podr\u00e1 brindarle a ellas y a usted mismo, m\u00faltiples orgasmos.<\/li>\n<li>Duplicar\u00e1 su potencia sexual y los deseos de sexo por parte de ellas.<\/li>\n<li>Al ser un producto natural, se puede consumir a cualquier edad, inclusive con problemas del coraz\u00f3n.<\/li>\n<li>Los componentes de GOLDEN MAN tambi\u00e9n ayudan a ganar masa muscular, tonificar y perder grasa abdominal, logrando un cuerpo m\u00e1s firme y marcado.<\/li>\n<li>Tambi\u00e9n es un producto energizante, d\u00e1ndote la energ\u00eda necesaria para la actividad diaria.<\/li>\n<\/ul>\n<h2>Forma de uso<\/h2>\n<p>se consume dos comprimido por d\u00eda, uno por la ma\u00f1ana con el desayuno y otro antes de acostarse.<\/p>\n<h2>Presentacion<\/h2>\n<p>Envase por 60 unidades, cada envase dura 30 d\u00edas.<\/p>\n","protected":false},"excerpt":{"rendered":"<p>Los comprimidos de GOLDEN MAN tienen componentes naturales sin efectos secundarios ni contraindicaciones. GOLDEN MAN est\u00e1 dise\u00f1ado para ofrecer resultados reales a diferencia de cualquier otro producto &#8220;pirata&#8221; que solo mejoran el sexo. La f\u00f3rmula de GOLDEN MAN , hacen que este producto sea el n\u00famero uno a nivel mundial, por la eficacia y resultados.<\/p>\n<ul>\n<li>Optmiza la calidad de las erecciones<\/li>\n<li>Colabora con el tama\u00f1o del miembro<\/li>\n<li>Desarrolla el m\u00e1ximo potencial sexual<\/li>\n<\/ul>\n","protected":false},"featured_media":79,"comment_status":"open","ping_status":"closed","template":"","meta":[],"product_cat":[17],"product_tag":[],"_links":{"self":[{"href":"https:\/\/nutricionsexualforte.com\/index.php\/wp-json\/wp\/v2\/product\/78"}],"collection":[{"href":"https:\/\/nutricionsexualforte.com\/index.php\/wp-json\/wp\/v2\/product"}],"about":[{"href":"https:\/\/nutricionsexualforte.com\/index.php\/wp-json\/wp\/v2\/types\/product"}],"replies":[{"embeddable":true,"href":"https:\/\/nutricionsexualforte.com\/index.php\/wp-json\/wp\/v2\/comments?post=78"}],"wp:featuredmedia":[{"embeddable":true,"href":"https:\/\/nutricionsexualforte.com\/index.php\/wp-json\/wp\/v2\/media\/79"}],"wp:attachment":[{"href":"https:\/\/nutricionsexualforte.com\/index.php\/wp-json\/wp\/v2\/media?parent=78"}],"wp:term":[{"taxonomy":"product_cat","embeddable":true,"href":"https:\/\/nutricionsexualforte.com\/index.php\/wp-json\/wp\/v2\/product_cat?post=78"},{"taxonomy":"product_tag","embeddable":true,"href":"https:\/\/nutricionsexualforte.com\/index.php\/wp-json\/wp\/v2\/product_tag?post=78"}],"curies":[{"name":"wp","href":"https:\/\/api.w.org\/{rel}","templated":true}]}}