{"id":784,"date":"2023-09-13T03:06:52","date_gmt":"2023-09-13T01:06:52","guid":{"rendered":"https:\/\/nutricionsexualforte.com\/?post_type=product&#038;p=784"},"modified":"2023-12-04T16:44:07","modified_gmt":"2023-12-04T15:44:07","slug":"bio-prost-original-30-pastillas","status":"publish","type":"product","link":"https:\/\/nutricionsexualforte.com\/index.php\/producto\/bio-prost-original-30-pastillas\/","title":{"rendered":"Bio Prost Original 30 Pastillas"},"content":{"rendered":"<h5>Bioprost con U\u00f1a de Gato<\/h5>\n<p>Bioprost est\u00e1 indicado para prevenir y tratar la prostatitis, adem\u00e1s ayuda a mejorar el deterioro de las funciones genitales del hombre incrementando la l\u00edvido. si usted estuviera sufriendo de alg\u00fan trastorno urinario, problemas o s\u00edntomas de prostatitis, el bioprost es ideal para combatir tales s\u00edntomas desagradables que puede estar teniendo.<\/p>\n<p>BIOPROST es un suplemento 100% natural, no contiene ning\u00fan componente qu\u00edmico. Por lo tanto no produce alergia, no tiene ninguna contraindicaci\u00f3n y tampoco provoca efectos secundarios en el organismo. Si usted estuviera sufriendo de alg\u00fan trastorno urinario, prost\u00e1tico,\u00a0 eyaculaci\u00f3n precoz, impotencia sexual. Bioprost es el tratamiento ideal para la soluci\u00f3n, a todos estos problemas que aquejan a miles de hombres en el mundo. Bioprost\u00a0 adicionalmente, rejuvenece y fortalece la masa muscular. Bioprost, ayuda a aumentar la testosterona este famoso producto mejora en el \u00e1mbito f\u00edsico y sexual brindando un incremento de tama\u00f1o en el miembro viril entre 6 cent\u00edmetros de largo y 3 cent\u00edmetros de grosor producto exclusivamente dise\u00f1ado para hombres de todas las edades sin producir efectos colaterales.<\/p>\n<h5>Beneficios:<\/h5>\n<ul>\n<li>Limpia el sistema urogenital.<\/li>\n<li>Mejora el sistema urinario y ayuda a la desinflamaci\u00f3n prost\u00e1tica.<\/li>\n<li>Alivia el dolor o sensaci\u00f3n de ardor al orinar.<\/li>\n<li>desarrollo del miembro viril.<\/li>\n<li>Fortalece el sistema inmune.<\/li>\n<li>Optimiza el rendimiento f\u00edsico.<\/li>\n<li>\n<h4 class=\"x-el x-el-h4 c1-1 c1-2 c1-1l c1-1m c1-6o c1-3e c1-3f c1-1o c1-76 c1-1q c1-6q c1-4w c1-77 c1-6s c1-78 c1-79 c1-7a c1-7b c1-7c\" role=\"heading\" data-ux=\"SectionHeading\" data-aid=\"CONTENT_SECTION_TITLE_RENDERED\" data-typography=\"HeadingAlpha\" data-font-scaled=\"true\"><span class=\"x-el x-el-span c1-7d c1-30 c1-7e c1-7f c1-7g\" data-ux=\"Element\">Ingredientes 100% naturales<\/span><\/h4>\n<hr class=\"x-el x-el-hr c1-7h c1-7i c1-7j c1-65 c1-1p c1-7k c1-6q c1-77 c1-79 c1-7a c1-7b c1-7c\" role=\"separator\" aria-hidden=\"true\" data-ux=\"SectionHeadingHR\" \/>\n<div class=\"x-el x-el-div x-el c1-1 c1-2 c1-1q c1-1b c1-b c1-c c1-7l c1-7m c1-d c1-e c1-f c1-g c1-1 c1-2 c1-19 c1-23 c1-24 c1-25 c1-1o c1-26 c1-7n c1-27 c1-b c1-c c1-2b c1-2c c1-7o c1-2e c1-d c1-e c1-f c1-g\" data-ux=\"ContentCards\">\n<div class=\"x-el x-el-div c1-1 c1-2 c1-23 c1-3b c1-2g c1-7p c1-18 c1-2i c1-2j c1-7q c1-2l c1-19 c1-b c1-c c1-7r c1-7s c1-2m c1-2n c1-7t c1-2p c1-d c1-7u c1-7v c1-e c1-f c1-g\" data-ux=\"GridCell\">\n<div class=\"x-el x-el-div x-el c1-1 c1-2 c1-t c1-19 c1-5d c1-1a c1-1q c1-28 c1-4 c1-7w c1-7x c1-7y c1-3b c1-b c1-c c1-7l c1-7m c1-d c1-e c1-f c1-g c1-1 c1-2 c1-b c1-c c1-d c1-e c1-f c1-g\" data-ux=\"ContentCard\">\n<div class=\"x-el x-el-div c1-1 c1-2 c1-4 c1-t c1-7z c1-b c1-c c1-80 c1-d c1-81 c1-e c1-f c1-g\" data-ux=\"Block\">\n<h4 class=\"x-el x-el-h4 c1-1 c1-2 c1-1l c1-1m c1-82 c1-3e c1-3f c1-1o c1-1p c1-83 c1-53 c1-b c1-4w c1-5x c1-1r c1-84 c1-60 c1-62 c1-63 c1-64\" role=\"heading\" data-ux=\"ContentCardHeading\" data-aid=\"CONTENT_HEADLINE1_RENDERED\" data-typography=\"HeadingDelta\">U\u00f1a de Gato<\/h4>\n<h4 class=\"x-el x-el-h4 c1-1 c1-2 c1-1l c1-1m c1-82 c1-3e c1-3f c1-1o c1-85 c1-3q c1-4j c1-83 c1-53 c1-b c1-4w c1-5x c1-1r c1-60 c1-86 c1-62 c1-63 c1-64\" role=\"heading\" data-ux=\"ContentCardHeading\" data-typography=\"HeadingDelta\"><\/h4>\n<h4 class=\"x-el x-el-h4 c1-1 c1-2 c1-1l c1-1m c1-82 c1-3e c1-3f c1-1o c1-85 c1-3q c1-4j c1-83 c1-53 c1-b c1-4w c1-5x c1-1r c1-87 c1-60 c1-62 c1-63 c1-64\" role=\"heading\" data-ux=\"ContentCardHeading\" data-typography=\"HeadingDelta\"><\/h4>\n<\/div>\n<div class=\"x-el x-el-div c1-1 c1-2 c1-31 c1-14 c1-15 c1-1q c1-4 c1-b c1-c c1-d c1-e c1-f c1-g\" data-ux=\"ContentCardWrapperImage\"><span class=\"x-el x-el-span c1-1 c1-2 c1-b c1-c c1-d c1-e c1-f c1-g\" data-ux=\"Element\"><img decoding=\"async\" class=\"x-el x-el-img c1-1 c1-2 c1-6c c1-18 c1-14 c1-15 c1-1o c1-1p c1-4d c1-88 c1-89 c1-b c1-c c1-8a c1-8b c1-d c1-e c1-f c1-g\" src=\"https:\/\/img1.wsimg.com\/isteam\/ip\/f6861128-ac56-49f2-854a-83b1b3c720a1\/una-de-gato-2-591x447.jpg\/:\/rs=w:388,h:291.72932330827064,cg:true,m\/cr=w:388,h:291.72932330827064\" alt=\"Uncaria tomentosa\" data-ux=\"Image\" data-aid=\"CONTENT_IMAGE1_RENDERED\" \/><\/span><\/div>\n<div class=\"x-el c1-1 c1-2 c1-1l c1-1m c1-1n c1-1o c1-1p c1-8c c1-8d c1-8e c1-8f c1-8g c1-8h c1-8i c1-8j c1-8k c1-8l c1-8m c1-8n c1-8o c1-8p c1-8q c1-8r c1-8s c1-8t c1-8u c1-8v c1-8w c1-8x c1-8y c1-8z c1-90 c1-91 c1-92 c1-93 c1-4 c1-3b c1-b c1-4r c1-94 c1-1r c1-95 c1-96 c1-97 c1-98 x-rt\" data-ux=\"ContentCardText\" data-aid=\"CONTENT_DESCRIPTION1_RENDERED\" data-typography=\"BodyAlpha\" data-font-scaled=\"true\">\n<p>Desintoxicante natural para tratar la\u00a0<strong class=\"x-el x-el-span c1-2q c1-2r c1-b c1-99 c1-30 c1-4a c1-9a\">prostatitis<\/strong>\u00a0y reduce el dolor urinario.<\/p>\n<\/div>\n<\/div>\n<\/div>\n<div class=\"x-el x-el-div c1-1 c1-2 c1-23 c1-3b c1-2g c1-7p c1-18 c1-2i c1-2j c1-7q c1-2l c1-19 c1-b c1-c c1-7r c1-7s c1-2m c1-2n c1-7t c1-2p c1-d c1-7u c1-7v c1-e c1-f c1-g\" data-ux=\"GridCell\">\n<div class=\"x-el x-el-div x-el c1-1 c1-2 c1-t c1-19 c1-5d c1-1a c1-1q c1-28 c1-4 c1-7w c1-7x c1-7y c1-3b c1-b c1-c c1-7l c1-7m c1-d c1-e c1-f c1-g c1-1 c1-2 c1-b c1-c c1-d c1-e c1-f c1-g\" data-ux=\"ContentCard\">\n<div class=\"x-el x-el-div c1-1 c1-2 c1-4 c1-t c1-7z c1-b c1-c c1-80 c1-d c1-81 c1-e c1-f c1-g\" data-ux=\"Block\">\n<h4 class=\"x-el x-el-h4 c1-1 c1-2 c1-1l c1-1m c1-82 c1-3e c1-3f c1-1o c1-1p c1-83 c1-53 c1-b c1-4w c1-5x c1-1r c1-84 c1-60 c1-62 c1-63 c1-64\" role=\"heading\" data-ux=\"ContentCardHeading\" data-aid=\"CONTENT_HEADLINE2_RENDERED\" data-typography=\"HeadingDelta\">Semillas de Calabaza<\/h4>\n<h4 class=\"x-el x-el-h4 c1-1 c1-2 c1-1l c1-1m c1-82 c1-3e c1-3f c1-1o c1-85 c1-3q c1-4j c1-83 c1-53 c1-b c1-4w c1-5x c1-1r c1-60 c1-86 c1-62 c1-63 c1-64\" role=\"heading\" data-ux=\"ContentCardHeading\" data-typography=\"HeadingDelta\"><\/h4>\n<h4 class=\"x-el x-el-h4 c1-1 c1-2 c1-1l c1-1m c1-82 c1-3e c1-3f c1-1o c1-85 c1-3q c1-4j c1-83 c1-53 c1-b c1-4w c1-5x c1-1r c1-87 c1-60 c1-62 c1-63 c1-64\" role=\"heading\" data-ux=\"ContentCardHeading\" data-typography=\"HeadingDelta\"><\/h4>\n<\/div>\n<div class=\"x-el x-el-div c1-1 c1-2 c1-31 c1-14 c1-15 c1-1q c1-4 c1-b c1-c c1-d c1-e c1-f c1-g\" data-ux=\"ContentCardWrapperImage\"><span class=\"x-el x-el-span c1-1 c1-2 c1-b c1-c c1-d c1-e c1-f c1-g\" data-ux=\"Element\"><img decoding=\"async\" class=\"x-el x-el-img c1-1 c1-2 c1-6c c1-18 c1-14 c1-15 c1-1o c1-1p c1-4d c1-9e c1-89 c1-b c1-c c1-9f c1-8b c1-d c1-e c1-f c1-g\" src=\"https:\/\/img1.wsimg.com\/isteam\/ip\/f6861128-ac56-49f2-854a-83b1b3c720a1\/-Extracto-de-calabaza-Polvo-Extracto-de-semill.jpg\/:\/cr=t:0%25,l:4.48%25,w:85.83%25,h:100%25\/rs=w:388,h:291.72932330827064,cg:true\" alt=\"Cucurbita maxima\" data-ux=\"Image\" data-aid=\"CONTENT_IMAGE2_RENDERED\" \/><\/span><\/div>\n<div class=\"x-el c1-1 c1-2 c1-1l c1-1m c1-1n c1-1o c1-1p c1-8c c1-8d c1-8e c1-8f c1-8g c1-8h c1-8i c1-8j c1-8k c1-8l c1-8m c1-8n c1-8o c1-8p c1-8q c1-8r c1-8s c1-8t c1-8u c1-8v c1-8w c1-8x c1-8y c1-8z c1-90 c1-91 c1-92 c1-93 c1-4 c1-3b c1-b c1-4r c1-94 c1-1r c1-95 c1-96 c1-97 c1-98 x-rt\" data-ux=\"ContentCardText\" data-aid=\"CONTENT_DESCRIPTION2_RENDERED\" data-typography=\"BodyAlpha\" data-font-scaled=\"true\">\n<p>Reduce la irritaci\u00f3n e inflamaci\u00f3n de la\u00a0<strong class=\"x-el x-el-span c1-2q c1-2r c1-b c1-99 c1-30 c1-4a c1-9a\">vejiga<\/strong>.<\/p>\n<\/div>\n<\/div>\n<\/div>\n<div class=\"x-el x-el-div c1-1 c1-2 c1-23 c1-3b c1-2g c1-7p c1-18 c1-2i c1-2j c1-7q c1-2l c1-19 c1-b c1-c c1-7r c1-7s c1-2m c1-2n c1-7t c1-2p c1-d c1-7u c1-7v c1-e c1-f c1-g\" data-ux=\"GridCell\">\n<div class=\"x-el x-el-div x-el c1-1 c1-2 c1-t c1-19 c1-5d c1-1a c1-1q c1-28 c1-4 c1-7w c1-7x c1-7y c1-3b c1-b c1-c c1-7l c1-7m c1-d c1-e c1-f c1-g c1-1 c1-2 c1-b c1-c c1-d c1-e c1-f c1-g\" data-ux=\"ContentCard\">\n<div class=\"x-el x-el-div c1-1 c1-2 c1-4 c1-t c1-7z c1-b c1-c c1-80 c1-d c1-81 c1-e c1-f c1-g\" data-ux=\"Block\">\n<h4 class=\"x-el x-el-h4 c1-1 c1-2 c1-1l c1-1m c1-82 c1-3e c1-3f c1-1o c1-1p c1-83 c1-53 c1-b c1-4w c1-5x c1-1r c1-84 c1-60 c1-62 c1-63 c1-64\" role=\"heading\" data-ux=\"ContentCardHeading\" data-aid=\"CONTENT_HEADLINE3_RENDERED\" data-typography=\"HeadingDelta\">Achiote<\/h4>\n<h4 class=\"x-el x-el-h4 c1-1 c1-2 c1-1l c1-1m c1-82 c1-3e c1-3f c1-1o c1-85 c1-3q c1-4j c1-83 c1-53 c1-b c1-4w c1-5x c1-1r c1-60 c1-86 c1-62 c1-63 c1-64\" role=\"heading\" data-ux=\"ContentCardHeading\" data-typography=\"HeadingDelta\"><\/h4>\n<h4 class=\"x-el x-el-h4 c1-1 c1-2 c1-1l c1-1m c1-82 c1-3e c1-3f c1-1o c1-85 c1-3q c1-4j c1-83 c1-53 c1-b c1-4w c1-5x c1-1r c1-87 c1-60 c1-62 c1-63 c1-64\" role=\"heading\" data-ux=\"ContentCardHeading\" data-typography=\"HeadingDelta\"><\/h4>\n<\/div>\n<div class=\"x-el x-el-div c1-1 c1-2 c1-31 c1-14 c1-15 c1-1q c1-4 c1-b c1-c c1-d c1-e c1-f c1-g\" data-ux=\"ContentCardWrapperImage\"><span class=\"x-el x-el-span c1-1 c1-2 c1-b c1-c c1-d c1-e c1-f c1-g\" data-ux=\"Element\"><img decoding=\"async\" class=\"x-el x-el-img c1-1 c1-2 c1-6c c1-18 c1-14 c1-15 c1-1o c1-1p c1-4d c1-9e c1-89 c1-b c1-c c1-9f c1-8b c1-d c1-e c1-f c1-g\" src=\"https:\/\/img1.wsimg.com\/isteam\/ip\/f6861128-ac56-49f2-854a-83b1b3c720a1\/el-achiote-a-que-sabe-y-como-se-usa-1.jpg\/:\/cr=t:0%25,l:1.93%25,w:88.67%25,h:100%25\/rs=w:388,h:291.72932330827064,cg:true\" alt=\"Bixa orellana\" data-ux=\"Image\" data-aid=\"CONTENT_IMAGE3_RENDERED\" \/><\/span><\/div>\n<div class=\"x-el c1-1 c1-2 c1-1l c1-1m c1-1n c1-1o c1-1p c1-8c c1-8d c1-8e c1-8f c1-8g c1-8h c1-8i c1-8j c1-8k c1-8l c1-8m c1-8n c1-8o c1-8p c1-8q c1-8r c1-8s c1-8t c1-8u c1-8v c1-8w c1-8x c1-8y c1-8z c1-90 c1-91 c1-92 c1-93 c1-4 c1-3b c1-b c1-4r c1-94 c1-1r c1-95 c1-96 c1-97 c1-98 x-rt\" data-ux=\"ContentCardText\" data-aid=\"CONTENT_DESCRIPTION3_RENDERED\" data-typography=\"BodyAlpha\" data-font-scaled=\"true\">\n<p>Ayuda a desinflamar la\u00a0<strong class=\"x-el x-el-span c1-2q c1-2r c1-b c1-99 c1-30 c1-4a c1-9a\">pr\u00f3stata<\/strong>\u00a0y las v\u00edas urinarias .<\/p>\n<\/div>\n<\/div>\n<\/div>\n<div class=\"x-el x-el-div c1-1 c1-2 c1-23 c1-3b c1-2g c1-7p c1-18 c1-2i c1-2j c1-7q c1-2l c1-19 c1-b c1-c c1-7r c1-7s c1-2m c1-2n c1-7t c1-2p c1-d c1-7u c1-7v c1-e c1-f c1-g\" data-ux=\"GridCell\">\n<div class=\"x-el x-el-div x-el c1-1 c1-2 c1-t c1-19 c1-5d c1-1a c1-1q c1-28 c1-4 c1-7w c1-7x c1-7y c1-3b c1-b c1-c c1-7l c1-7m c1-d c1-e c1-f c1-g c1-1 c1-2 c1-b c1-c c1-d c1-e c1-f c1-g\" data-ux=\"ContentCard\">\n<div class=\"x-el x-el-div c1-1 c1-2 c1-4 c1-t c1-7z c1-b c1-c c1-80 c1-d c1-81 c1-e c1-f c1-g\" data-ux=\"Block\">\n<h4 class=\"x-el x-el-h4 c1-1 c1-2 c1-1l c1-1m c1-82 c1-3e c1-3f c1-1o c1-1p c1-83 c1-53 c1-b c1-4w c1-5x c1-1r c1-84 c1-60 c1-62 c1-63 c1-64\" role=\"heading\" data-ux=\"ContentCardHeading\" data-aid=\"CONTENT_HEADLINE4_RENDERED\" data-typography=\"HeadingDelta\">Cola de Caballo<\/h4>\n<h4 class=\"x-el x-el-h4 c1-1 c1-2 c1-1l c1-1m c1-82 c1-3e c1-3f c1-1o c1-85 c1-3q c1-4j c1-83 c1-53 c1-b c1-4w c1-5x c1-1r c1-60 c1-86 c1-62 c1-63 c1-64\" role=\"heading\" data-ux=\"ContentCardHeading\" data-typography=\"HeadingDelta\"><\/h4>\n<h4 class=\"x-el x-el-h4 c1-1 c1-2 c1-1l c1-1m c1-82 c1-3e c1-3f c1-1o c1-85 c1-3q c1-4j c1-83 c1-53 c1-b c1-4w c1-5x c1-1r c1-87 c1-60 c1-62 c1-63 c1-64\" role=\"heading\" data-ux=\"ContentCardHeading\" data-typography=\"HeadingDelta\"><\/h4>\n<\/div>\n<div class=\"x-el x-el-div c1-1 c1-2 c1-31 c1-14 c1-15 c1-1q c1-4 c1-b c1-c c1-d c1-e c1-f c1-g\" data-ux=\"ContentCardWrapperImage\"><span class=\"x-el x-el-span c1-1 c1-2 c1-b c1-c c1-d c1-e c1-f c1-g\" data-ux=\"Element\"><img decoding=\"async\" class=\"x-el x-el-img c1-1 c1-2 c1-6c c1-18 c1-14 c1-15 c1-1o c1-1p c1-4d c1-9e c1-89 c1-b c1-c c1-9f c1-8b c1-d c1-e c1-f c1-g\" src=\"https:\/\/img1.wsimg.com\/isteam\/ip\/f6861128-ac56-49f2-854a-83b1b3c720a1\/Cola-de-caballo-0-161079002_m.jpg\/:\/cr=t:0%25,l:0%25,w:88.67%25,h:100%25\/rs=w:388,h:291.72932330827064,cg:true\" alt=\"Equisetum arvense\" data-ux=\"Image\" \/><\/span><\/div>\n<div class=\"x-el c1-1 c1-2 c1-1l c1-1m c1-1n c1-1o c1-1p c1-8c c1-8d c1-8e c1-8f c1-8g c1-8h c1-8i c1-8j c1-8k c1-8l c1-8m c1-8n c1-8o c1-8p c1-8q c1-8r c1-8s c1-8t c1-8u c1-8v c1-8w c1-8x c1-8y c1-8z c1-90 c1-91 c1-92 c1-93 c1-4 c1-3b c1-b c1-4r c1-94 c1-1r c1-95 c1-96 c1-97 c1-98 x-rt\" data-ux=\"ContentCardText\" data-aid=\"CONTENT_DESCRIPTION4_RENDERED\" data-typography=\"BodyAlpha\" data-font-scaled=\"true\">\n<p>Disminuye la retenci\u00f3n de l\u00edquidos, para los\u00a0<strong class=\"x-el x-el-span c1-2q c1-2r c1-b c1-99 c1-30 c1-4a c1-9a\">c\u00e1lculos renales<\/strong>\u00a0y de\u00a0<strong class=\"x-el x-el-span c1-2q c1-2r c1-b c1-99 c1-30 c1-4a c1-9a\">vejiga<\/strong>, las infecciones del\u00a0<strong class=\"x-el x-el-span c1-2q c1-2r c1-b c1-99 c1-30 c1-4a c1-9a\">tracto urinario.<\/strong><\/p>\n<\/div>\n<\/div>\n<\/div>\n<div class=\"x-el x-el-div c1-1 c1-2 c1-23 c1-3b c1-2g c1-7p c1-18 c1-2i c1-2j c1-7q c1-2l c1-19 c1-b c1-c c1-7r c1-7s c1-2m c1-2n c1-7t c1-2p c1-d c1-7u c1-7v c1-e c1-f c1-g\" data-ux=\"GridCell\">\n<div class=\"x-el x-el-div x-el c1-1 c1-2 c1-t c1-19 c1-5d c1-1a c1-1q c1-28 c1-4 c1-7w c1-7x c1-7y c1-3b c1-b c1-c c1-7l c1-7m c1-d c1-e c1-f c1-g c1-1 c1-2 c1-b c1-c c1-d c1-e c1-f c1-g\" data-ux=\"ContentCard\">\n<div class=\"x-el x-el-div c1-1 c1-2 c1-4 c1-t c1-7z c1-b c1-c c1-80 c1-d c1-81 c1-e c1-f c1-g\" data-ux=\"Block\">\n<h4 class=\"x-el x-el-h4 c1-1 c1-2 c1-1l c1-1m c1-82 c1-3e c1-3f c1-1o c1-1p c1-83 c1-53 c1-b c1-4w c1-5x c1-1r c1-84 c1-60 c1-62 c1-63 c1-64\" role=\"heading\" data-ux=\"ContentCardHeading\" data-aid=\"CONTENT_HEADLINE5_RENDERED\" data-typography=\"HeadingDelta\">Graviola<\/h4>\n<h4 class=\"x-el x-el-h4 c1-1 c1-2 c1-1l c1-1m c1-82 c1-3e c1-3f c1-1o c1-85 c1-3q c1-4j c1-83 c1-53 c1-b c1-4w c1-5x c1-1r c1-60 c1-86 c1-62 c1-63 c1-64\" role=\"heading\" data-ux=\"ContentCardHeading\" data-typography=\"HeadingDelta\"><\/h4>\n<h4 class=\"x-el x-el-h4 c1-1 c1-2 c1-1l c1-1m c1-82 c1-3e c1-3f c1-1o c1-85 c1-3q c1-4j c1-83 c1-53 c1-b c1-4w c1-5x c1-1r c1-87 c1-60 c1-62 c1-63 c1-64\" role=\"heading\" data-ux=\"ContentCardHeading\" data-typography=\"HeadingDelta\"><\/h4>\n<\/div>\n<div class=\"x-el x-el-div c1-1 c1-2 c1-31 c1-14 c1-15 c1-1q c1-4 c1-b c1-c c1-d c1-e c1-f c1-g\" data-ux=\"ContentCardWrapperImage\"><span class=\"x-el x-el-span c1-1 c1-2 c1-b c1-c c1-d c1-e c1-f c1-g\" data-ux=\"Element\"><img decoding=\"async\" class=\"x-el x-el-img c1-1 c1-2 c1-6c c1-18 c1-14 c1-15 c1-1o c1-1p c1-4d c1-9e c1-89 c1-b c1-c c1-9f c1-8b c1-d c1-e c1-f c1-g\" src=\"https:\/\/img1.wsimg.com\/isteam\/ip\/f6861128-ac56-49f2-854a-83b1b3c720a1\/guanabana-770x433.png\/:\/cr=t:0%25,l:21.63%25,w:74.79%25,h:100%25\/rs=w:388,h:291.72932330827064,cg:true\" alt=\"Annona muricata\" data-ux=\"Image\" \/><\/span><\/div>\n<div class=\"x-el c1-1 c1-2 c1-1l c1-1m c1-1n c1-1o c1-1p c1-8c c1-8d c1-8e c1-8f c1-8g c1-8h c1-8i c1-8j c1-8k c1-8l c1-8m c1-8n c1-8o c1-8p c1-8q c1-8r c1-8s c1-8t c1-8u c1-8v c1-8w c1-8x c1-8y c1-8z c1-90 c1-91 c1-92 c1-93 c1-4 c1-3b c1-b c1-4r c1-94 c1-1r c1-95 c1-96 c1-97 c1-98 x-rt\" data-ux=\"ContentCardText\" data-aid=\"CONTENT_DESCRIPTION5_RENDERED\" data-typography=\"BodyAlpha\" data-font-scaled=\"true\">\n<p>Ayuda a controlar la orina y trastornos generales de los\u00a0<strong class=\"x-el x-el-span c1-2q c1-2r c1-b c1-99 c1-30 c1-4a c1-9a\">ri\u00f1ones<\/strong>\u00a0y de la\u00a0<strong class=\"x-el x-el-span c1-2q c1-2r c1-b c1-99 c1-30 c1-4a c1-9a\">vejiga<\/strong>.<\/p>\n<\/div>\n<\/div>\n<\/div>\n<div class=\"x-el x-el-div c1-1 c1-2 c1-23 c1-3b c1-2g c1-7p c1-18 c1-2i c1-2j c1-7q c1-2l c1-19 c1-b c1-c c1-7r c1-7s c1-2m c1-2n c1-7t c1-2p c1-d c1-7u c1-7v c1-e c1-f c1-g\" data-ux=\"GridCell\">\n<div class=\"x-el x-el-div x-el c1-1 c1-2 c1-t c1-19 c1-5d c1-1a c1-1q c1-28 c1-4 c1-7w c1-7x c1-7y c1-3b c1-b c1-c c1-7l c1-7m c1-d c1-e c1-f c1-g c1-1 c1-2 c1-b c1-c c1-d c1-e c1-f c1-g\" data-ux=\"ContentCard\">\n<div class=\"x-el x-el-div c1-1 c1-2 c1-4 c1-t c1-7z c1-b c1-c c1-80 c1-d c1-81 c1-e c1-f c1-g\" data-ux=\"Block\">\n<h4 class=\"x-el x-el-h4 c1-1 c1-2 c1-1l c1-1m c1-82 c1-3e c1-3f c1-1o c1-1p c1-83 c1-53 c1-b c1-4w c1-5x c1-1r c1-84 c1-60 c1-62 c1-63 c1-64\" role=\"heading\" data-ux=\"ContentCardHeading\" data-aid=\"CONTENT_HEADLINE6_RENDERED\" data-typography=\"HeadingDelta\">Lycopene<\/h4>\n<h4 class=\"x-el x-el-h4 c1-1 c1-2 c1-1l c1-1m c1-82 c1-3e c1-3f c1-1o c1-85 c1-3q c1-4j c1-83 c1-53 c1-b c1-4w c1-5x c1-1r c1-60 c1-86 c1-62 c1-63 c1-64\" role=\"heading\" data-ux=\"ContentCardHeading\" data-typography=\"HeadingDelta\"><\/h4>\n<h4 class=\"x-el x-el-h4 c1-1 c1-2 c1-1l c1-1m c1-82 c1-3e c1-3f c1-1o c1-85 c1-3q c1-4j c1-83 c1-53 c1-b c1-4w c1-5x c1-1r c1-87 c1-60 c1-62 c1-63 c1-64\" role=\"heading\" data-ux=\"ContentCardHeading\" data-typography=\"HeadingDelta\"><\/h4>\n<\/div>\n<div class=\"x-el x-el-div c1-1 c1-2 c1-31 c1-14 c1-15 c1-1q c1-4 c1-b c1-c c1-d c1-e c1-f c1-g\" data-ux=\"ContentCardWrapperImage\"><span class=\"x-el x-el-span c1-1 c1-2 c1-b c1-c c1-d c1-e c1-f c1-g\" data-ux=\"Element\"><img decoding=\"async\" class=\"x-el x-el-img c1-1 c1-2 c1-6c c1-18 c1-14 c1-15 c1-1o c1-1p c1-4d c1-9e c1-89 c1-b c1-c c1-9f c1-8b c1-d c1-e c1-f c1-g\" src=\"https:\/\/img1.wsimg.com\/isteam\/ip\/f6861128-ac56-49f2-854a-83b1b3c720a1\/img_tomates-3-1280x720.jpg\/:\/cr=t:0%25,l:3.58%25,w:74.81%25,h:100%25\/rs=w:388,h:291.72932330827064,cg:true\" alt=\"Lycopene\" data-ux=\"Image\" \/><\/span><\/div>\n<div class=\"x-el c1-1 c1-2 c1-1l c1-1m c1-1n c1-1o c1-1p c1-8c c1-8d c1-8e c1-8f c1-8g c1-8h c1-8i c1-8j c1-8k c1-8l c1-8m c1-8n c1-8o c1-8p c1-8q c1-8r c1-8s c1-8t c1-8u c1-8v c1-8w c1-8x c1-8y c1-8z c1-90 c1-91 c1-92 c1-93 c1-4 c1-3b c1-b c1-4r c1-94 c1-1r c1-95 c1-96 c1-97 c1-98 x-rt\" data-ux=\"ContentCardText\" data-aid=\"CONTENT_DESCRIPTION6_RENDERED\" data-typography=\"BodyAlpha\" data-font-scaled=\"true\">\n<p>Reduce el riesgo de sufrir\u00a0<strong class=\"x-el x-el-span c1-2q c1-2r c1-b c1-99 c1-30 c1-4a c1-9a\">c\u00e1ncer de pr\u00f3stata<\/strong>.<\/p>\n<\/div>\n<\/div>\n<\/div>\n<div class=\"x-el x-el-div c1-1 c1-2 c1-23 c1-3b c1-2g c1-7p c1-18 c1-2i c1-2j c1-7q c1-2l c1-19 c1-b c1-c c1-7r c1-7s c1-2m c1-2n c1-7t c1-2p c1-d c1-7u c1-7v c1-e c1-f c1-g\" data-ux=\"GridCell\">\n<div class=\"x-el x-el-div x-el c1-1 c1-2 c1-t c1-19 c1-5d c1-1a c1-1q c1-28 c1-4 c1-7w c1-7x c1-7y c1-3b c1-b c1-c c1-7l c1-7m c1-d c1-e c1-f c1-g c1-1 c1-2 c1-b c1-c c1-d c1-e c1-f c1-g\" data-ux=\"ContentCard\">\n<div class=\"x-el x-el-div c1-1 c1-2 c1-4 c1-t c1-7z c1-b c1-c c1-80 c1-d c1-81 c1-e c1-f c1-g\" data-ux=\"Block\">\n<h4 class=\"x-el x-el-h4 c1-1 c1-2 c1-1l c1-1m c1-82 c1-3e c1-3f c1-1o c1-1p c1-83 c1-53 c1-b c1-4w c1-5x c1-1r c1-84 c1-60 c1-62 c1-63 c1-64\" role=\"heading\" data-ux=\"ContentCardHeading\" data-typography=\"HeadingDelta\">Chanca Piedra<\/h4>\n<h4 class=\"x-el x-el-h4 c1-1 c1-2 c1-1l c1-1m c1-82 c1-3e c1-3f c1-1o c1-85 c1-3q c1-4j c1-83 c1-53 c1-b c1-4w c1-5x c1-1r c1-60 c1-86 c1-62 c1-63 c1-64\" role=\"heading\" data-ux=\"ContentCardHeading\" data-typography=\"HeadingDelta\"><\/h4>\n<h4 class=\"x-el x-el-h4 c1-1 c1-2 c1-1l c1-1m c1-82 c1-3e c1-3f c1-1o c1-85 c1-3q c1-4j c1-83 c1-53 c1-b c1-4w c1-5x c1-1r c1-87 c1-60 c1-62 c1-63 c1-64\" role=\"heading\" data-ux=\"ContentCardHeading\" data-typography=\"HeadingDelta\"><\/h4>\n<\/div>\n<div class=\"x-el x-el-div c1-1 c1-2 c1-31 c1-14 c1-15 c1-1q c1-4 c1-b c1-c c1-d c1-e c1-f c1-g\" data-ux=\"ContentCardWrapperImage\"><span class=\"x-el x-el-span c1-1 c1-2 c1-b c1-c c1-d c1-e c1-f c1-g\" data-ux=\"Element\"><img decoding=\"async\" class=\"x-el x-el-img c1-1 c1-2 c1-6c c1-18 c1-14 c1-15 c1-1o c1-1p c1-4d c1-9e c1-89 c1-b c1-c c1-9f c1-8b c1-d c1-e c1-f c1-g\" src=\"https:\/\/img1.wsimg.com\/isteam\/ip\/f6861128-ac56-49f2-854a-83b1b3c720a1\/cat_prod_chanca_piedra_mate_02.jpg\/:\/cr=t:11.94%25,l:0%25,w:100%25,h:76.11%25\/rs=w:388,h:291.72932330827064,cg:true\" alt=\"Phyllanthus niruri\" data-ux=\"Image\" \/><\/span><\/div>\n<div class=\"x-el c1-1 c1-2 c1-1l c1-1m c1-1n c1-1o c1-1p c1-8c c1-8d c1-8e c1-8f c1-8g c1-8h c1-8i c1-8j c1-8k c1-8l c1-8m c1-8n c1-8o c1-8p c1-8q c1-8r c1-8s c1-8t c1-8u c1-8v c1-8w c1-8x c1-8y c1-8z c1-90 c1-91 c1-92 c1-93 c1-4 c1-3b c1-b c1-4r c1-94 c1-1r c1-95 c1-96 c1-97 c1-98 x-rt\" data-ux=\"ContentCardText\" data-typography=\"BodyAlpha\" data-font-scaled=\"true\">\n<p>\u00a0Ayuda de manera efectiva a eliminar piedras de la\u00a0<strong class=\"x-el x-el-span c1-2q c1-2r c1-b c1-99 c1-30 c1-4a c1-9a\">vejiga<\/strong>\u00a0y el\u00a0<strong class=\"x-el x-el-span c1-2q c1-2r c1-b c1-99 c1-30 c1-4a c1-9a\">ri\u00f1\u00f3n<\/strong>.<\/p>\n<\/div>\n<\/div>\n<\/div>\n<\/div>\n<\/li>\n<\/ul>\n","protected":false},"excerpt":{"rendered":"<p>SKU: Bioprost<\/p>\n<ul>\n<li>Limpia el sistema urogenital.<\/li>\n<li>Mejora el sistema urinario y ayuda a la desinflamaci\u00f3n prost\u00e1tica.<\/li>\n<li>Alivia el dolor o sensaci\u00f3n de ardor al orinar.<\/li>\n<li>Fortalece el sistema inmune.<\/li>\n<li>Optimiza el rendimiento f\u00edsico.<\/li>\n<\/ul>\n","protected":false},"featured_media":1043,"comment_status":"open","ping_status":"closed","template":"","meta":[],"product_cat":[17,20,18,21,19],"product_tag":[],"_links":{"self":[{"href":"https:\/\/nutricionsexualforte.com\/index.php\/wp-json\/wp\/v2\/product\/784"}],"collection":[{"href":"https:\/\/nutricionsexualforte.com\/index.php\/wp-json\/wp\/v2\/product"}],"about":[{"href":"https:\/\/nutricionsexualforte.com\/index.php\/wp-json\/wp\/v2\/types\/product"}],"replies":[{"embeddable":true,"href":"https:\/\/nutricionsexualforte.com\/index.php\/wp-json\/wp\/v2\/comments?post=784"}],"wp:featuredmedia":[{"embeddable":true,"href":"https:\/\/nutricionsexualforte.com\/index.php\/wp-json\/wp\/v2\/media\/1043"}],"wp:attachment":[{"href":"https:\/\/nutricionsexualforte.com\/index.php\/wp-json\/wp\/v2\/media?parent=784"}],"wp:term":[{"taxonomy":"product_cat","embeddable":true,"href":"https:\/\/nutricionsexualforte.com\/index.php\/wp-json\/wp\/v2\/product_cat?post=784"},{"taxonomy":"product_tag","embeddable":true,"href":"https:\/\/nutricionsexualforte.com\/index.php\/wp-json\/wp\/v2\/product_tag?post=784"}],"curies":[{"name":"wp","href":"https:\/\/api.w.org\/{rel}","templated":true}]}}