{"id":84,"date":"2023-09-01T18:06:58","date_gmt":"2023-09-01T16:06:58","guid":{"rendered":"https:\/\/nutricionsexualforte.com\/?post_type=product&#038;p=84"},"modified":"2023-11-21T02:02:16","modified_gmt":"2023-11-21T01:02:16","slug":"neosize-xl","status":"publish","type":"product","link":"https:\/\/nutricionsexualforte.com\/index.php\/producto\/neosize-xl\/","title":{"rendered":"NeoSize XL"},"content":{"rendered":"<h2>\u00bfSu pene es corto y delgado?\u00a0Est\u00e1 arruinando su satisfacci\u00f3n sexual?<\/h2>\n<p>Un pene bien desarrollado m\u00e1s grueso y m\u00e1s largo es muy eficaz en traer lo mejor de su vida sexual.\u00a0Le ayuda a ser mejor en la cama con su pareja.\u00a0La clave del \u00e9xito en el desarrollo de erecciones m\u00e1s duras, junto con el bienestar sexual depende directamente del tama\u00f1o del pene.<\/p>\n<h2>Beneficios de NeoSize XL<\/h2>\n<ul class=\"bluetick\">\n<li>P\u00edldoras naturales sin efectos secundarios<\/li>\n<li>Aumenta la longitud del pene hasta 10 cm<\/li>\n<li>100% de eficacia<\/li>\n<\/ul>\n<h2>La eficacia de NeoSize XL &#8211; Un tama\u00f1o grande y grueso de pene para usted<\/h2>\n<ul class=\"bluetick\">\n<li>NeoSize XL se compone de ingredientes que son raros y \u00fanicos, especialemente elegidos para aumentar el tama\u00f1o del pene r\u00e1pidamente.<\/li>\n<li>Es muy eficaz para dar a los hombres un pene grande, duro y fuerte.<\/li>\n<li>NeoSize XL expande naturalmente los vasos sangu\u00edneos, haciendo que se vea m\u00e1s grande y m\u00e1s saludable.<\/li>\n<li>La producci\u00f3n de \u00f3xido n\u00edtrico, naturalmente, aumenta el pene con erecciones firmes.<\/li>\n<li>Estas pastillas naturales tambi\u00e9n aumentan su deseo sexual .<\/li>\n<li>A las pocas semanas, usted notar\u00e1 una mejora significativa, no s\u00f3lo en la longitud\u00a0sino tambi\u00e9n en el grosor del pene.<\/li>\n<li>NeoSize XL es conocido por haber ayudado a m\u00e1s de un mill\u00f3n de hombres cada vez con \u00e9xito en aumentar la longitud del pene en 10 cent\u00edmetros y espesar en el 20% m\u00e1s.<\/li>\n<\/ul>\n<h2>\u00bfC\u00f3mo funciona NeoSize XL?<\/h2>\n<p>NeoSize XL est\u00e1 hecho de un afrodis\u00edaco que se ha utilizado durante a\u00f1os para mejorar el rendimiento y el deseo sexual. Los ingredientes presentes en las p\u00edldoras est\u00e1n tambi\u00e9n dise\u00f1adas para mejorar el rendimiento sexual y aumentar la libido masculina. NeoSize XL estimula el crecimiento celular dentro de los cuerpos cavernosos del pene. El aumento en las c\u00e9lulas permite que entre m\u00e1s sangre en el pene haciendo que el pene sea m\u00e1s largo y la erecci\u00f3n m\u00e1s intensa. Esto puede dar lugar a erecciones m\u00e1s duraderas, m\u00e1s potentes y unas ganancias de tama\u00f1o en longitud y grosor, extendiendo el placer de ambos, de usted y de su pareja.<\/p>\n<h2>Ingredientes<\/h2>\n<ul class=\"bluetick\">\n<li>Concentrado de Proteina de Soja<\/li>\n<li>Mucuna pruriens<\/li>\n<li>Withania somn\u00edfera<\/li>\n<li>Tribulus terrestris<\/li>\n<\/ul>\n<h2>Dosis<\/h2>\n<p>Tomar 2 tabletas NeoSize XL cada d\u00eda, 30 minutos despu\u00e9s de una comida con un vaso de agua.\u00a0El consumo diario de las p\u00edldoras en los primeros tres meses proporciona los mejores resultados.<\/p>\n<h2>Efectos secundarios<\/h2>\n<p>NeoSize XL est\u00e1 hecho de hierbas puras y naturales que garantizan una seguridad completa y no tiene ning\u00fan tipo de efectos secundarios y est\u00e1 recomendado por los m\u00e9dicos m\u00e1s experimentados y reconocidos.<\/p>\n","protected":false},"excerpt":{"rendered":"<p class=\"style10\">Promueve un crecimiento sano del pene en tama\u00f1o y forma.<\/p>\n<p class=\"style10\">Las p\u00edldoras naturales para agrandar el pene\u00a0NeoSize XL\u00a0\u00a0est\u00e1n llenas de propiedades beneficiosas.\u00a0. Son eficaces para aumentar el tama\u00f1o del pene hasta 10 cm.\u00a0pero van mucho m\u00e1s all\u00e1 al mejorar la calidad de la erecci\u00f3n y el rendimiento sexual en general.\u00a0NeoSize XL se conoce como la pastilla natural para aumentar el tama\u00f1o del pene de mayor \u00e9xito en el mercado hoy en d\u00eda.<\/p>\n","protected":false},"featured_media":85,"comment_status":"open","ping_status":"closed","template":"","meta":[],"product_cat":[17,20],"product_tag":[],"_links":{"self":[{"href":"https:\/\/nutricionsexualforte.com\/index.php\/wp-json\/wp\/v2\/product\/84"}],"collection":[{"href":"https:\/\/nutricionsexualforte.com\/index.php\/wp-json\/wp\/v2\/product"}],"about":[{"href":"https:\/\/nutricionsexualforte.com\/index.php\/wp-json\/wp\/v2\/types\/product"}],"replies":[{"embeddable":true,"href":"https:\/\/nutricionsexualforte.com\/index.php\/wp-json\/wp\/v2\/comments?post=84"}],"wp:featuredmedia":[{"embeddable":true,"href":"https:\/\/nutricionsexualforte.com\/index.php\/wp-json\/wp\/v2\/media\/85"}],"wp:attachment":[{"href":"https:\/\/nutricionsexualforte.com\/index.php\/wp-json\/wp\/v2\/media?parent=84"}],"wp:term":[{"taxonomy":"product_cat","embeddable":true,"href":"https:\/\/nutricionsexualforte.com\/index.php\/wp-json\/wp\/v2\/product_cat?post=84"},{"taxonomy":"product_tag","embeddable":true,"href":"https:\/\/nutricionsexualforte.com\/index.php\/wp-json\/wp\/v2\/product_tag?post=84"}],"curies":[{"name":"wp","href":"https:\/\/api.w.org\/{rel}","templated":true}]}}