{"id":86,"date":"2023-09-01T18:08:37","date_gmt":"2023-09-01T16:08:37","guid":{"rendered":"https:\/\/nutricionsexualforte.com\/?post_type=product&#038;p=86"},"modified":"2024-07-10T01:49:12","modified_gmt":"2024-07-09T23:49:12","slug":"penis-enlarger-cream","status":"publish","type":"product","link":"https:\/\/nutricionsexualforte.com\/index.php\/producto\/penis-enlarger-cream\/","title":{"rendered":"Penis Enlarger Cream"},"content":{"rendered":"<h2>\u00bfTe gustar\u00eda tener el pene m\u00e1s grande y m\u00e1s grueso?<\/h2>\n<p>Ahora usted puede con el Sr. Dick crema ampliadora. Basta con aplicar la crema antes de las actividades sexuales \u00f3 todo los d\u00edas a cualquier hora para ver la el pene que se hace m\u00e1s grande y grueso ante sus propios ojos. Dicen que el dinero no puede comprar la felicidad, pero se puede comprar un pene m\u00e1s grande! Tubo contiene 1,5 oz.<\/p>\n<p>Es una crema de f\u00e1cil absorci\u00f3n y penetraci\u00f3n, que se concentra en los tejidos del cuerpo cavernoso y el cuerpo esponjoso brindando el aumento de tejidos, y como resultado el aumento del tama\u00f1o y grosor del pene. Sin efectos secundarios y sin complicaciones.<\/p>\n<p>Empiese a hecharse la crema antes de sus relaciones sexuales \u00f3 diariamente a cualquier hora y los resultados quedaran definitivos si ud lo usa por mas de un mes\u2026son notorios los resultados a los 12 d\u00edas de empesado a usar\u00a0<strong>PENIS ENLAGER CREAM<\/strong>, ud tendra un pene grande y grueso y tendra experiencias asombrosas por que definitivamente las mujeres estan en busca del tama\u00f1o perfecto.<\/p>\n<p>Es necesario que la CREMA permanesca por espacio de 10 minutos en el pene, tiempo suficiente para la penetraci\u00f3n, luego puede lavar o ducharse, pero si gusta puede dejarlo untado por el tiempo que quiera.<\/p>\n<p>Es un producto muy escaso y tenemos la representaci\u00f3n de su distribuci\u00f3n no tenemos sucursales en provincias y solo lo enviamos desde Lima a cualquier parte del Per\u00fa y al extranjero, nuestros envios son en paquete discretamente sellado y sin letras ni logos que indiquen contenido, su env\u00edo lo hacemos por Olva Courier, DHL, \u00f3 laempresa de su preferencia<\/p>\n","protected":false},"excerpt":{"rendered":"<p>Crema alargadora del pene.<\/p>\n<p>Un producto Importado de EE.UU. por sus efectos sorprendentes<\/p>\n","protected":false},"featured_media":87,"comment_status":"open","ping_status":"closed","template":"","meta":[],"product_cat":[17],"product_tag":[],"_links":{"self":[{"href":"https:\/\/nutricionsexualforte.com\/index.php\/wp-json\/wp\/v2\/product\/86"}],"collection":[{"href":"https:\/\/nutricionsexualforte.com\/index.php\/wp-json\/wp\/v2\/product"}],"about":[{"href":"https:\/\/nutricionsexualforte.com\/index.php\/wp-json\/wp\/v2\/types\/product"}],"replies":[{"embeddable":true,"href":"https:\/\/nutricionsexualforte.com\/index.php\/wp-json\/wp\/v2\/comments?post=86"}],"wp:featuredmedia":[{"embeddable":true,"href":"https:\/\/nutricionsexualforte.com\/index.php\/wp-json\/wp\/v2\/media\/87"}],"wp:attachment":[{"href":"https:\/\/nutricionsexualforte.com\/index.php\/wp-json\/wp\/v2\/media?parent=86"}],"wp:term":[{"taxonomy":"product_cat","embeddable":true,"href":"https:\/\/nutricionsexualforte.com\/index.php\/wp-json\/wp\/v2\/product_cat?post=86"},{"taxonomy":"product_tag","embeddable":true,"href":"https:\/\/nutricionsexualforte.com\/index.php\/wp-json\/wp\/v2\/product_tag?post=86"}],"curies":[{"name":"wp","href":"https:\/\/api.w.org\/{rel}","templated":true}]}}