{"id":879,"date":"2023-11-07T00:41:08","date_gmt":"2023-11-06T23:41:08","guid":{"rendered":"https:\/\/nutricionsexualforte.com\/?post_type=product&#038;p=879"},"modified":"2025-02-04T02:06:20","modified_gmt":"2025-02-04T01:06:20","slug":"titan-gel-50ml","status":"publish","type":"product","link":"https:\/\/nutricionsexualforte.com\/index.php\/producto\/titan-gel-50ml\/","title":{"rendered":"TITAN Gel 50ml"},"content":{"rendered":"<p>El efecto de Titan Gel<\/p>\n<p>El gel garantiza un mejor suministro de sangre al tejido er\u00e9ctil. El flujo sangu\u00edneo se estimula para que el tejido circundante pueda expandirse con m\u00e1s fuerza. Esto har\u00e1 que su pene crezca en longitud y di\u00e1metro. La erecci\u00f3n tambi\u00e9n se endurecer\u00e1. Como resultado, su sexo mejora y dura m\u00e1s tiempo. Para una mejor experiencia sexual para ti y tu pareja. Debido a la incre\u00edble eficacia del gel, goza de gran popularidad en la industria pornogr\u00e1fica.<\/p>\n<p>Qu\u00e9 es Titan Gel<\/p>\n<p>Es un gel que se masajea en el pene erecto. Esto le permite crecer naturalmente y alcanzar todo su potencial.<\/p>\n<p>\u00bfCu\u00e1les son los ingredientes de Titan Gel<\/p>\n<p>Los ingredientes son completamente inofensivos. No hay peligro de adicci\u00f3n, ni se conocen reacciones al\u00e9rgicas.<\/p>\n<p>\u00bfHay efectos secundarios?<\/p>\n<p>No se conocen efectos secundarios negativos de Titan Gel. El uso del gel es absolutamente seguro. No hay riesgo para la salud.<\/p>\n<p>\u00bfC\u00f3mo funciona Titan Gel?<\/p>\n<p>Todo lo que tienes que hacer es masajear el gel en tu miembro erecto con movimientos de masaje.<\/p>\n<p>C\u00f3mo funciona correctamente el dosificaci\u00f3n de Titan Gel<\/p>\n<p>Usted dosifica el Titan Gel como cualquier otra loci\u00f3n o pomada corporal. Extender generosamente el gel sobre toda la superficie de la piel y apoyar la absorci\u00f3n a trav\u00e9s de la piel masaje\u00e1ndola con cuidado. Se excluye la sobredosificaci\u00f3n.<\/p>\n<p>Llevando a Titan Gel<\/p>\n<p>Titan Gel s\u00f3lo se usa en la superficie. As\u00ed que no tienes que tomar nada. Una gran ventaja sobre otros productos como Nicorix, Metadrol o Maxatin. Simplemente \u00fasalo todos los d\u00edas y 30 minutos antes de tener relaciones sexuales. Tu talla no pasar\u00e1 desapercibida.<\/p>\n<p>\u00e9xitos con Titan Gel<\/p>\n<p>Realmente se puede obtener un resultado sorprendente e impresionante con el gel. Te sorprender\u00e1s! Aumentar\u00e1s tu rendimiento sexual y experimentar\u00e1s mejores orgasmos. Por \u00faltimo, pero no por ello menos importante, su pareja tambi\u00e9n se beneficiar\u00e1 de los resultados del tratamiento.<\/p>\n<p>\u00bfFunciona realmente Titan Gel?<\/p>\n<p>Si! En realidad funciona. Las experiencias con Titan Gel en el repaso, repaso ingles son consistentemente convincentes. Por lo tanto, tambi\u00e9n es recomendado por revistas de renombre como MAXIM, Playboy, GQ y Mens Health.<\/p>\n<p>Resultados con Titan Gel<\/p>\n<p>En s\u00f3lo un mes su pene puede crecer hasta 4-5 cm. Ya en la primera semana es posible un crecimiento de hasta un cm. Cada semana adicional se a\u00f1ade otro cm. As\u00ed que despu\u00e9s de un mes de uso hasta 4-5 cm no son raros.<\/p>\n<p>Estudios sobre Titan Gel \u2013 \u00bfQu\u00e9 evaluaci\u00f3n hay?<\/p>\n<p>El gel es muy popular en la industria del porno. Innumerables fotos y videos dan testimonio de su eficacia.<\/p>\n","protected":false},"excerpt":{"rendered":"<p>SKU: Titan Gel 50ml<\/p>\n<ul>\n<li><span class=\"a-list-item\">Producto inofensivo y seguro para la piel<\/span><\/li>\n<li><span class=\"Y2IQFc\" lang=\"es\">Posee capacidades hidratantes<\/span><\/li>\n<li><strong>Producto soluble en agua<\/strong><\/li>\n<li>Presentaci\u00f3n Crema con textura y apariencia de gel<\/li>\n<li>Contenido 50ml<\/li>\n<li>Sabor No<\/li>\n<li>Olor No<\/li>\n<\/ul>\n","protected":false},"featured_media":1115,"comment_status":"open","ping_status":"closed","template":"","meta":[],"product_cat":[17,20],"product_tag":[],"_links":{"self":[{"href":"https:\/\/nutricionsexualforte.com\/index.php\/wp-json\/wp\/v2\/product\/879"}],"collection":[{"href":"https:\/\/nutricionsexualforte.com\/index.php\/wp-json\/wp\/v2\/product"}],"about":[{"href":"https:\/\/nutricionsexualforte.com\/index.php\/wp-json\/wp\/v2\/types\/product"}],"replies":[{"embeddable":true,"href":"https:\/\/nutricionsexualforte.com\/index.php\/wp-json\/wp\/v2\/comments?post=879"}],"wp:featuredmedia":[{"embeddable":true,"href":"https:\/\/nutricionsexualforte.com\/index.php\/wp-json\/wp\/v2\/media\/1115"}],"wp:attachment":[{"href":"https:\/\/nutricionsexualforte.com\/index.php\/wp-json\/wp\/v2\/media?parent=879"}],"wp:term":[{"taxonomy":"product_cat","embeddable":true,"href":"https:\/\/nutricionsexualforte.com\/index.php\/wp-json\/wp\/v2\/product_cat?post=879"},{"taxonomy":"product_tag","embeddable":true,"href":"https:\/\/nutricionsexualforte.com\/index.php\/wp-json\/wp\/v2\/product_tag?post=879"}],"curies":[{"name":"wp","href":"https:\/\/api.w.org\/{rel}","templated":true}]}}