{"id":88,"date":"2023-09-01T18:10:05","date_gmt":"2023-09-01T16:10:05","guid":{"rendered":"https:\/\/nutricionsexualforte.com\/?post_type=product&#038;p=88"},"modified":"2024-03-18T07:30:51","modified_gmt":"2024-03-18T06:30:51","slug":"penis-xl","status":"publish","type":"product","link":"https:\/\/nutricionsexualforte.com\/index.php\/producto\/penis-xl\/","title":{"rendered":"Penis XL"},"content":{"rendered":"<h2>Resultados<\/h2>\n<p>Aumento del tama\u00f1o y el grosor del pene. -Mayor potencia y resistencia sexual. -Erecciones m\u00e1s duras y prolongadas. -Mayor autoestima y confianza sexual.<\/p>\n<h2>Mayor grosor y longitud del pene<\/h2>\n<p>Soluciona algunos problemas de eyaculaci\u00f3n precoz -Mejora la autoestima y confianza sexual.<\/p>\n<h2>\u00bfC\u00f3mo se consume las pastillas pene Penis XL?<\/h2>\n<p>Tomar 2 comprimidos por la ma\u00f1ana en las comidas. Se puede ingerir de 1 a 2 comprimidos m\u00e1s, 2 horas antes de la relaci\u00f3n sexual para reforzar la erecci\u00f3n.<\/p>\n<h2>\u00bfCu\u00e1ndo se nota los efectos de PenisXL?<\/h2>\n<p>Durante las primeras 4 semanas se nota un ligero aumento del pene, pero a partir de la 4\u00aa semana es cuando se nota un aumento importante de longitud y de grosor del pene, incluso cuando no se tiene erecci\u00f3n. Con\u00a0Penis XL\u00a0 sentir\u00e1 que su pene est\u00e1 m\u00e1s firme, fuerte y grande.<\/p>\n<h2>\u00bfQu\u00e9 ingredientes tiene?<\/h2>\n<p>Calcio, L-Arginine, Eleutherococcus senticosus, Ptychopetalum Olacoides, Serenoa Repens, Burra Gokhru, Epimedium Sagittum, Cellulosa, Corscarmellosi Sodica, Stearato di magnesio, Silice. , M\u00e9lane d\u00a8herbes.<\/p>\n","protected":false},"excerpt":{"rendered":"<p>SKU: Penis Xl<\/p>\n<ul>\n<li>Penis XL es un complemento compuesto de extracto de plantas naturales indicado para aumentar el tama\u00f1o del pene y dar mayor potencia a la vida sexual de los hombres.<\/li>\n<li>Penis XL combina ingredientes afrodis\u00edacos que ayudan a la potencia sexual masculina y al aumento del pene.<\/li>\n<li>Su funci\u00f3n es agrandar los tejidos finos del pene y esto permite mayor flujo sangu\u00edneo, consiguiendo un mayor tama\u00f1o en el pene.<\/li>\n<li>\u00a0Erecciones m\u00e1s firmes y duraderas.<\/li>\n<\/ul>\n","protected":false},"featured_media":1050,"comment_status":"open","ping_status":"closed","template":"","meta":[],"product_cat":[17,18,21],"product_tag":[],"_links":{"self":[{"href":"https:\/\/nutricionsexualforte.com\/index.php\/wp-json\/wp\/v2\/product\/88"}],"collection":[{"href":"https:\/\/nutricionsexualforte.com\/index.php\/wp-json\/wp\/v2\/product"}],"about":[{"href":"https:\/\/nutricionsexualforte.com\/index.php\/wp-json\/wp\/v2\/types\/product"}],"replies":[{"embeddable":true,"href":"https:\/\/nutricionsexualforte.com\/index.php\/wp-json\/wp\/v2\/comments?post=88"}],"wp:featuredmedia":[{"embeddable":true,"href":"https:\/\/nutricionsexualforte.com\/index.php\/wp-json\/wp\/v2\/media\/1050"}],"wp:attachment":[{"href":"https:\/\/nutricionsexualforte.com\/index.php\/wp-json\/wp\/v2\/media?parent=88"}],"wp:term":[{"taxonomy":"product_cat","embeddable":true,"href":"https:\/\/nutricionsexualforte.com\/index.php\/wp-json\/wp\/v2\/product_cat?post=88"},{"taxonomy":"product_tag","embeddable":true,"href":"https:\/\/nutricionsexualforte.com\/index.php\/wp-json\/wp\/v2\/product_tag?post=88"}],"curies":[{"name":"wp","href":"https:\/\/api.w.org\/{rel}","templated":true}]}}