{"id":889,"date":"2023-11-07T23:56:18","date_gmt":"2023-11-07T22:56:18","guid":{"rendered":"https:\/\/nutricionsexualforte.com\/?post_type=product&#038;p=889"},"modified":"2026-04-07T01:47:54","modified_gmt":"2026-04-06T23:47:54","slug":"tongkat-ali-complex","status":"publish","type":"product","link":"https:\/\/nutricionsexualforte.com\/index.php\/producto\/tongkat-ali-complex\/","title":{"rendered":"Tongkat Ali Complex"},"content":{"rendered":"<div class=\"row item-row\">\n<div class=\"col-xs-24\">\n<div>\n<ul>\n<li>800 mg de extracto de tongkat ali<\/li>\n<li>200 mg de Tribulus<\/li>\n<li>Producto vegano.<\/li>\n<li>Sin OGM.<\/li>\n<li>Favorece la salud y la vitalidad de los hombres<\/li>\n<li>Suplemento alimentario.<\/li>\n<\/ul>\n<\/div>\n<\/div>\n<\/div>\n<div class=\"row item-row\">\n<div class=\"col-xs-24\">\n<h3><strong>Uso Sugerido<\/strong><\/h3>\n<div class=\"prodOverviewDetail\">\n<p>Como suplemento alimentario, tome 2 c\u00e1psulas por d\u00eda, preferentemente con una comida o seg\u00fan las recomendaciones del especialista ya que este famoso producto ayudara\u00a0 significativamente aumenta los bajos niveles de Testosterona que pueden ayudar a promover un impulso y rendimiento f\u00edsico y sexual de calidad ayudara fortalecer y mantener una masa corporal optima rejuvenecida y m\u00e1s activa para hombres mayores.<\/p>\n<p>Con ingredientes que maximizan el rendimiento probados en laboratorio en nuestros suplementos para mejorar la capacidad del hombre, puedes mejorar tu calidad de vida dentro y fuera del gimnasio.<\/p>\n<p>Haz que esos jugos fluyan para entrenamientos a\u00fan mejores con nuestros suplementos rejuvenecedores de testosterona para hombres para ayudar a mejorar el rendimiento f\u00edsico con ingredientes como el \u00e1cido D-asp\u00e1rtico Mejor apoyo de recuperaci\u00f3n: a diferencia de los suplementos b\u00e1sicos ZMA para hombres, nuestro suplemento de recuperaci\u00f3n muscular de aspartato de magnesio de zinc tambi\u00e9n cuenta con extractos de hierbas de construcci\u00f3n muscular y equilibrio de testosterona Calidad sin concesiones para hombres sin concesiones: estamos orgullosos de ofrecer suplementos puros y potentes, incluyendo nuestro complejo TONGKAT ALI<\/p>\n<p>Tongkat ali fabricado y probado en instalaciones estadounidenses de \u00faltima generaci\u00f3n<\/p>\n<\/div>\n<\/div>\n<\/div>\n<div class=\"row item-row\">\n<div class=\"col-xs-24\">\n<h3><strong>Otros Ingredientes<\/strong><\/h3>\n<div class=\"prodOverviewIngred\">\n<p>Hipromelosa (c\u00e1psula), fosfato dic\u00e1lcico, estearatos vegetales, di\u00f3xido de silicio.<\/p>\n<p>Producto fabricado en instalaciones registradas en Buenas Pr\u00e1cticas de Manufactura.<\/p>\n<\/div>\n<\/div>\n<\/div>\n<div class=\"row item-row\">\n<div class=\"col-xs-24\">\n<h3><strong>Advertencias<\/strong><\/h3>\n<div class=\"prodOverviewDetail\">\n<p>Producto no apto para menores de 18\u00a0a\u00f1os. No lo use si est\u00e1 lactando o embarazada. Mantenga fuera del alcance de los ni\u00f1os y las mascotas. Almacene el producto a temperatura ambiente. No lo exponga al calor ni a la humedad excesivos.<\/p>\n<\/div>\n<\/div>\n<\/div>\n<div class=\"row item-row\">\n<div class=\"col-xs-24\">\n<div id=\"disclaimer\" class=\"prodOverviewDetail\">\n<p>&nbsp;<\/p>\n<\/div>\n<\/div>\n<\/div>\n","protected":false},"excerpt":{"rendered":"<p>SKU: Tongkat Ali Complex<\/p>\n<ul>\n<li>800 mg de extracto de tongkat ali<\/li>\n<li>200 mg de Tribulus<\/li>\n<li>Producto vegano.<\/li>\n<li>Sin OGM.<\/li>\n<li>Favorece la salud y la vitalidad de los hombres<\/li>\n<li>Suplemento alimentario.<\/li>\n<\/ul>\n","protected":false},"featured_media":897,"comment_status":"open","ping_status":"closed","template":"","meta":[],"product_cat":[20,18,19],"product_tag":[],"_links":{"self":[{"href":"https:\/\/nutricionsexualforte.com\/index.php\/wp-json\/wp\/v2\/product\/889"}],"collection":[{"href":"https:\/\/nutricionsexualforte.com\/index.php\/wp-json\/wp\/v2\/product"}],"about":[{"href":"https:\/\/nutricionsexualforte.com\/index.php\/wp-json\/wp\/v2\/types\/product"}],"replies":[{"embeddable":true,"href":"https:\/\/nutricionsexualforte.com\/index.php\/wp-json\/wp\/v2\/comments?post=889"}],"wp:featuredmedia":[{"embeddable":true,"href":"https:\/\/nutricionsexualforte.com\/index.php\/wp-json\/wp\/v2\/media\/897"}],"wp:attachment":[{"href":"https:\/\/nutricionsexualforte.com\/index.php\/wp-json\/wp\/v2\/media?parent=889"}],"wp:term":[{"taxonomy":"product_cat","embeddable":true,"href":"https:\/\/nutricionsexualforte.com\/index.php\/wp-json\/wp\/v2\/product_cat?post=889"},{"taxonomy":"product_tag","embeddable":true,"href":"https:\/\/nutricionsexualforte.com\/index.php\/wp-json\/wp\/v2\/product_tag?post=889"}],"curies":[{"name":"wp","href":"https:\/\/api.w.org\/{rel}","templated":true}]}}