{"id":90,"date":"2023-09-01T18:12:03","date_gmt":"2023-09-01T16:12:03","guid":{"rendered":"https:\/\/nutricionsexualforte.com\/?post_type=product&#038;p=90"},"modified":"2024-03-18T05:23:33","modified_gmt":"2024-03-18T04:23:33","slug":"virility-ex","status":"publish","type":"product","link":"https:\/\/nutricionsexualforte.com\/index.php\/producto\/virility-ex\/","title":{"rendered":"Virility Ex"},"content":{"rendered":"<h2>C\u00f3mo Funciona Virility Ex<\/h2>\n<p><em>Virility Ex\u00a0<\/em>es, como explicamos antes, una combinaci\u00f3n de ingredientes especiales forma la p\u00edldora para incrementar su desempe\u00f1o sexual y brindarle un incremento en el tama\u00f1o de su pene. Muchos especialistas dicen que tomar p\u00edldoras con ingredientes herbales ayudar\u00e1 a los hombres que buscan una manera de incrementar el tama\u00f1o de su pene sin recurrir a una cirug\u00eda, a una bomba de vac\u00edo o bien a otros dispositivos. Virility Ex<\/p>\n<p>Virility Ex, es la combinaci\u00f3n herbal m\u00e1s completa para incrementar el tama\u00f1o de su pene. haciendo una gran desinflamacion de las vias urinarias, pr\u00f3stata, prostatitis. fortaleciendo con mayor fuerza sus erecciones brindando mayor duraci\u00f3n, evitando las eyaculaciones prematuras sin complicaciones. Cuando alguien compra una botella de estas p\u00edldoras herbales, est\u00e1 comprando un producto netamente natural con ingredientes 100% naturales por lo que no causaran ning\u00fan efecto secundario en los consumidores.<\/p>\n<p>Se dice que las p\u00edldoras son una combinaci\u00f3n de ingredientes herbales y amino\u00e1cidos, que no ocasionaran ning\u00fan efecto secundario en los hombres, se puede decir que Virility Ex contiene Yohimbe, un poderoso afrodisiaco que bien puede incrementar su deseo sexual y la calidad de sus erecciones. las pruebas confirmadas de que este componente del producto tambi\u00e9n pueda hacer crecer el tama\u00f1o de su pene.<\/p>\n<ul class=\"bluetick\">\n<li>Es una f\u00f3rmula herbal.<\/li>\n<li>Promete brindarle beneficios sobre el tama\u00f1o de su pene sin cirug\u00edas, pesas o bombas de vac\u00edo.<\/li>\n<li>Contiene un poderoso afrodisiaco.<\/li>\n<\/ul>\n<h3>Desventajas de Virility Ex<\/h3>\n<ul class=\"bluetick\">\n<li>El sitio web oficial contiene mucha informaci\u00f3n<\/li>\n<li>hay testimoniales de los usuarios<\/li>\n<li>El Yohimbe ayuda a intencificar la calidad del de las erecciones y a incrementar el tama\u00f1o del pene<\/li>\n<\/ul>\n<h2>D\u00f3nde Comprar Virility Ex<\/h2>\n<p>Virility Ex\u00a0puede ser comprado a trav\u00e9s de nuestra web. nos puede contactar a nuestro tel\u00e9fono solicitar por delivery o preguntar por nuestra direcci\u00f3n de venta directa para que lo compre personalmente y pedir la informaci\u00f3n necesaria.<\/p>\n<p>Virility Ex. es uno delos productos considerado la soluci\u00f3n perfecta para todos los problemas sexuales de los hombres sin producir mal estar o efectos secundarios.<\/p>\n<h2>Recomendaci\u00f3n<\/h2>\n<p>Virility Ex es la soluci\u00f3n perfecta para todos los problemas sexuales de los hombres. para ello, muchos de los consumidores lo confirman sobres los grandes beneficios que brinda virility ex. los expertos en la tecnolog\u00eda hicieron estudios cl\u00ednicos sobre las pastillas donde afirman y comprueban los beneficios positivos, adem\u00e1s es el mejor suplemento natural curativo. estas p\u00edldoras cumplen su funci\u00f3n sin causar efectos secundarios ni reacciones colaterales<\/p>\n<p>Virility Ex contiene Yohimbe, un ingrediente considerado como el afrodisiaco herbal m\u00e1s poderoso descubierto. por expertos,<\/p>\n<p>Es claro como un componente que funciona para hacer que su pene sea m\u00e1s grande. y darle mayor potencia y rendimiento sexual. Virility Ex, por lo que se aconseja consumir el producto por tres meces consecutivos porque le servir\u00e1 de un gran potenciador masculino.<\/p>\n","protected":false},"excerpt":{"rendered":"<div>Virility Ex es\u00a0La_raz\u00f3n \u00a0de c\u00f3mo trabajan los ingredientes naturales del suplementos que ayudan a los hombres a aumentar el tama\u00f1o del pene hasta lograr el tama\u00f1o que siempre han querido. Los componentes utilizados son los que mantiene el pene funcionando de la mejor forma. Esto tambi\u00e9n es gracias a como el pene puede desarrollar un tama\u00f1o m\u00e1s fuerte durante un periodo de tiempo.<\/div>\n<div><\/div>\n<div>Se dice que las p\u00edldoras virility. son una combinaci\u00f3n de ingredientes herbales y amino\u00e1cidos, que no ocasionaran ning\u00fan efecto secundario en los hombres, se puede decir que Virility Ex contiene Yohimbe, un poderoso afrodisiaco que bien puede incrementar su deseo sexual y la calidad de sus erecciones. las pruebas confirmadas de que este componente del producto tambi\u00e9n pueda hacer crecer el tama\u00f1o de su pene.<\/div>\n","protected":false},"featured_media":1051,"comment_status":"open","ping_status":"closed","template":"","meta":[],"product_cat":[17,18],"product_tag":[],"_links":{"self":[{"href":"https:\/\/nutricionsexualforte.com\/index.php\/wp-json\/wp\/v2\/product\/90"}],"collection":[{"href":"https:\/\/nutricionsexualforte.com\/index.php\/wp-json\/wp\/v2\/product"}],"about":[{"href":"https:\/\/nutricionsexualforte.com\/index.php\/wp-json\/wp\/v2\/types\/product"}],"replies":[{"embeddable":true,"href":"https:\/\/nutricionsexualforte.com\/index.php\/wp-json\/wp\/v2\/comments?post=90"}],"wp:featuredmedia":[{"embeddable":true,"href":"https:\/\/nutricionsexualforte.com\/index.php\/wp-json\/wp\/v2\/media\/1051"}],"wp:attachment":[{"href":"https:\/\/nutricionsexualforte.com\/index.php\/wp-json\/wp\/v2\/media?parent=90"}],"wp:term":[{"taxonomy":"product_cat","embeddable":true,"href":"https:\/\/nutricionsexualforte.com\/index.php\/wp-json\/wp\/v2\/product_cat?post=90"},{"taxonomy":"product_tag","embeddable":true,"href":"https:\/\/nutricionsexualforte.com\/index.php\/wp-json\/wp\/v2\/product_tag?post=90"}],"curies":[{"name":"wp","href":"https:\/\/api.w.org\/{rel}","templated":true}]}}