{"id":92,"date":"2023-09-01T18:13:51","date_gmt":"2023-09-01T16:13:51","guid":{"rendered":"https:\/\/nutricionsexualforte.com\/?post_type=product&#038;p=92"},"modified":"2025-06-19T20:39:59","modified_gmt":"2025-06-19T18:39:59","slug":"xtraize","status":"publish","type":"product","link":"https:\/\/nutricionsexualforte.com\/index.php\/producto\/xtraize\/","title":{"rendered":"XtraSize"},"content":{"rendered":"<div class=\"p1\">\n<h2 class=\"content\">Aunque nunca una mujer te lo dir\u00e1<\/h2>\n<p class=\"content\"><strong>Puedes estar seguro de que el tama\u00f1o de tu pene s\u00ed importa.<\/strong><\/p>\n<p class=\"content\">Solamente un miembro grueso, con tama\u00f1o entre 18-23 cm permite al hombre satisfacer a una mujer por completo y proporcionarle el orgasmo que luego contar\u00e1 a sus amigas. Un pene m\u00e1s peque\u00f1o no es capaz de alcanzar tantas \u00e1reas de estimulaci\u00f3n a la vez, puedes ser un excelente amante, pero sin el tama\u00f1o adecuado de tu pene no lograr\u00e1s llegar al m\u00e1ximo de tus capacidades.<\/p>\n<p>El tama\u00f1o del pene tambi\u00e9n tiene influencia directa en tu autoestima y en c\u00f3mo percibes tu sexualidad.<\/p>\n<p>No importa si tienes pareja estable o mantienes relaciones cortas con varias mujeres, el objetivo es siempre el mismo. Quieres satisfacer tanto a tu pareja c\u00f3mo a ti, quieres darle el m\u00e1ximo placer, el placer m\u00e1s grande que le hayan sentido.<\/p>\n<p>Ahora imag\u00ednate tu vida er\u00f3tica teniendo el miembro m\u00e1s largo y grueso. Imag\u00ednate la reacci\u00f3n de la mujer ante tu desnudez. Siente el placer en el momento en que los dos est\u00e9n compartiendo el acto sexual. Despu\u00e9s de todo oir\u00e1s de su boca las palabras: \u00a8ha sido el mejor sexo de mi vida\u00a8. Imag\u00ednate cu\u00e1nto te sorprender\u00edas, si te propusiera hacerlo otra vez. Si\u00e9ntete orgulloso, si ha sido un sexo r\u00e1pido y puntual. Si\u00e9ntete alegre, si despu\u00e9s de algunos a\u00f1os ha aparecido de nuevo la pasi\u00f3n en su relaci\u00f3n. El tama\u00f1o s\u00ed importa.<\/p>\n<\/div>\n<div class=\"p1\">\n<h2 class=\"content\">Obt\u00e9n el controlde tu vida sexual<\/h2>\n<p class=\"content\">La falta de satisfacci\u00f3n en la vida sexual causa una baja autoestima e inseguridad en los contactos \u00edntimos. Puede tambi\u00e9n causar depresi\u00f3n y sensaci\u00f3n de aislamiento. La mayor\u00eda de los hombres no hace nada al respecto. No saben, que con un esfuerzo m\u00ednimo pueden cambiar completamente su vida amorosa.<\/p>\n<p>\u00a1Qu\u00e9 suerte tienes por haber encontrado nuestra p\u00e1gina! De este modo has dado el primer paso para asumir el control de tu vida sexual.<\/p>\n<\/div>\n<div class=\"p1\">\n<h2 class=\"content\">Un placer m\u00e1s intenso y una autoestimam\u00e1s alta est\u00e1n al alcance de tu mano.<\/h2>\n<p class=\"content\">El tama\u00f1o del pene no es algo que no se pueda cambiar. Al contrario, el incremento del pene no es nada nuevo.<\/p>\n<p>Los hombres ricos desde siempre hab\u00edan ido a cl\u00ednicas privadas y exclusivas para agrandar el pene sufriendo dolorosas y caras cirug\u00edas pl\u00e1sticas. Aquellos que no se lo pod\u00edan permitir se decid\u00edan a usar algo llamado los extenders y otras herramientas poco agradables con el fin de alargar el pene.<\/p>\n<p>Hace alg\u00fan tiempo que se pueden adquirir varios tipos de pastillas \u00a8para agrandar el pene\u00a8. La mayor\u00eda de ellas s\u00f3lo se pueden adquirir con receta m\u00e9dica debido a sus efectos secundarios.<\/p>\n<p>Recuerda que lo primero en influir en la destreza sexual es la salud de todo tu cuerpo. Antes de comprar cualquiera de estos otros remedios piensa en c\u00f3mo tu cuerpo reaccionar\u00e1 al darle una sustancia qu\u00edmica artificial, probada en laboratorios durante algunos meses y que no se ha comprobado por completo su actuaci\u00f3n real y los efectos a largo plazo.<\/p>\n<p>Por suerte ahora tienes una alternativa m\u00e1s.<\/p>\n<\/div>\n<div class=\"p1\">\n<h2 class=\"content\">\u00bfQu\u00e9 har\u00edas si te enteraras que existe una manera para agrandarel pene de 3,5 hasta 7,5 cm* que es totalmente segura e indolora?<\/h2>\n<p class=\"content\">Xtraize es un suplemento dietario en pastillas que har\u00e1 tu pene m\u00e1s largo y m\u00e1s grueso de una manera indolora. Convi\u00e9rtete ahora en el hombre que siempre has querido ser, el tama\u00f1o m\u00e1s grande de tu pene har\u00e1 que tanto t\u00fa, como tu pareja disfruten de un sexo mucho m\u00e1s placentero.<\/p>\n<p>Lo \u00fanico que tienes que hacer es tomar cada d\u00eda una pastilla de Xtraize despu\u00e9s del desayuno. Despu\u00e9s de algunos d\u00edas ya notar\u00e1s los primeros efectos con una erecci\u00f3n m\u00e1s intensa y un sexo m\u00e1s largo. Contin\u00faa el tratamiento para que tu pene se alargue progresivamente. Despu\u00e9s de un mes de uso de Xtraize obtendr\u00e1s 3 cm m\u00e1s y despu\u00e9s de seis meses hasta 7,5 cm.*<\/p>\n<p>Xtraize es totalmente seguro, es una mezcla de compuestos naturales preparada seg\u00fan una receta americana. Estos componentes est\u00e1n en uso hace a\u00f1os y su eficacia ha sido reiteradamente comprobada. La seguridad del uso de nuestro producto esta corroborada por las\u00a0opiniones\u00a0positivas de miles de hombres satisfechos que con Xtraize han cambiado totalmente su vida. Nuestro producto est\u00e1 avalado por m\u00e9dicos y dietistas; mira\u00a0nuestras garant\u00edas.<\/p>\n<h2 class=\"content\">Avalado por los m\u00e9dicos<\/h2>\n<p class=\"content\">Los an\u00e1lisis de la eficacia de Xtraize son simplemente indiscutibles. Es notable el aumento del tama\u00f1o y de la habilidad del pene en erecci\u00f3n. Mediante estudios y an\u00e1lisis precisos adquir\u00ed la seguridad de que Xtraize no s\u00f3lo es eficaz, sino tambi\u00e9n totalmente seguro. Recomiendo Xtraize a cada hombre que quiera mejorar su vida sexual.<\/p>\n<\/div>\n","protected":false},"excerpt":{"rendered":"<p>Xtraize agranda tu pene hasta 7,5 cm.<\/p>\n<p>Una vez compres\u00a0Xtraize, obtandr\u00e1s el control de tu vida sexual y te convertiras en el hombre que siempre has querido.<\/p>\n","protected":false},"featured_media":93,"comment_status":"open","ping_status":"closed","template":"","meta":[],"product_cat":[17,20,18,21,19],"product_tag":[],"_links":{"self":[{"href":"https:\/\/nutricionsexualforte.com\/index.php\/wp-json\/wp\/v2\/product\/92"}],"collection":[{"href":"https:\/\/nutricionsexualforte.com\/index.php\/wp-json\/wp\/v2\/product"}],"about":[{"href":"https:\/\/nutricionsexualforte.com\/index.php\/wp-json\/wp\/v2\/types\/product"}],"replies":[{"embeddable":true,"href":"https:\/\/nutricionsexualforte.com\/index.php\/wp-json\/wp\/v2\/comments?post=92"}],"wp:featuredmedia":[{"embeddable":true,"href":"https:\/\/nutricionsexualforte.com\/index.php\/wp-json\/wp\/v2\/media\/93"}],"wp:attachment":[{"href":"https:\/\/nutricionsexualforte.com\/index.php\/wp-json\/wp\/v2\/media?parent=92"}],"wp:term":[{"taxonomy":"product_cat","embeddable":true,"href":"https:\/\/nutricionsexualforte.com\/index.php\/wp-json\/wp\/v2\/product_cat?post=92"},{"taxonomy":"product_tag","embeddable":true,"href":"https:\/\/nutricionsexualforte.com\/index.php\/wp-json\/wp\/v2\/product_tag?post=92"}],"curies":[{"name":"wp","href":"https:\/\/api.w.org\/{rel}","templated":true}]}}