{"id":934,"date":"2023-11-08T23:48:00","date_gmt":"2023-11-08T22:48:00","guid":{"rendered":"https:\/\/nutricionsexualforte.com\/?post_type=product&#038;p=934"},"modified":"2024-03-18T05:43:13","modified_gmt":"2024-03-18T04:43:13","slug":"via-max-pure-power","status":"publish","type":"product","link":"https:\/\/nutricionsexualforte.com\/index.php\/producto\/via-max-pure-power\/","title":{"rendered":"Via Max Pure Power"},"content":{"rendered":"<div>\n<p><span>Viamax Pure Power es el suplemento diet\u00e9tico m\u00e1s potente y eficaz disponible para aumentar el rendimiento y el deseo sexual.\u00a0Su efecto es r\u00e1pido (act\u00faa en 30 minutos) y dura m\u00e1s de 24 horas. Adem\u00e1s, su uso regular ayuda a mejorar la actividad y el rendimiento sexual a largo plazo.<\/span><\/p>\n<p><span>Utiliza<\/span><\/p>\n<p><span>ViaMax Pure Power es un afrodis\u00edaco muy potente que te convertir\u00e1 en un hombre realizado, te encontrar\u00e1s en una situaci\u00f3n de bienestar y tu deseo y tus sensaciones sexuales se multiplicar\u00e1n por diez.<\/span><\/p>\n<ul>\n<li><span>Posolog\u00eda: tomar de 1\u00a0 c\u00e1psulas 30 minutos antes del encuentro<\/span><\/li>\n<li><span>M\u00e1ximo efecto en ayunas.<\/span><\/li>\n<\/ul>\n<p><span>Viamax Pure Power no puede constituir una alternativa a una dieta variada.\u00a0No exceda la dosis recomendada.\u00a0Mantener fuera del alcance de los ni\u00f1os.<\/span><\/p>\n<p><span>Ingredientes<\/span><\/p>\n<p><span>Composici\u00f3n: Fenogreco 100 mg, maca 100 mg, avena 75 mg, esp\u00e1rragos 75 mg, zarzaparrilla 50 mg, ginseng siberiano 50 mg, cuscuta china 50 mg, frambuesa china 50 mg, cistanche 30 mg, nuez de cola 30 mg, ortiga 30 mg, corteza de canela 20 mg, ra\u00edz de Niu Xi 20 mg, \u00f1ame chino 20 mg, ra\u00edz de regaliz 10 mg.<\/span><br \/>\n<span>Cubierta de la c\u00e1psula: gelatina dura, glicerol, colorante E133 y E171.<\/span><\/p>\n<\/div>\n<p>&nbsp;<\/p>\n","protected":false},"excerpt":{"rendered":"<p>SKU: VIAMAX PURE POWER<\/p>\n","protected":false},"featured_media":935,"comment_status":"open","ping_status":"closed","template":"","meta":[],"product_cat":[20,18],"product_tag":[],"_links":{"self":[{"href":"https:\/\/nutricionsexualforte.com\/index.php\/wp-json\/wp\/v2\/product\/934"}],"collection":[{"href":"https:\/\/nutricionsexualforte.com\/index.php\/wp-json\/wp\/v2\/product"}],"about":[{"href":"https:\/\/nutricionsexualforte.com\/index.php\/wp-json\/wp\/v2\/types\/product"}],"replies":[{"embeddable":true,"href":"https:\/\/nutricionsexualforte.com\/index.php\/wp-json\/wp\/v2\/comments?post=934"}],"wp:featuredmedia":[{"embeddable":true,"href":"https:\/\/nutricionsexualforte.com\/index.php\/wp-json\/wp\/v2\/media\/935"}],"wp:attachment":[{"href":"https:\/\/nutricionsexualforte.com\/index.php\/wp-json\/wp\/v2\/media?parent=934"}],"wp:term":[{"taxonomy":"product_cat","embeddable":true,"href":"https:\/\/nutricionsexualforte.com\/index.php\/wp-json\/wp\/v2\/product_cat?post=934"},{"taxonomy":"product_tag","embeddable":true,"href":"https:\/\/nutricionsexualforte.com\/index.php\/wp-json\/wp\/v2\/product_tag?post=934"}],"curies":[{"name":"wp","href":"https:\/\/api.w.org\/{rel}","templated":true}]}}