{"id":982,"date":"2023-11-16T15:24:08","date_gmt":"2023-11-16T14:24:08","guid":{"rendered":"https:\/\/nutricionsexualforte.com\/?post_type=product&#038;p=982"},"modified":"2025-11-03T10:28:52","modified_gmt":"2025-11-03T09:28:52","slug":"tongkat-ali-lj100-extract-100mg-60-capsulas","status":"publish","type":"product","link":"https:\/\/nutricionsexualforte.com\/index.php\/producto\/tongkat-ali-lj100-extract-100mg-60-capsulas\/","title":{"rendered":"TONGKAT ALI LJ100 (Extract) 100mg 60 Capsulas"},"content":{"rendered":"<div class=\"productIcons\">\n<div class=\"tooltip\">\n<div class=\"sprite-prodDetail vegan\" data-tipso=\"Este producto es vegano\"><\/div>\n<\/div>\n<div class=\"tooltip\">\n<div class=\"sprite-prodDetail vegetarian\" data-tipso=\"Este producto es vegetariano\"><\/div>\n<\/div>\n<div class=\"tooltip\">\n<div class=\"sprite-prodDetail gmo1\" data-tipso=\"Este producto no contiene OGM\"><\/div>\n<\/div>\n<\/div>\n<div><strong>Tongkat Ali: Una revoluci\u00f3n en la testosterona para restaurar la salud y la juventud\u00a0<\/strong><\/div>\n<div><\/div>\n<div>\u2022 Apoya el equilibrio hormonal masculino<\/div>\n<div>\u2022 Aumenta la producci\u00f3n de ATP<\/div>\n<div>\u2022 Estimula la libido y mejora el desempe\u00f1o sexual<\/div>\n<div><strong>\u00a0<\/strong><\/div>\n<div><strong>\u00bfQu\u00e9 es Tongkat Ali?\u00a0<\/strong><\/div>\n<div><\/div>\n<div>Tongkat Ali es el nombre popular de Eurycoma longifolia, un \u00e1rbol de tronco delgado \u00a0tama\u00f1o medio de la selva tropical. \u00a0El nombre de Tongkat Ali significa &#8220;el bast\u00f3n de Ali&#8221; y la planta es nativa de Malasia, Birmania inferior, Tailandia e Indonesia. Tongkat Ali goza de un historial de uso que se remonta a la d\u00e9cada de 1700, y hoy en d\u00eda hay una parte de la comunidad cient\u00edfica creciente que corrobora sus usos tradicionales, espec\u00edficamente para la marca patentada y registrada LJ100 \u2122 \u00a0El extracto estandarizado de Tongkat Ali contiene un 28% de glucop\u00e9ptidos bioactivos.<\/div>\n<div><\/div>\n<div>LJ100 es un agente exclusivo y patentado, y ha sido reconocido como la marca superior de Eurycoma longifolia para suplementos que aumentan y tonifican los m\u00fasculos, incrementan los niveles de energ\u00eda, reducen la grasa corporal, ralentizan el proceso de envejecimiento y aumentan la libido en los consumidores preocupados por su salud.<\/div>\n<div>LJ100 ha sido objeto de un exclusivo proceso de extracci\u00f3n patentado para capturar los compuestos m\u00e1s potentes biol\u00f3gicamente activos.<\/div>\n<div><\/div>\n<div><strong>\u00bfQu\u00e9 hace Tongkat Ali?<\/strong><\/div>\n<div><\/div>\n<div>Se ha demostrado que Tongkat Ali promueve el equilibrio hormonal masculino (incluida la disponibilidad de testosterona), la libido y mejora el desempe\u00f1o.<\/div>\n<div>Tongkat Ali se utiliza tradicionalmente para elevar los niveles de energ\u00eda, la resistencia y el vigor, y para reducir la fatiga mental ocasional.<\/div>\n<div><\/div>\n<div>En los estudios, el extracto LJ100 Tongkat Ali aumenta intensamente la producci\u00f3n de ATP. El ATP o adenos\u00edn trifosfato, es la unidad b\u00e1sica de energ\u00eda en el cuerpo, responsable de mantenernos vivos y activos.<\/div>\n<div>\u00a0Al aumentar el ATP, aumentan la energ\u00eda y vitalidad en general.<\/div>\n<div>La mayor\u00eda de las personas buscan tener m\u00e1s energ\u00eda y LJ100 Tongkat Ali la proporciona, sin hiperestimulaci\u00f3n, ansiedad nerviosa ni insomnio.<\/div>\n<div>Promover la producci\u00f3n de energ\u00eda humana es un beneficio para la salud valioso en s\u00ed mismo que hace de LJ100 Tongkat Ali una duradera superestrella bot\u00e1nica.<\/div>\n<div>La gente quiere energ\u00eda m\u00e1s que casi ning\u00fan otro atributo funcional.<\/div>\n<div>\u00a0Los endocrinos han sabido durante mucho tiempo que la testosterona aumenta la prodosis de masa muscular magra en el cuerpo.<\/div>\n<div>\u00a0LJ100 Tongkat Ali aumenta la masa muscular, tanto en animales como en humanos. En un estudio con hombres, la mitad de los sujetos ingirieron LJ100 y la mitad no lo hicieron.<\/div>\n<div>\u00a0En un programa de entrenamiento f\u00edsico de ocho semanas, los hombres que consumieron LJ100 experimentaron una mayor aumento de masa muscular y fuerza que los que no lo consumieron.<\/div>\n<div>Esto demuestra las potentes propiedades anabolizantes de Tongkat Ali.<\/div>\n<div>\u00a0En lugar de recurrir a la utilizaci\u00f3n de esteroides peligrosos y potencialmente mortales, se recomienda que m\u00e1s atletas opten por Tongkat Ali.<\/div>\n<div>LJ100 se ha probado cl\u00ednicamente para mejorar la p\u00e9rdida de peso y mantener altos niveles de energ\u00eda mediante la conservaci\u00f3n de los niveles normales de cortisol y testosterona durante la p\u00e9rdida de peso.<\/div>\n<div>M\u00e1s concretamente, LJ100 promueve la lip\u00f3lisis (quema de grasa), aumenta la formaci\u00f3n de gl\u00f3bulos rojos de la sangre y acelera el crecimiento muscular.<\/div>\n<div>\u00a0La testosterona no se queda con nosotros.<\/div>\n<div>Desde los 30 a\u00f1os de edad, m\u00e1s o menos, los niveles sangu\u00edneos de esta hormona disminuyen a un ritmo de alrededor del 2 por ciento por a\u00f1o.<\/div>\n<div>Para los 50 a\u00f1os de edad, el nivel es de alrededor del 55 por ciento. \u00a0Conforme\u00a0disminuye la testosterona, tanto el tono muscular como la energ\u00eda y el apetito sexual comienzan a declinar.<\/div>\n<div>Pero la testosterona no es s\u00f3lo para hombres.<\/div>\n<div>\u00a0La misma reducci\u00f3n de testosterona se produce en las mujeres, aunque las cantidades involucradas son menores.<\/div>\n<div>En ambos sexos, el deseo sexual, la funci\u00f3n, el metabolismo de las grasas y la disminuci\u00f3n de la energ\u00eda bajan en la edad madura. \u00a0Una de las preguntas que muchos investigadores de la salud han analizado es \u00bfqu\u00e9 pasar\u00eda si pudiera aumentar sus niveles de testosterona a niveles m\u00e1s juveniles? \u00a0Con el extracto LJ100 Tongkat Ali usted puede.<\/div>\n<div>\u00a0Y eso hace que LJ100 sea una verdadera fuente de la juventud.<\/div>\n<div>\u00a0S\u00f3lo LJ100\u2122 ofrece eficacia, estandarizaci\u00f3n e investigaciones cient\u00edficas de apoyo.<\/div>\n<div>En comparaci\u00f3n con productos de menor calidad, las investigaciones mostraron que LJ100\u2122 aumenta los niveles de testosterona en suero en 100% despu\u00e9s de dos semanas, mientras que algunos otros productos s\u00f3lo mostraron una mejora del 8% en los niveles s\u00e9ricos de testosterona.<\/div>\n<div><\/div>\n<div>Los estudios sobre el LJ100 han demostrado que ayuda a mantener niveles normales (bajo) de cortisol y niveles normales (altos) de testosterona durante el estr\u00e9s de la p\u00e9rdida de peso.<\/div>\n<div>Este control hormonal proporciona energ\u00eda a una persona en una fase de p\u00e9rdida de peso al mismo tiempo que le ayuda a perder peso.<\/div>\n<div>\u00a0Como resultado, las dosis efectivas de LJ100 ayudan a evitar que el cuerpo busque aumentar de peso mediante el almacenamiento de grasas y el aumento del apetito.<\/div>\n<div>LJ100 puede ayudar a detener el efecto &#8220;yo-yo&#8221; de las dietas donde la p\u00e9rdida de peso inicial de unas pocas libras de quien hace la dieta lanza al cuerpo a un estado catab\u00f3lico, que conduce a los atracones y el almacenamiento de grasa.<\/div>\n<div>\n<p>&nbsp;<\/p>\n<\/div>\n","protected":false},"excerpt":{"rendered":"<p>SKU: LJ100<\/p>\n<p>&nbsp;<\/p>\n<ul>\n<li><strong>Unidad de Dosificaci\u00f3n:<\/strong>\u00a01 C\u00e1psula Vegetariana<br \/>\n<strong>&#8211; Dosis por Envase:<\/strong> 60<\/li>\n<li><strong>Contenido por Dosis<\/strong><br \/>\n&#8211;\u00a0 \u00a0LJ100\u00ae Tongkat Ali \u00a0100 mg<br \/>\n&#8211; (<em>Eurycoma longifolia<\/em>) Extracto<br \/>\n&#8211; (est\u00e1ndar a 40% de saponinas de glico, 22% de EuryPeptides\u00ae)<\/li>\n<li><strong>Otros ingredientes:<\/strong>\u00a0Hidroxipropilmetilcelulosa, harina de arroz, estearato de magnesio vegetal, di\u00f3xido de silicio.<\/li>\n<li>LJ100\u00ae es una marca comercial registrada de HP Ingredientes.<\/li>\n<li>Patente Mundial: WO \/ 02\/17946 La fracci\u00f3n bioactiva de Libidus<\/li>\n<\/ul>\n","protected":false},"featured_media":983,"comment_status":"open","ping_status":"closed","template":"","meta":[],"product_cat":[20,18,22,19],"product_tag":[],"_links":{"self":[{"href":"https:\/\/nutricionsexualforte.com\/index.php\/wp-json\/wp\/v2\/product\/982"}],"collection":[{"href":"https:\/\/nutricionsexualforte.com\/index.php\/wp-json\/wp\/v2\/product"}],"about":[{"href":"https:\/\/nutricionsexualforte.com\/index.php\/wp-json\/wp\/v2\/types\/product"}],"replies":[{"embeddable":true,"href":"https:\/\/nutricionsexualforte.com\/index.php\/wp-json\/wp\/v2\/comments?post=982"}],"wp:featuredmedia":[{"embeddable":true,"href":"https:\/\/nutricionsexualforte.com\/index.php\/wp-json\/wp\/v2\/media\/983"}],"wp:attachment":[{"href":"https:\/\/nutricionsexualforte.com\/index.php\/wp-json\/wp\/v2\/media?parent=982"}],"wp:term":[{"taxonomy":"product_cat","embeddable":true,"href":"https:\/\/nutricionsexualforte.com\/index.php\/wp-json\/wp\/v2\/product_cat?post=982"},{"taxonomy":"product_tag","embeddable":true,"href":"https:\/\/nutricionsexualforte.com\/index.php\/wp-json\/wp\/v2\/product_tag?post=982"}],"curies":[{"name":"wp","href":"https:\/\/api.w.org\/{rel}","templated":true}]}}