{"id":986,"date":"2023-11-16T15:52:37","date_gmt":"2023-11-16T14:52:37","guid":{"rendered":"https:\/\/nutricionsexualforte.com\/?post_type=product&#038;p=986"},"modified":"2026-02-12T16:57:14","modified_gmt":"2026-02-12T15:57:14","slug":"tongkat-ali-formula-de-testosterona","status":"publish","type":"product","link":"https:\/\/nutricionsexualforte.com\/index.php\/producto\/tongkat-ali-formula-de-testosterona\/","title":{"rendered":"Tongkat Ali &#8211; F\u00f3rmula de testosterona"},"content":{"rendered":"<h3>\u00bfQu\u00e9 es el Tongkat Ali?<\/h3>\n<p>Tongkat Ali es el nombre vern\u00e1culo popular de Eurycoma longifolia, un \u00e1rbol esbelto y de gran tama\u00f1o de la selva tropical.\u00a0El nombre Tongkat Ali significa &#8220;arruga de Ali&#8221; y la planta es originaria de Malasia, la Baja Birmania, Tailandia e Indonesia.\u00a0Tongkat Ali disfruta de una historia de uso que se remonta al siglo XVIII y hoy en d\u00eda existe un creciente conjunto de datos cient\u00edficos serios que validan sus usos tradicionales, espec\u00edficamente para el extracto estandarizado patentado y patentado de Tongkat Ali LJ100\u2122 que contiene un 28 % de glicop\u00e9ptidos bioactivos.<\/p>\n<p>LJ100 es un ingrediente patentado y est\u00e1 reconocido como la marca l\u00edder de suplementos de Eurycoma longifolia que desarrollan y tonifican los m\u00fasculos, aumentan los niveles de energ\u00eda, reducen la grasa corporal, retardan el proceso de envejecimiento y aumentan la libido para los consumidores preocupados por su salud.\u00a0LJ100 ha pasado por un proceso de extracci\u00f3n patentado exclusivo para capturar los compuestos biol\u00f3gicamente activos m\u00e1s potentes.<\/p>\n<h3>\u00bfQu\u00e9 hace Tongkat Ali?<\/h3>\n<p>Se ha demostrado que Tongkat Ali favorece el equilibrio hormonal masculino (incluida la disponibilidad de testosterona), la libido y el rendimiento.\u00a0Tongkat Ali se utiliza tradicionalmente para aumentar los niveles de energ\u00eda, la resistencia y la resistencia, y para reducir la fatiga mental ocasional.<\/p>\n<p>En los estudios, el extracto LJ100 Tongkat Ali aument\u00f3 significativamente la producci\u00f3n de ATP.\u00a0El ATP o trifosfato de adenosina es la principal unidad energ\u00e9tica del cuerpo encargada de mantenernos con vida.\u00a0Al aumentar el ATP, aumentan la energ\u00eda y la vitalidad en general.\u00a0La mayor\u00eda de la gente busca m\u00e1s energ\u00eda y LJ100 Tongkat Ali se la proporciona, sin hiperestimulaci\u00f3n, nerviosismo ni insomnio.\u00a0Impulsar la producci\u00f3n de energ\u00eda humana es en s\u00ed mismo un valioso beneficio para la salud que convierte a LJ100 Tongkat Ali en una superestrella bot\u00e1nica duradera.\u00a0La gente quiere energ\u00eda m\u00e1s que cualquier otro atributo funcional.\u00a0Los endocrin\u00f3logos saben desde hace mucho tiempo que la testosterona aumenta la proporci\u00f3n entre masa muscular magra y grasa corporal.\u00a0Tanto en animales como en humanos, LJ100 Tongkat Ali aumenta la masa muscular.\u00a0En un estudio de hombres, la mitad de los sujetos tom\u00f3 LJ100 y la otra mitad no.\u00a0En un programa de entrenamiento f\u00edsico de ocho semanas, los hombres que consumieron LJ100 obtuvieron mejores resultados en la construcci\u00f3n de masa muscular y fuerza que aquellos que no lo hicieron.\u00a0Esto demuestra las poderosas propiedades anab\u00f3licas del Tongkat Ali.\u00a0En lugar de recurrir al uso de esteroides peligrosos y potencialmente mortales, se recomienda que m\u00e1s atletas elijan Tongkat Ali.<\/p>\n<p>Est\u00e1 cl\u00ednicamente probado que LJ100 mejora la p\u00e9rdida de peso y mantiene altos niveles de energ\u00eda al mantener niveles normales de cortisol y testosterona durante la p\u00e9rdida de peso.\u00a0En particular, LJ100 favorece la lip\u00f3lisis (quema de grasas), aumenta la formaci\u00f3n de gl\u00f3bulos rojos y acelera el crecimiento muscular.\u00a0La testosterona no se queda con nosotros.\u00a0A partir de los 30 a\u00f1os, los niveles sangu\u00edneos de esta hormona disminuyen a un ritmo de aproximadamente un 2 por ciento por a\u00f1o.\u00a0A los 50 a\u00f1os, el nivel es aproximadamente del 55 por ciento.\u00a0A medida que disminuye la testosterona, el tono muscular, la energ\u00eda y el deseo sexual comienzan a disminuir.\u00a0Pero la testosterona no es s\u00f3lo para los hombres.\u00a0La misma ca\u00edda de testosterona se observa en las mujeres, aunque las cantidades implicadas son menores.\u00a0En ambos sexos, el deseo sexual, la funci\u00f3n, el metabolismo de las grasas y la energ\u00eda disminuyen en la mediana edad.\u00a0Una de las preguntas que muchos investigadores de la salud se han planteado es \u00bfqu\u00e9 pasar\u00eda si pudieras aumentar tus niveles de testosterona a niveles m\u00e1s juveniles?\u00a0Con el extracto de Tongkat Ali LJ100 puedes hacerlo.\u00a0Y esto convierte al LJ100 en una aut\u00e9ntica fuente de juventud.\u00a0S\u00f3lo LJ100\u2122 proporciona eficiencia, estandarizaci\u00f3n y respalda la investigaci\u00f3n cient\u00edfica.\u00a0En comparaci\u00f3n con productos inferiores, las investigaciones muestran que LJ100\u2122 aumenta los niveles s\u00e9ricos de testosterona en un 100 % despu\u00e9s de dos semanas, mientras que algunos otros productos muestran solo una mejora del 8 % en los niveles s\u00e9ricos de testosterona.<\/p>\n<p>Los estudios de LJ100 han demostrado que ayuda a mantener niveles normales (bajos) de cortisol y niveles normales (altos) de testosterona durante el estr\u00e9s de la p\u00e9rdida de peso.\u00a0Este control hormonal proporciona energ\u00eda a una persona en fase de p\u00e9rdida de peso a la vez que le ayuda a perder peso.\u00a0Como resultado, dosis efectivas de LJ100 ayudan a prevenir el impulso del cuerpo para ganar peso a trav\u00e9s del almacenamiento de grasa y el aumento del apetito.\u00a0LJ100 puede ayudar a detener el efecto de la dieta yo-yo, donde la p\u00e9rdida de peso inicial de unas pocas libras con la dieta env\u00eda al cuerpo a un estado catab\u00f3lico, lo que lleva a comer en exceso y acumular grasa.<\/p>\n<p><strong>Modo de empleo:<\/strong>\u00a0\u00a0Tomar 1 c\u00e1psula dos veces al d\u00eda durante las comidas.\u00a0La eficacia \u00f3ptima se debe sentir dentro de 1 a 3 semanas de consumo continuo.<\/p>\n","protected":false},"excerpt":{"rendered":"<p>SKU: Biovea Tongkat Ali<\/p>\n<ul>\n<li>Apoya el equilibrio hormonal masculino<\/li>\n<li>Aumenta la producci\u00f3n de ATP<\/li>\n<li>Apoya la libido y la productividad.<\/li>\n<\/ul>\n","protected":false},"featured_media":991,"comment_status":"open","ping_status":"closed","template":"","meta":[],"product_cat":[16,20,18,19],"product_tag":[],"_links":{"self":[{"href":"https:\/\/nutricionsexualforte.com\/index.php\/wp-json\/wp\/v2\/product\/986"}],"collection":[{"href":"https:\/\/nutricionsexualforte.com\/index.php\/wp-json\/wp\/v2\/product"}],"about":[{"href":"https:\/\/nutricionsexualforte.com\/index.php\/wp-json\/wp\/v2\/types\/product"}],"replies":[{"embeddable":true,"href":"https:\/\/nutricionsexualforte.com\/index.php\/wp-json\/wp\/v2\/comments?post=986"}],"wp:featuredmedia":[{"embeddable":true,"href":"https:\/\/nutricionsexualforte.com\/index.php\/wp-json\/wp\/v2\/media\/991"}],"wp:attachment":[{"href":"https:\/\/nutricionsexualforte.com\/index.php\/wp-json\/wp\/v2\/media?parent=986"}],"wp:term":[{"taxonomy":"product_cat","embeddable":true,"href":"https:\/\/nutricionsexualforte.com\/index.php\/wp-json\/wp\/v2\/product_cat?post=986"},{"taxonomy":"product_tag","embeddable":true,"href":"https:\/\/nutricionsexualforte.com\/index.php\/wp-json\/wp\/v2\/product_tag?post=986"}],"curies":[{"name":"wp","href":"https:\/\/api.w.org\/{rel}","templated":true}]}}