{"id":99,"date":"2023-09-01T18:20:14","date_gmt":"2023-09-01T16:20:14","guid":{"rendered":"https:\/\/nutricionsexualforte.com\/?post_type=product&#038;p=99"},"modified":"2024-06-30T14:07:25","modified_gmt":"2024-06-30T12:07:25","slug":"andropenis-gold","status":"publish","type":"product","link":"https:\/\/nutricionsexualforte.com\/index.php\/producto\/andropenis-gold\/","title":{"rendered":"Andropenis Gold \u2122"},"content":{"rendered":"<h2>Andropenis Gold<\/h2>\n<p>Mucho m\u00e1s sencillo que una dolorosa operaci\u00f3n en la que adem\u00e1s de los riesgos de pasar por el quir\u00f3fano tendr\u00edas que asumir la posibilidad de quedar insatisfecho. Con Andropenis Gold podr\u00e1s observar la evoluci\u00f3n en el proceso y podr\u00e1s obtener los primeros resultados tras el primer mes y medio.<\/p>\n<p>Andropenis Gold est\u00e1 avalado por estudios cient\u00edficos y cl\u00ednicos. Este avanzado extensor de pene har\u00e1 que tu cuerpo genere nuevas c\u00e9lulas, no se limita a estirar o alargar las que ya existen, este el motivo por el que es una soluci\u00f3n permanente.<\/p>\n<p>Si te decides, con Andropenis Gold tu pene puede crecer hasta 4 cm m\u00e1s largo y aumentar el grosor hasta en 1,5 cm. Adem\u00e1s comprobar\u00e1s como tus erecciones son m\u00e1s firmes y tu potencia sexual mejora. Tambi\u00e9n te ayudar\u00e1 si tienes problemas con la curvatura de tu pene.<\/p>\n<p>Sabemos que la discreci\u00f3n es importante por eso est\u00e1 dise\u00f1ado para pasar desapercibido bajo la ropa, nadie notar\u00e1 que lo llevas puesto.<\/p>\n<p>Dile adi\u00f3s a tus complejos y recupera toda la seguridad y confianza en ti mismo. Te ofrecemos un m\u00e9todo eficaz, sencillo y discreto.<\/p>\n<h2>\u00bfC\u00f3mo funciona Andropenis Gold?<\/h2>\n<p>La explicaci\u00f3n de porqu\u00e9 es tan eficaz es f\u00e1cil: este extensor para el pene se basa en un m\u00e9todo f\u00edsico \u201cla tracci\u00f3n\u201d, una pr\u00e1ctica m\u00e9dica que lleva siglos utiliz\u00e1ndose en distintas partes del cuerpo. Tracci\u00f3n significa emplear una suave fuerza para alargar o estirar un miembro. En el caso de Andropenis Gold, la fuerza que aplicar\u00e1 ser\u00e1 de 300 a 1500 gramos. Puede que estos n\u00fameros te digan poco, pero lo que estas cifras quieren decir es que este aparato va estirando durante todo el d\u00eda, o toda la noche, tu pene suavemente, lo cual, pasadas las primeras semanas har\u00e1 que tu cuerpo genere nuevas c\u00e9lulas. Y esto es lo importante, a medida que tu pene genere nuevas c\u00e9lulas ir\u00e1 creciendo poco a poco y ser\u00e1 m\u00e1s largo y grueso.<\/p>\n<h2>Seguro y f\u00e1cil de usar<\/h2>\n<p>Andropenis Gold es muy sencillo de comenzar a utilizar porque est\u00e1 creado pensando en la comodidad y seguridad. Debes usarlo con el pene en estado fl\u00e1cido.<\/p>\n<p>Al ser tan discreto y c\u00f3modo de llevar lo puedes usar bien sentado, bien de pie o caminando. No provoca dolor en el pene y por eso puede ser utilizado durante largos periodos de tiempo. Podr\u00e1s llevarlo de 4 9 horas al d\u00eda.<\/p>\n<p>Andropenis Gold es un producto recomendado por muchos doctores ya que posee el certificado de calidad europeo de Clase 1, adem\u00e1s de calidad ISO de productos sanitarios. Este alargador no s\u00f3lo est\u00e1 avalado por la Uni\u00f3n Europea sino que cuenta con el aprobado de numerosos estudios cient\u00edficos y con el de los consumidores tras m\u00e1s de 10 a\u00f1os en el mercado.<\/p>\n<h2>Recomendado para\u2026<\/h2>\n<p>Cualquier hombre de entre 18 y 70 a\u00f1os que quiera aumentar el tama\u00f1o de su pene o aquellos que quieran corregir la curvatura. El \u00fanico requisito es que el tama\u00f1o de tu pene en erecci\u00f3n debe ser de al menos 8 cm.<\/p>\n<h2>Cuando recibas la caja de Andropenis Gold\u2026<\/h2>\n<p>Debes saber que el alargado que est\u00e1s comprando est\u00e1 fabricado con los materiales de m\u00e1s alta calidad. Los ejes del metal son de niquel ba\u00f1ados en oro de 24 quilates.<\/p>\n<ul class=\"bluetick\">\n<li>1 x extensor de pene Andropenis Gold<\/li>\n<li>2 x Androtop para bandas Androcomfort<\/li>\n<li>2 x Androtop para Androsilicone<\/li>\n<li>2 x Androsilicone<\/li>\n<li>2 x Bandas Androcomfort<\/li>\n<li>2 x Androring<\/li>\n<li>1 x Androshafts (Oro de 24 Kilates)<\/li>\n<li>CD de instrucciones en 27 idiomas<\/li>\n<li>Manual de instrucciones en 8 idiomas<\/li>\n<\/ul>\n","protected":false},"excerpt":{"rendered":"<p>Andropenis Gold es la sencilla soluci\u00f3n que ofrecemos para aumentar de forma segura el tama\u00f1o de tu pene en longitud y grosor. Y lo es igual de importante mejorar\u00e1s la calidad de tus erecciones. Olv\u00eddate de pasar por el quir\u00f3fano para solucionar tu problema de tama\u00f1o, utiliza Andropenis Gold de forma segura y sencilla.<\/p>\n<ul class=\"bluetick\">\n<li>Andropenis Gold es creado para el alargamiento de pene<\/li>\n<li>Dispositivo avalados por estudios m\u00e9dicos<\/li>\n<li>Efectivo en un 97.5% de los casos<\/li>\n<li>Puede ayudar a mejorar las erecciones<\/li>\n<li>La mejor soluci\u00f3n como alternativa a la cirug\u00eda<\/li>\n<li>Es discreto y f\u00e1cil de usar<\/li>\n<li>Puede ayudar a corregir la curvatura del pene en un 40%.<\/li>\n<\/ul>\n<p>&nbsp;<\/p>\n","protected":false},"featured_media":100,"comment_status":"open","ping_status":"closed","template":"","meta":[],"product_cat":[17],"product_tag":[],"_links":{"self":[{"href":"https:\/\/nutricionsexualforte.com\/index.php\/wp-json\/wp\/v2\/product\/99"}],"collection":[{"href":"https:\/\/nutricionsexualforte.com\/index.php\/wp-json\/wp\/v2\/product"}],"about":[{"href":"https:\/\/nutricionsexualforte.com\/index.php\/wp-json\/wp\/v2\/types\/product"}],"replies":[{"embeddable":true,"href":"https:\/\/nutricionsexualforte.com\/index.php\/wp-json\/wp\/v2\/comments?post=99"}],"wp:featuredmedia":[{"embeddable":true,"href":"https:\/\/nutricionsexualforte.com\/index.php\/wp-json\/wp\/v2\/media\/100"}],"wp:attachment":[{"href":"https:\/\/nutricionsexualforte.com\/index.php\/wp-json\/wp\/v2\/media?parent=99"}],"wp:term":[{"taxonomy":"product_cat","embeddable":true,"href":"https:\/\/nutricionsexualforte.com\/index.php\/wp-json\/wp\/v2\/product_cat?post=99"},{"taxonomy":"product_tag","embeddable":true,"href":"https:\/\/nutricionsexualforte.com\/index.php\/wp-json\/wp\/v2\/product_tag?post=99"}],"curies":[{"name":"wp","href":"https:\/\/api.w.org\/{rel}","templated":true}]}}