{"id":995,"date":"2023-11-16T18:38:11","date_gmt":"2023-11-16T17:38:11","guid":{"rendered":"https:\/\/nutricionsexualforte.com\/?post_type=product&#038;p=995"},"modified":"2025-11-03T10:28:35","modified_gmt":"2025-11-03T09:28:35","slug":"tongkat-ali-1600-mg-120-capsulas","status":"publish","type":"product","link":"https:\/\/nutricionsexualforte.com\/index.php\/producto\/tongkat-ali-1600-mg-120-capsulas\/","title":{"rendered":"Tongkat Ali 1600 mg-120 Capsulas"},"content":{"rendered":"<div id=\"productDescription_feature_div\" class=\"celwidget\" data-feature-name=\"productDescription_RI\" data-csa-c-type=\"widget\" data-csa-c-content-id=\"productDescription_RI\" data-csa-c-slot-id=\"productDescription_feature_div\" data-csa-c-asin=\"\" data-csa-c-is-in-initial-active-row=\"false\" data-csa-c-id=\"h0msus-sjj8os-raxf1x-cdsckv\" data-cel-widget=\"productDescription_feature_div\">\n<div class=\"a-cardui-deck dp-widget-card-deck celwidget\" data-a-remove-bottom-gutter=\"\" data-csa-c-id=\"7jny39-t6rhvm-npmcvk-kzdy3z\" data-cel-widget=\"\">\n<div class=\"a-cardui feature\" data-a-card-type=\"basic\" data-cel-widget=\"\">\n<div class=\"a-section a-spacing-none\" data-feature-name=\"productDescription\" data-template-name=\"productDescription\">\n<div id=\"productDescription_fullView\">\n<div class=\"a-section text-direction-override\" dir=\"auto\">\n<p>Tongkat Ali Long Jack, tambi\u00e9n conocido como Malaysian Ginseng, es una hierba ex\u00f3tica utilizada por los hombres durante siglos.<\/p>\n<p>Esta fenomenal planta muy considerada es urycoma longifolia \u00a1Toma Tongkat Ali de Piping Rock hoy y obt\u00e9n 1,600 mg por porci\u00f3n de este suplemento.<\/p>\n<p>herbal! La promesa de Piping Rock.La \u00abtongkat ali es una planta maravillosa cuyas ra\u00edces tienen propiedades afrodis\u00edacas\u00a0 que ayudan a desarrollar\u00a0 los vasos cavernoso del miembro viril para as\u00ed ganar un tama\u00f1o incre\u00edble del pene en hombre con pene peque\u00f1o este famoso producto te aumentara entre 7 cent\u00edmetros de largo por 3.5 cent\u00edmetros de grosor por la capacidad de sus componentes que tienden a rejuvenecer y aumentar la testosterona de forma natural segura para\u00a0 mejor en un 90% en sus erecciones y su potencia f\u00edsica, sexual producto muy seguro y eficaz para hombres de todas las edades con problemas de impotencia sexual, eyaculaci\u00f3n precoz, pr\u00f3stata y prostatitis\u00a0 este famoso producto medicinal. cumple m\u00faltiples funciones que\u00a0 Te mostraremos sus beneficios, c\u00f3mo tomarla y sus posibles contraindicaciones.<\/p>\n<p>Piping Rock ofrece con orgullo una selecci\u00f3n cada vez mayor de productos dise\u00f1ados para ayudarte a alcanzar tus objetivos \u00fanicos de bienestar. Verificamos todos los productos con agencias de terceros registradas por la FDA que garantizan pureza, potencia, seguridad e innovaci\u00f3n en todo lo que hacemos. Estamos comprometidos a apoyarlo en su viaje hacia una vida saludable, \u00a1y le agradecemos por elegirnos!<\/p>\n<p>&nbsp;<\/p>\n<\/div>\n<\/div>\n<\/div>\n<\/div>\n<\/div>\n<\/div>\n<div id=\"collectiblesKeyInformation_feature_div\" class=\"celwidget\" data-feature-name=\"collectiblesKeyInformation_RI\" data-csa-c-type=\"widget\" data-csa-c-content-id=\"collectiblesKeyInformation_RI\" data-csa-c-slot-id=\"collectiblesKeyInformation_feature_div\" data-csa-c-asin=\"\" data-csa-c-is-in-initial-active-row=\"false\" data-csa-c-id=\"sezg8g-31hd8t-1uc7va-c9xgam\" data-cel-widget=\"collectiblesKeyInformation_feature_div\">\n<div class=\"a-cardui-deck dp-widget-card-deck celwidget\" data-a-remove-bottom-gutter=\"\" data-csa-c-id=\"z5r5g9-sbrqfs-vcrvma-8kal7w\" data-cel-widget=\"\"><\/div>\n<\/div>\n<div id=\"featureBulletsAndDetailBullets_feature_div\" class=\"celwidget\" data-feature-name=\"featureBulletsAndDetailBullets_RI\" data-csa-c-type=\"widget\" data-csa-c-content-id=\"featureBulletsAndDetailBullets_RI\" data-csa-c-slot-id=\"featureBulletsAndDetailBullets_feature_div\" data-csa-c-asin=\"\" data-csa-c-is-in-initial-active-row=\"false\" data-csa-c-id=\"qlx5r6-n035cn-l5mbnj-afg03t\" data-cel-widget=\"featureBulletsAndDetailBullets_feature_div\">\n<div class=\"a-cardui-deck dp-widget-card-deck celwidget\" data-a-remove-bottom-gutter=\"\" data-csa-c-id=\"1c6p7r-galozr-c6dxry-d1dmdd\" data-cel-widget=\"\">\n<div class=\"a-cardui feature\" data-a-card-type=\"basic\" data-cel-widget=\"\">\n<div class=\"a-section a-spacing-none\" data-feature-name=\"featureBulletsAndDetailBullets\" data-template-name=\"featureBulletsAndDetailBullets\">\n<h3>Funciones y detalles<\/h3>\n<div id=\"featurebullets_secondary_view_div\" class=\"a-section\">\n<div id=\"feature-bullets\" class=\"a-section a-spacing-small\">\n<ul class=\"a-unordered-list a-vertical a-spacing-none\">\n<li class=\"a-spacing-mini\"><span class=\"a-list-item\">Contiene el equivalente a 1,600 mg de ra\u00edz Longjack por porci\u00f3n en c\u00e1psulas diarias<\/span><\/li>\n<li class=\"a-spacing-mini\"><span class=\"a-list-item\">Tambi\u00e9n conocida como &#8220;Tongkat Ali&#8221;, esta hierba ex\u00f3tica es ampliamente venerada por la nutrici\u00f3n de los hombres<\/span><\/li>\n<li class=\"a-spacing-mini\"><span class=\"a-list-item\">\u00a1Dedicado a la pureza, la potencia y la seguridad!<\/span><\/li>\n<li class=\"a-spacing-mini\"><span class=\"a-list-item\">Sin OMG y sin gluten<\/span><\/li>\n<li class=\"a-spacing-mini\"><span class=\"a-list-item\">Dise\u00f1ado para apoyar tus objetivos de estilo de vida saludable<\/span><\/li>\n<\/ul>\n<\/div>\n<\/div>\n<div id=\"energyEfficiency_secondary_view_div\" class=\"a-section\"><\/div>\n<div id=\"productDetails_secondary_view_div\" class=\"a-section\">\n<h3>Informaci\u00f3n de producto<\/h3>\n<div id=\"productDetails_techSpec_sections\" class=\"a-section\">\n<h4><\/h4>\n<table id=\"productDetails_techSpec_section_1\" class=\"a-keyvalue prodDetTable\" role=\"presentation\">\n<tbody>\n<tr>\n<th class=\"a-span3 prodDetSectionEntry\">Dimensiones del producto<\/th>\n<td class=\"a-span9 a-align-center prodDetSectionEntry\">\u200e2 x 2 x 4,25 pulgadas; 2,87 Onzas<\/td>\n<\/tr>\n<tr>\n<th class=\"a-span3 prodDetSectionEntry\">ASIN<\/th>\n<td class=\"a-span9 a-align-center prodDetSectionEntry\">\u200eB00F9F0NCQ<\/td>\n<\/tr>\n<tr>\n<th class=\"a-color-secondary a-size-base prodDetSectionEntry\">Opini\u00f3n media de los clientes<\/th>\n<td class=\"a-size-base\">4.2 de 5 estrellas\u00a0<a class=\"a-link-normal\" href=\"https:\/\/www.amazon.com\/-\/es\/gp\/aw\/cr\/B00F9F0NCQ\/ref=mw_dp_cr\">65Opiniones<\/a><\/td>\n<\/tr>\n<tr>\n<th class=\"a-color-secondary a-size-base prodDetSectionEntry\">Clasificaci\u00f3n en los m\u00e1s vendidos de Amazon<\/th>\n<td>\n<div class=\"zgFirstRank\">n\u00ba70,717 en Salud y Hogar (<a href=\"https:\/\/www.amazon.com\/-\/es\/gp\/bestsellers\/hpc\/ref=pd_zg_ts_hpc\">Ver el Top 100 en Salud y Hogar<\/a>)<\/div>\n<div class=\"zgOtherRanks\">n\u00ba2,646 en\u00a0<a href=\"https:\/\/www.amazon.com\/-\/es\/gp\/bestsellers\/hpc\/6973663011\/ref=pd_zg_hrsr_hpc\">Suplementos de Nutrici\u00f3n Deportiva<\/a><\/div>\n<\/td>\n<\/tr>\n<tr>\n<th class=\"a-span3 prodDetSectionEntry\">Producto en amazon.com desde<\/th>\n<td class=\"a-span9 a-align-center prodDetSectionEntry\">\u200eSeptiembre 4, 2013<\/td>\n<\/tr>\n<tr>\n<th class=\"a-span3 prodDetSectionEntry\">Cantidad por paquete<\/th>\n<td class=\"a-span9 a-align-center prodDetSectionEntry\">\u200e1<\/td>\n<\/tr>\n<tr>\n<th class=\"a-span3 prodDetSectionEntry\">Recuento de unidades<\/th>\n<td class=\"a-span9 a-align-center prodDetSectionEntry\">\u200e120.00 Count<\/td>\n<\/tr>\n<tr>\n<th class=\"a-span3 prodDetSectionEntry\">Informaci\u00f3n del empaque<\/th>\n<td class=\"a-span9 a-align-center prodDetSectionEntry\">\u200eBotella<\/td>\n<\/tr>\n<tr>\n<th class=\"a-span3 prodDetSectionEntry\">Peso del art\u00edculo<\/th>\n<td class=\"a-span9 a-align-center prodDetSectionEntry\">\u200e2,87 Onzas<\/td>\n<\/tr>\n<tr>\n<th class=\"a-span3 prodDetSectionEntry\">El producto tiene fecha de vencimiento<\/th>\n<td class=\"a-span9 a-align-center prodDetSectionEntry\">\u200eS\u00ed<\/td>\n<\/tr>\n<tr>\n<th class=\"a-span3 prodDetSectionEntry\">Fabricante<\/th>\n<td class=\"a-span9 a-align-center prodDetSectionEntry\">\u200ePiping Rock<\/td>\n<\/tr>\n<tr>\n<th class=\"a-span3 prodDetSectionEntry\">Forma de dosificaci\u00f3n<\/th>\n<td class=\"a-span9 a-align-center prodDetSectionEntry\">\u200eC\u00e1psula<\/td>\n<\/tr>\n<\/tbody>\n<\/table>\n<\/div>\n<\/div>\n<\/div>\n<\/div>\n<\/div>\n<\/div>\n<div id=\"productDetails_feature_div\" class=\"celwidget\" data-feature-name=\"productDetails_IN\" data-csa-c-type=\"widget\" data-csa-c-content-id=\"productDetails_IN\" data-csa-c-slot-id=\"productDetails_feature_div\" data-csa-c-asin=\"\" data-csa-c-is-in-initial-active-row=\"false\" data-csa-c-id=\"qdg1mz-hwjsde-p6nvre-qi17kd\" data-cel-widget=\"productDetails_feature_div\"><\/div>\n<div id=\"keyFeaturesProductSpecifications_feature_div\" class=\"celwidget\" data-feature-name=\"productKeyFeaturesProductSpecifications_IN\" data-csa-c-type=\"widget\" data-csa-c-content-id=\"productKeyFeaturesProductSpecifications_IN\" data-csa-c-slot-id=\"keyFeaturesProductSpecifications_feature_div\" data-csa-c-asin=\"\" data-csa-c-is-in-initial-active-row=\"false\" data-csa-c-id=\"80dx-xe95f5-gxfibb-y098cf\" data-cel-widget=\"keyFeaturesProductSpecifications_feature_div\"><\/div>\n<div id=\"productOverviewBtf_feature_div\" class=\"celwidget\" data-feature-name=\"productSpecifications_IN\" data-csa-c-type=\"widget\" data-csa-c-content-id=\"productSpecifications_IN\" data-csa-c-slot-id=\"productOverviewBtf_feature_div\" data-csa-c-asin=\"\" data-csa-c-is-in-initial-active-row=\"false\" data-csa-c-id=\"it9rso-xim7wc-g6ej27-5u18wi\" data-cel-widget=\"productOverviewBtf_feature_div\"><\/div>\n<div id=\"importantInformation_feature_div\" class=\"celwidget\" data-feature-name=\"importantInformation_RI\" data-csa-c-type=\"widget\" data-csa-c-content-id=\"importantInformation_RI\" data-csa-c-slot-id=\"importantInformation_feature_div\" data-csa-c-asin=\"\" data-csa-c-is-in-initial-active-row=\"false\" data-csa-c-id=\"nz2aya-absaib-m51jzu-vyvzkb\" data-cel-widget=\"importantInformation_feature_div\">\n<div class=\"a-cardui-deck dp-widget-card-deck celwidget\" data-a-remove-bottom-gutter=\"\" data-csa-c-id=\"3jwbz3-7rl2h3-muttvw-kbttkv\" data-cel-widget=\"\">\n<div class=\"a-cardui feature\" data-a-card-type=\"basic\" data-cel-widget=\"\">\n<div class=\"a-section a-spacing-none\" data-feature-name=\"importantInformation\" data-template-name=\"importantInformation\">\n<div class=\"a-section\">\n<h3>Informaci\u00f3n importante<\/h3>\n<p>&nbsp;<\/p>\n<h4>Ingredientes\u00a0<span id=\"assocPunctuation\">:<\/span><\/h4>\n<p>Tama\u00f1o de la porci\u00f3n: 2 c\u00e1psulas de liberaci\u00f3n r\u00e1pida Porciones por envase: 60 Cantidad % Diario por porci\u00f3n Valor (DV) Tongkat Ali (Longjack) (Eurycoma longifolia Jack) (ra\u00edz) (de 80 mg de 20:1 1,600 mg de extracto)<\/p>\n<p>&nbsp;<\/p>\n<p>&nbsp;<\/p>\n<h4>Exclusi\u00f3n de garant\u00edas y responsabilidad\u00a0<span id=\"assocPunctuation\">:<\/span><\/h4>\n<p>Las declaraciones relacionadas con suplementos diet\u00e9ticos no han sido evaluadas por la FDA y no pretenden diagnosticar, tratar, curar o prevenir ninguna enfermedad o condici\u00f3n de salud.<\/p>\n<\/div>\n<\/div>\n<\/div>\n<\/div>\n<\/div>\n","protected":false},"excerpt":{"rendered":"<p>SKU: Tongkat Ali 1600mg<\/p>\n<ul class=\"a-unordered-list a-vertical a-spacing-mini\">\n<li class=\"a-spacing-mini\"><span class=\"a-list-item\">Contiene el equivalente a 1,600 mg de ra\u00edz Longjack por porci\u00f3n en c\u00e1psulas diarias<\/span><\/li>\n<li class=\"a-spacing-mini\"><span class=\"a-list-item\">Tambi\u00e9n conocida como &#8220;Tongkat Ali&#8221;, esta hierba ex\u00f3tica es ampliamente venerada por la nutrici\u00f3n de los hombres<\/span><\/li>\n<li class=\"a-spacing-mini\"><span class=\"a-list-item\">\u00a1Dedicado a la pureza, la potencia y la seguridad!<\/span><\/li>\n<li class=\"a-spacing-mini\"><span class=\"a-list-item\">Sin OMG y sin gluten<\/span><\/li>\n<li class=\"a-spacing-mini\"><span class=\"a-list-item\">Dise\u00f1ado para apoyar tus objetivos de estilo de vida saludable<\/span><\/li>\n<\/ul>\n","protected":false},"featured_media":996,"comment_status":"open","ping_status":"closed","template":"","meta":[],"product_cat":[20,18,19],"product_tag":[],"_links":{"self":[{"href":"https:\/\/nutricionsexualforte.com\/index.php\/wp-json\/wp\/v2\/product\/995"}],"collection":[{"href":"https:\/\/nutricionsexualforte.com\/index.php\/wp-json\/wp\/v2\/product"}],"about":[{"href":"https:\/\/nutricionsexualforte.com\/index.php\/wp-json\/wp\/v2\/types\/product"}],"replies":[{"embeddable":true,"href":"https:\/\/nutricionsexualforte.com\/index.php\/wp-json\/wp\/v2\/comments?post=995"}],"wp:featuredmedia":[{"embeddable":true,"href":"https:\/\/nutricionsexualforte.com\/index.php\/wp-json\/wp\/v2\/media\/996"}],"wp:attachment":[{"href":"https:\/\/nutricionsexualforte.com\/index.php\/wp-json\/wp\/v2\/media?parent=995"}],"wp:term":[{"taxonomy":"product_cat","embeddable":true,"href":"https:\/\/nutricionsexualforte.com\/index.php\/wp-json\/wp\/v2\/product_cat?post=995"},{"taxonomy":"product_tag","embeddable":true,"href":"https:\/\/nutricionsexualforte.com\/index.php\/wp-json\/wp\/v2\/product_tag?post=995"}],"curies":[{"name":"wp","href":"https:\/\/api.w.org\/{rel}","templated":true}]}}