{"id":998,"date":"2023-11-17T14:22:18","date_gmt":"2023-11-17T13:22:18","guid":{"rendered":"https:\/\/nutricionsexualforte.com\/?post_type=product&#038;p=998"},"modified":"2026-04-07T01:44:43","modified_gmt":"2026-04-06T23:44:43","slug":"alfaman","status":"publish","type":"product","link":"https:\/\/nutricionsexualforte.com\/index.php\/producto\/alfaman\/","title":{"rendered":"Alfaman"},"content":{"rendered":"<p>Alfaman, es un poderoso producto elaborado con sustancias 100% naturales para brindar un desarrollo\u00a0 perfecto del miembro viril a la ves que ayudara a mejorar en el aspecto f\u00edsico y sexual, previene eyaculaci\u00f3n precoz e impotencia desinflama v\u00edas urinarias, pr\u00f3stata y la prostatitis sin producir efectos secundarios esta formula esta elaborada para hombres de todas las edades.<\/p>\n<p>Alfaman es el producto que se presenta en forma de c\u00e1psulas para uso diario.<\/p>\n<p>Alfaman sirve para aumentar la libido, mejorar y proporcionar m\u00e1s testosterona en los hombres para as\u00ed tener un aspecto mas varonil obteniendo un mejor rendimiento durante las relaciones intimas<\/p>\n<p>Adem\u00e1s, se puede decir que las c\u00e1psulas Alfaman sirven para mejorar la salud de la gl\u00e1ndula prost\u00e1tica en los hombres. Si tiene dificultad con el agrandamiento de la pr\u00f3stata, este medicamento le ayudar\u00e1 a restaurar la funci\u00f3n normal de la pr\u00f3stata. El producto es bueno para dejar de ir al ba\u00f1o con frecuencia y recuperar\u00e1s el placer de una relaci\u00f3n prolongado sin restricciones.<\/p>\n<h4>5 Beneficios de la Maca Peruana para una vida sexual mejor!<\/h4>\n<p>Lepidium meyenii es el nombre latino de la amapola peruana. La hierba se conoce m\u00e1s com\u00fanmente como simplemente Maca. Es una planta perenne que crece en lo alto de los bosques monta\u00f1osos de Per\u00fa y Bolivia, espec\u00edficamente en los Andes. La apariencia se asemeja a la de un r\u00e1bano, pero su sabor es m\u00e1s terrenal y dulce, como el de las patatas. La planta es rica en carbohidratos, prote\u00ednas, grasas y fibra. Contiene esteroles vegetales, que son una buena fuente de hierro, magnesio, selenio y calcio. Estos son considerados los elementos m\u00e1s importantes para mantener buenos niveles de libido.<\/p>\n<p>Desde tiempos antiguos, Maca fue muy valorado por los incas y fue utilizado para diversos prop\u00f3sitos medicinales. Seg\u00fan las creencias populares incas, la hierba aumenta los niveles de energ\u00eda y libido. Se aplica en muchas soluciones de mejora de potencia masculinas modernas. Algunos expertos en nutrici\u00f3n creen que es bueno para el sistema reproductivo femenino y el deseo sexual, as\u00ed. El popular vlogger de YouTube Dr. Josh Axe lo recomienda a ambos g\u00e9neros para aumentar activamente el apetito \u00edntimo y el placer. El lema de su canal es \u2018Food Is Medicine\u2019.<\/p>\n<p>Pero cu\u00e1les son los principales beneficios de la ingesta regular del extracto de ra\u00edz de Maca para la libido masculina y femenina? \u00a1Esto es lo que los dietistas y expertos en nutrici\u00f3n tienen que decir!<\/p>\n<ul>\n<li>Ayuda a equilibrar la producci\u00f3n de hormonas masculinas y femeninas en el cuerpo humano.<\/li>\n<li>El extracto de polvo tambi\u00e9n se sabe para aumentar dram\u00e1ticamente el apetito sexual y el deseo.<\/li>\n<li>Maca puede ayudar tanto a hombres como a mujeres a superar la ansiedad \u00edntima y la disfunci\u00f3n sexual.<\/li>\n<li>Da energ\u00eda y resistencia, haciendo que uno m\u00e1s persevere en la cama.<\/li>\n<li>La hierba te har\u00e1 aflojar y ser m\u00e1s aventurero y dispuesto a experimentar en la cama.<\/li>\n<\/ul>\n<h2><span id=\"Que_es_Alfaman_y_Para_que_sirve\">Qu\u00e9 es Alfaman y Para qu\u00e9 sirve<\/span><\/h2>\n<p><strong>Alfaman es un remedio especialmente desarrollado con una f\u00f3rmula natural adecuada para hombres de todas las edades.<\/strong>\u00a0El remedio se presenta en forma de pastillas para uso diario.<\/p>\n<p><strong>Alfaman sirve para aumentar la libido, mejorar el control de la erecci\u00f3n y la eyaculaci\u00f3n. Al proporcionar m\u00e1s testosterona en el cuerpo, los hombres duran m\u00e1s durante las relaciones sexuales.<\/strong><\/p>\n<p>El desarrollo de la f\u00f3rmula de la tableta ha pasado por numerosos ensayos cl\u00ednicos para garantizar el mejor resultado posible. Las pruebas del producto final no detuvieron las contraindicaciones o efectos secundarios de Alfaman. No hay se\u00f1ales de que las pastillas est\u00e9n funcionando mal<\/p>\n<h2><span id=\"Alfaman_opiniones_y_comentarios_sobre_los_foros\">Alfaman opiniones y comentarios sobre los foros<\/span><\/h2>\n<p><img decoding=\"async\" loading=\"lazy\" class=\"aligncenter wp-image-4421 size-full lazyloaded\" title=\"Alfaman saca el macho alfa, decir comentarios &amp; opiniones sobre los foros!\" src=\"https:\/\/belleza-consejos.com\/wp-content\/uploads\/2021\/01\/alfaman-capsulas-comentarios-Opiniones.jpg\" alt=\"alfaman capsulas comentarios opiniones\" width=\"600\" height=\"400\" data-src=\"https:\/\/belleza-consejos.com\/wp-content\/uploads\/2021\/01\/alfaman-capsulas-comentarios-Opiniones.jpg\" data-srcset=\"https:\/\/belleza-consejos.com\/wp-content\/uploads\/2021\/01\/alfaman-capsulas-comentarios-Opiniones.jpg 600w, https:\/\/belleza-consejos.com\/wp-content\/uploads\/2021\/01\/alfaman-capsulas-comentarios-Opiniones-300x200.jpg 300w\" data-sizes=\"(max-width: 600px) 100vw, 600px\" \/><\/p>\n<p>Alfaman es un macho de mejora del rendimiento pastillas que obtienen excelentes comentarios en opiniones y testimonios de clientes en foros en Colombia, Mexico, Peru y Chile. Uno dif\u00edcilmente se encontrar\u00e1 con ninguna queja, en cuanto a c\u00f3mo funciona el producto masculino que aumenta la resistencia. Las mujeres con mucho gusto comparten que sus parejas se han vuelto mucho m\u00e1s dispuestas a condimentar las cosas un poco en la cama. Duran m\u00e1s y se sienten m\u00e1s seguros, sentando las bases adecuadas para m\u00faltiples rondas de rodeos de placer mutuo. El fabricante se alegra de saber acerca de estos buenos resultados. No hay testimonios con quejas de efectos secundarios o contraindicaciones por tomar las pastillas Alfaman.<\/p>\n<p>Las pastillas masculinas Alfaman que aumentan la libido y la potencia tambi\u00e9n son recomendadas por muchos ur\u00f3logos y sex\u00f3logos. El Dr. Andr\u00e9s Marco Ibarra es un profesional con m\u00e1s de 17 a\u00f1os de pr\u00e1ctica en Per\u00fa. Dice que ve buenos resultados en sus clientes que usan y toman Alfaman regularmente. No se han notificado contraindicaciones o efectos secundarios negativos. Si uno echa un vistazo a las cr\u00edticas positivas y Alfaman opiniones en los comentarios de los clientes en foros en l\u00ednea, es cierto.<\/p>\n<h3><span id=\"Opiniones_de_clientes_reales\">Opiniones de clientes reales<\/span><\/h3>\n<blockquote><p>Jose, Mexico D.F.<br \/>\n\u201cEstaba buscando una pastilla que me ayudara a aumentar mi potencia y por suerte encontr\u00e9 Alfaman. Este producto de composici\u00f3n natural realmente funciona y ha mejorado mi vida sexual y mi confianza. Estoy sorprendido por los resultados de esta tableta!\u201d<\/p>\n<p>Roberto, Guadalajara<br \/>\n\u201cO\u00ed muchas buenas cr\u00edticas de las pastillas Alfaman, as\u00ed que decid\u00ed probarlas. \u00a1Los resultados han sido asombrosos! Tengo m\u00e1s energ\u00eda e incluso mi libido ha aumentado. Recomiendo ampliamente este producto.\u201d<\/p>\n<p>Daniel, Monterrey<br \/>\n\u201cCuando me hablaron de las tabletas de potencia natural Alfaman estaba un poco esc\u00e9ptico, ya que no las encontraba en farmacias. Pero despu\u00e9s de probarlas me sorprendieron los resultados. Despu\u00e9s de s\u00f3lo unas semanas he aumentado mi rendimiento y estoy obteniendo resultados sorprendentes. Realmente recomiendo este producto\u201d.<\/p><\/blockquote>\n<h3><span id=\"Alfaman_opiniones_negativas\">Alfaman opiniones negativas<\/span><\/h3>\n<p>Se han hecho muchos esfuerzos para difundir opiniones negativas sobre Alfaman, una marca especializada en comprimidos para la potencia masculina. Esto ha hecho que mucha gente se cuestione si el producto es verdad o simplemente una mentira. La mayor\u00eda de las opiniones negativas son el resultado de personas que compran productos falsificados. Muchas personas han informado de la compra de productos en Mercado Libre y Amazon y m\u00e1s tarde darse cuenta de que eran estafas. Como resultado, estos clientes expresaron sus quejas en foros y otras redes sociales. Es importante se\u00f1alar que la mayor\u00eda de las personas que inicialmente publicaron las cr\u00edticas negativas se dieron cuenta de su error y no revisaron el producto original de Alfaman en M\u00e9xico.<\/p>\n<p>Por lo tanto, es importante tener cuidado y s\u00f3lo comprar los productos aut\u00e9nticos de Alfaman, que est\u00e1n disponibles a trav\u00e9s de la p\u00e1gina web oficial. Esta es la \u00fanica manera de garantizar que usted est\u00e1 recibiendo el producto de calidad genuina.<\/p>\n<h3><span id=\"Ventajas_Resultados_y_Beneficios\">Ventajas, Resultados y Beneficios<\/span><\/h3>\n<p>Pero, \u00bfpor qu\u00e9 tantos hombres en Mundo optan por tomar Alfaman pastillas en lugar de otras alternativas que aumentan la potencia? \u00a1Esto es lo que dicen en sus comentarios, opiniones en los foros de Alfaman!<\/p>\n<ul>\n<li>Mejora de Libido Totalmente Natural &amp; M\u00e1s Resistencia durante el Sexo;<\/li>\n<li>El producto aumentar la energ\u00eda &amp; niveles de resistencia, elevando el estado de \u00e1nimo;<\/li>\n<li>Aumenta la producci\u00f3n de hormonas masculinas &amp; flujo sangu\u00edneo a la zona de pelvis peque\u00f1a;<\/li>\n<li>No ha habido quejas sobre efectos secundarios negativos &amp; contraindicaciones al uso diario del medicamento natural Alfaman en comentarios de los clientes, opiniones, &amp; testimonios en los foros.<\/li>\n<\/ul>\n<h3><span id=\"Desventajas\">Desventajas<\/span><\/h3>\n<ul>\n<li>Este producto no se vende en farmacias como farmacia del Ahorro y Similares;<\/li>\n<li>\n<h3>Hay copias de estafa a la venta en Mercado Libre;<\/h3>\n<\/li>\n<\/ul>\n","protected":false},"excerpt":{"rendered":"<p>SKU: ALFAMAN<\/p>\n<ul class=\"elementor-icon-list-items\">\n<li class=\"elementor-icon-list-item\"><span class=\"elementor-icon-list-text\">Crecimiento del pene hasta 3 pulgadas.<\/span><\/li>\n<li class=\"elementor-icon-list-item\"><i class=\"far fa-check-circle\" aria-hidden=\"true\"><\/i><span class=\"elementor-icon-list-text\">Aumento de la circunferencia del pene.<\/span><\/li>\n<li class=\"elementor-icon-list-item\"><i class=\"far fa-check-circle\" aria-hidden=\"true\"><\/i><span class=\"elementor-icon-list-text\">Equilibra los niveles hormonales.<\/span><\/li>\n<li class=\"elementor-icon-list-item\"><i class=\"far fa-check-circle\" aria-hidden=\"true\"><\/i><span class=\"elementor-icon-list-text\">Erecciones poderosas a pedido.<\/span><\/li>\n<li class=\"elementor-icon-list-item\"><i class=\"far fa-check-circle\" aria-hidden=\"true\"><\/i><span class=\"elementor-icon-list-text\">Aumento del flujo de sangre al pene.<\/span><\/li>\n<li class=\"elementor-icon-list-item\"><i class=\"far fa-check-circle\" aria-hidden=\"true\"><\/i><span class=\"elementor-icon-list-text\">Aumento de la resistencia sexual.<\/span><\/li>\n<li class=\"elementor-icon-list-item\"><i class=\"far fa-check-circle\" aria-hidden=\"true\"><\/i><span class=\"elementor-icon-list-text\">Orgasmos poderosos.<\/span><\/li>\n<li class=\"elementor-icon-list-item\"><i class=\"far fa-check-circle\" aria-hidden=\"true\"><\/i><span class=\"elementor-icon-list-text\">Aumenta la confianza.<\/span><\/li>\n<\/ul>\n","protected":false},"featured_media":1019,"comment_status":"open","ping_status":"closed","template":"","meta":[],"product_cat":[17,20,18,21,22,19],"product_tag":[],"_links":{"self":[{"href":"https:\/\/nutricionsexualforte.com\/index.php\/wp-json\/wp\/v2\/product\/998"}],"collection":[{"href":"https:\/\/nutricionsexualforte.com\/index.php\/wp-json\/wp\/v2\/product"}],"about":[{"href":"https:\/\/nutricionsexualforte.com\/index.php\/wp-json\/wp\/v2\/types\/product"}],"replies":[{"embeddable":true,"href":"https:\/\/nutricionsexualforte.com\/index.php\/wp-json\/wp\/v2\/comments?post=998"}],"wp:featuredmedia":[{"embeddable":true,"href":"https:\/\/nutricionsexualforte.com\/index.php\/wp-json\/wp\/v2\/media\/1019"}],"wp:attachment":[{"href":"https:\/\/nutricionsexualforte.com\/index.php\/wp-json\/wp\/v2\/media?parent=998"}],"wp:term":[{"taxonomy":"product_cat","embeddable":true,"href":"https:\/\/nutricionsexualforte.com\/index.php\/wp-json\/wp\/v2\/product_cat?post=998"},{"taxonomy":"product_tag","embeddable":true,"href":"https:\/\/nutricionsexualforte.com\/index.php\/wp-json\/wp\/v2\/product_tag?post=998"}],"curies":[{"name":"wp","href":"https:\/\/api.w.org\/{rel}","templated":true}]}}